{"id":8046,"date":"2025-05-20T20:29:34","date_gmt":"2025-05-20T12:29:34","guid":{"rendered":"https:\/\/www.stvvalves.com\/?post_type=product&#038;p=8046"},"modified":"2025-05-20T20:35:20","modified_gmt":"2025-05-20T12:35:20","slug":"din-3840-lift-check-valve-cast-seel-dn200-pn16-flange-end","status":"publish","type":"product","link":"https:\/\/www.stvvalves.com\/de\/products\/din-3840-lift-check-valve-cast-seel-dn200-pn16-flange-end\/","title":{"rendered":"DIN 3840 lift Check Valve, Cast Seel,DN200 ,PN16,Flange End"},"content":{"rendered":"<p>Design und Herstellung: DIN 3840 \/ BS EN 1868<br \/>\nVon Angesicht zu Angesicht: DIN 3202\/BS EN558-1<br \/>\nFlanschenden: DIN 2543\/BS EN1092-1<br \/>\nInspektion und Test: DIN 3230\/BS EN12569<\/p>\n<p>Druck: PN10~PN160<br \/>\nGr\u00f6\u00dfe: DN40~DN900<br \/>\nMaterial: GS-C25, 1.0619, 1.4803, 1.4408, WCB, LCB, CF8, CF8M, CF3, CF3M, CF8C usw.<\/p>\n<table width=\"751\">\n<tbody>\n<tr>\n<td>Produktname:<\/td>\n<td>DIN 3840 lift Check Valve, Cast Seel,DN200 ,PN16,Flange End<\/td>\n<\/tr>\n<tr>\n<td>1.Material:<\/td>\n<td>WCB<\/td>\n<\/tr>\n<tr>\n<td>2.Gr\u00f6\u00dfe:<\/td>\n<td>8\u2033<\/td>\n<\/tr>\n<tr>\n<td>3.Port:<\/td>\n<td>VOLL<\/td>\n<\/tr>\n<tr>\n<td>4. Arbeitstemperatur:<\/td>\n<td>-29 \u00b0C-425 \u00b0C<\/td>\n<\/tr>\n<tr>\n<td>5. Verbindungsende:<\/td>\n<td>RF<\/td>\n<\/tr>\n<tr>\n<td>6.Arbeitsdruck:<\/td>\n<td>PN16<\/td>\n<\/tr>\n<tr>\n<td>7. Geeignetes Medium:<\/td>\n<td>Wasser, Erdgas, \u00d6l und einige \u00e4tzende Fl\u00fcssigkeiten<\/td>\n<\/tr>\n<tr>\n<td>8.Bedienung:<\/td>\n<td>\/<\/td>\n<\/tr>\n<tr>\n<td>9. Inspektion und Pr\u00fcfung<\/td>\n<td>Nach DIN 3230<\/td>\n<\/tr>\n<tr>\n<td>Zertifikat:<\/td>\n<td>ISO, CE\/API 6D<\/td>\n<\/tr>\n<tr>\n<td><strong>Sendung<\/strong><\/td>\n<td><\/td>\n<\/tr>\n<tr>\n<td>Lieferzeit<\/td>\n<td>30 Tage<\/td>\n<\/tr>\n<tr>\n<td>Paket<\/td>\n<td>Standard-Export-Sperrholzkiste<\/td>\n<\/tr>\n<tr>\n<td>Hafen<\/td>\n<td>Ningbo\/Shanghai, China<\/td>\n<\/tr>\n<tr>\n<td>Versandbedingungen<\/td>\n<td>Exw, FOB, CFR, CIF usw.<\/td>\n<\/tr>\n<tr>\n<td>Zahlungsbedingungen<\/td>\n<td>T\/T, Western Union, PayPal usw.<\/td>\n<\/tr>\n<tr>\n<td><\/td>\n<td>30% Vorauszahlung, 70% Restbetrag vor dem Versand bezahlt<\/td>\n<\/tr>\n<tr>\n<td>Herkunftsland<\/td>\n<td>Stadt Wenzhou, China<\/td>\n<\/tr>\n<tr>\n<td>Produktionskapazit\u00e4t<\/td>\n<td>6000 Tonnen\/Jahr<\/td>\n<\/tr>\n<tr>\n<td>Mindestbestellmenge<\/td>\n<td>10 St\u00fcck\/Gr\u00f6\u00dfe<\/td>\n<\/tr>\n<\/tbody>\n<\/table>\n<p>&nbsp;<\/p>","protected":false},"excerpt":{"rendered":"<div class=\"woocommerce-product-details__short-description\">\n<p>Model:H44Y-PN16-DN200-WCB<\/p>\n<p>STV Valve Technology Group Co., Ltd is a professional leader China DIN 3840 lift Check Valve,PN16 DIN 3840 lift Check Valve,A216 WCB DIN 3840 lift Check Valve,WCB Lift Check Valve,PN 16 DIN 3840 lift Check Valve,DN200 DIN 3840 lift Check Valve manufacturer with high quality and competitive price.<\/p>\n<\/div>","protected":false},"featured_media":8047,"template":"","meta":[],"product_brand":[],"product_cat":[83,46],"product_tag":[3454,3452,3456,3455,3453,1052],"class_list":{"0":"post-8046","1":"product","2":"type-product","3":"status-publish","4":"has-post-thumbnail","6":"product_cat-cast-steel-check-valve","7":"product_cat-check-valves","8":"product_tag-a216-wcb-din-3840-lift-check-valve","9":"product_tag-china-din-3840-lift-check-valve","10":"product_tag-dn200-din-3840-lift-check-valve-manufacturer","11":"product_tag-pn-16-din-3840-lift-check-valve","12":"product_tag-pn16-din-3840-lift-check-valve","13":"product_tag-wcb-lift-check-valve","15":"first","16":"instock","17":"shipping-taxable","18":"product-type-simple"},"_links":{"self":[{"href":"https:\/\/www.stvvalves.com\/de\/wp-json\/wp\/v2\/product\/8046","targetHints":{"allow":["GET"]}}],"collection":[{"href":"https:\/\/www.stvvalves.com\/de\/wp-json\/wp\/v2\/product"}],"about":[{"href":"https:\/\/www.stvvalves.com\/de\/wp-json\/wp\/v2\/types\/product"}],"wp:featuredmedia":[{"embeddable":true,"href":"https:\/\/www.stvvalves.com\/de\/wp-json\/wp\/v2\/media\/8047"}],"wp:attachment":[{"href":"https:\/\/www.stvvalves.com\/de\/wp-json\/wp\/v2\/media?parent=8046"}],"wp:term":[{"taxonomy":"product_brand","embeddable":true,"href":"https:\/\/www.stvvalves.com\/de\/wp-json\/wp\/v2\/product_brand?post=8046"},{"taxonomy":"product_cat","embeddable":true,"href":"https:\/\/www.stvvalves.com\/de\/wp-json\/wp\/v2\/product_cat?post=8046"},{"taxonomy":"product_tag","embeddable":true,"href":"https:\/\/www.stvvalves.com\/de\/wp-json\/wp\/v2\/product_tag?post=8046"}],"curies":[{"name":"wp","href":"https:\/\/api.w.org\/{rel}","templated":true}]}}