{"id":8062,"date":"2025-05-28T16:11:11","date_gmt":"2025-05-28T08:11:11","guid":{"rendered":"https:\/\/www.stvvalves.com\/?post_type=product&#038;p=8062"},"modified":"2025-05-28T16:16:58","modified_gmt":"2025-05-28T08:16:58","slug":"bs-1868-swing-check-valve-wcb-36-inch-cl300-rf-end","status":"publish","type":"product","link":"https:\/\/www.stvvalves.com\/de\/products\/bs-1868-swing-check-valve-wcb-36-inch-cl300-rf-end\/","title":{"rendered":"BS 1868 Swing Check Valve,WCB,36 Inch,CL300,RF End"},"content":{"rendered":"<p>Hauptmerkmale des ANSI 300LB-R\u00fcckschlagventils<\/p>\n<p>BB, VERSCHRAUBTE HAUBENKAPPE<br \/>\nSCHWINGENTYP, ROTATIONSSCHEIBE<br \/>\nERNEUERBARE SITZRINGE<br \/>\nNICHT DURCHGEHENDE SCHEIBENWELLE<br \/>\nHORIZONTALE ODER VERTIKALE DIENSTLEISTUNG<br \/>\nGEFLANSCHTE ODER BUTTVVELDING-ENDE<\/p>\n<p>Anwendbare Normen:<br \/>\nR\u00dcCKSCHLAGVENTILE AUS STAHL, API6D\/BS1868<br \/>\nR\u00dcCKSCHLAGVENTILE AUS STAHL, ISO 14313<br \/>\nSTAHLVENTILE,ASME B16.34<br \/>\nVon Angesicht zu Angesicht, ASME B16.10<br \/>\nENDFLANSCHE,ASME B16.5<br \/>\nSTUMPFSCHWEI\u00dfENDE, ASME B16.25<br \/>\nINSPEKTION UND TEST, API 598\/API 6D<\/p>\n<table>\n<tbody>\n<tr>\n<td width=\"200\"><strong>Produktname<\/strong><\/td>\n<td width=\"481\">BS 1868 Swing Check Valve,WCB,36 Inch,CL300,RF End<\/td>\n<\/tr>\n<tr>\n<td width=\"200\">1. Material<\/td>\n<td width=\"481\">WCB<\/td>\n<\/tr>\n<tr>\n<td width=\"200\">2. Gr\u00f6\u00dfe<\/td>\n<td width=\"481\">36 Zoll<\/td>\n<\/tr>\n<tr>\n<td width=\"200\">4. Hafen<\/td>\n<td width=\"481\">Vollst\u00e4ndiger Port<\/td>\n<\/tr>\n<tr>\n<td width=\"200\">5. Arbeitsdruck<\/td>\n<td width=\"481\">300 Pfund<\/td>\n<\/tr>\n<tr>\n<td width=\"200\">6. Verbindung endet<\/td>\n<td width=\"481\">RF<\/td>\n<\/tr>\n<tr>\n<td width=\"200\">7. Arbeitstemperatur.<\/td>\n<td width=\"481\">-29~425 \u00b0C,<\/td>\n<\/tr>\n<tr>\n<td width=\"200\">8. Geeignetes Medium<\/td>\n<td width=\"481\">Wasser, Erdgas, \u00d6l und einige \u00e4tzende Fl\u00fcssigkeiten<\/td>\n<\/tr>\n<tr>\n<td width=\"200\">9. Betrieben<\/td>\n<td width=\"481\">\/<\/td>\n<\/tr>\n<tr>\n<td width=\"200\">10. Inspektion und Pr\u00fcfung<\/td>\n<td width=\"481\">Gem\u00e4\u00df API 598<\/td>\n<\/tr>\n<tr>\n<td width=\"200\"><strong>Sendung<\/strong><\/td>\n<td width=\"481\"><\/td>\n<\/tr>\n<tr>\n<td width=\"200\">Lieferzeit<\/td>\n<td width=\"481\">30 Tage<\/td>\n<\/tr>\n<tr>\n<td width=\"200\">Paket<\/td>\n<td width=\"481\">Standard-Export-Sperrholzkiste<\/td>\n<\/tr>\n<tr>\n<td width=\"200\">Hafen<\/td>\n<td width=\"481\">Ningbo\/Shanghai, China<\/td>\n<\/tr>\n<tr>\n<td width=\"200\">Versandbedingungen<\/td>\n<td width=\"481\">Exw, FOB, CFR, CIF usw.<\/td>\n<\/tr>\n<tr>\n<td width=\"200\">Zahlungsbedingungen<\/td>\n<td width=\"481\">T\/T, Western Union, PayPal usw.<\/td>\n<\/tr>\n<tr>\n<td width=\"200\"><\/td>\n<td width=\"481\">30% Vorauszahlung, 70% Restbetrag vor dem Versand bezahlt<\/td>\n<\/tr>\n<tr>\n<td width=\"200\">Herkunftsland<\/td>\n<td width=\"481\">Stadt Wenzhou, China<\/td>\n<\/tr>\n<tr>\n<td width=\"200\">Produktionskapazit\u00e4t<\/td>\n<td width=\"481\">6000 Tonnen\/Jahr<\/td>\n<\/tr>\n<tr>\n<td width=\"200\">Mindestbestellmenge<\/td>\n<td width=\"481\">10 St\u00fcck\/Gr\u00f6\u00dfe<\/td>\n<\/tr>\n<\/tbody>\n<\/table>","protected":false},"excerpt":{"rendered":"<p>STV Valve Technology Group Co., Ltd is a professional leader China ANSI 300LB cast steel check valve,ANSI 36 Inch swing check valve,WCB 36 Inch swing check valve,cast steel swing 36 Inch check valve,API 600\u00a0 36 Inch swing check valve,36 Inch Flanged end swing check valve, China 36 Inch Swing Check Valve ,36Inch Swing Check Valve , API 598 36 Inch swing check valve, BS1868 36 Inch swing check valve, API 6D 36 Inch swing check valve, ASME B16.10 36 Inch swing check valve manufacturer with high quality and low price.<\/p>","protected":false},"featured_media":8063,"template":"","meta":[],"product_brand":[],"product_cat":[46,83],"product_tag":[3466,3468,3462,3469,3465,3471,3472,3470,3464,3467,3461,3463],"class_list":{"0":"post-8062","1":"product","2":"type-product","3":"status-publish","4":"has-post-thumbnail","6":"product_cat-check-valves","7":"product_cat-cast-steel-check-valve","8":"product_tag-36-inch-flanged-end-swing-check-valve","9":"product_tag-36inch-swing-check-valve","10":"product_tag-ansi-36-inch-swing-check-valve","11":"product_tag-api-598-36-inch-swing-check-valve","12":"product_tag-api-600-36-inch-swing-check-valve","13":"product_tag-api-6d-36-inch-swing-check-valve","14":"product_tag-asme-b16-10-36-inch-swing-check-valve-manufacturer","15":"product_tag-bs1868-36-inch-swing-check-valve","16":"product_tag-cast-steel-swing-36-inch-check-valve","17":"product_tag-china-36-inch-swing-check-valve","18":"product_tag-china-ansi-300lb-cast-steel-check-valve","19":"product_tag-wcb-36-inch-swing-check-valve","21":"first","22":"instock","23":"shipping-taxable","24":"product-type-simple"},"_links":{"self":[{"href":"https:\/\/www.stvvalves.com\/de\/wp-json\/wp\/v2\/product\/8062","targetHints":{"allow":["GET"]}}],"collection":[{"href":"https:\/\/www.stvvalves.com\/de\/wp-json\/wp\/v2\/product"}],"about":[{"href":"https:\/\/www.stvvalves.com\/de\/wp-json\/wp\/v2\/types\/product"}],"wp:featuredmedia":[{"embeddable":true,"href":"https:\/\/www.stvvalves.com\/de\/wp-json\/wp\/v2\/media\/8063"}],"wp:attachment":[{"href":"https:\/\/www.stvvalves.com\/de\/wp-json\/wp\/v2\/media?parent=8062"}],"wp:term":[{"taxonomy":"product_brand","embeddable":true,"href":"https:\/\/www.stvvalves.com\/de\/wp-json\/wp\/v2\/product_brand?post=8062"},{"taxonomy":"product_cat","embeddable":true,"href":"https:\/\/www.stvvalves.com\/de\/wp-json\/wp\/v2\/product_cat?post=8062"},{"taxonomy":"product_tag","embeddable":true,"href":"https:\/\/www.stvvalves.com\/de\/wp-json\/wp\/v2\/product_tag?post=8062"}],"curies":[{"name":"wp","href":"https:\/\/api.w.org\/{rel}","templated":true}]}}