{"id":8134,"date":"2025-06-18T19:21:02","date_gmt":"2025-06-18T11:21:02","guid":{"rendered":"https:\/\/www.stvvalves.com\/?post_type=product&#038;p=8134"},"modified":"2025-06-18T19:31:13","modified_gmt":"2025-06-18T11:31:13","slug":"dual-plate-flange-type-check-valve-wc6-600lb-rf-end","status":"publish","type":"product","link":"https:\/\/www.stvvalves.com\/de\/products\/dual-plate-flange-type-check-valve-wc6-600lb-rf-end\/","title":{"rendered":"Dual Plate Flange Type Check Valve,WC6,600LB,RF End"},"content":{"rendered":"<div class=\"rich-text-table\">\n<table>\n<tbody>\n<tr>\n<td>Name<\/td>\n<td>Dual Plate Flange Type Check Valve,WC6,600LB,RF End<\/td>\n<\/tr>\n<tr>\n<td>Struktur<\/td>\n<td>Doppelscheiben-R\u00fcckschlagklappe in Flanschausf\u00fchrung<\/td>\n<\/tr>\n<tr>\n<td>Gr\u00f6\u00dfe<\/td>\n<td>2\u2033~48\u2033; DN50~DN1200<\/td>\n<\/tr>\n<tr>\n<td>Normaler Druck<\/td>\n<td>Klasse 150~2500; PN10~PN420<\/td>\n<\/tr>\n<tr>\n<td>Designstandard<\/td>\n<td>API594, API 6D, ASME B16.34, GB\/T8937<\/td>\n<\/tr>\n<tr>\n<td>Markiert<\/td>\n<td>MSS SP-25<\/td>\n<\/tr>\n<tr>\n<td>Endflansch<\/td>\n<td>ANSI B 16.5, ASME B16.47; EN1092,DIN2543~DIN2547<\/td>\n<\/tr>\n<tr>\n<td>Angesicht zu Angesicht<\/td>\n<td>API594,DIN3202,GB\/T8937<\/td>\n<\/tr>\n<tr>\n<td>Pr\u00fcfstandard<\/td>\n<td>API598, API 6D; DIN3230, EN12266, ISO 5208<\/td>\n<\/tr>\n<tr>\n<td>Geeignete Temperatur<\/td>\n<td>-29~425\u00b0C<\/td>\n<\/tr>\n<tr>\n<td>Mittel<\/td>\n<td>S\u00fc\u00dfwasser, Abwasser, Meerwasser, Luft, Dampf, Lebensmittel, Medikamente, \u00d6le, Laugen, Salz usw.<\/td>\n<\/tr>\n<tr>\n<td>Saure Umgebung<\/td>\n<td>NACE MR0175<\/td>\n<\/tr>\n<\/tbody>\n<\/table>\n<\/div>\n<p><b><i>Struktur<\/i><\/b><\/p>\n<div class=\"rich-text-table\">\n<table>\n<tbody>\n<tr>\n<td>\u2013 Doppelplatte<\/td>\n<\/tr>\n<tr>\n<td>\u00a0-Mit Fr\u00fchling<\/td>\n<\/tr>\n<tr>\n<td>\u2013 Rund, Vollflansch oder Doppelflansch<\/td>\n<\/tr>\n<tr>\n<td>\u00a0-Druck-Temperatur-Bewertungen: ASME B16.34;DIN2401<\/td>\n<\/tr>\n<tr>\n<td>\u2013 Weich oder metallisch sitzend<\/td>\n<\/tr>\n<tr>\n<td>\u2013 Design mit oder ohne Halter<\/td>\n<\/tr>\n<tr>\n<td>\u2013 Wafer-Enden passend f\u00fcr Flanschenden (ASME B16.5 und B16.47 A\/B)<\/td>\n<\/tr>\n<tr>\n<td>\u2013 Design: API594, API 6D, ASME B16.34, GB\/T8937<\/td>\n<\/tr>\n<tr>\n<td>\u2013 Flanschenden nach ASME B16.5;DIN2543~DIN2547;EN1092<\/td>\n<\/tr>\n<tr>\n<td>\u2013 Gegossener oder geschmiedeter Kohlenstoffstahl, Edelstahl, Duplexstahl<\/td>\n<\/tr>\n<\/tbody>\n<\/table>\n<\/div>\n<p><b><i>Hauptteil und Materialien<\/i><\/b><\/p>\n<div class=\"rich-text-table\">\n<table>\n<tbody>\n<tr>\n<td>Teilenamen<\/td>\n<td colspan=\"11\">Teilematerialien<\/td>\n<\/tr>\n<tr>\n<td>K\u00f6rper<\/td>\n<td>WCB\/A105<\/td>\n<td>LCB\/LF2<\/td>\n<td>WC6\/F11<\/td>\n<td>CF8\/F304<\/td>\n<td colspan=\"2\">CF8M\/F316L<\/td>\n<td colspan=\"2\">CF3\/F304L<\/td>\n<td colspan=\"2\">CF3M\/F316L<\/td>\n<td>CE8MN\/CD4McN<\/td>\n<\/tr>\n<tr>\n<td>Rabatt<\/td>\n<td>WCB\/A105<\/td>\n<td>LCB\/LF2<\/td>\n<td>WC6\/F11<\/td>\n<td>CF8\/F304<\/td>\n<td colspan=\"2\">CF8M\/F316L<\/td>\n<td colspan=\"2\">CF3\/F304L<\/td>\n<td colspan=\"2\">CF3M\/F316L<\/td>\n<td>CE8MN\/CD4McN<\/td>\n<\/tr>\n<tr>\n<td>Arm<\/td>\n<td>WCB\/A105<\/td>\n<td>LCB\/LF2<\/td>\n<td>WC6\/F11<\/td>\n<td>CF8\/F304<\/td>\n<td colspan=\"2\">CF8M\/F316L<\/td>\n<td colspan=\"2\">CF3\/F304L<\/td>\n<td colspan=\"2\">CF3M\/F316L<\/td>\n<td>CE8MN\/CD4McN<\/td>\n<\/tr>\n<tr>\n<td>Armstift<\/td>\n<td>A182 6a<\/td>\n<td>A182 304<\/td>\n<td>A182 304<\/td>\n<td>A182 304<\/td>\n<td colspan=\"2\">A182 316<\/td>\n<td colspan=\"2\">A182 304L<\/td>\n<td colspan=\"2\">A182 316L<\/td>\n<td>A182 F53\/F51<\/td>\n<\/tr>\n<tr>\n<td rowspan=\"2\">Sitz\/Sitzring<\/td>\n<td>STL<\/td>\n<td>SS304<\/td>\n<td>13%Cr<\/td>\n<td>SS304<\/td>\n<td colspan=\"2\">SS316<\/td>\n<td colspan=\"2\">SS304L<\/td>\n<td colspan=\"2\">SS316L<\/td>\n<td>A182 F53\/F51<\/td>\n<\/tr>\n<tr>\n<td colspan=\"11\">Oder NBR, EPDM, PTFE<\/td>\n<\/tr>\n<tr>\n<td>Geeignetes Medium<\/td>\n<td colspan=\"3\">WOG usw.<\/td>\n<td colspan=\"6\">HNO3, CH3OOH usw.<\/td>\n<td colspan=\"2\">Harnstoff usw.<\/td>\n<\/tr>\n<tr>\n<td>Geeignete Temperatur<\/td>\n<td>-29~425 \u00b0C<\/td>\n<td>-46~340 \u00b0C<\/td>\n<td>-29~538 \u00b0C<\/td>\n<td>-196~427 \u00b0C<\/td>\n<td>-196~427 \u00b0C<\/td>\n<td colspan=\"2\">-196~427 \u00b0C<\/td>\n<td colspan=\"2\">-196~427 \u00b0C<\/td>\n<td colspan=\"2\">-29~315 \u00b0C<\/td>\n<\/tr>\n<\/tbody>\n<\/table>\n<\/div>","protected":false},"excerpt":{"rendered":"<p>STV Valve Technology Group Co., Ltd is a professional leader China Dual Plate Flange Type Check Valve,spring loaded check valve,WC6 Wafer Check Valve,600LB Dual Plate Flange Type Check Valve,RF End Dual Plate Flange Type Check Valve, Dual Plate Flange Type Check Valve Manufacturer , Flange Dual Plate Swing Check Valve with high quality and competitive price.<\/p>","protected":false},"featured_media":8135,"template":"","meta":[],"product_brand":[],"product_cat":[46,84],"product_tag":[3503,3501,3505,3506,3504,227,3502],"class_list":{"0":"post-8134","1":"product","2":"type-product","3":"status-publish","4":"has-post-thumbnail","6":"product_cat-check-valves","7":"product_cat-wafer-check-valve","8":"product_tag-600lb-dual-plate-flange-type-check-valve","9":"product_tag-china-dual-plate-flange-type-check-valve","10":"product_tag-dual-plate-flange-type-check-valve-manufacturer","11":"product_tag-flange-dual-plate-swing-check-valve","12":"product_tag-rf-end-dual-plate-flange-type-check-valve","13":"product_tag-spring-loaded-check-valve","14":"product_tag-wc6-wafer-check-valve","16":"first","17":"instock","18":"shipping-taxable","19":"product-type-simple"},"_links":{"self":[{"href":"https:\/\/www.stvvalves.com\/de\/wp-json\/wp\/v2\/product\/8134","targetHints":{"allow":["GET"]}}],"collection":[{"href":"https:\/\/www.stvvalves.com\/de\/wp-json\/wp\/v2\/product"}],"about":[{"href":"https:\/\/www.stvvalves.com\/de\/wp-json\/wp\/v2\/types\/product"}],"wp:featuredmedia":[{"embeddable":true,"href":"https:\/\/www.stvvalves.com\/de\/wp-json\/wp\/v2\/media\/8135"}],"wp:attachment":[{"href":"https:\/\/www.stvvalves.com\/de\/wp-json\/wp\/v2\/media?parent=8134"}],"wp:term":[{"taxonomy":"product_brand","embeddable":true,"href":"https:\/\/www.stvvalves.com\/de\/wp-json\/wp\/v2\/product_brand?post=8134"},{"taxonomy":"product_cat","embeddable":true,"href":"https:\/\/www.stvvalves.com\/de\/wp-json\/wp\/v2\/product_cat?post=8134"},{"taxonomy":"product_tag","embeddable":true,"href":"https:\/\/www.stvvalves.com\/de\/wp-json\/wp\/v2\/product_tag?post=8134"}],"curies":[{"name":"wp","href":"https:\/\/api.w.org\/{rel}","templated":true}]}}