{"id":8154,"date":"2025-06-19T20:30:28","date_gmt":"2025-06-19T12:30:28","guid":{"rendered":"https:\/\/www.stvvalves.com\/?post_type=product&#038;p=8154"},"modified":"2025-06-20T09:03:22","modified_gmt":"2025-06-20T01:03:22","slug":"long-pattern-single-plate-check-valve-cf8m-body-150lb-6-inch","status":"publish","type":"product","link":"https:\/\/www.stvvalves.com\/de\/products\/long-pattern-single-plate-check-valve-cf8m-body-150lb-6-inch\/","title":{"rendered":"Long pattern Single Plate Check valve,CF8M Body,150LB,6 Inch"},"content":{"rendered":"<p>Long pattern Single Plate Check valve,CF8M Body,150LB,6 Inch<\/p>\n<p>Long pattern Single Plate Check valve is declined against the outlet with small dropping angle to reduce the vibration meanwhile there is buffering device in the body which can buffer by the flow to prevent the pump from turning back and super-high water hammer pressure.<br \/>\nDie unterschiedliche Materialauswahl kann f\u00fcr Medien wie Wasser, Dampf, \u00d6le, Salpeters\u00e4ure, Essigs\u00e4ure, stark oxidierende Medien und Harnstoff usw. gelten.<\/p>\n<p><strong>Strukturelles Merkmal<\/strong><\/p>\n<p>Schnelles Schlie\u00dfen der Ventilscheibe, geringer Wasserschlagdruck;<br \/>\nAnwendbar und einfach zu installieren f\u00fcr vertikale oder horizontale Rohrleitungen;<br \/>\nGlatter Str\u00f6mungskanal und geringer Fl\u00fcssigkeitswiderstand;<br \/>\nFlexible Wirkung und gute Dichtleistung;<br \/>\nSchmaler Ventilhub und geringer Schlie\u00dfsto\u00df;<br \/>\nIntegrierte Struktur, einfach und kompakt, in sch\u00f6ner Form;<br \/>\nLange Lebensdauer und gute Zuverl\u00e4ssigkeit.<br \/>\nVersetzte Struktur mit optimaler Baul\u00e4nge, die den Str\u00f6mungswiderstand reduziert und Druckst\u00f6\u00dfe verhindert. Zum Schutz vor Medienr\u00fcckfluss.<\/p>\n<p><strong>Hauptparameterspezifikation<\/strong><\/p>\n<p>Design und Herstellung: API594<br \/>\nVon Angesicht zu Angesicht und von Ende zu Ende: API594<br \/>\nInspektion und Test: API598<\/p>\n<p><strong>Produktauswahl<\/strong><\/p>\n<p>Geh\u00e4usematerial: Kohlenstoffstahl, Edelstahl, legierter Stahl, Bronze<br \/>\nNenndurchmesser: 2\u2033~24\u2033(DN50~DN600)<br \/>\nEndverbindung: Wafer<br \/>\nDruckbereich: Klasse 150 bis 2500 (PN16 bis PN150)<br \/>\nArbeitstemperatur: -196 \u00b0C bis +560 \u00b0C<\/p>","protected":false},"excerpt":{"rendered":"<p>STV Valve Technology Group Co., Ltd is a professional leader China Long pattern Single Plate Check valve Supplier, CF8M Long pattern Single Plate Check valve, 150LB Long pattern Single Plate Check valve, 6 Inch Long pattern Single Plate Check valve, Metal Seat Tilting Disc Check Valve , Metal Seat Long pattern Single Plate Check valve.API 594 Long pattern Single Plate Check valve Manufacturer with high quality and competitive price.<\/p>","protected":false},"featured_media":8155,"template":"","meta":[],"product_brand":[],"product_cat":[46,84],"product_tag":[3522,3523,3521,3520,3524,2054],"class_list":{"0":"post-8154","1":"product","2":"type-product","3":"status-publish","4":"has-post-thumbnail","6":"product_cat-check-valves","7":"product_cat-wafer-check-valve","8":"product_tag-150lb-long-pattern-single-plate-check-valve","9":"product_tag-6-inch-long-pattern-single-plate-check-valve","10":"product_tag-cf8m-long-pattern-single-plate-check-valve","11":"product_tag-china-long-pattern-single-plate-check-valve-supplier","12":"product_tag-metal-seat-long-pattern-single-plate-check-valve-api-594-long-pattern-single-plate-check-valve-manufacturer","13":"product_tag-metal-seat-tilting-disc-check-valve","15":"first","16":"instock","17":"shipping-taxable","18":"product-type-simple"},"_links":{"self":[{"href":"https:\/\/www.stvvalves.com\/de\/wp-json\/wp\/v2\/product\/8154","targetHints":{"allow":["GET"]}}],"collection":[{"href":"https:\/\/www.stvvalves.com\/de\/wp-json\/wp\/v2\/product"}],"about":[{"href":"https:\/\/www.stvvalves.com\/de\/wp-json\/wp\/v2\/types\/product"}],"wp:featuredmedia":[{"embeddable":true,"href":"https:\/\/www.stvvalves.com\/de\/wp-json\/wp\/v2\/media\/8155"}],"wp:attachment":[{"href":"https:\/\/www.stvvalves.com\/de\/wp-json\/wp\/v2\/media?parent=8154"}],"wp:term":[{"taxonomy":"product_brand","embeddable":true,"href":"https:\/\/www.stvvalves.com\/de\/wp-json\/wp\/v2\/product_brand?post=8154"},{"taxonomy":"product_cat","embeddable":true,"href":"https:\/\/www.stvvalves.com\/de\/wp-json\/wp\/v2\/product_cat?post=8154"},{"taxonomy":"product_tag","embeddable":true,"href":"https:\/\/www.stvvalves.com\/de\/wp-json\/wp\/v2\/product_tag?post=8154"}],"curies":[{"name":"wp","href":"https:\/\/api.w.org\/{rel}","templated":true}]}}