{"id":8237,"date":"2025-08-08T17:35:29","date_gmt":"2025-08-08T09:35:29","guid":{"rendered":"https:\/\/www.stvvalves.com\/?post_type=product&#038;p=8237"},"modified":"2025-08-08T17:40:28","modified_gmt":"2025-08-08T09:40:28","slug":"double-offset-butterfly-valve-dn800-pn25-2205-body-2205-trim-epdm-seat-gear-op","status":"publish","type":"product","link":"https:\/\/www.stvvalves.com\/de\/products\/double-offset-butterfly-valve-dn800-pn25-2205-body-2205-trim-epdm-seat-gear-op\/","title":{"rendered":"Double Offset Butterfly Valve,DN800,PN25,2205 Body,2205 Trim,EPDM Seat,Gear OP"},"content":{"rendered":"<p>Double Offset Butterfly Valve,DN800,PN25,2205 Body,2205 Trim,EPDM Seat,Gear OP<\/p>\n<p>1. Design: API 609, ASME B16.34, AWWA C504, BS EN 593<br \/>\n2. Face to Face: API 609, AWWA C504, BS 2080, and ISO 5752<br \/>\n3. Flange End: ASME B16.5, ASME B16.47, BS EN 1092, ISO 7005, GOST<br \/>\n4. Inspection Test: API 598, BS EN 12266, ISO 528<br \/>\n5. Materials Choose Body Materials: Carbon Steel ASTM A216 WCB, WCC, Low Temperature Carbon Steel ASTM A352 LCB, A352 LCC, A352 LC1, A352 LC2; Alloy Steel Chrome Moly ASTM A217 WC6, A217 C5, A217 WC5, A217 C12, A217 C12A, A217 WC9, 1.7335, 1.7380, 1.7362, 1.7386, 1.4903; STAINLESS STEEL ASTM A351 CF3, A351 CF8, A351 CF3M, A351 CF8M, A351 CF8C, 1.4301, 1.4306, 1.4401, 1.4404, 1.4550, 1.4438; ALLOY 20 ASTM A351 CN7M, N08020, 1.4438; DUPLEX STEEL 2205 ASTM A351 CD3MN, A890 2205, S31803, 1.4462; SUPER DUPLEX STAINLESS STEEL ASTM A351 CD4MCu, A890 5A, S32750, 1.4501; SUPER DUPLEX F55, ASTM A995 CD3MWCuN, S32760<br \/>\n6. Disc Materials: ASTM A216 WCB, WCC, ASTM A352 LCB, ASTM A351 CF8M, CF3M, CF8, CF3, ASTM A890 4A, 5A, ALLOY 20, Duplex Stainless Steel, Monel, Hastelloy Steel<br \/>\n7. Seat Materials: SS 304 + Graphite, SS 316 + Graphite, PTFE<br \/>\n8. Pressure Range: PN10, PN16, PN25, PN40, PN63, PN100, 150 LB, 300 LB, 600 LB, 900 LB (PN10-PN100, Class 150-900 LB)<br \/>\n9. Size Range: DN50-DN3200, 2 Inch \u2013 128 Inch<br \/>\n10. Drive Mode: Manual\/Worm gear\/Electric\/Pneumatic<br \/>\n11. Field of Application: Electric \/Hydraulic\/Municipal Engineering etc; Water\/Sea water\/Gas etc<\/p>\n<table>\n<tbody>\n<tr>\n<td width=\"200\"><strong><b>Produktname<\/b><\/strong><\/td>\n<td width=\"481\">\u00a0Double Offset Butterfly Valve,DN800,PN25,2205 Body,2205 Trim,EPDM Seat,Gear OP<\/td>\n<\/tr>\n<tr>\n<td width=\"200\">1. Material<\/td>\n<td width=\"481\">4a<\/td>\n<\/tr>\n<tr>\n<td width=\"200\">2. Gr\u00f6\u00dfe<\/td>\n<td width=\"481\">28 Zoll<\/td>\n<\/tr>\n<tr>\n<td width=\"200\">4. Hafen<\/td>\n<td width=\"481\">Vollst\u00e4ndiger Port<\/td>\n<\/tr>\n<tr>\n<td width=\"200\">5. Arbeitsdruck<\/td>\n<td width=\"481\">PN25<\/td>\n<\/tr>\n<tr>\n<td width=\"200\">6. Verbindung endet<\/td>\n<td width=\"481\">RF-Ende<\/td>\n<\/tr>\n<tr>\n<td width=\"200\">7. Arbeitstemperatur.<\/td>\n<td width=\"481\">-29~120 \u00b0C,<\/td>\n<\/tr>\n<tr>\n<td width=\"200\">8. Geeignetes Medium<\/td>\n<td width=\"481\">Wasser, Erdgas, \u00d6l und einige \u00e4tzende Fl\u00fcssigkeiten<\/td>\n<\/tr>\n<tr>\n<td width=\"200\">9. Betrieben<\/td>\n<td width=\"481\">Getriebe<\/td>\n<\/tr>\n<tr>\n<td width=\"200\">10. Inspektion und Pr\u00fcfung<\/td>\n<td width=\"481\">Gem\u00e4\u00df API 598<\/td>\n<\/tr>\n<tr>\n<td width=\"200\"><strong><b>Sendung<\/b><\/strong><\/td>\n<td width=\"481\"><\/td>\n<\/tr>\n<tr>\n<td width=\"200\">Lieferzeit<\/td>\n<td width=\"481\">30 Tage<\/td>\n<\/tr>\n<tr>\n<td width=\"200\">Paket<\/td>\n<td width=\"481\">Standard-Export-Sperrholzkiste<\/td>\n<\/tr>\n<tr>\n<td width=\"200\">Hafen<\/td>\n<td width=\"481\">Ningbo\/Shanghai, China<\/td>\n<\/tr>\n<tr>\n<td width=\"200\">Versandbedingungen<\/td>\n<td width=\"481\">Exw, FOB, CFR, CIF usw.<\/td>\n<\/tr>\n<tr>\n<td width=\"200\">Zahlungsbedingungen<\/td>\n<td width=\"481\">T\/T, Western Union, PayPal usw.<\/td>\n<\/tr>\n<tr>\n<td width=\"200\"><\/td>\n<td width=\"481\">30% Vorauszahlung, 70% Restbetrag vor dem Versand bezahlt<\/td>\n<\/tr>\n<tr>\n<td width=\"200\">Herkunftsland<\/td>\n<td width=\"481\">Stadt Wenzhou, China<\/td>\n<\/tr>\n<tr>\n<td width=\"200\">Produktionskapazit\u00e4t<\/td>\n<td width=\"481\">6000 Tonnen\/Jahr<\/td>\n<\/tr>\n<tr>\n<td width=\"200\">Mindestbestellmenge<\/td>\n<td width=\"481\">10 St\u00fcck\/Gr\u00f6\u00dfe<\/td>\n<\/tr>\n<\/tbody>\n<\/table>","protected":false},"excerpt":{"rendered":"<p>STV Valve Technology Group Co., Ltd is a professional leader China Double Offset Butterfly Valve,DN800 Double Offset Butterfly Valve,PN25 Double Offset Butterfly Valve, DIN 593 Double Offset Butterfly Valve,2205 Trim Double Offset Butterfly Valve,EPDM Seat Double Offset Butterfly Valve,Gear OP Double Offset Butterfly Valve Manufacture with high quality and competitive price.<\/p>","protected":false},"featured_media":8238,"template":"","meta":[],"product_brand":[],"product_cat":[965,972],"product_tag":[3577,3576,3574,3573,3578,3579,3575],"class_list":{"0":"post-8237","1":"product","2":"type-product","3":"status-publish","4":"has-post-thumbnail","6":"product_cat-butterfly-valve","7":"product_cat-flange-butterfly-valve","8":"product_tag-2205-trim-double-offset-butterfly-valve","9":"product_tag-din-593-double-offset-butterfly-valve","10":"product_tag-dn800-double-offset-butterfly-valve","11":"product_tag-double-offset-butterfly-valve","12":"product_tag-epdm-seat-double-offset-butterfly-valve","13":"product_tag-gear-op-double-offset-butterfly-valve-manufacture","14":"product_tag-pn25-double-offset-butterfly-valve","16":"first","17":"instock","18":"shipping-taxable","19":"product-type-simple"},"_links":{"self":[{"href":"https:\/\/www.stvvalves.com\/de\/wp-json\/wp\/v2\/product\/8237","targetHints":{"allow":["GET"]}}],"collection":[{"href":"https:\/\/www.stvvalves.com\/de\/wp-json\/wp\/v2\/product"}],"about":[{"href":"https:\/\/www.stvvalves.com\/de\/wp-json\/wp\/v2\/types\/product"}],"wp:featuredmedia":[{"embeddable":true,"href":"https:\/\/www.stvvalves.com\/de\/wp-json\/wp\/v2\/media\/8238"}],"wp:attachment":[{"href":"https:\/\/www.stvvalves.com\/de\/wp-json\/wp\/v2\/media?parent=8237"}],"wp:term":[{"taxonomy":"product_brand","embeddable":true,"href":"https:\/\/www.stvvalves.com\/de\/wp-json\/wp\/v2\/product_brand?post=8237"},{"taxonomy":"product_cat","embeddable":true,"href":"https:\/\/www.stvvalves.com\/de\/wp-json\/wp\/v2\/product_cat?post=8237"},{"taxonomy":"product_tag","embeddable":true,"href":"https:\/\/www.stvvalves.com\/de\/wp-json\/wp\/v2\/product_tag?post=8237"}],"curies":[{"name":"wp","href":"https:\/\/api.w.org\/{rel}","templated":true}]}}