{"id":8264,"date":"2025-08-10T20:40:11","date_gmt":"2025-08-10T12:40:11","guid":{"rendered":"https:\/\/www.stvvalves.com\/?post_type=product&#038;p=8264"},"modified":"2025-08-10T20:52:28","modified_gmt":"2025-08-10T12:52:28","slug":"2pc-floating-ball-valve-wcb-6-inch-worm-gear-box-r","status":"publish","type":"product","link":"https:\/\/www.stvvalves.com\/de\/products\/2pc-floating-ball-valve-wcb-6-inch-worm-gear-box-r\/","title":{"rendered":"2PC Floating Ball Valve ,WCB,6 Inch,Worm Gear Box,RF End"},"content":{"rendered":"<p>Product name: 2PC Floating Ball Valve ,WCB,6 Inch,Worm Gear Box,RF End<br \/>\nDesign: API 608.<br \/>\nMaterial: WCB<br \/>\nNenngr\u00f6\u00dfe: 6 Zoll.<br \/>\nNenndruck: 150LB.<br \/>\nEndverbindung: RF.<\/p>\n<p>Design und Herstellung: API 6D, ASME B16.34 (BS5351), API 608, MSS-SP-72<\/p>\n<p>Face-to-Face-Abmessungen: ASME B16.10, API 6D<\/p>\n<p>Flanschanschlussma\u00dfe: ASME B 16.5<\/p>\n<p>BW-Anschlussma\u00dfe: ASME B16.25<\/p>\n<p>Test und Inspektion: API 598, API 6D<\/p>\n<p>Brandsicheres Design: API 607\/6FA<\/p>\n<p>Antistatisches Design und Anti-Blow-Out-Stamm<\/p>\n<p>Produktauswahl<\/p>\n<p>Geh\u00e4usematerial: Kohlenstoffstahl, Edelstahl, legierter Stahl<\/p>\n<p>Ausf\u00fchrung mit vollem Durchgang und reduziertem Durchgang<\/p>\n<p>Nominal diameter:1\/2\u2033~10\u2033\uff08DN15~DN250\uff09<\/p>\n<p>Endverbindung: RF, RTJ, BW<\/p>\n<p>Druckbereich: Klasse 150\u2013600 (PN16\u2013PN100).<\/p>\n<p>Arbeitstemperatur: -46\u2103~+200\u2103<\/p>\n<p>Bedienung: Griff, Getriebe, elektrischer Antrieb usw<\/p>\n<p><strong>Teile und Materialien:<\/strong><\/p>\n<p>K\u00f6rper: Titan TA1, TA2, TA10, TC4, GR2, GR3, GR5, Duplex-Edelstahl, Super-Duplex-Edelstahl, Legierung<\/p>\n<p>20, CN7M, Hastelloy, Kohlenstoffstahl, WC6, WC9, C5, C12, LCB, CF3M<\/p>\n<p>Oberteil, Tor: Duplex-Edelstahl, Super-Duplex-Edelstahl, Legierung 20, CN7M, Hastelloy, Kohlenstoffstahl, WC6,<\/p>\n<p>WC9, C5, C12, LCB, CF3M, Titan TA1, TA2, TA10, TC4, GR2, GR3, GR5<\/p>\n<p>Besatz: Incoloy 800, Incoloy 800H, Incoloy 825, SS304, SS316, SS304L, SS316L, 13%Cr.Steel, Stellite, Hastelloy,<\/p>\n<p>Legierung 20, Duplex-Edelstahl, Super-Duplex-Edelstahl<\/p>\n<p>Stopfbuchspackung: Graphit, PTFE<\/p>\n<p>End Connections: Flanged, Socket weld, Butt weld<\/p>\n<p>Bedienung: Handradbet\u00e4tigt, elektrisch bet\u00e4tigt, pneumatisch bet\u00e4tigt<\/p>\n<table>\n<tbody>\n<tr>\n<td width=\"200\"><strong>Produktname<\/strong><\/td>\n<td width=\"481\">2PC Floating Ball Valve ,WCB,6 Inch,Worm Gear Box,RF End<\/td>\n<\/tr>\n<tr>\n<td width=\"200\">1. Material<\/td>\n<td width=\"481\">WCB<\/td>\n<\/tr>\n<tr>\n<td width=\"200\">2. Gr\u00f6\u00dfe<\/td>\n<td width=\"481\">6&quot;<\/td>\n<\/tr>\n<tr>\n<td width=\"200\">4. Hafen<\/td>\n<td width=\"481\">Vollst\u00e4ndiger Port<\/td>\n<\/tr>\n<tr>\n<td width=\"200\">5. Arbeitsdruck<\/td>\n<td width=\"481\">PN100<\/td>\n<\/tr>\n<tr>\n<td width=\"200\">6. Verbindung endet<\/td>\n<td width=\"481\">RF<\/td>\n<\/tr>\n<tr>\n<td width=\"200\">7. Arbeitstemperatur.<\/td>\n<td width=\"481\">-29~200 \u00b0C,<\/td>\n<\/tr>\n<tr>\n<td width=\"200\">8. Geeignetes Medium<\/td>\n<td width=\"481\">Wasser, Erdgas, \u00d6l und einige \u00e4tzende Fl\u00fcssigkeiten<\/td>\n<\/tr>\n<tr>\n<td width=\"200\">9. Betrieben<\/td>\n<td width=\"481\">\/<\/td>\n<\/tr>\n<tr>\n<td width=\"200\">10. Inspektion und Pr\u00fcfung<\/td>\n<td width=\"481\">Gem\u00e4\u00df API598<\/td>\n<\/tr>\n<tr>\n<td width=\"200\"><strong>Sendung<\/strong><\/td>\n<td width=\"481\"><\/td>\n<\/tr>\n<tr>\n<td width=\"200\">Lieferzeit<\/td>\n<td width=\"481\">30 Tage<\/td>\n<\/tr>\n<tr>\n<td width=\"200\">Paket<\/td>\n<td width=\"481\">Standard-Export-Sperrholzkiste<\/td>\n<\/tr>\n<tr>\n<td width=\"200\">Hafen<\/td>\n<td width=\"481\">Ningbo\/Shanghai, China<\/td>\n<\/tr>\n<tr>\n<td width=\"200\">Versandbedingungen<\/td>\n<td width=\"481\">Exw, FOB, CFR, CIF usw.<\/td>\n<\/tr>\n<tr>\n<td width=\"200\">Zahlungsbedingungen<\/td>\n<td width=\"481\">T\/T, Western Union, PayPal usw.<\/td>\n<\/tr>\n<tr>\n<td width=\"200\"><\/td>\n<td width=\"481\">30% Vorauszahlung, 70% Restbetrag vor dem Versand bezahlt<\/td>\n<\/tr>\n<tr>\n<td width=\"200\">Herkunftsland<\/td>\n<td width=\"481\">Stadt Wenzhou, China<\/td>\n<\/tr>\n<tr>\n<td width=\"200\">Produktionskapazit\u00e4t<\/td>\n<td width=\"481\">6000 Tonnen\/Jahr<\/td>\n<\/tr>\n<tr>\n<td width=\"200\">Mindestbestellmenge<\/td>\n<td width=\"481\">1 St\u00fcck\/Gr\u00f6\u00dfe<\/td>\n<\/tr>\n<\/tbody>\n<\/table>","protected":false},"excerpt":{"rendered":"<p>STV Valve Technology Group Co., Ltd is a professional leader 2PC Floating Ball Valve Manufacture, API6D 2PC Floating Ball Valve , 2PC Floating Ball Valve ,WCB 2PC Floating Ball Valve,6 Inch 2PC Floating Ball Valve,Worm Gear Box 2PC Floating Ball Valve,RF End 2PC Floating Ball Valve Supplier.<\/p>\n<p>&nbsp;<\/p>","protected":false},"featured_media":8265,"template":"","meta":[],"product_brand":[],"product_cat":[43,78,53],"product_tag":[3595,3593,3597,3594,3599,3596,3598],"class_list":{"0":"post-8264","1":"product","2":"type-product","3":"status-publish","4":"has-post-thumbnail","6":"product_cat-ball-valve","7":"product_cat-floating-ball-valve","8":"product_cat-stainless-steel-ball-valve","9":"product_tag-2pc-floating-ball-valve","10":"product_tag-2pc-floating-ball-valve-manufacture","11":"product_tag-6-inch-2pc-floating-ball-valve","12":"product_tag-api6d-2pc-floating-ball-valve","13":"product_tag-rf-end-2pc-floating-ball-valve-supplier","14":"product_tag-wcb-2pc-floating-ball-valve","15":"product_tag-worm-gear-box-2pc-floating-ball-valve","17":"first","18":"instock","19":"shipping-taxable","20":"product-type-simple"},"_links":{"self":[{"href":"https:\/\/www.stvvalves.com\/de\/wp-json\/wp\/v2\/product\/8264","targetHints":{"allow":["GET"]}}],"collection":[{"href":"https:\/\/www.stvvalves.com\/de\/wp-json\/wp\/v2\/product"}],"about":[{"href":"https:\/\/www.stvvalves.com\/de\/wp-json\/wp\/v2\/types\/product"}],"wp:featuredmedia":[{"embeddable":true,"href":"https:\/\/www.stvvalves.com\/de\/wp-json\/wp\/v2\/media\/8265"}],"wp:attachment":[{"href":"https:\/\/www.stvvalves.com\/de\/wp-json\/wp\/v2\/media?parent=8264"}],"wp:term":[{"taxonomy":"product_brand","embeddable":true,"href":"https:\/\/www.stvvalves.com\/de\/wp-json\/wp\/v2\/product_brand?post=8264"},{"taxonomy":"product_cat","embeddable":true,"href":"https:\/\/www.stvvalves.com\/de\/wp-json\/wp\/v2\/product_cat?post=8264"},{"taxonomy":"product_tag","embeddable":true,"href":"https:\/\/www.stvvalves.com\/de\/wp-json\/wp\/v2\/product_tag?post=8264"}],"curies":[{"name":"wp","href":"https:\/\/api.w.org\/{rel}","templated":true}]}}