{"id":8267,"date":"2025-08-10T20:54:11","date_gmt":"2025-08-10T12:54:11","guid":{"rendered":"https:\/\/www.stvvalves.com\/?post_type=product&#038;p=8267"},"modified":"2025-08-10T21:01:32","modified_gmt":"2025-08-10T13:01:32","slug":"hc276-y-type-strainer-din-3352-dn-15-pn16-rf-ends","status":"publish","type":"product","link":"https:\/\/www.stvvalves.com\/de\/products\/hc276-y-type-strainer-din-3352-dn-15-pn16-rf-ends\/","title":{"rendered":"HC276 Y Type Strainer,DIN 3352,DN15,PN16,RF Ends"},"content":{"rendered":"<p>Konstruktionsnorm: DIN 3356 \/ EN 13709<br \/>\nVon Angesicht zu Angesicht: DIN3202 \/ EN 558-1<br \/>\nFlanschenden: DIN2543-2545 \/ EN 1092-1<br \/>\nPr\u00fcfung &amp; Inspektion: DIN 3230 \/ EN 12266<br \/>\nProduktauswahl:<br \/>\nBody material: GS-C25\u30011.7363\u30011.4308\u30011.4408\u30011.4306\u30011.4301\u3001WCB\u3001LCB\u3001WC6\u3001WC9\u3001CF8\u3001CF8M\u3001CF3\u3001CF3M.<br \/>\nNormaler Durchmesser: 1\/2 \u2013 48 Zoll (DN15 \u2013 DN1200).<br \/>\nEndanschluss: BW, Flansch.<br \/>\nDruckbereich: 150 \u2013 2500 LB (PN16 \u2013 PN420).<\/p>\n<p>Anwendung: Industrie, Kraftwerke, Rauchgasreinigungsanlagen, Aufbereitungstechnik, Gasversorgung, Dampfanlagen, Recyclinganlagen, Vakuumanlagen, Hei\u00dfwasser, Heiztechnik, Fernw\u00e4rme, Thermal\u00f6lanwendungen, allgemeiner Anlagenbau usw. (weitere Anwendungen auf Anfrage )<\/p>\n<p>Medium: Dampf, Gase, Hei\u00dfwasser, Thermofl\u00fcssigkeiten, Hei\u00df\u00f6l, Prozesswasser, Vakuumanlagen, Ammoniak usw. (andere Durchflussmedien auf Anfrage)<\/p>\n<p>Arbeitstemperatur: Arbeitstemperatur: von -46 \u00b0C oder -50 \u00b0C (Edelstahlkonstruktionen) und -29 \u00b0C oder -46 \u00b0C (Kohlenstoffstahlkonstruktionen) bis zu 400 \u00b0C<\/p>\n<table>\n<tbody>\n<tr>\n<td width=\"200\"><strong>Produktname<\/strong><\/td>\n<td width=\"481\">HC276 Y Type Strainer,DIN 3352,DN15,PN16,RF Ends<\/td>\n<\/tr>\n<tr>\n<td width=\"200\">1. Material<\/td>\n<td width=\"481\">HC276<\/td>\n<\/tr>\n<tr>\n<td width=\"200\">2. Gr\u00f6\u00dfe<\/td>\n<td width=\"481\">1\/2&quot;<\/td>\n<\/tr>\n<tr>\n<td width=\"200\">4. Hafen<\/td>\n<td width=\"481\">Vollst\u00e4ndiger Port<\/td>\n<\/tr>\n<tr>\n<td width=\"200\">5. Arbeitsdruck<\/td>\n<td width=\"481\">PN16<\/td>\n<\/tr>\n<tr>\n<td width=\"200\">6. Verbindung endet<\/td>\n<td width=\"481\">RF<\/td>\n<\/tr>\n<tr>\n<td width=\"200\">7. Arbeitstemperatur.<\/td>\n<td width=\"481\">-29~200 \u00b0C,<\/td>\n<\/tr>\n<tr>\n<td width=\"200\">8. Geeignetes Medium<\/td>\n<td width=\"481\">Wasser, Erdgas, \u00d6l und einige \u00e4tzende Fl\u00fcssigkeiten<\/td>\n<\/tr>\n<tr>\n<td width=\"200\">9. Betrieben<\/td>\n<td width=\"481\">\/<\/td>\n<\/tr>\n<tr>\n<td width=\"200\">10. Inspektion und Pr\u00fcfung<\/td>\n<td width=\"481\">Gem\u00e4\u00df API598<\/td>\n<\/tr>\n<tr>\n<td width=\"200\"><strong>Sendung<\/strong><\/td>\n<td width=\"481\"><\/td>\n<\/tr>\n<tr>\n<td width=\"200\">Lieferzeit<\/td>\n<td width=\"481\">30 Tage<\/td>\n<\/tr>\n<tr>\n<td width=\"200\">Paket<\/td>\n<td width=\"481\">Standard-Export-Sperrholzkiste<\/td>\n<\/tr>\n<tr>\n<td width=\"200\">Hafen<\/td>\n<td width=\"481\">Ningbo\/Shanghai, China<\/td>\n<\/tr>\n<tr>\n<td width=\"200\">Versandbedingungen<\/td>\n<td width=\"481\">Exw, FOB, CFR, CIF usw.<\/td>\n<\/tr>\n<tr>\n<td width=\"200\">Zahlungsbedingungen<\/td>\n<td width=\"481\">T\/T, Western Union, PayPal usw.<\/td>\n<\/tr>\n<tr>\n<td width=\"200\"><\/td>\n<td width=\"481\">30% Vorauszahlung, 70% Restbetrag vor dem Versand bezahlt<\/td>\n<\/tr>\n<tr>\n<td width=\"200\">Herkunftsland<\/td>\n<td width=\"481\">Stadt Wenzhou, China<\/td>\n<\/tr>\n<tr>\n<td width=\"200\">Produktionskapazit\u00e4t<\/td>\n<td width=\"481\">6000 Tonnen\/Jahr<\/td>\n<\/tr>\n<tr>\n<td width=\"200\">Mindestbestellmenge<\/td>\n<td width=\"481\">1 St\u00fcck\/Gr\u00f6\u00dfe<\/td>\n<\/tr>\n<\/tbody>\n<\/table>","protected":false},"excerpt":{"rendered":"<p>STV Valve Technology Group Co., Ltd is a professional leader China HC276 Y Type Strainer , DN15 HC276 Y Type Strainer, PN16 HC276 Y Type Strainer,RF End HC276 Y Type Strainer,Din3352 HC276 Y Type Strainer Manufacturer with high quality and competitive price.<\/p>","protected":false},"featured_media":8268,"template":"","meta":[],"product_brand":[],"product_cat":[48,85],"product_tag":[3600,3604,3601,3602,3603],"class_list":{"0":"post-8267","1":"product","2":"type-product","3":"status-publish","4":"has-post-thumbnail","6":"product_cat-y-strainer","7":"product_cat-stainless-steel-y-type-strainer","8":"product_tag-china-hc276-y-type-strainer","9":"product_tag-din3352-hc276-y-type-strainer-manufacturer","10":"product_tag-dn15-hc276-y-type-strainer","11":"product_tag-pn16-hc276-y-type-strainer","12":"product_tag-rf-end-hc276-y-type-strainer","14":"first","15":"instock","16":"shipping-taxable","17":"product-type-simple"},"_links":{"self":[{"href":"https:\/\/www.stvvalves.com\/de\/wp-json\/wp\/v2\/product\/8267","targetHints":{"allow":["GET"]}}],"collection":[{"href":"https:\/\/www.stvvalves.com\/de\/wp-json\/wp\/v2\/product"}],"about":[{"href":"https:\/\/www.stvvalves.com\/de\/wp-json\/wp\/v2\/types\/product"}],"wp:featuredmedia":[{"embeddable":true,"href":"https:\/\/www.stvvalves.com\/de\/wp-json\/wp\/v2\/media\/8268"}],"wp:attachment":[{"href":"https:\/\/www.stvvalves.com\/de\/wp-json\/wp\/v2\/media?parent=8267"}],"wp:term":[{"taxonomy":"product_brand","embeddable":true,"href":"https:\/\/www.stvvalves.com\/de\/wp-json\/wp\/v2\/product_brand?post=8267"},{"taxonomy":"product_cat","embeddable":true,"href":"https:\/\/www.stvvalves.com\/de\/wp-json\/wp\/v2\/product_cat?post=8267"},{"taxonomy":"product_tag","embeddable":true,"href":"https:\/\/www.stvvalves.com\/de\/wp-json\/wp\/v2\/product_tag?post=8267"}],"curies":[{"name":"wp","href":"https:\/\/api.w.org\/{rel}","templated":true}]}}