{"id":8274,"date":"2025-08-10T21:33:25","date_gmt":"2025-08-10T13:33:25","guid":{"rendered":"https:\/\/www.stvvalves.com\/?post_type=product&#038;p=8274"},"modified":"2025-08-10T21:46:01","modified_gmt":"2025-08-10T13:46:01","slug":"310s-ball-valve-din-3352-pn10-dn80-rf-end","status":"publish","type":"product","link":"https:\/\/www.stvvalves.com\/de\/products\/310s-ball-valve-din-3352-pn10-dn80-rf-end\/","title":{"rendered":"310S Ball Valve,DIN 3352,PN10,DN80,RF end"},"content":{"rendered":"<p>Product name: 310S Ball Valve,DIN 3352,PN10,DN80,RF end<br \/>\nAusf\u00fchrung: DIN 3352.<br \/>\nMaterial: 310S<br \/>\nNenngr\u00f6\u00dfe: 3 Zoll.<br \/>\nNenndruck: PN16.<br \/>\nEndverbindung: RF.<br \/>\nVon Angesicht zu Angesicht: DIN 3202.<br \/>\nTest and inspection:DIN 3230.<\/p>\n<p>Anschl\u00fcsse: Flansch, Gewinde, Muffenschwei\u00dfen, Stumpfschwei\u00dfen<\/p>\n<p>Druckstufe: PN 1,0 bis 25 MPa, Klasse 150 bis 2500<\/p>\n<p>Gr\u00f6\u00dfe: DN15 bis 200 mm, NPS 1\/4\u2033 bis 20\u2033<\/p>\n<p>Temperatur: -198\u00b0C bis +450\u00b0C<\/p>\n<p>Design und Herstellung: ANSI B16.34, API 600, API 6D, API 603, BS 1414, BS 5352, DIN 3352<\/p>\n<p>Von Angesicht zu Angesicht (Ende zu Ende): ANSI B16.10, API 6D, ASME B16.10, EN 558, DIN 3202<\/p>\n<p>Flanschverbindung: 2\u2033 bis 24\u2033, ANSI B16.5, 26\u2033 bis 36\u2033, MSS-SP-44 bis API605<\/p>\n<p>Pr\u00fcfung und Inspektion: API 598, API 6D, DIN 3230<\/p>\n<p>Stumpfgeschwei\u00dftes Ende: ANSI B16.5<\/p>\n<p>Material: CF8, CF3, CF8M, CF3M, CG8M, CG3M, CF8C, CK20<br \/>\n304, 304L, 316, 316L, 316Ti, 317, 317L, 310, 310S,<br \/>\nF304, F304, F316, F316L, F316Ti, F317, F317L, F310, F310S<br \/>\nDesign- und Produktionsstandard: DIN3352, EN558<br \/>\nAbstand zwischen den Flanschen: DIN3202-F5\/F7<br \/>\nAnschluss gem\u00e4\u00df Norm: DIN2543-2547, EN1092<br \/>\nTeststandard: API598, ISO5208<br \/>\nMedium: Das Ventil ist f\u00fcr verschiedene Medien geeignet, darunter Wasser, Dampf, \u00d6l, Gas, Benzinprodukte, Salpeters\u00e4ure, Essigs\u00e4ure usw.<br \/>\nArbeitstemperatur: von -46 \u00b0C oder -50 \u00b0C (Edelstahlkonstruktionen) und -29 \u00b0C oder -46 \u00b0C (Kohlenstoffstahlkonstruktionen) bis 600 \u00b0C<\/p>\n<p>Bedienung: Handradbet\u00e4tigt, elektrisch bet\u00e4tigt, pneumatisch bet\u00e4tigt<\/p>\n<table>\n<tbody>\n<tr>\n<td width=\"200\"><strong>Produktname<\/strong><\/td>\n<td width=\"481\">310S Ball Valve,DIN 3352,PN10,DN80,RF end<\/td>\n<\/tr>\n<tr>\n<td width=\"200\">1. Material<\/td>\n<td width=\"481\">310S<\/td>\n<\/tr>\n<tr>\n<td width=\"200\">2. Gr\u00f6\u00dfe<\/td>\n<td width=\"481\">3&quot;<\/td>\n<\/tr>\n<tr>\n<td width=\"200\">4. Hafen<\/td>\n<td width=\"481\">Vollst\u00e4ndiger Port<\/td>\n<\/tr>\n<tr>\n<td width=\"200\">5. Arbeitsdruck<\/td>\n<td width=\"481\">PN10<\/td>\n<\/tr>\n<tr>\n<td width=\"200\">6. Verbindung endet<\/td>\n<td width=\"481\">RF<\/td>\n<\/tr>\n<tr>\n<td width=\"200\">7. Arbeitstemperatur.<\/td>\n<td width=\"481\">-29~200 \u00b0C,<\/td>\n<\/tr>\n<tr>\n<td width=\"200\">8. Geeignetes Medium<\/td>\n<td width=\"481\">Wasser, Erdgas, \u00d6l und einige \u00e4tzende Fl\u00fcssigkeiten<\/td>\n<\/tr>\n<tr>\n<td width=\"200\">9. Betrieben<\/td>\n<td width=\"481\">\/<\/td>\n<\/tr>\n<tr>\n<td width=\"200\">10. Inspektion und Pr\u00fcfung<\/td>\n<td width=\"481\">Gem\u00e4\u00df API598<\/td>\n<\/tr>\n<tr>\n<td width=\"200\"><strong>Sendung<\/strong><\/td>\n<td width=\"481\"><\/td>\n<\/tr>\n<tr>\n<td width=\"200\">Lieferzeit<\/td>\n<td width=\"481\">30 Tage<\/td>\n<\/tr>\n<tr>\n<td width=\"200\">Paket<\/td>\n<td width=\"481\">Standard-Export-Sperrholzkiste<\/td>\n<\/tr>\n<tr>\n<td width=\"200\">Hafen<\/td>\n<td width=\"481\">Ningbo\/Shanghai, China<\/td>\n<\/tr>\n<tr>\n<td width=\"200\">Versandbedingungen<\/td>\n<td width=\"481\">Exw, FOB, CFR, CIF usw.<\/td>\n<\/tr>\n<tr>\n<td width=\"200\">Zahlungsbedingungen<\/td>\n<td width=\"481\">T\/T, Western Union, PayPal usw.<\/td>\n<\/tr>\n<tr>\n<td width=\"200\"><\/td>\n<td width=\"481\">30% Vorauszahlung, 70% Restbetrag vor dem Versand bezahlt<\/td>\n<\/tr>\n<tr>\n<td width=\"200\">Herkunftsland<\/td>\n<td width=\"481\">Stadt Wenzhou, China<\/td>\n<\/tr>\n<tr>\n<td width=\"200\">Produktionskapazit\u00e4t<\/td>\n<td width=\"481\">6000 Tonnen\/Jahr<\/td>\n<\/tr>\n<tr>\n<td width=\"200\">Mindestbestellmenge<\/td>\n<td width=\"481\">1 St\u00fcck\/Gr\u00f6\u00dfe<\/td>\n<\/tr>\n<\/tbody>\n<\/table>","protected":false},"excerpt":{"rendered":"<p>STV Valve Technology Group Co., Ltd is a professional leader China 310S Ball Valve, 310S Ball Valve,DN80 310S Ball Valve,Flange End 310S Ball Valve ,PN10 310S Ball Valve,DIN 3352 310S Ball Valve,RF END 310S Ball Valve Manufacturer with high quality and competitive price.<\/p>\n<p>&nbsp;<\/p>\n<p>&nbsp;<\/p>","protected":false},"featured_media":8275,"template":"","meta":[],"product_brand":[],"product_cat":[43,53],"product_tag":[1635,1634,3619,3616,3617,3618,3620],"class_list":{"0":"post-8274","1":"product","2":"type-product","3":"status-publish","4":"has-post-thumbnail","6":"product_cat-ball-valve","7":"product_cat-stainless-steel-ball-valve","8":"product_tag-310s-ball-valve","9":"product_tag-china-310s-ball-valve","10":"product_tag-din-3352-310s-ball-valve","11":"product_tag-dn80-310s-ball-valve","12":"product_tag-flange-end-310s-ball-valve","13":"product_tag-pn10-310s-ball-valve","14":"product_tag-rf-end-310s-ball-valve-manufacturer","16":"first","17":"instock","18":"shipping-taxable","19":"product-type-simple"},"_links":{"self":[{"href":"https:\/\/www.stvvalves.com\/de\/wp-json\/wp\/v2\/product\/8274","targetHints":{"allow":["GET"]}}],"collection":[{"href":"https:\/\/www.stvvalves.com\/de\/wp-json\/wp\/v2\/product"}],"about":[{"href":"https:\/\/www.stvvalves.com\/de\/wp-json\/wp\/v2\/types\/product"}],"wp:featuredmedia":[{"embeddable":true,"href":"https:\/\/www.stvvalves.com\/de\/wp-json\/wp\/v2\/media\/8275"}],"wp:attachment":[{"href":"https:\/\/www.stvvalves.com\/de\/wp-json\/wp\/v2\/media?parent=8274"}],"wp:term":[{"taxonomy":"product_brand","embeddable":true,"href":"https:\/\/www.stvvalves.com\/de\/wp-json\/wp\/v2\/product_brand?post=8274"},{"taxonomy":"product_cat","embeddable":true,"href":"https:\/\/www.stvvalves.com\/de\/wp-json\/wp\/v2\/product_cat?post=8274"},{"taxonomy":"product_tag","embeddable":true,"href":"https:\/\/www.stvvalves.com\/de\/wp-json\/wp\/v2\/product_tag?post=8274"}],"curies":[{"name":"wp","href":"https:\/\/api.w.org\/{rel}","templated":true}]}}