{"id":8574,"date":"2025-10-31T11:28:11","date_gmt":"2025-10-31T03:28:11","guid":{"rendered":"https:\/\/www.stvvalves.com\/?post_type=product&#038;p=8574"},"modified":"2025-10-31T12:21:30","modified_gmt":"2025-10-31T04:21:30","slug":"900lb-swing-check-valve-14-inch-a216-wcb-api-6d-psb-bw","status":"publish","type":"product","link":"https:\/\/www.stvvalves.com\/de\/products\/900lb-swing-check-valve-14-inch-a216-wcb-api-6d-psb-bw\/","title":{"rendered":"900LB Swing Check Valve,14 Inch,A216 WCB, API 6D, PSB, BW"},"content":{"rendered":"<p data-rm-block-id=\"block-1\"><strong>900LB Swing Check Valve<\/strong>, Ansi-Klasse 900Lbs, API 6d, verschraubt, druckdichtende Haube, geflanscht, Rf, Rtj, Bw-Enden, Kohlenstoffstahl, Edelstahl, Duplex-Stahl-R\u00fcckschlagventile, R\u00fcckschlagventil, Industrie-R\u00fcckschlagventile aus Gussstahl, Lieferant, Exporteur.<\/p>\n<p data-rm-block-id=\"block-2\">Spezifikationen f\u00fcr\u00a0<strong>R\u00fcckschlagklappe 900LBS (Flansch, Bw-Enden)<\/strong><\/p>\n<p data-rm-block-id=\"block-3\">1. Design und Herstellung: API6D, ANSI B16.34, BS1868<br \/>\n2. Verschraubte Haube, Druckdichtungshaube, Schwingscheibe,<br \/>\n3. Gr\u00f6\u00dfenbereich: 2\u2033 bis 24\u2033.<br \/>\n4. Pressure Ratings: ANSI 1500Lbs<br \/>\n5. Endanschl\u00fcsse: Flansch, Stumpfschwei\u00dfung.<br \/>\n6. Materialien: WCB, LCB, CF8, CF8M, CF3, CF3M, WC6, WC9, C5, C12, 4A oder gleichwertig,<br \/>\n7. Je nach Einsatzbedingungen stehen verschiedene Verkleidungsmaterialien zur Verf\u00fcgung<br \/>\n8. NACE MR 0175 auf Anfrage<\/p>\n<table>\n<tbody>\n<tr>\n<td width=\"200\" data-rm-block-id=\"block-4\"><strong>Produktname<\/strong><\/td>\n<td width=\"481\" data-rm-block-id=\"block-5\">900 LB Swing Check Valve,10 Inch,A216 WCB, API 6D, PSB, BW<\/td>\n<\/tr>\n<tr>\n<td width=\"200\" data-rm-block-id=\"block-6\">1. Material<\/td>\n<td width=\"481\" data-rm-block-id=\"block-7\">WCB<\/td>\n<\/tr>\n<tr>\n<td width=\"200\" data-rm-block-id=\"block-8\">2. Gr\u00f6\u00dfe<\/td>\n<td width=\"481\" data-rm-block-id=\"block-9\">14 Zoll<\/td>\n<\/tr>\n<tr>\n<td width=\"200\" data-rm-block-id=\"block-10\">4. Hafen<\/td>\n<td width=\"481\" data-rm-block-id=\"block-11\">Vollst\u00e4ndiger Port<\/td>\n<\/tr>\n<tr>\n<td width=\"200\" data-rm-block-id=\"block-12\">5. Arbeitsdruck<\/td>\n<td width=\"481\" data-rm-block-id=\"block-13\">900 Pfund<\/td>\n<\/tr>\n<tr>\n<td width=\"200\" data-rm-block-id=\"block-14\">6. Verbindung endet<\/td>\n<td width=\"481\" data-rm-block-id=\"block-15\">RF<\/td>\n<\/tr>\n<tr>\n<td width=\"200\" data-rm-block-id=\"block-16\">7. Arbeitstemperatur.<\/td>\n<td width=\"481\" data-rm-block-id=\"block-17\">-29~425 \u00b0C,<\/td>\n<\/tr>\n<tr>\n<td width=\"200\" data-rm-block-id=\"block-18\">8. Geeignetes Medium<\/td>\n<td width=\"481\" data-rm-block-id=\"block-19\">Wasser, Erdgas, \u00d6l und einige \u00e4tzende Fl\u00fcssigkeiten<\/td>\n<\/tr>\n<tr>\n<td width=\"200\" data-rm-block-id=\"block-20\">9. Betrieben<\/td>\n<td width=\"481\" data-rm-block-id=\"block-21\">\/<\/td>\n<\/tr>\n<tr>\n<td width=\"200\" data-rm-block-id=\"block-22\">10. Inspektion und Pr\u00fcfung<\/td>\n<td width=\"481\" data-rm-block-id=\"block-23\">Gem\u00e4\u00df API 598<\/td>\n<\/tr>\n<tr>\n<td width=\"200\" data-rm-block-id=\"block-24\"><strong>Sendung<\/strong><\/td>\n<td width=\"481\" data-rm-block-id=\"block-25\"><\/td>\n<\/tr>\n<tr>\n<td width=\"200\" data-rm-block-id=\"block-26\">Lieferzeit<\/td>\n<td width=\"481\" data-rm-block-id=\"block-27\">30 Tage<\/td>\n<\/tr>\n<tr>\n<td width=\"200\" data-rm-block-id=\"block-28\">Paket<\/td>\n<td width=\"481\" data-rm-block-id=\"block-29\">Standard-Export-Sperrholzkiste<\/td>\n<\/tr>\n<tr>\n<td width=\"200\" data-rm-block-id=\"block-30\">Hafen<\/td>\n<td width=\"481\" data-rm-block-id=\"block-31\">Ningbo\/Shanghai, China<\/td>\n<\/tr>\n<tr>\n<td width=\"200\" data-rm-block-id=\"block-32\">Versandbedingungen<\/td>\n<td width=\"481\" data-rm-block-id=\"block-33\">Exw, FOB, CFR, CIF usw.<\/td>\n<\/tr>\n<tr>\n<td width=\"200\" data-rm-block-id=\"block-34\">Zahlungsbedingungen<\/td>\n<td width=\"481\" data-rm-block-id=\"block-35\">T\/T, Western Union, PayPal usw.<\/td>\n<\/tr>\n<tr>\n<td width=\"200\" data-rm-block-id=\"block-36\"><\/td>\n<td width=\"481\" data-rm-block-id=\"block-37\">30% Vorauszahlung, 70% Restbetrag vor dem Versand bezahlt<\/td>\n<\/tr>\n<tr>\n<td width=\"200\" data-rm-block-id=\"block-38\">Herkunftsland<\/td>\n<td width=\"481\" data-rm-block-id=\"block-39\">Stadt Wenzhou, China<\/td>\n<\/tr>\n<tr>\n<td width=\"200\" data-rm-block-id=\"block-40\">Produktionskapazit\u00e4t<\/td>\n<td width=\"481\" data-rm-block-id=\"block-41\">6000 Tonnen\/Jahr<\/td>\n<\/tr>\n<tr>\n<td width=\"200\" data-rm-block-id=\"block-42\">Mindestbestellmenge<\/td>\n<td width=\"481\" data-rm-block-id=\"block-43\">10 St\u00fcck\/Gr\u00f6\u00dfe<\/td>\n<\/tr>\n<\/tbody>\n<\/table>","protected":false},"excerpt":{"rendered":"<p>STV Valve Technology Group Co., Ltd specializes in the 900 lb swing check valve, including the ANSI Class 900 Swing Check Valve, API 6D Swing Check Valve, and A216 WCB Swing Check Valvemodels. Our range features high-quality options such as the industrial swing check valve, carbon steel swing check valve, and pressure seal variants.<\/p>","protected":false},"featured_media":8575,"template":"","meta":[],"product_brand":[],"product_cat":[46,83],"product_tag":[3778,2670,2384,1034,2386,2383,300,2382,2385,486,2387],"class_list":{"0":"post-8574","1":"product","2":"type-product","3":"status-publish","4":"has-post-thumbnail","6":"product_cat-check-valves","7":"product_cat-cast-steel-check-valve","8":"product_tag-14-inch-900lb-swing-check-valve","9":"product_tag-900lb-swing-check-valve","10":"product_tag-a216-wcb-swing-check-valve","11":"product_tag-api-6d-swing-check-valve","12":"product_tag-bw-swing-check-valve","13":"product_tag-carbon-steel-swing-check-valve","14":"product_tag-high-pressure-swing-check-valve","15":"product_tag-industrial-swing-check-valve","16":"product_tag-nace-mr0175-swing-check-valve","17":"product_tag-pressure-seal-swing-check-valve","18":"product_tag-self-sealing-cast-steel-swing-check-manufacturer","20":"first","21":"instock","22":"shipping-taxable","23":"product-type-simple"},"_links":{"self":[{"href":"https:\/\/www.stvvalves.com\/de\/wp-json\/wp\/v2\/product\/8574","targetHints":{"allow":["GET"]}}],"collection":[{"href":"https:\/\/www.stvvalves.com\/de\/wp-json\/wp\/v2\/product"}],"about":[{"href":"https:\/\/www.stvvalves.com\/de\/wp-json\/wp\/v2\/types\/product"}],"wp:featuredmedia":[{"embeddable":true,"href":"https:\/\/www.stvvalves.com\/de\/wp-json\/wp\/v2\/media\/8575"}],"wp:attachment":[{"href":"https:\/\/www.stvvalves.com\/de\/wp-json\/wp\/v2\/media?parent=8574"}],"wp:term":[{"taxonomy":"product_brand","embeddable":true,"href":"https:\/\/www.stvvalves.com\/de\/wp-json\/wp\/v2\/product_brand?post=8574"},{"taxonomy":"product_cat","embeddable":true,"href":"https:\/\/www.stvvalves.com\/de\/wp-json\/wp\/v2\/product_cat?post=8574"},{"taxonomy":"product_tag","embeddable":true,"href":"https:\/\/www.stvvalves.com\/de\/wp-json\/wp\/v2\/product_tag?post=8574"}],"curies":[{"name":"wp","href":"https:\/\/api.w.org\/{rel}","templated":true}]}}