{"id":8584,"date":"2025-12-08T16:41:48","date_gmt":"2025-12-08T08:41:48","guid":{"rendered":"https:\/\/www.stvvalves.com\/?post_type=product&#038;p=8584"},"modified":"2025-12-08T16:49:26","modified_gmt":"2025-12-08T08:49:26","slug":"forged-astm-a182-f51-globe-valve-1-1-2-inch-800-lb-api-602-sw","status":"publish","type":"product","link":"https:\/\/www.stvvalves.com\/de\/products\/forged-astm-a182-f51-globe-valve-1-1-2-inch-800-lb-api-602-sw\/","title":{"rendered":"Forged ASTM A182 F51 Globe Valve, 11\/2 Inch, 800 LB, API 602, SW"},"content":{"rendered":"<p>Design und Herstellung entsprechen BS 5352, ANSI B16.34<\/p>\n<p>Anschlussenden entsprechen:<\/p>\n<p>1. Die geschwei\u00dften Enden entsprechen ANSI B16.11<\/p>\n<p>2. Schraubenenden entsprechen ANSI B1.20.1<\/p>\n<p>3..Stumpfgeschwei\u00dfte Enden entsprechen ANSI B16.25<\/p>\n<p>Tests und Inspektionen entsprechen: API 598<\/p>\n<p>1) Produktinformationen: Die gelieferten Ventile werden haupts\u00e4chlich f\u00fcr Wasser, Luft, \u00d6l, Gas verwendet<br \/>\n2) Verbindungstyp: Flanschtyp, Muffenschwei\u00dftyp, Stumpfschwei\u00dftyp, Schraubentyp<br \/>\n3) Material:<br \/>\na) Karosserie: A105, LCB, F11, F22, F304, F316, F304L, F316L<br \/>\nb) Scheibe: A105, LCB, F11, F22, F304, F316, F304L, F316L<br \/>\nc) Vorbau: F6a, F11, F22, F304, F316, F304L, F316L<br \/>\nd) Motorhaube: A105, LCB, F11, F22, F304, F316, F304L, F316L<br \/>\n4) Gr\u00f6\u00dfe: 15\u201350 mm\/1\/2\u2033 \u2013 2\u2033<br \/>\n5) Druckstufe: PN16~PN100, 150Lb~2500Lb<br \/>\n6) Beschichtung: Beschichtung nach Kundenwunsch<br \/>\n7) Paket: Holzkisten<\/p>\n<p>Merkmale:<br \/>\nA compact but extremely sturdy design for high pressure-temperature service.<br \/>\n\u00b7Bolted or Welded Bonnet.<br \/>\n\u00b7Flanged, Threaded or Socket Weld Ends.<br \/>\n\u00b7Forged Carbon, Stainless or Alloy Steel Materials.<br \/>\n\u00b7Available in all trim configurations.<br \/>\n\u00b7Full Port option available for classes 150 &#8211; 2500.<\/p>\n<table>\n<tbody>\n<tr>\n<td width=\"200\"><strong>Produktname<\/strong><\/td>\n<td width=\"481\">Forged ASTM A182 F51 Globe Valve, 11\/2 Inch, 800 LB, API 602, SW<\/td>\n<\/tr>\n<tr>\n<td width=\"200\">1. Material<\/td>\n<td width=\"481\">F51<\/td>\n<\/tr>\n<tr>\n<td width=\"200\">2. Gr\u00f6\u00dfe<\/td>\n<td width=\"481\">11\/2&quot;<\/td>\n<\/tr>\n<tr>\n<td width=\"200\">4. Hafen<\/td>\n<td width=\"481\">Reduzieranschluss<\/td>\n<\/tr>\n<tr>\n<td width=\"200\">5. Arbeitsdruck<\/td>\n<td width=\"481\">800 Pfund<\/td>\n<\/tr>\n<tr>\n<td width=\"200\">6. Verbindung endet<\/td>\n<td width=\"481\">SW<\/td>\n<\/tr>\n<tr>\n<td width=\"200\">7. Arbeitstemperatur.<\/td>\n<td width=\"481\">-29~425 \u00b0C,<\/td>\n<\/tr>\n<tr>\n<td width=\"200\">8. Geeignetes Medium<\/td>\n<td width=\"481\">Wasser, Erdgas, \u00d6l und einige \u00e4tzende Fl\u00fcssigkeiten<\/td>\n<\/tr>\n<tr>\n<td width=\"200\">9. Betrieben<\/td>\n<td width=\"481\">Handrad<\/td>\n<\/tr>\n<tr>\n<td width=\"200\">10. Inspektion und Pr\u00fcfung<\/td>\n<td width=\"481\">Gem\u00e4\u00df API598<\/td>\n<\/tr>\n<tr>\n<td width=\"200\"><strong>Sendung<\/strong><\/td>\n<td width=\"481\"><\/td>\n<\/tr>\n<tr>\n<td width=\"200\">Lieferzeit<\/td>\n<td width=\"481\">30 Tage<\/td>\n<\/tr>\n<tr>\n<td width=\"200\">Paket<\/td>\n<td width=\"481\">Standard-Export-Sperrholzkiste<\/td>\n<\/tr>\n<tr>\n<td width=\"200\">Hafen<\/td>\n<td width=\"481\">Ningbo\/Shanghai, China<\/td>\n<\/tr>\n<tr>\n<td width=\"200\">Versandbedingungen<\/td>\n<td width=\"481\">Exw, FOB, CFR, CIF usw.<\/td>\n<\/tr>\n<tr>\n<td width=\"200\">Zahlungsbedingungen<\/td>\n<td width=\"481\">T\/T, Western Union, PayPal usw.<\/td>\n<\/tr>\n<tr>\n<td width=\"200\"><\/td>\n<td width=\"481\">30% Vorauszahlung, 70% Restbetrag vor dem Versand bezahlt<\/td>\n<\/tr>\n<tr>\n<td width=\"200\">Herkunftsland<\/td>\n<td width=\"481\">Stadt Wenzhou, China<\/td>\n<\/tr>\n<tr>\n<td width=\"200\">Produktionskapazit\u00e4t<\/td>\n<td width=\"481\">6000 Tonnen\/Jahr<\/td>\n<\/tr>\n<tr>\n<td width=\"200\">Mindestbestellmenge<\/td>\n<td width=\"481\">1 St\u00fcck\/Gr\u00f6\u00dfe<\/td>\n<\/tr>\n<\/tbody>\n<\/table>","protected":false},"excerpt":{"rendered":"<h1 class=\"product_title entry-title\">Forged ASTM A182 F51 Globe Valve, 11\/2 Inch, 800 LB, API 602, SW<\/h1>\n<div class=\"woocommerce-product-details__short-description\">\n<p>Model:STV-J61Y-800LB-DN40-F51.<\/p>\n<p>STV Valve Technology Group Co., Ltd is a professional leader China API 602 800LB Globe Valve,Bolt Bonnet Globe valve,11\/2 Inch Bolt Bonnet Globe valve,Forged steel Bonnet Globe valve,f51 Bolt Bonnet Globe valve,SW End Bolt Bonnet Globe valve Manufacturer with high quality and competitive price.<\/p>\n<p>F\u00fcr weitere Materialien und Details wenden Sie sich bitte an sales@stvvalve.com.<\/p>\n<\/div>","protected":false},"featured_media":8585,"template":"","meta":[],"product_brand":[],"product_cat":[64,45],"product_tag":[3791,1110,3790,3792,3384,3386],"class_list":{"0":"post-8584","1":"product","2":"type-product","3":"status-publish","4":"has-post-thumbnail","6":"product_cat-foreged-steel-globe-valve","7":"product_cat-globe-valve","8":"product_tag-11-2-inch-bolt-bonnet-globe-valve","9":"product_tag-bolt-bonnet-globe-valve","10":"product_tag-china-api-602-800lb-globe-valve","11":"product_tag-f51-bolt-bonnet-globe-valve","12":"product_tag-forged-steel-bonnet-globe-valve","13":"product_tag-sw-end-bolt-bonnet-globe-valve-manufacturer","15":"first","16":"instock","17":"shipping-taxable","18":"product-type-simple"},"_links":{"self":[{"href":"https:\/\/www.stvvalves.com\/de\/wp-json\/wp\/v2\/product\/8584","targetHints":{"allow":["GET"]}}],"collection":[{"href":"https:\/\/www.stvvalves.com\/de\/wp-json\/wp\/v2\/product"}],"about":[{"href":"https:\/\/www.stvvalves.com\/de\/wp-json\/wp\/v2\/types\/product"}],"wp:featuredmedia":[{"embeddable":true,"href":"https:\/\/www.stvvalves.com\/de\/wp-json\/wp\/v2\/media\/8585"}],"wp:attachment":[{"href":"https:\/\/www.stvvalves.com\/de\/wp-json\/wp\/v2\/media?parent=8584"}],"wp:term":[{"taxonomy":"product_brand","embeddable":true,"href":"https:\/\/www.stvvalves.com\/de\/wp-json\/wp\/v2\/product_brand?post=8584"},{"taxonomy":"product_cat","embeddable":true,"href":"https:\/\/www.stvvalves.com\/de\/wp-json\/wp\/v2\/product_cat?post=8584"},{"taxonomy":"product_tag","embeddable":true,"href":"https:\/\/www.stvvalves.com\/de\/wp-json\/wp\/v2\/product_tag?post=8584"}],"curies":[{"name":"wp","href":"https:\/\/api.w.org\/{rel}","templated":true}]}}