{"id":8609,"date":"2025-12-13T13:50:27","date_gmt":"2025-12-13T05:50:27","guid":{"rendered":"https:\/\/www.stvvalves.com\/?post_type=product&#038;p=8609"},"modified":"2025-12-13T13:58:12","modified_gmt":"2025-12-13T05:58:12","slug":"pressure-seal-gate-valve-2500lb-wc9-18-inch-bw-end","status":"publish","type":"product","link":"https:\/\/www.stvvalves.com\/de\/products\/pressure-seal-gate-valve-2500lb-wc9-18-inch-bw-end\/","title":{"rendered":"Pressure Seal Gate Valve, 2500LB, WC9,18 Inch, BW End"},"content":{"rendered":"<p>Design und Herstellung: Absperrschieber aus Stahlguss nach API 600 (ISO 10434) und API 6D; Absperrschieber aus Edelstahlguss nach API 603 und API 600<\/p>\n<p>Inspektion und Test: API598, API600 oder API 6D<\/p>\n<p>Endflanschabmessungen: ASME B16.5 (f\u00fcr NPS \u2264 24, ASME B 16.47 Serie B, API 605, ASME B16.47 A-Serie, MSS SP-44 (f\u00fcr NPS &gt; 24)<\/p>\n<p>BW-Endabmessung: ASME B16.25<\/p>\n<p>Face-to-Face und End-to-End: ASME B16.10<\/p>\n<p>Druck-Temperatur-Bewertungen: ASME B16.34<\/p>\n<p>Produktauswahl<\/p>\n<p>Body material:<\/p>\n<p>ASTM A216 WCB, A217 WC6,A351 CF8,A351 CF8M,<\/p>\n<p>A351 CF3, A351 CF3M, A351 CN7M usw.<\/p>\n<p>Nenndurchmesser: 2\u2033~36\u2033(DN50~DN900)<\/p>\n<p>Endverbindung: RF, RTJ, BW<\/p>\n<p>Druckbereich: Klasse 150\u2013900 (PN16\u2013PN150).<\/p>\n<p>Working temperature: -29\u2103~+560\u2103<\/p>\n<p>Operation: Hand wheel\u00a0 , Gear\u00a0 ,Electric\u00a0 Actuator ,etc.<\/p>\n<p>&nbsp;<\/p>\n<table>\n<tbody>\n<tr>\n<td width=\"200\"><strong>Produktname<\/strong><\/td>\n<td width=\"481\">\u00a0Pressure Seal Gate Valve, 2500LB, WC9,18 Inch, BW End<\/td>\n<\/tr>\n<tr>\n<td width=\"200\">1. Material<\/td>\n<td width=\"481\">WCB<\/td>\n<\/tr>\n<tr>\n<td width=\"200\">2. Gr\u00f6\u00dfe<\/td>\n<td width=\"481\">18 Zoll<\/td>\n<\/tr>\n<tr>\n<td width=\"200\">4. Hafen<\/td>\n<td width=\"481\">Vollst\u00e4ndiger Port<\/td>\n<\/tr>\n<tr>\n<td width=\"200\">5. Arbeitsdruck<\/td>\n<td width=\"481\">2500 Pfund<\/td>\n<\/tr>\n<tr>\n<td width=\"200\">6. Verbindung endet<\/td>\n<td width=\"481\">BW<\/td>\n<\/tr>\n<tr>\n<td width=\"200\">7. Arbeitstemperatur.<\/td>\n<td width=\"481\">-29~590\u00baC,<\/td>\n<\/tr>\n<tr>\n<td width=\"200\">8. Geeignetes Medium<\/td>\n<td width=\"481\">Wasser, Erdgas, \u00d6l und einige \u00e4tzende Fl\u00fcssigkeiten<\/td>\n<\/tr>\n<tr>\n<td width=\"200\">9. Betrieben<\/td>\n<td width=\"481\">Getriebe<\/td>\n<\/tr>\n<tr>\n<td width=\"200\">10. Inspektion und Pr\u00fcfung<\/td>\n<td width=\"481\">Gem\u00e4\u00df API598<\/td>\n<\/tr>\n<tr>\n<td width=\"200\"><strong>Sendung<\/strong><\/td>\n<td width=\"481\"><\/td>\n<\/tr>\n<tr>\n<td width=\"200\">Lieferzeit<\/td>\n<td width=\"481\">30 Tage<\/td>\n<\/tr>\n<tr>\n<td width=\"200\">Paket<\/td>\n<td width=\"481\">Standard-Export-Sperrholzkiste<\/td>\n<\/tr>\n<tr>\n<td width=\"200\">Hafen<\/td>\n<td width=\"481\">Ningbo\/Shanghai, China<\/td>\n<\/tr>\n<tr>\n<td width=\"200\">Versandbedingungen<\/td>\n<td width=\"481\">Exw, FOB, CFR, CIF usw.<\/td>\n<\/tr>\n<tr>\n<td width=\"200\">Zahlungsbedingungen<\/td>\n<td width=\"481\">T\/T, Western Union, PayPal usw.<\/td>\n<\/tr>\n<tr>\n<td width=\"200\"><\/td>\n<td width=\"481\">30% Vorauszahlung, 70% Restbetrag vor dem Versand bezahlt<\/td>\n<\/tr>\n<tr>\n<td width=\"200\">Herkunftsland<\/td>\n<td width=\"481\">Stadt Wenzhou, China<\/td>\n<\/tr>\n<tr>\n<td width=\"200\">Produktionskapazit\u00e4t<\/td>\n<td width=\"481\">6000 Tonnen\/Jahr<\/td>\n<\/tr>\n<tr>\n<td width=\"200\">Mindestbestellmenge<\/td>\n<td width=\"481\">1 St\u00fcck\/Gr\u00f6\u00dfe<\/td>\n<\/tr>\n<\/tbody>\n<\/table>","protected":false},"excerpt":{"rendered":"<p>STV Valve Technology Group Co., Ltd is a professional leader China Pressure Seal Gate Valve, 2500LB Pressure Seal Gate Valve, WC9 Pressure Seal Gate Valve,18 Inch Pressure Seal Gate Valve, BW End Pressure Seal Gate Valve, Pressure\u00a0Seal Gate Valve Manufacturer with high quality and competitive price.<\/p>","protected":false},"featured_media":8610,"template":"","meta":[],"product_brand":[],"product_cat":[58,44],"product_tag":[2595,3822,3824,350,2746,3823],"class_list":{"0":"post-8609","1":"product","2":"type-product","3":"status-publish","4":"has-post-thumbnail","6":"product_cat-cast-steel-gate-valve","7":"product_cat-gate-valve","8":"product_tag-18-inch-pressure-seal-gate-valve","9":"product_tag-2500lb-pressure-seal-gate-valve","10":"product_tag-bw-end-pressure-seal-gate-valve","11":"product_tag-china-pressure-seal-gate-valve","12":"product_tag-pressure-seal-gate-valve-manufacturer","13":"product_tag-wc9-pressure-seal-gate-valve","15":"first","16":"instock","17":"shipping-taxable","18":"product-type-simple"},"_links":{"self":[{"href":"https:\/\/www.stvvalves.com\/de\/wp-json\/wp\/v2\/product\/8609","targetHints":{"allow":["GET"]}}],"collection":[{"href":"https:\/\/www.stvvalves.com\/de\/wp-json\/wp\/v2\/product"}],"about":[{"href":"https:\/\/www.stvvalves.com\/de\/wp-json\/wp\/v2\/types\/product"}],"wp:featuredmedia":[{"embeddable":true,"href":"https:\/\/www.stvvalves.com\/de\/wp-json\/wp\/v2\/media\/8610"}],"wp:attachment":[{"href":"https:\/\/www.stvvalves.com\/de\/wp-json\/wp\/v2\/media?parent=8609"}],"wp:term":[{"taxonomy":"product_brand","embeddable":true,"href":"https:\/\/www.stvvalves.com\/de\/wp-json\/wp\/v2\/product_brand?post=8609"},{"taxonomy":"product_cat","embeddable":true,"href":"https:\/\/www.stvvalves.com\/de\/wp-json\/wp\/v2\/product_cat?post=8609"},{"taxonomy":"product_tag","embeddable":true,"href":"https:\/\/www.stvvalves.com\/de\/wp-json\/wp\/v2\/product_tag?post=8609"}],"curies":[{"name":"wp","href":"https:\/\/api.w.org\/{rel}","templated":true}]}}