{"id":8735,"date":"2025-12-30T23:05:18","date_gmt":"2025-12-30T15:05:18","guid":{"rendered":"https:\/\/www.stvvalves.com\/?post_type=product&#038;p=8735"},"modified":"2025-12-30T23:12:12","modified_gmt":"2025-12-30T15:12:12","slug":"300lb-u-type-strainer-wcb-6-inch-flange-end","status":"publish","type":"product","link":"https:\/\/www.stvvalves.com\/de\/products\/300lb-u-type-strainer-wcb-6-inch-flange-end\/","title":{"rendered":"300LB U Type Strainer, WCB,6 Inch,Flange End"},"content":{"rendered":"<p>Product name: 300LB U Type Strainer, WCB,6 Inch,Flange End<br \/>\nDesign: ASME B16.34.<br \/>\nMaterial: ASTM A216 WCB.<br \/>\nNenngr\u00f6\u00dfe: 6 Zoll.<br \/>\nNenndruck: Class300 LB.<br \/>\nEndverbindung: RF.<br \/>\nVon Angesicht zu Angesicht: ASME B16.10.<br \/>\nTest und Inspektion: API 598.<\/p>\n<p>Produktauswahl:<br \/>\nGeh\u00e4usematerial: Kohlenstoffstahl, Edelstahl, legierter Stahl.<br \/>\nNormaler Durchmesser: 1\u2033 \u2013 8 Zoll (DN25 \u2013 DN200).<br \/>\nEndanschluss: BW, Flansch.<br \/>\nDruckbereich: 150 \u2013 300 LB (PN16 \u2013 PN40).<br \/>\nArbeitstemperatur: -196\u2103 \u2013 +573\u2103.<\/p>\n<table>\n<tbody>\n<tr>\n<td width=\"200\"><strong>Produktname<\/strong><\/td>\n<td width=\"481\">300LB U Type Strainer, WCB,6 Inch,Flange End<\/td>\n<\/tr>\n<tr>\n<td width=\"200\">1. Material<\/td>\n<td width=\"481\">WCB<\/td>\n<\/tr>\n<tr>\n<td width=\"200\">2. Gr\u00f6\u00dfe<\/td>\n<td width=\"481\">6&quot;<\/td>\n<\/tr>\n<tr>\n<td width=\"200\">4. Hafen<\/td>\n<td width=\"481\">Vollst\u00e4ndiger Port<\/td>\n<\/tr>\n<tr>\n<td width=\"200\">5. Arbeitsdruck<\/td>\n<td width=\"481\">300 Pfund<\/td>\n<\/tr>\n<tr>\n<td width=\"200\">6. Verbindung endet<\/td>\n<td width=\"481\">RF<\/td>\n<\/tr>\n<tr>\n<td width=\"200\">7. Arbeitstemperatur.<\/td>\n<td width=\"481\">-29~425 \u00b0C,<\/td>\n<\/tr>\n<tr>\n<td width=\"200\">8. Geeignetes Medium<\/td>\n<td width=\"481\">Wasser, Erdgas, \u00d6l und einige \u00e4tzende Fl\u00fcssigkeiten<\/td>\n<\/tr>\n<tr>\n<td width=\"200\">9. Betrieben<\/td>\n<td width=\"481\">\/<\/td>\n<\/tr>\n<tr>\n<td width=\"200\">10. Inspektion und Pr\u00fcfung<\/td>\n<td width=\"481\">API 598<\/td>\n<\/tr>\n<tr>\n<td width=\"200\"><strong>Sendung<\/strong><\/td>\n<td width=\"481\"><\/td>\n<\/tr>\n<tr>\n<td width=\"200\">Lieferzeit<\/td>\n<td width=\"481\">30 Tage<\/td>\n<\/tr>\n<tr>\n<td width=\"200\">Paket<\/td>\n<td width=\"481\">Standard-Export-Sperrholzkiste<\/td>\n<\/tr>\n<tr>\n<td width=\"200\">Hafen<\/td>\n<td width=\"481\">Ningbo\/Shanghai, China<\/td>\n<\/tr>\n<tr>\n<td width=\"200\">Versandbedingungen<\/td>\n<td width=\"481\">Exw, FOB, CFR, CIF usw.<\/td>\n<\/tr>\n<tr>\n<td width=\"200\">Zahlungsbedingungen<\/td>\n<td width=\"481\">T\/T, Western Union, PayPal usw.<\/td>\n<\/tr>\n<tr>\n<td width=\"200\"><\/td>\n<td width=\"481\">30% Vorauszahlung, 70% Restbetrag vor dem Versand bezahlt<\/td>\n<\/tr>\n<tr>\n<td width=\"200\">Herkunftsland<\/td>\n<td width=\"481\">Stadt Wenzhou, China<\/td>\n<\/tr>\n<tr>\n<td width=\"200\">Produktionskapazit\u00e4t<\/td>\n<td width=\"481\">6000 Tonnen\/Jahr<\/td>\n<\/tr>\n<tr>\n<td width=\"200\">Mindestbestellmenge<\/td>\n<td width=\"481\">1 St\u00fcck\/Gr\u00f6\u00dfe<\/td>\n<\/tr>\n<\/tbody>\n<\/table>","protected":false},"excerpt":{"rendered":"<p>STV Valve Technology Group C o., Ltd is a professional leader China 300LB U Type Strainer ,Flange \u00a0U Type Strainer,ASTM A216 WCB 300LB U Type Strainer,ASME B16.34\u00a0 300LB U Type Strainer,6 Inch\u00a0 U Type Strainer. 40 MESH U Type Strainer,SS304 Screen U Type Strainer manufacturer with high quality and competitive price.<\/p>","protected":false},"featured_media":8736,"template":"","meta":[],"product_brand":[],"product_cat":[48,72],"product_tag":[3896,3895,3894,3892,3893,3897],"class_list":{"0":"post-8735","1":"product","2":"type-product","3":"status-publish","4":"has-post-thumbnail","6":"product_cat-y-strainer","7":"product_cat-cast-steel-y-type-strainer","8":"product_tag-6-inch-u-type-strainer-40-mesh-u-type-strainer","9":"product_tag-asme-b16-34-300lb-u-type-strainer","10":"product_tag-astm-a216-wcb-300lb-u-type-strainer","11":"product_tag-china-300lb-u-type-strainer","12":"product_tag-flange-u-type-strainer","13":"product_tag-ss304-screen-u-type-strainer-manufacturer","15":"first","16":"instock","17":"shipping-taxable","18":"product-type-simple"},"_links":{"self":[{"href":"https:\/\/www.stvvalves.com\/de\/wp-json\/wp\/v2\/product\/8735","targetHints":{"allow":["GET"]}}],"collection":[{"href":"https:\/\/www.stvvalves.com\/de\/wp-json\/wp\/v2\/product"}],"about":[{"href":"https:\/\/www.stvvalves.com\/de\/wp-json\/wp\/v2\/types\/product"}],"wp:featuredmedia":[{"embeddable":true,"href":"https:\/\/www.stvvalves.com\/de\/wp-json\/wp\/v2\/media\/8736"}],"wp:attachment":[{"href":"https:\/\/www.stvvalves.com\/de\/wp-json\/wp\/v2\/media?parent=8735"}],"wp:term":[{"taxonomy":"product_brand","embeddable":true,"href":"https:\/\/www.stvvalves.com\/de\/wp-json\/wp\/v2\/product_brand?post=8735"},{"taxonomy":"product_cat","embeddable":true,"href":"https:\/\/www.stvvalves.com\/de\/wp-json\/wp\/v2\/product_cat?post=8735"},{"taxonomy":"product_tag","embeddable":true,"href":"https:\/\/www.stvvalves.com\/de\/wp-json\/wp\/v2\/product_tag?post=8735"}],"curies":[{"name":"wp","href":"https:\/\/api.w.org\/{rel}","templated":true}]}}