{"id":8757,"date":"2025-12-31T19:57:48","date_gmt":"2025-12-31T11:57:48","guid":{"rendered":"https:\/\/www.stvvalves.com\/?post_type=product&#038;p=8757"},"modified":"2025-12-31T20:02:15","modified_gmt":"2025-12-31T12:02:15","slug":"2pc-flange-ball-valve-dn50-150lb-304-body-rf-end","status":"publish","type":"product","link":"https:\/\/www.stvvalves.com\/de\/products\/2pc-flange-ball-valve-dn50-150lb-304-body-rf-end\/","title":{"rendered":"2PC Flange Ball Valve,DN50,150LB,304 Body,RF END"},"content":{"rendered":"<p>Erh\u00e4ltlich in Edelstahl oder Kohlenstoffstahl<br \/>\nK\u00f6rper und Ende sind Investitionsfall<br \/>\nSelbstnachstellende Spindelpackung<br \/>\nAusblassicheres Schaftdesign<br \/>\nDoppelt 100 Luft unter Wasser bei 100 psi getestet<br \/>\nArbeitsdruck ANSI 150<br \/>\nTemperaturbereich: -29\u00b0C bis +120\u00b0C<br \/>\nISO 5211-Montagepad<br \/>\nEndkappentyp: Flanschende (ANSI 150)<br \/>\nFlanschabmessung: Face-to-Face ANSI<br \/>\nB16.10; Flanschanschluss ANSI B16.50<\/p>\n<p>Technische Spezifikationen:<\/p>\n<p>Design- und Herstellungsstandard: API 6D, API 608<\/p>\n<p>Druck- und Temperaturstandard: ASME B16.34<\/p>\n<p>Standard f\u00fcr Baul\u00e4ngenabmessungen: ASME B16.10<\/p>\n<p>Flanschstandard: ASME B16.5, ASME B16.47<\/p>\n<p>Test- und Pr\u00fcfstandard: API 598, API 6D<\/p>\n<p>&nbsp;<\/p>\n<table>\n<tbody>\n<tr>\n<td width=\"200\"><strong>Produktname<\/strong><\/td>\n<td width=\"481\">2PC Flange Ball Valve,DN50,150LB,304 Body,RF END<\/td>\n<\/tr>\n<tr>\n<td width=\"200\">1. Material<\/td>\n<td width=\"481\">CF8<\/td>\n<\/tr>\n<tr>\n<td width=\"200\">2. Gr\u00f6\u00dfe<\/td>\n<td width=\"481\">2&quot;<\/td>\n<\/tr>\n<tr>\n<td width=\"200\">4. Hafen<\/td>\n<td width=\"481\">Vollst\u00e4ndiger Port<\/td>\n<\/tr>\n<tr>\n<td width=\"200\">5. Arbeitsdruck<\/td>\n<td width=\"481\">150 Pfund<\/td>\n<\/tr>\n<tr>\n<td width=\"200\">6. Verbindung endet<\/td>\n<td width=\"481\">RF<\/td>\n<\/tr>\n<tr>\n<td width=\"200\">7. Arbeitstemperatur.<\/td>\n<td width=\"481\">-29~180 \u00b0C,<\/td>\n<\/tr>\n<tr>\n<td width=\"200\">8. Geeignetes Medium<\/td>\n<td width=\"481\">Wasser, Erdgas, \u00d6l und einige \u00e4tzende Fl\u00fcssigkeiten<\/td>\n<\/tr>\n<tr>\n<td width=\"200\">9. Betrieben<\/td>\n<td width=\"481\">Handrad<\/td>\n<\/tr>\n<tr>\n<td width=\"200\">10. Inspektion und Pr\u00fcfung<\/td>\n<td width=\"481\">Gem\u00e4\u00df API598<\/td>\n<\/tr>\n<tr>\n<td width=\"200\"><strong>Sendung<\/strong><\/td>\n<td width=\"481\"><\/td>\n<\/tr>\n<tr>\n<td width=\"200\">Lieferzeit<\/td>\n<td width=\"481\">30 Tage<\/td>\n<\/tr>\n<tr>\n<td width=\"200\">Paket<\/td>\n<td width=\"481\">Standard-Export-Sperrholzkiste<\/td>\n<\/tr>\n<tr>\n<td width=\"200\">Hafen<\/td>\n<td width=\"481\">Ningbo\/Shanghai, China<\/td>\n<\/tr>\n<tr>\n<td width=\"200\">Versandbedingungen<\/td>\n<td width=\"481\">Exw, FOB, CFR, CIF usw.<\/td>\n<\/tr>\n<tr>\n<td width=\"200\">Zahlungsbedingungen<\/td>\n<td width=\"481\">T\/T, Western Union, PayPal usw.<\/td>\n<\/tr>\n<tr>\n<td width=\"200\"><\/td>\n<td width=\"481\">30% Vorauszahlung, 70% Restbetrag vor dem Versand bezahlt<\/td>\n<\/tr>\n<tr>\n<td width=\"200\">Herkunftsland<\/td>\n<td width=\"481\">Stadt Wenzhou, China<\/td>\n<\/tr>\n<tr>\n<td width=\"200\">Produktionskapazit\u00e4t<\/td>\n<td width=\"481\">6000 Tonnen\/Jahr<\/td>\n<\/tr>\n<tr>\n<td width=\"200\">Mindestbestellmenge<\/td>\n<td width=\"481\">1 St\u00fcck\/Gr\u00f6\u00dfe<\/td>\n<\/tr>\n<\/tbody>\n<\/table>","protected":false},"excerpt":{"rendered":"<p>Modell: Q41F-150LB-WCB<\/p>\n<p>Carbon Steel Flange Ball Valve is\u00a0 full bore 2 piece Ball Valve.150 lB Flange ,it is a\u00a0 304 body and stainless steel 316\/304 ball, with TFM seats for High Temperatures.<\/p>\n<p>Das Ventil entspricht der ISO 5211-Direktmontageplatte f\u00fcr eine einfache Bet\u00e4tigung und wird mit einem Hebelgriff mit Vorh\u00e4ngeschloss geliefert.<\/p>\n<p>Das Ventil bietet einen sicheren Betrieb in vielen industriellen und chemischen Anwendungen und eignet sich sowohl f\u00fcr die manuelle Isolierung als auch f\u00fcr die einfache Bet\u00e4tigung, da es \u00fcber ein niedriges Drehmoment und hohe Durchflussraten verf\u00fcgt.<\/p>\n<p>STV Valve Technology Group Co., Ltd is a professional leader China 2pc Flange Ball Valve,Carbon Steel Split Body Ball Valve,Flanged Ball Valves,Flanged 304 Ball Valve With Locking Device,Flanged Full Port 304 Ball Valve,China 304 Ball Valve, ANSI 150 Ball Valve, Fire Safe Ball Valve Manufacturer with high quality and competitive price.<\/p>\n<p>F\u00fcr weitere Materialien und Details wenden Sie sich bitte an sales@stvvalve.com.<\/p>\n<p>Datumsblatt:\u00a0<a href=\"https:\/\/www.stvvalves.com\/wp-content\/uploads\/2018\/12\/carbon-steel-flange-ball-valve-dn50-150lb-304-trim-rf-end-drawing.pdf\">Kohlenstoffstahl-Flanschkugelhahn, DN50, 150LB, 304 TRIM, RF-ENDE<\/a><\/p>","protected":false},"featured_media":8758,"template":"","meta":[],"product_brand":[],"product_cat":[43,54,80,78],"product_tag":[3938,410,3934,3937,3939,3935,401,3936,407,411],"class_list":{"0":"post-8757","1":"product","2":"type-product","3":"status-publish","4":"has-post-thumbnail","6":"product_cat-ball-valve","7":"product_cat-cast-steel-ball-valve","8":"product_cat-flange-ball-valve","9":"product_cat-floating-ball-valve","10":"product_tag-ansi-150-ball-valve","11":"product_tag-carbon-steel-split-body-ball-valve","12":"product_tag-china-2pc-flange-ball-valve","13":"product_tag-china-304-ball-valve","14":"product_tag-fire-safe-ball-valve-manufacturer","15":"product_tag-flanged-304-ball-valve-with-locking-device","16":"product_tag-flanged-ball-valves","17":"product_tag-flanged-full-port-304-ball-valve","18":"product_tag-flanged-standard-bore-ball-valves","19":"product_tag-full-port-flanged-ball-valves","21":"first","22":"instock","23":"shipping-taxable","24":"product-type-simple"},"_links":{"self":[{"href":"https:\/\/www.stvvalves.com\/de\/wp-json\/wp\/v2\/product\/8757","targetHints":{"allow":["GET"]}}],"collection":[{"href":"https:\/\/www.stvvalves.com\/de\/wp-json\/wp\/v2\/product"}],"about":[{"href":"https:\/\/www.stvvalves.com\/de\/wp-json\/wp\/v2\/types\/product"}],"wp:featuredmedia":[{"embeddable":true,"href":"https:\/\/www.stvvalves.com\/de\/wp-json\/wp\/v2\/media\/8758"}],"wp:attachment":[{"href":"https:\/\/www.stvvalves.com\/de\/wp-json\/wp\/v2\/media?parent=8757"}],"wp:term":[{"taxonomy":"product_brand","embeddable":true,"href":"https:\/\/www.stvvalves.com\/de\/wp-json\/wp\/v2\/product_brand?post=8757"},{"taxonomy":"product_cat","embeddable":true,"href":"https:\/\/www.stvvalves.com\/de\/wp-json\/wp\/v2\/product_cat?post=8757"},{"taxonomy":"product_tag","embeddable":true,"href":"https:\/\/www.stvvalves.com\/de\/wp-json\/wp\/v2\/product_tag?post=8757"}],"curies":[{"name":"wp","href":"https:\/\/api.w.org\/{rel}","templated":true}]}}