{"id":8846,"date":"2026-01-17T21:25:43","date_gmt":"2026-01-17T13:25:43","guid":{"rendered":"https:\/\/www.stvvalves.com\/?post_type=product&#038;p=8846"},"modified":"2026-01-17T21:29:45","modified_gmt":"2026-01-17T13:29:45","slug":"bellow-sealed-globe-valve-din-3356-gs-c25-dn100-pn16-rf","status":"publish","type":"product","link":"https:\/\/www.stvvalves.com\/de\/products\/bellow-sealed-globe-valve-din-3356-gs-c25-dn100-pn16-rf\/","title":{"rendered":"Bellow Sealed Globe Valve,DIN 3356 ,GS-C25,DN100,PN16,RF"},"content":{"rendered":"<h1>DIN 3356 Faltenbalg-Absperrventil, GS-C25, DN100, PN40, RF<\/h1>\n<p>Technische Spezifikation<\/p>\n<p>Konstruktionsnorm: DIN 3356<\/p>\n<p>Baul\u00e4nge: DIN 3202<\/p>\n<p>Flanschenden: DIN 2543-2545<\/p>\n<p>Pr\u00fcfung &amp; Inspektion: DIN 3230<\/p>\n<p>Anwendung: Hei\u00df\u00f6lsystem, Dampfsystem, Hei\u00df- und Kaltwassersystem usw.<\/p>\n<p>Medium: Dampf, Gase, Hei\u00dfwasser, Thermal\u00f6l, Ammoniak usw.<br \/>\nMaterialien: GG25 (EN-GJL-250), GGG40, 1.0619+N (GS-C25), 1.4308 (CF8), 1.4408 (CF8M)<br \/>\nMaterialien des Balgs: SS304, SS316, SS316L, SS 310S, Hastely C<br \/>\nGr\u00f6\u00dfenbereich: DN15-DN400<br \/>\nDruck: PN16-PN40<br \/>\nTemperatur: \u2264600 \u2103<\/p>\n<table>\n<tbody>\n<tr>\n<td width=\"200\"><strong>Produktname<\/strong><\/td>\n<td width=\"481\">Bellow Sealed Globe Valve,DIN 3356 ,GS-C25,DN100,PN16,RF<\/td>\n<\/tr>\n<tr>\n<td width=\"200\">1. Material<\/td>\n<td width=\"481\">GS-C25<\/td>\n<\/tr>\n<tr>\n<td width=\"200\">2. Gr\u00f6\u00dfe<\/td>\n<td width=\"481\">4&quot;<\/td>\n<\/tr>\n<tr>\n<td width=\"200\">4. Hafen<\/td>\n<td width=\"481\">Vollst\u00e4ndiger Port<\/td>\n<\/tr>\n<tr>\n<td width=\"200\">5. Arbeitsdruck<\/td>\n<td width=\"481\">PN16<\/td>\n<\/tr>\n<tr>\n<td width=\"200\">6. Verbindung endet<\/td>\n<td width=\"481\">RF<\/td>\n<\/tr>\n<tr>\n<td width=\"200\">7. Arbeitstemperatur.<\/td>\n<td width=\"481\">-29~425 \u00b0C,<\/td>\n<\/tr>\n<tr>\n<td width=\"200\">8. Geeignetes Medium<\/td>\n<td width=\"481\">Wasser, Erdgas, \u00d6l und einige \u00e4tzende Fl\u00fcssigkeiten<\/td>\n<\/tr>\n<tr>\n<td width=\"200\">9. Betrieben<\/td>\n<td width=\"481\">Handrad<\/td>\n<\/tr>\n<tr>\n<td width=\"200\">10. Inspektion und Pr\u00fcfung<\/td>\n<td width=\"481\">Nach DIN 3230<\/td>\n<\/tr>\n<tr>\n<td width=\"200\"><strong>Sendung<\/strong><\/td>\n<td width=\"481\"><\/td>\n<\/tr>\n<tr>\n<td width=\"200\">Lieferzeit<\/td>\n<td width=\"481\">30 Tage<\/td>\n<\/tr>\n<tr>\n<td width=\"200\">Paket<\/td>\n<td width=\"481\">Standard-Export-Sperrholzkiste<\/td>\n<\/tr>\n<tr>\n<td width=\"200\">Hafen<\/td>\n<td width=\"481\">Ningbo\/Shanghai, China<\/td>\n<\/tr>\n<tr>\n<td width=\"200\">Versandbedingungen<\/td>\n<td width=\"481\">Exw, FOB, CFR, CIF usw.<\/td>\n<\/tr>\n<tr>\n<td width=\"200\">Zahlungsbedingungen<\/td>\n<td width=\"481\">T\/T, Western Union, PayPal usw.<\/td>\n<\/tr>\n<tr>\n<td width=\"200\"><\/td>\n<td width=\"481\">30% Vorauszahlung, 70% Restbetrag vor dem Versand bezahlt<\/td>\n<\/tr>\n<tr>\n<td width=\"200\">Herkunftsland<\/td>\n<td width=\"481\">Stadt Wenzhou, China<\/td>\n<\/tr>\n<tr>\n<td width=\"200\">Produktionskapazit\u00e4t<\/td>\n<td width=\"481\">6000 Tonnen\/Jahr<\/td>\n<\/tr>\n<tr>\n<td width=\"200\">Mindestbestellmenge<\/td>\n<td width=\"481\">1 St\u00fcck\/Gr\u00f6\u00dfe<\/td>\n<\/tr>\n<\/tbody>\n<\/table>","protected":false},"excerpt":{"rendered":"<p>STV Valve Technology Group Co., Ltd is a professional leader China DIN 3356 Bellow Sealed Globe Valve,Cast Steel Bellow Sealed\u00a0 Globe Valve,DN100 Bellow Sealed\u00a0 Globe Valve,PN16 Bellow Seal Globe Valve,RF Bellow Sealed\u00a0 Globe Valve,Flange Bellow Sealed Globe Valve Manufacturer with high quality and competitive price.<\/p>\n<p>&nbsp;<\/p>","protected":false},"featured_media":8847,"template":"","meta":[],"product_brand":[],"product_cat":[65,45],"product_tag":[4060,323,4059,1687,4061,1688,4064,1690,4062,1689,4063,1074],"class_list":{"0":"post-8846","1":"product","2":"type-product","3":"status-publish","4":"has-post-thumbnail","6":"product_cat-bellow-seal-globe-valve","7":"product_cat-globe-valve","8":"product_tag-cast-steel-bellow-sealed-globe-valve","9":"product_tag-cast-steel-globe-valve","10":"product_tag-china-din-3356-bellow-sealed-globe-valve","11":"product_tag-din-3356-globe-valve","12":"product_tag-dn100-bellow-sealed-globe-valve","13":"product_tag-dn100-globe-valve","14":"product_tag-flange-bellow-sealed-globe-valve-manufacturer","15":"product_tag-flange-globe-valve","16":"product_tag-pn16-bellow-seal-globe-valve","17":"product_tag-pn40-globe-valve","18":"product_tag-rf-bellow-sealed-globe-valve","19":"product_tag-rf-globe-valve","21":"first","22":"instock","23":"shipping-taxable","24":"product-type-simple"},"_links":{"self":[{"href":"https:\/\/www.stvvalves.com\/de\/wp-json\/wp\/v2\/product\/8846","targetHints":{"allow":["GET"]}}],"collection":[{"href":"https:\/\/www.stvvalves.com\/de\/wp-json\/wp\/v2\/product"}],"about":[{"href":"https:\/\/www.stvvalves.com\/de\/wp-json\/wp\/v2\/types\/product"}],"wp:featuredmedia":[{"embeddable":true,"href":"https:\/\/www.stvvalves.com\/de\/wp-json\/wp\/v2\/media\/8847"}],"wp:attachment":[{"href":"https:\/\/www.stvvalves.com\/de\/wp-json\/wp\/v2\/media?parent=8846"}],"wp:term":[{"taxonomy":"product_brand","embeddable":true,"href":"https:\/\/www.stvvalves.com\/de\/wp-json\/wp\/v2\/product_brand?post=8846"},{"taxonomy":"product_cat","embeddable":true,"href":"https:\/\/www.stvvalves.com\/de\/wp-json\/wp\/v2\/product_cat?post=8846"},{"taxonomy":"product_tag","embeddable":true,"href":"https:\/\/www.stvvalves.com\/de\/wp-json\/wp\/v2\/product_tag?post=8846"}],"curies":[{"name":"wp","href":"https:\/\/api.w.org\/{rel}","templated":true}]}}