{"id":5836,"date":"2021-04-28T05:01:51","date_gmt":"2021-04-28T05:01:51","guid":{"rendered":"https:\/\/www.stvvalves.com\/?page_id=5836"},"modified":"2024-12-25T10:17:16","modified_gmt":"2024-12-25T02:17:16","slug":"industrial-valves-and-pipe","status":"publish","type":"page","link":"https:\/\/www.stvvalves.com\/es\/industrial-valves-and-pipe\/","title":{"rendered":"V\u00e1lvulas y tuber\u00edas industriales"},"content":{"rendered":"<div class=\"flex_column av_one_full  flex_column_div av-zero-column-padding first\" style='border-radius:0px; '><p><div style='padding-bottom:10px;' class='av-special-heading av-special-heading-h2'><div id=\"ez-toc-container\" class=\"ez-toc-v2_0_82_2 counter-hierarchy ez-toc-counter ez-toc-grey ez-toc-container-direction\">\n<div class=\"ez-toc-title-container\">\n<p class=\"ez-toc-title\" style=\"cursor:inherit\">Table of Contents<\/p>\n<span class=\"ez-toc-title-toggle\"><a href=\"#\" class=\"ez-toc-pull-right ez-toc-btn ez-toc-btn-xs ez-toc-btn-default ez-toc-toggle\" aria-label=\"Alternar tabla de contenidos\"><span class=\"ez-toc-js-icon-con\"><span class=\"\"><span class=\"eztoc-hide\" style=\"display:none;\">Toggle<\/span><span class=\"ez-toc-icon-toggle-span\"><svg style=\"fill: #999;color:#999\" xmlns=\"http:\/\/www.w3.org\/2000\/svg\" class=\"list-377408\" width=\"20px\" height=\"20px\" viewbox=\"0 0 24 24\" fill=\"none\"><path d=\"M6 6H4v2h2V6zm14 0H8v2h12V6zM4 11h2v2H4v-2zm16 0H8v2h12v-2zM4 16h2v2H4v-2zm16 0H8v2h12v-2z\" fill=\"currentColor\"><\/path><\/svg><svg style=\"fill: #999;color:#999\" class=\"arrow-unsorted-368013\" xmlns=\"http:\/\/www.w3.org\/2000\/svg\" width=\"10px\" height=\"10px\" viewbox=\"0 0 24 24\" version=\"1.2\" baseprofile=\"tiny\"><path d=\"M18.2 9.3l-6.2-6.3-6.2 6.3c-.2.2-.3.4-.3.7s.1.5.3.7c.2.2.4.3.7.3h11c.3 0 .5-.1.7-.3.2-.2.3-.5.3-.7s-.1-.5-.3-.7zM5.8 14.7l6.2 6.3 6.2-6.3c.2-.2.3-.5.3-.7s-.1-.5-.3-.7c-.2-.2-.4-.3-.7-.3h-11c-.3 0-.5.1-.7.3-.2.2-.3.5-.3.7s.1.5.3.7z\"\/><\/svg><\/span><\/span><\/span><\/a><\/span><\/div>\n<nav><ul class='ez-toc-list ez-toc-list-level-1' ><li class='ez-toc-page-1 ez-toc-heading-level-2'><a class=\"ez-toc-link ez-toc-heading-1\" href=\"https:\/\/www.stvvalves.com\/es\/industrial-valves-and-pipe\/#Industrial_Control_Valves_List\" >Lista de v\u00e1lvulas de control industriales<\/a><ul class='ez-toc-list-level-3' ><li class='ez-toc-heading-level-3'><a class=\"ez-toc-link ez-toc-heading-2\" href=\"https:\/\/www.stvvalves.com\/es\/industrial-valves-and-pipe\/#Industrial_Ball_Valves\" >V\u00e1lvulas de bola industriales<\/a><\/li><li class='ez-toc-page-1 ez-toc-heading-level-3'><a class=\"ez-toc-link ez-toc-heading-3\" href=\"https:\/\/www.stvvalves.com\/es\/industrial-valves-and-pipe\/#Industrial_Gate_Valves\" >V\u00e1lvulas de compuerta industriales<\/a><\/li><li class='ez-toc-page-1 ez-toc-heading-level-3'><a class=\"ez-toc-link ez-toc-heading-4\" href=\"https:\/\/www.stvvalves.com\/es\/industrial-valves-and-pipe\/#Y_Strainer\" >Y colador<\/a><\/li><li class='ez-toc-page-1 ez-toc-heading-level-3'><a class=\"ez-toc-link ez-toc-heading-5\" href=\"https:\/\/www.stvvalves.com\/es\/industrial-valves-and-pipe\/#Industrial_Check_Valve\" >V\u00e1lvula de retenci\u00f3n industrial<\/a><\/li><li class='ez-toc-page-1 ez-toc-heading-level-3'><a class=\"ez-toc-link ez-toc-heading-6\" href=\"https:\/\/www.stvvalves.com\/es\/industrial-valves-and-pipe\/#Industrial_Globe_Valve\" >V\u00e1lvula de globo industrial<\/a><\/li><li class='ez-toc-page-1 ez-toc-heading-level-3'><a class=\"ez-toc-link ez-toc-heading-7\" href=\"https:\/\/www.stvvalves.com\/es\/industrial-valves-and-pipe\/#Industrial_Butterfly_Valve\" >V\u00e1lvula de mariposa industrial<\/a><\/li><li class='ez-toc-page-1 ez-toc-heading-level-3'><a class=\"ez-toc-link ez-toc-heading-8\" href=\"https:\/\/www.stvvalves.com\/es\/industrial-valves-and-pipe\/#Pipe_Fitting\" >Instalaci\u00f3n de tuber\u00edas<\/a><\/li><li class='ez-toc-page-1 ez-toc-heading-level-3'><a class=\"ez-toc-link ez-toc-heading-9\" href=\"https:\/\/www.stvvalves.com\/es\/industrial-valves-and-pipe\/#Contact_Us\" >Cont\u00e1ctenos<\/a><\/li><\/ul><\/li><\/ul><\/nav><\/div>\n<h2 class='av-special-heading-tag'  ><span class=\"ez-toc-section\" id=\"Industrial_Control_Valves_List\"><\/span>Lista de v\u00e1lvulas de control industriales<span class=\"ez-toc-section-end\"><\/span><\/h2><div class='special-heading-border'><div class='special-heading-inner-border' ><\/div><\/div><\/div><br \/>\n<section class=\"av_textblock_section\" ><div class='avia_textblock'  ><p>Como uno de los principales fabricantes de v\u00e1lvulas industriales en China, suministramos diversas v\u00e1lvulas a Europa, Am\u00e9rica del Sur y Asia, y a todo el mundo. Con nuestras excelentes tuber\u00edas y v\u00e1lvulas industriales, hemos establecido con orgullo una relaci\u00f3n firme y a largo plazo con nuestro socio comercial. Nuestro amplio producto cubre el uso principal en este mercado. Tambi\u00e9n ofrecemos la opci\u00f3n de realizar pedidos de productos especiales personalizados.<\/p>\n<div class='avia-button-wrap avia-button-center'><a href='https:\/\/www.stvvalves.com\/es\/contact-us\/' class='avia-button   avia-icon_select-no avia-color-theme-color avia-size-large avia-position-center'   ><span class='avia_iconbox_title' >Cont\u00e1ctenos<\/span><\/a><\/div>\n<\/div><\/section><\/p><\/div>\n<div class=\"flex_column av_one_third  flex_column_div av-zero-column-padding first\" style='border-width:1px; border-color:#07385e; border-style:solid; border-radius:0px; '><div class='avia-image-container  av-styling-    avia-align-center'  ><div class='avia-image-container-inner'><a href='https:\/\/www.stvvalves.com\/es\/wholesale\/ball-valve\/' class='avia_image'  ><img class='avia_image' src='https:\/\/www.stvvalves.com\/wp-content\/uploads\/2021\/04\/Ball-valve.jpg' alt='Industrial ball valve' title='V\u00e1lvula de bola'  \/><\/a><\/div><\/div><\/div>\n<div class=\"flex_column av_two_third  flex_column_div av-zero-column-padding\" style='border-radius:0px; '><p><div style='padding-bottom:10px;' class='av-special-heading av-special-heading-h3'><h3 class='av-special-heading-tag'  ><span class=\"ez-toc-section\" id=\"Industrial_Ball_Valves\"><\/span>V\u00e1lvulas de bola industriales<span class=\"ez-toc-section-end\"><\/span><\/h3><div class='special-heading-border'><div class='special-heading-inner-border' ><\/div><\/div><\/div><br \/>\n<section class=\"av_textblock_section\" ><div class='avia_textblock'  ><p>Una v\u00e1lvula de bola industrial es una v\u00e1lvula con una bola esf\u00e9rica dentro del cuerpo de la v\u00e1lvula. La esfera tiene un agujero en el medio para que, cuando est\u00e9 alineada con ambos extremos de la v\u00e1lvula, se produzca el flujo. Cuando la v\u00e1lvula est\u00e1 cerrada, el orificio es perpendicular a los extremos de la v\u00e1lvula y el flujo se bloquea.<\/p>\n<p>Las v\u00e1lvulas de bola se utilizan ampliamente en aplicaciones industriales debido a su versatilidad, facilidad de reparaci\u00f3n y operaci\u00f3n r\u00e1pida.<\/p>\n<div class='avia-button-wrap avia-button-center'><a href='https:\/\/www.stvvalves.com\/es\/wholesale\/ball-valve\/' class='avia-button   avia-icon_select-no avia-color-custom avia-size-medium avia-position-center'  style='background-color:#07385e; border-color:#07385e; color:#ffffff; ' ><span class='avia_iconbox_title' >M\u00e1s v\u00e1lvulas de bola industriales<\/span><\/a><\/div>\n<\/div><\/section><\/p><\/div>\n<div  class='hr hr-default'><span class='hr-inner' ><span class='hr-inner-style'><\/span><\/span><\/div>\n<div class=\"flex_column av_one_third  flex_column_div av-zero-column-padding first\" style='border-width:1px; border-color:#07385e; border-style:solid; border-radius:0px; '><div class='avia-image-container  av-styling-    avia-align-center'  ><div class='avia-image-container-inner'><a href='https:\/\/www.stvvalves.com\/es\/wholesale\/gate-valve\/' class='avia_image'  ><img class='avia_image' src='https:\/\/www.stvvalves.com\/wp-content\/uploads\/2021\/04\/Gate-valve-2.jpg' alt='Industrial Gate valve' title='V\u00e1lvula de compuerta'  \/><\/a><\/div><\/div><\/div>\n<div class=\"flex_column av_two_third  flex_column_div av-zero-column-padding\" style='border-radius:0px; '><p><div style='padding-bottom:10px;' class='av-special-heading av-special-heading-h3'><h3 class='av-special-heading-tag'  ><span class=\"ez-toc-section\" id=\"Industrial_Gate_Valves\"><\/span>V\u00e1lvulas de compuerta industriales<span class=\"ez-toc-section-end\"><\/span><\/h3><div class='special-heading-border'><div class='special-heading-inner-border' ><\/div><\/div><\/div><br \/>\n<section class=\"av_textblock_section\" ><div class='avia_textblock'  ><p>Las v\u00e1lvulas de compuerta industriales, com\u00fanmente utilizadas en plantas de proceso y sistemas de agua, son v\u00e1lvulas de movimiento lineal que se utilizan para iniciar o detener el flujo de fluido o gas. En funcionamiento, las v\u00e1lvulas de compuerta est\u00e1n completamente abiertas o completamente cerradas. Permiten una ca\u00edda de presi\u00f3n m\u00ednima cuando el fluido pasa a trav\u00e9s de la v\u00e1lvula. Esto se debe a que la v\u00e1lvula de compuerta se retira del flujo cuando est\u00e1 completamente abierta, sin crear resistencia.<\/p>\n<p>Las v\u00e1lvulas de compuerta, aunque no est\u00e1n dise\u00f1adas para estrangular o funcionar con demasiada frecuencia, generalmente son ideales para servicios que requieren aplicaciones de flujo total o sin flujo.<\/p>\n<div class='avia-button-wrap avia-button-center'><a href='https:\/\/www.stvvalves.com\/es\/wholesale\/gate-valve\/' class='avia-button   avia-icon_select-no avia-color-custom avia-size-medium avia-position-center'  style='background-color:#07385e; border-color:#07385e; color:#ffffff; ' ><span class='avia_iconbox_title' >M\u00e1s v\u00e1lvulas de compuerta industriales<\/span><\/a><\/div>\n<\/div><\/section><\/p><\/div>\n<div  class='hr hr-default'><span class='hr-inner' ><span class='hr-inner-style'><\/span><\/span><\/div>\n<div class=\"flex_column av_one_third  flex_column_div av-zero-column-padding first\" style='border-width:1px; border-color:#07385e; border-style:solid; border-radius:0px; '><div class='avia-image-container  av-styling-circle    avia-align-center'  ><div class='avia-image-container-inner'><a href='https:\/\/www.stvvalves.com\/es\/wholesale\/y-strainer\/' class='avia_image'  ><img class='avia_image' src='https:\/\/www.stvvalves.com\/wp-content\/uploads\/2021\/05\/cast-steel-Y-type-strainer-300x300.jpg' alt='cast steel Y type strainer supplier' title='colador tipo Y de acero fundido'  \/><\/a><\/div><\/div><\/div><div class=\"flex_column av_two_third  flex_column_div av-zero-column-padding\" style='border-radius:0px; '><p><div style='padding-bottom:10px;' class='av-special-heading av-special-heading-h3'><h3 class='av-special-heading-tag'  ><span class=\"ez-toc-section\" id=\"Y_Strainer\"><\/span>Y colador<span class=\"ez-toc-section-end\"><\/span><\/h3><div class='special-heading-border'><div class='special-heading-inner-border' ><\/div><\/div><\/div><br \/>\n<section class=\"av_textblock_section\" ><div class='avia_textblock'  ><p>El prop\u00f3sito de estas v\u00e1lvulas es evitar que las part\u00edculas pasen a trav\u00e9s de una tuber\u00eda y da\u00f1en los equipos sensibles. Lo hacen empleando un elemento tensor de malla perforada.<\/p>\n<p>El uso de un filtro en Y da como resultado una ca\u00edda de presi\u00f3n m\u00ednima.<\/p>\n<div class='avia-button-wrap avia-button-center'><a href='https:\/\/www.stvvalves.com\/es\/wholesale\/y-strainer\/' class='avia-button   avia-icon_select-no avia-color-custom avia-size-medium avia-position-center'  style='background-color:#07385e; border-color:#07385e; color:#ffffff; ' ><span class='avia_iconbox_title' >M\u00e1s filtros en Y<\/span><\/a><\/div>\n<\/div><\/section><\/p><\/div><\/p>\n<div  class='hr hr-default'><span class='hr-inner' ><span class='hr-inner-style'><\/span><\/span><\/div>\n<div class=\"flex_column av_one_third  flex_column_div av-zero-column-padding first\" style='border-width:1px; border-color:#07385e; border-style:solid; border-radius:0px; '><div class='avia-image-container  av-styling-    avia-align-center'  ><div class='avia-image-container-inner'><a href='https:\/\/www.stvvalves.com\/es\/wholesale\/check-valves\/' class='avia_image'  ><img class='avia_image' src='https:\/\/www.stvvalves.com\/wp-content\/uploads\/2021\/04\/Check-Valve-1.jpg' alt='600lb Industrial Check Valve' title='La v\u00e1lvula de retenci\u00f3n'  \/><\/a><\/div><\/div><\/div>\n<div class=\"flex_column av_two_third  flex_column_div av-zero-column-padding\" style='border-radius:0px; '><p><div style='padding-bottom:10px;' class='av-special-heading av-special-heading-h3'><h3 class='av-special-heading-tag'  ><span class=\"ez-toc-section\" id=\"Industrial_Check_Valve\"><\/span>V\u00e1lvula de retenci\u00f3n industrial<span class=\"ez-toc-section-end\"><\/span><\/h3><div class='special-heading-border'><div class='special-heading-inner-border' ><\/div><\/div><\/div><br \/>\n<section class=\"av_textblock_section\" ><div class='avia_textblock'  ><p>La v\u00e1lvula de retenci\u00f3n industrial, tambi\u00e9n conocida como v\u00e1lvula de retenci\u00f3n, se utiliza en sistemas de tuber\u00edas para restringir y detener el reflujo. El fluido que pasa a trav\u00e9s de una tuber\u00eda crea presi\u00f3n y velocidad de flujo que abre la v\u00e1lvula. Por otro lado, la inversi\u00f3n del flujo har\u00e1 que la v\u00e1lvula se cierre. Existe una variedad de tipos de v\u00e1lvulas seg\u00fan los requisitos de su sistema.<\/p>\n<div class='avia-button-wrap avia-button-center'><a href='https:\/\/www.stvvalves.com\/es\/wholesale\/check-valves\/' class='avia-button   avia-icon_select-no avia-color-custom avia-size-medium avia-position-center'  style='background-color:#07385e; border-color:#07385e; color:#ffffff; ' ><span class='avia_iconbox_title' >M\u00e1s v\u00e1lvulas de retenci\u00f3n industriales<\/span><\/a><\/div>\n<\/div><\/section><\/p><\/div>\n<div  class='hr hr-default'><span class='hr-inner' ><span class='hr-inner-style'><\/span><\/span><\/div>\n<div class=\"flex_column av_one_third  flex_column_div av-zero-column-padding first\" style='border-width:1px; border-color:#07385e; border-style:solid; border-radius:0px; '><div class='avia-image-container  av-styling-    avia-align-center'  ><div class='avia-image-container-inner'><a href='https:\/\/www.stvvalves.com\/es\/wholesale\/globe-valve\/' class='avia_image'  ><img class='avia_image' src='https:\/\/www.stvvalves.com\/wp-content\/uploads\/2021\/04\/globe-valve.jpg' alt='Industrial globe valve' title='v\u00e1lvula de globo'  \/><\/a><\/div><\/div><\/div>\n<div class=\"flex_column av_two_third  flex_column_div av-zero-column-padding\" style='border-radius:0px; '><p><div style='padding-bottom:10px;' class='av-special-heading av-special-heading-h3'><h3 class='av-special-heading-tag'  ><span class=\"ez-toc-section\" id=\"Industrial_Globe_Valve\"><\/span>V\u00e1lvula de globo industrial<span class=\"ez-toc-section-end\"><\/span><\/h3><div class='special-heading-border'><div class='special-heading-inner-border' ><\/div><\/div><\/div><br \/>\n<section class=\"av_textblock_section\" ><div class='avia_textblock'  ><p>Estas v\u00e1lvulas de globo industriales se utilizan para detener, iniciar y controlar el flujo de fluido. A diferencia del asiento perpendicular de las v\u00e1lvulas de compuerta, el asiento de la v\u00e1lvula de globo es paralelo a la l\u00ednea de flujo. Todo contacto entre el asiento y el disco termina cuando comienza el flujo. Esto proporciona a la v\u00e1lvula una capacidad de estrangulamiento efectiva para la regulaci\u00f3n del flujo. Estas v\u00e1lvulas de movimiento lineal se utilizan para detener, iniciar y controlar el flujo de fluido. A diferencia del asiento perpendicular de las v\u00e1lvulas de compuerta, el asiento de la v\u00e1lvula de globo es paralelo a la l\u00ednea de flujo. Todo contacto entre el asiento y el disco termina cuando comienza el flujo. Esto proporciona a la v\u00e1lvula una capacidad de estrangulamiento eficaz para la regulaci\u00f3n del flujo.<\/p>\n<div class='avia-button-wrap avia-button-center'><a href='https:\/\/www.stvvalves.com\/es\/wholesale\/globe-valve\/' class='avia-button   avia-icon_select-no avia-color-custom avia-size-medium avia-position-center'  style='background-color:#07385e; border-color:#07385e; color:#ffffff; ' ><span class='avia_iconbox_title' >M\u00e1s v\u00e1lvulas de globo industriales<\/span><\/a><\/div>\n<\/div><\/section><\/p><\/div>\n<div  class='hr hr-default'><span class='hr-inner' ><span class='hr-inner-style'><\/span><\/span><\/div>\n<div class=\"flex_column av_one_third  flex_column_div av-zero-column-padding first\" style='border-width:1px; border-color:#07385e; border-style:solid; border-radius:0px; '><div class='avia-image-container  av-styling-    avia-align-center'  ><div class='avia-image-container-inner'><a href='https:\/\/www.stvvalves.com\/es\/wholesale\/butterfly-valve\/' class='avia_image'  ><img class='avia_image' src='https:\/\/www.stvvalves.com\/wp-content\/uploads\/2021\/04\/Butterful-Valve.jpg' alt='China Industrial Butterfly Valve' title='V\u00e1lvula de mariposa'  \/><\/a><\/div><\/div><\/div>\n<div class=\"flex_column av_two_third  flex_column_div av-zero-column-padding\" style='border-radius:0px; '><p><div style='padding-bottom:10px;' class='av-special-heading av-special-heading-h3'><h3 class='av-special-heading-tag'  ><span class=\"ez-toc-section\" id=\"Industrial_Butterfly_Valve\"><\/span>V\u00e1lvula de mariposa industrial<span class=\"ez-toc-section-end\"><\/span><\/h3><div class='special-heading-border'><div class='special-heading-inner-border' ><\/div><\/div><\/div><br \/>\n<section class=\"av_textblock_section\" ><div class='avia_textblock'  ><p>Estas v\u00e1lvulas de mariposa industriales reciben su nombre de la acci\u00f3n en forma de ala de sus discos, que operan en \u00e1ngulo recto con respecto al flujo. Las principales ventajas de una v\u00e1lvula de mariposa son el bajo costo, la operaci\u00f3n r\u00e1pida, la f\u00e1cil instalaci\u00f3n y el peso ligero para la relaci\u00f3n de tama\u00f1o.<\/p>\n<p>Estas v\u00e1lvulas se pueden utilizar en posiciones completamente abiertas o completamente cerradas. Tambi\u00e9n se pueden utilizar como una forma econ\u00f3mica de controlar el flujo de l\u00edquidos o gases. Sin embargo, no se consideran v\u00e1lvulas de control precisas.<\/p>\n<div class='avia-button-wrap avia-button-center'><a href='https:\/\/www.stvvalves.com\/es\/wholesale\/butterfly-valve\/' class='avia-button   avia-icon_select-no avia-color-custom avia-size-medium avia-position-center'  style='background-color:#07385e; border-color:#07385e; color:#ffffff; ' ><span class='avia_iconbox_title' >M\u00e1s v\u00e1lvulas de mariposa industriales<\/span><\/a><\/div>\n<\/div><\/section><\/p><\/div>\n<div  class='hr hr-default'><span class='hr-inner' ><span class='hr-inner-style'><\/span><\/span><\/div>\n<div class=\"flex_column av_one_third  flex_column_div av-zero-column-padding first\" style='border-width:1px; border-color:#07385e; border-style:solid; border-radius:0px; '><div class='avia-image-container  av-styling-    avia-align-center'  ><div class='avia-image-container-inner'><a href='https:\/\/www.stvvalves.com\/es\/wholesale\/pipe-fitting\/' class='avia_image'  ><img class='avia_image' src='https:\/\/www.stvvalves.com\/wp-content\/uploads\/2021\/04\/PIPE-FITING.jpg' alt='Pipe Fitting' title='MONTAJE DE TUBER\u00cdA'  \/><\/a><\/div><\/div><\/div>\n<div class=\"flex_column av_two_third  flex_column_div av-zero-column-padding\" style='border-radius:0px; '><p><div style='padding-bottom:10px;' class='av-special-heading av-special-heading-h3'><h3 class='av-special-heading-tag'  ><span class=\"ez-toc-section\" id=\"Pipe_Fitting\"><\/span>Instalaci\u00f3n de tuber\u00edas<span class=\"ez-toc-section-end\"><\/span><\/h3><div class='special-heading-border'><div class='special-heading-inner-border' ><\/div><\/div><\/div><br \/>\n<section class=\"av_textblock_section\" ><div class='avia_textblock'  ><p>Los accesorios de tuber\u00eda son un componente de tuber\u00eda que ayuda a cambiar la direcci\u00f3n del flujo, como codos y tees. Cambia el tama\u00f1o de la tuber\u00eda, como reductores, tees reductoras. Conecte diferentes componentes como acoplamientos y detenga los flujos como Caps.<\/p>\n<div class='avia-button-wrap avia-button-center'><a href='https:\/\/www.stvvalves.com\/es\/wholesale\/pipe-fitting\/' class='avia-button   avia-icon_select-no avia-color-custom avia-size-medium avia-position-center'  style='background-color:#07385e; border-color:#07385e; color:#ffffff; ' ><span class='avia_iconbox_title' >M\u00e1s accesorios de tuber\u00eda<\/span><\/a><\/div>\n<\/div><\/section><\/p><\/div>\n<div  class='hr hr-default'><span class='hr-inner' ><span class='hr-inner-style'><\/span><\/span><\/div>\n<div class=\"flex_column av_one_half  flex_column_div av-zero-column-padding first\" style='border-radius:0px; '><p><div style='padding-bottom:10px;' class='av-special-heading av-special-heading-h3'><h3 class='av-special-heading-tag'  ><span class=\"ez-toc-section\" id=\"Contact_Us\"><\/span>Cont\u00e1ctenos<span class=\"ez-toc-section-end\"><\/span><\/h3><div class='special-heading-border'><div class='special-heading-inner-border' ><\/div><\/div><\/div><br \/>\n<section class=\"av_textblock_section\" ><div class='avia_textblock'  ><p>STV es uno de los principales fabricantes de v\u00e1lvulas industriales de China ubicado en el parque industrial de alta tecnolog\u00eda de Yongqiang, ciudad de Wenzhou, provincia de Zhejiang, como una empresa especializada en v\u00e1lvulas industriales y equipos de instalaci\u00f3n de tuber\u00edas.<\/p>\n<p>\u00bfEst\u00e1 buscando fabricantes de v\u00e1lvulas desviadoras industriales en China? No dude en contactar con nosotros si tiene alguna duda sobre las v\u00e1lvulas industriales o solicitar presupuesto. Nuestros experimentados expertos en v\u00e1lvulas le brindar\u00e1n comentarios dentro de las 24 horas y le brindar\u00e1n una soluci\u00f3n de v\u00e1lvula personalizada.<\/p>\n<p><strong>Sr. Jalen Lee<\/strong><\/p>\n<p>Direcci\u00f3n: 88#, Jifeng Road, ciudad de Wenzhou, provincia de Zhejiang, 325025<\/p>\n<p>Correo electr\u00f3nico: <a href=\"mailto:sales@stvvalves.com\">sales@stvvalves.com<\/a><\/p>\n<p>Tel\u00e9fono 1:\u00a0<a href=\"tel:0086-0577-85987444\">+86-0577-85987444<\/a><\/p>\n<p>Tel\u00e9fono 2:\u00a0<a href=\"tel:008615157766245\">+8615157766245<\/a><\/p>\n<\/div><\/section><\/p><\/div>\n<div class=\"flex_column av_one_half  flex_column_div av-zero-column-padding\" style='border-radius:0px; '><section class=\"av_textblock_section\" ><div class='avia_textblock'  >\n<div class=\"wpcf7 no-js\" id=\"wpcf7-f3466-o1\" lang=\"en-US\" dir=\"ltr\" data-wpcf7-id=\"3466\">\n<div class=\"screen-reader-response\"><p role=\"status\" aria-live=\"polite\" aria-atomic=\"true\"><\/p> <ul><\/ul><\/div>\n<form action=\"\/es\/wp-json\/wp\/v2\/pages\/5836#wpcf7-f3466-o1\" method=\"post\" class=\"wpcf7-form init\" aria-label=\"Formulario de contacto\" novalidate=\"novalidate\" data-status=\"init\" data-trp-original-action=\"\/es\/wp-json\/wp\/v2\/pages\/5836#wpcf7-f3466-o1\">\n<fieldset class=\"hidden-fields-container\"><input type=\"hidden\" name=\"_wpcf7\" value=\"3466\" \/><input type=\"hidden\" name=\"_wpcf7_version\" value=\"6.1.5\" \/><input type=\"hidden\" name=\"_wpcf7_locale\" value=\"en_US\" \/><input type=\"hidden\" name=\"_wpcf7_unit_tag\" value=\"wpcf7-f3466-o1\" \/><input type=\"hidden\" name=\"_wpcf7_container_post\" value=\"0\" \/><input type=\"hidden\" name=\"_wpcf7_posted_data_hash\" value=\"\" \/>\n<\/fieldset>\n<p>Su tel\u00e9fono<br \/>\n<span class=\"wpcf7-form-control-wrap\" data-name=\"your-name\"><input size=\"40\" maxlength=\"400\" class=\"wpcf7-form-control wpcf7-text wpcf7-validates-as-required text_input\" aria-required=\"true\" aria-invalid=\"false\" value=\"\" type=\"text\" name=\"your-name\" \/><\/span><br \/>\nTu correo electr\u00f3nico<br \/>\n<span class=\"wpcf7-form-control-wrap\" data-name=\"your-email\"><input size=\"40\" maxlength=\"400\" class=\"wpcf7-form-control wpcf7-email wpcf7-validates-as-required wpcf7-text wpcf7-validates-as-email text_input\" aria-required=\"true\" aria-invalid=\"false\" value=\"\" type=\"email\" name=\"your-email\" \/><\/span><br \/>\nTu mensaje<br \/>\n<span class=\"wpcf7-form-control-wrap\" data-name=\"your-message\"><textarea cols=\"40\" rows=\"10\" maxlength=\"2000\" class=\"wpcf7-form-control wpcf7-textarea wpcf7-validates-as-required text_area\" aria-required=\"true\" aria-invalid=\"false\" name=\"your-message\"><\/textarea><\/span><br \/>\n<input class=\"wpcf7-form-control wpcf7-submit has-spinner\" type=\"submit\" value=\"Enviar\" \/>\n<\/p><div class=\"wpcf7-response-output\" aria-hidden=\"true\"><\/div>\n<input type=\"hidden\" name=\"trp-form-language\" value=\"es\"\/><\/form>\n<\/div>\n\n<\/div><\/section><\/div>","protected":false},"excerpt":{"rendered":"","protected":false},"author":290641,"featured_media":0,"parent":0,"menu_order":0,"comment_status":"closed","ping_status":"closed","template":"","meta":{"footnotes":""},"class_list":["post-5836","page","type-page","status-publish","hentry"],"_links":{"self":[{"href":"https:\/\/www.stvvalves.com\/es\/wp-json\/wp\/v2\/pages\/5836","targetHints":{"allow":["GET"]}}],"collection":[{"href":"https:\/\/www.stvvalves.com\/es\/wp-json\/wp\/v2\/pages"}],"about":[{"href":"https:\/\/www.stvvalves.com\/es\/wp-json\/wp\/v2\/types\/page"}],"author":[{"embeddable":true,"href":"https:\/\/www.stvvalves.com\/es\/wp-json\/wp\/v2\/users\/290641"}],"replies":[{"embeddable":true,"href":"https:\/\/www.stvvalves.com\/es\/wp-json\/wp\/v2\/comments?post=5836"}],"version-history":[{"count":38,"href":"https:\/\/www.stvvalves.com\/es\/wp-json\/wp\/v2\/pages\/5836\/revisions"}],"predecessor-version":[{"id":6412,"href":"https:\/\/www.stvvalves.com\/es\/wp-json\/wp\/v2\/pages\/5836\/revisions\/6412"}],"wp:attachment":[{"href":"https:\/\/www.stvvalves.com\/es\/wp-json\/wp\/v2\/media?parent=5836"}],"curies":[{"name":"wp","href":"https:\/\/api.w.org\/{rel}","templated":true}]}}