{"id":6065,"date":"2022-08-23T10:02:00","date_gmt":"2022-08-23T02:02:00","guid":{"rendered":"https:\/\/www.stvvalves.com\/?page_id=6065"},"modified":"2025-08-10T14:37:34","modified_gmt":"2025-08-10T06:37:34","slug":"china-globe-valve-manufacturer","status":"publish","type":"page","link":"https:\/\/www.stvvalves.com\/es\/china-globe-valve-manufacturer\/","title":{"rendered":"Fabricante de v\u00e1lvulas de globo de China"},"content":{"rendered":"<div class=\"flex_column av_one_full  flex_column_div av-zero-column-padding first\" style='border-radius:0px; '><p><div style='padding-bottom:10px;' class='av-special-heading av-special-heading-h2'><div id=\"ez-toc-container\" class=\"ez-toc-v2_0_82_2 counter-hierarchy ez-toc-counter ez-toc-grey ez-toc-container-direction\">\n<div class=\"ez-toc-title-container\">\n<p class=\"ez-toc-title\" style=\"cursor:inherit\">Table of Contents<\/p>\n<span class=\"ez-toc-title-toggle\"><a href=\"#\" class=\"ez-toc-pull-right ez-toc-btn ez-toc-btn-xs ez-toc-btn-default ez-toc-toggle\" aria-label=\"Alternar tabla de contenidos\"><span class=\"ez-toc-js-icon-con\"><span class=\"\"><span class=\"eztoc-hide\" style=\"display:none;\">Toggle<\/span><span class=\"ez-toc-icon-toggle-span\"><svg style=\"fill: #999;color:#999\" xmlns=\"http:\/\/www.w3.org\/2000\/svg\" class=\"list-377408\" width=\"20px\" height=\"20px\" viewbox=\"0 0 24 24\" fill=\"none\"><path d=\"M6 6H4v2h2V6zm14 0H8v2h12V6zM4 11h2v2H4v-2zm16 0H8v2h12v-2zM4 16h2v2H4v-2zm16 0H8v2h12v-2z\" fill=\"currentColor\"><\/path><\/svg><svg style=\"fill: #999;color:#999\" class=\"arrow-unsorted-368013\" xmlns=\"http:\/\/www.w3.org\/2000\/svg\" width=\"10px\" height=\"10px\" viewbox=\"0 0 24 24\" version=\"1.2\" baseprofile=\"tiny\"><path d=\"M18.2 9.3l-6.2-6.3-6.2 6.3c-.2.2-.3.4-.3.7s.1.5.3.7c.2.2.4.3.7.3h11c.3 0 .5-.1.7-.3.2-.2.3-.5.3-.7s-.1-.5-.3-.7zM5.8 14.7l6.2 6.3 6.2-6.3c.2-.2.3-.5.3-.7s-.1-.5-.3-.7c-.2-.2-.4-.3-.7-.3h-11c-.3 0-.5.1-.7.3-.2.2-.3.5-.3.7s.1.5.3.7z\"\/><\/svg><\/span><\/span><\/span><\/a><\/span><\/div>\n<nav><ul class='ez-toc-list ez-toc-list-level-1' ><li class='ez-toc-page-1 ez-toc-heading-level-2'><a class=\"ez-toc-link ez-toc-heading-1\" href=\"https:\/\/www.stvvalves.com\/es\/china-globe-valve-manufacturer\/#China_Globe_Valve_Manufacturer\" >Fabricante de v\u00e1lvulas de globo de China<\/a><\/li><li class='ez-toc-page-1 ez-toc-heading-level-2'><a class=\"ez-toc-link ez-toc-heading-2\" href=\"https:\/\/www.stvvalves.com\/es\/china-globe-valve-manufacturer\/#China_Globe_Valve_Product\" >Producto de v\u00e1lvula de globo de China<\/a><ul class='ez-toc-list-level-3' ><li class='ez-toc-heading-level-3'><a class=\"ez-toc-link ez-toc-heading-3\" href=\"https:\/\/www.stvvalves.com\/es\/china-globe-valve-manufacturer\/#Bellow_Seal_Globe_Valve\" >V\u00e1lvula de globo con sello de fuelle<\/a><\/li><li class='ez-toc-page-1 ez-toc-heading-level-3'><a class=\"ez-toc-link ez-toc-heading-4\" href=\"https:\/\/www.stvvalves.com\/es\/china-globe-valve-manufacturer\/#Cast_Steel_Globe_Valve\" >V\u00e1lvula de globo de acero fundido<\/a><\/li><li class='ez-toc-page-1 ez-toc-heading-level-3'><a class=\"ez-toc-link ez-toc-heading-5\" href=\"https:\/\/www.stvvalves.com\/es\/china-globe-valve-manufacturer\/#Forged_Steel_Globe_Valve\" >V\u00e1lvula de globo de acero forjado<\/a><\/li><li class='ez-toc-page-1 ez-toc-heading-level-3'><a class=\"ez-toc-link ez-toc-heading-6\" href=\"https:\/\/www.stvvalves.com\/es\/china-globe-valve-manufacturer\/#Stainless_Steel_Globe_Valve\" >V\u00e1lvula de globo de acero inoxidable<\/a><\/li><\/ul><\/li><li class='ez-toc-page-1 ez-toc-heading-level-2'><a class=\"ez-toc-link ez-toc-heading-7\" href=\"https:\/\/www.stvvalves.com\/es\/china-globe-valve-manufacturer\/#Questions_About_China_Globe_Valves\" >Preguntas sobre las v\u00e1lvulas de globo de China<\/a><\/li><li class='ez-toc-page-1 ez-toc-heading-level-2'><a class=\"ez-toc-link ez-toc-heading-8\" href=\"https:\/\/www.stvvalves.com\/es\/china-globe-valve-manufacturer\/#Contact_Us\" >Cont\u00e1ctenos<\/a><\/li><\/ul><\/nav><\/div>\n<h2 class='av-special-heading-tag'  ><span class=\"ez-toc-section\" id=\"China_Globe_Valve_Manufacturer\"><\/span>Fabricante de v\u00e1lvulas de globo de China<span class=\"ez-toc-section-end\"><\/span><\/h2><div class='special-heading-border'><div class='special-heading-inner-border' ><\/div><\/div><\/div><br \/>\n<section class=\"av_textblock_section\" ><div class='avia_textblock'  ><p>STV is one of the leading China globe valve suppliers focus on the design, manufacturing and supply of various globe valves. We produces cast steel globe valves for low and low-pressure applications. STV is also a supplier of forged steel globe valve and bellows sealed globe valves,stailess steel globe valve.We are not only provide high-qualified products but also whole industrial valve solutions.<\/p>\n<\/div><\/section><\/p><\/div><div class=\"flex_column av_one_full  flex_column_div av-zero-column-padding first\" style='border-radius:0px; '><div style='padding-bottom:10px;' class='av-special-heading av-special-heading-h2'><h2 class='av-special-heading-tag'  ><span class=\"ez-toc-section\" id=\"China_Globe_Valve_Product\"><\/span>Producto de v\u00e1lvula de globo de China<span class=\"ez-toc-section-end\"><\/span><\/h2><div class='special-heading-border'><div class='special-heading-inner-border' ><\/div><\/div><\/div><\/div><\/p>\n<div class=\"flex_column av_one_third  flex_column_div av-zero-column-padding first\" style='border-width:1px; border-color:#07385e; border-style:solid; border-radius:0px; '><p><div class='avia-image-container  av-styling-    avia-align-center'  ><div class='avia-image-container-inner'><a href='https:\/\/www.stvvalves.com\/es\/wholesale\/globe-valve\/bellow-seal-globe-valve\/' class='avia_image'  ><img class='avia_image' src='https:\/\/www.stvvalves.com\/wp-content\/uploads\/2021\/05\/bellow-seal-globe-valve.jpg' alt='bellow seal globe valve china' title='v\u00e1lvula de globo del sello del fuelle'  \/><\/a><\/div><\/div><br \/>\n<section class=\"av_textblock_section\" ><div class='avia_textblock'  ><h3 class=\"main-title entry-title\" style=\"text-align: center;\"><span class=\"ez-toc-section\" id=\"Bellow_Seal_Globe_Valve\"><\/span>V\u00e1lvula de globo con sello de fuelle<span class=\"ez-toc-section-end\"><\/span><\/h3>\n<div class='avia-button-wrap avia-button-center'><a href='https:\/\/www.stvvalves.com\/es\/wholesale\/globe-valve\/bellow-seal-globe-valve\/' class='avia-button   avia-icon_select-no avia-color-custom avia-size-small avia-position-center'  style='background-color:#07385e; border-color:#07385e; color:#ffffff; ' ><span class='avia_iconbox_title' >M\u00e1s<\/span><\/a><\/div>\n<\/div><\/section><\/p><\/div>\n<div class=\"flex_column av_one_third  flex_column_div av-zero-column-padding\" style='border-width:1px; border-color:#07385e; border-style:solid; border-radius:0px; '><p><div class='avia-image-container  av-styling-    avia-align-center'  ><div class='avia-image-container-inner'><a href='https:\/\/www.stvvalves.com\/es\/wholesale\/globe-valve\/cast-steel-globe-valve\/' class='avia_image'  ><img class='avia_image' src='https:\/\/www.stvvalves.com\/wp-content\/uploads\/2021\/05\/cast-steel-globe-valve.jpg' alt='cast steel globe valve' title='v\u00e1lvula de globo de acero fundido'  \/><\/a><\/div><\/div><br \/>\n<section class=\"av_textblock_section\" ><div class='avia_textblock'  ><h3 style=\"text-align: center;\"><span class=\"ez-toc-section\" id=\"Cast_Steel_Globe_Valve\"><\/span>V\u00e1lvula de globo de acero fundido<span class=\"ez-toc-section-end\"><\/span><\/h3>\n<div class='avia-button-wrap avia-button-center'><a href='https:\/\/www.stvvalves.com\/es\/wholesale\/globe-valve\/cast-steel-globe-valve\/' class='avia-button   avia-icon_select-no avia-color-custom avia-size-small avia-position-center'  style='background-color:#07385e; border-color:#07385e; color:#ffffff; ' ><span class='avia_iconbox_title' >M\u00e1s<\/span><\/a><\/div>\n<\/div><\/section><\/p><\/div>\n<div class=\"flex_column av_one_third  flex_column_div av-zero-column-padding\" style='border-width:1px; border-color:#07385e; border-style:solid; border-radius:0px; '><p><div class='avia-image-container  av-styling-    avia-align-center'  ><div class='avia-image-container-inner'><a href='https:\/\/www.stvvalves.com\/es\/wholesale\/globe-valve\/foreged-steel-globe-valve\/' class='avia_image'  ><img class='avia_image' src='https:\/\/www.stvvalves.com\/wp-content\/uploads\/2021\/05\/foreged-steel-globe-valve.jpg' alt='china forged steel globe valve' title='v\u00e1lvula de globo de acero forjado'  \/><\/a><\/div><\/div><br \/>\n<section class=\"av_textblock_section\" ><div class='avia_textblock'  ><h3 style=\"text-align: center;\"><span class=\"ez-toc-section\" id=\"Forged_Steel_Globe_Valve\"><\/span>V\u00e1lvula de globo de acero forjado<span class=\"ez-toc-section-end\"><\/span><\/h3>\n<div class='avia-button-wrap avia-button-center'><a href='https:\/\/www.stvvalves.com\/es\/wholesale\/globe-valve\/foreged-steel-globe-valve\/' class='avia-button   avia-icon_select-no avia-color-custom avia-size-small avia-position-center'  style='background-color:#07385e; border-color:#07385e; color:#ffffff; ' ><span class='avia_iconbox_title' >M\u00e1s<\/span><\/a><\/div>\n<\/div><\/section><\/p><\/div>\n<div class=\"flex_column av_one_third  flex_column_div av-zero-column-padding first\" style='border-width:1px; border-color:#07385e; border-style:solid; border-radius:0px; '><p><div class='avia-image-container  av-styling-    avia-align-center'  ><div class='avia-image-container-inner'><img class='avia_image' src='https:\/\/www.stvvalves.com\/wp-content\/uploads\/2021\/05\/stainless-steel-globe-valve.jpg' alt='china stainless steel globe valve' title='v\u00e1lvula de globo de acero inoxidable'   \/><\/div><\/div><br \/>\n<section class=\"av_textblock_section\" ><div class='avia_textblock'  ><h3 style=\"text-align: center;\"><span class=\"ez-toc-section\" id=\"Stainless_Steel_Globe_Valve\"><\/span>V\u00e1lvula de globo de acero inoxidable<span class=\"ez-toc-section-end\"><\/span><\/h3>\n<div class='avia-button-wrap avia-button-center'><a href='https:\/\/www.stvvalves.com\/es\/wholesale\/globe-valve\/stainless-steel-globe-valve\/' class='avia-button   avia-icon_select-no avia-color-custom avia-size-small avia-position-center'  style='background-color:#07385e; border-color:#07385e; color:#ffffff; ' ><span class='avia_iconbox_title' >M\u00e1s<\/span><\/a><\/div>\n<\/div><\/section><\/p><\/div>\n<div class=\"flex_column av_one_full  flex_column_div av-zero-column-padding first\" style='border-radius:0px; '><p><div style='padding-bottom:10px;' class='av-special-heading av-special-heading-h2'><h2 class='av-special-heading-tag'  ><span class=\"ez-toc-section\" id=\"Questions_About_China_Globe_Valves\"><\/span>Preguntas sobre las v\u00e1lvulas de globo de China<span class=\"ez-toc-section-end\"><\/span><\/h2><div class='special-heading-border'><div class='special-heading-inner-border' ><\/div><\/div><\/div><br \/>\n<div class=\"togglecontainer   toggle_close_all\" >\n<section class=\"av_toggle_section\"  >    <div class=\"single_toggle\" data-tags=\"{Todo} \"  >        <p data-fake-id=\"#toggle-id-1\" class=\"toggler\"  >\u00bfQu\u00e9 es una v\u00e1lvula de globo?<span class=\"toggle_icon\" >        <span class=\"vert_icon\"><\/span><span class=\"hor_icon\"><\/span><\/span><\/p>        <div id=\"toggle-id-1-container\" class=\"toggle_wrap\"  >            <div class=\"toggle_content invers-color\"   ><p>Una v\u00e1lvula de globo, a diferencia de la v\u00e1lvula de bola, es un tipo de v\u00e1lvula utilizada para regular el flujo en una tuber\u00eda, que consta de un elemento de disco o tap\u00f3n m\u00f3vil y un asiento de anillo estacionario en un cuerpo generalmente esf\u00e9rico.<\/p>\n<p>Las v\u00e1lvulas de globo reciben su nombre por la forma de su cuerpo esf\u00e9rico con las dos mitades del cuerpo separadas por un deflector interno. Tiene una abertura que forma un asiento sobre el que se puede atornillar un tap\u00f3n m\u00f3vil para cerrar (o cerrar) la v\u00e1lvula. El enchufe tambi\u00e9n se llama disco o disco. En las v\u00e1lvulas de globo, el tap\u00f3n est\u00e1 conectado a un v\u00e1stago que se acciona mediante acci\u00f3n de tornillo utilizando un volante en las v\u00e1lvulas manuales. Normalmente, las v\u00e1lvulas de globo automatizadas utilizan v\u00e1stagos lisos en lugar de roscados y se abren y cierran mediante un conjunto de actuador.<\/p>\n            <\/div>        <\/div>    <\/div><\/section>\n<section class=\"av_toggle_section\"  >    <div class=\"single_toggle\" data-tags=\"{Todo} \"  >        <p data-fake-id=\"#toggle-id-2\" class=\"toggler\"  >\u00bfD\u00f3nde se utiliza la v\u00e1lvula de globo?<span class=\"toggle_icon\" >        <span class=\"vert_icon\"><\/span><span class=\"hor_icon\"><\/span><\/span><\/p>        <div id=\"toggle-id-2-container\" class=\"toggle_wrap\"  >            <div class=\"toggle_content invers-color\"   ><p>Las v\u00e1lvulas de globo, llamadas as\u00ed por su forma exterior, se utilizan ampliamente en tuber\u00edas de plantas. Son aptos para funcionamiento manual y autom\u00e1tico. A diferencia de la v\u00e1lvula de compuerta, la v\u00e1lvula de globo se puede utilizar para regular el flujo o las presiones, as\u00ed como para cerrar completamente el flujo. A veces tambi\u00e9n se puede utilizar como v\u00e1lvula de alivio de presi\u00f3n o como v\u00e1lvula de retenci\u00f3n. En comparaci\u00f3n con una v\u00e1lvula de compuerta o una v\u00e1lvula de bola, la v\u00e1lvula de globo tiene una p\u00e9rdida de presi\u00f3n considerablemente mayor en la posici\u00f3n completamente abierta. Esto se debe a que el flujo de fluido cambia de direcci\u00f3n a medida que pasa por la v\u00e1lvula.<\/p>\n            <\/div>        <\/div>    <\/div><\/section>\n<section class=\"av_toggle_section\"  >    <div class=\"single_toggle\" data-tags=\"{Todo} \"  >        <p data-fake-id=\"#toggle-id-3\" class=\"toggler\"  >\u00bfPor qu\u00e9 se utiliza la v\u00e1lvula de globo en la l\u00ednea de vapor?<span class=\"toggle_icon\" >        <span class=\"vert_icon\"><\/span><span class=\"hor_icon\"><\/span><\/span><\/p>        <div id=\"toggle-id-3-container\" class=\"toggle_wrap\"  >            <div class=\"toggle_content invers-color\"   ><p>Las v\u00e1lvulas de globo son una de las mejores v\u00e1lvulas para fines de regulaci\u00f3n\/estrangulaci\u00f3n en comparaci\u00f3n con otras v\u00e1lvulas donde el vapor generalmente simplemente atraviesa y destroza la v\u00e1lvula.<\/p>\n<p>Sin embargo, las v\u00e1lvulas de bola son probablemente las mejores v\u00e1lvulas para fines de aislamiento. Ya que su superficie de sellado apenas entra en contacto con el flujo de vapor. Siendo esa la principal diferencia.<\/p>\n<p>Cuando hablamos de que la temperatura y la presi\u00f3n juegan un papel importante, cuanto m\u00e1s altas son la temperatura y la presi\u00f3n (Clase ASME), peor se pone el vapor y afecta a la v\u00e1lvula. Lo que queremos decir es que una v\u00e1lvula de globo podr\u00eda durar a\u00f1os en un servicio donde la temperatura y la presi\u00f3n son menores. Mientras que la misma v\u00e1lvula de globo fallar\u00eda estrepitosamente a medida que subi\u00e9ramos en la curva P y T.<\/p>\n<p>El costo definitivamente entra en juego cuando las v\u00e1lvulas de globo son m\u00e1s baratas y se pueden reparar f\u00e1cilmente en comparaci\u00f3n con las v\u00e1lvulas de bola. Los usuarios finales tienden a reparar o reemplazar continuamente las v\u00e1lvulas de globo econ\u00f3micas, ya que tienen un costo inicial m\u00e1s bajo.<\/p>\n            <\/div>        <\/div>    <\/div><\/section>\n<\/div><\/p><\/div>\n<div style='height:50px' class='hr hr-invisible'><span class='hr-inner' ><span class='hr-inner-style'><\/span><\/span><\/div>\n<div class=\"flex_column av_one_full  flex_column_div av-zero-column-padding first\" style='border-radius:0px; '><div class='avia-image-container  av-styling-    avia-align-center'  ><div class='avia-image-container-inner'><img class='avia_image' src='https:\/\/www.stvvalves.com\/wp-content\/uploads\/2021\/05\/ball-valve-china-product.jpg' alt='China C Valve Supplier' title='producto de china de v\u00e1lvula de bola'   \/><\/div><\/div><\/div>\n<div class=\"flex_column av_one_half  flex_column_div av-zero-column-padding first\" style='border-radius:0px; '><p><div style='padding-bottom:10px;' class='av-special-heading av-special-heading-h2'><h2 class='av-special-heading-tag'  ><span class=\"ez-toc-section\" id=\"Contact_Us\"><\/span>Cont\u00e1ctenos<span class=\"ez-toc-section-end\"><\/span><\/h2><div class='special-heading-border'><div class='special-heading-inner-border' ><\/div><\/div><\/div><br \/>\n<section class=\"av_textblock_section\" ><div class='avia_textblock'  ><p>STV es un fabricante de v\u00e1lvulas de globo de China ubicado en el parque industrial de alta tecnolog\u00eda de Yongqiang, ciudad de Wenzhou, provincia de Zhejiang, como una empresa especializada en v\u00e1lvulas industriales y equipos de instalaci\u00f3n de tuber\u00edas. Nuestra v\u00e1lvula de globo incluye v\u00e1lvula de globo con sello de fuelle, v\u00e1lvula de globo de lat\u00f3n de China, v\u00e1lvula de globo de bronce de China, v\u00e1lvula de globo forjada de China, v\u00e1lvula de globo de acero forjado de China y m\u00e1s.<\/p>\n<p>No dude en contactar con nosotros si tiene alguna duda sobre las v\u00e1lvulas industriales o solicitar presupuesto. Nuestros experimentados expertos en v\u00e1lvulas le brindar\u00e1n comentarios dentro de las 24 horas y le brindar\u00e1n una soluci\u00f3n de v\u00e1lvula personalizada.<\/p>\n<p>Se\u00f1or Jalen Lee<\/p>\n<p>Direcci\u00f3n: 88#, Jifeng Road, ciudad de Wenzhou, provincia de Zhejiang, 325025<\/p>\n<p>Correo electr\u00f3nico: <a href=\"mailto:sales@stvvalves.com\">sales@stvvalves.com<\/a><\/p>\n<p>Tel\u00e9fono 1:\u00a0<a href=\"tel:0086-0577-85987444\">+86-0577-85987444<\/a><\/p>\n<p>Tel\u00e9fono 2:\u00a0<a href=\"tel:008615157766245\">+8615157766245<\/a><\/p>\n<\/div><\/section><\/p><\/div>\n<div class=\"flex_column av_one_half  flex_column_div av-zero-column-padding\" style='border-radius:0px; '><section class=\"av_textblock_section\" ><div class='avia_textblock'  >\n<div class=\"wpcf7 no-js\" id=\"wpcf7-f3466-o1\" lang=\"en-US\" dir=\"ltr\" data-wpcf7-id=\"3466\">\n<div class=\"screen-reader-response\"><p role=\"status\" aria-live=\"polite\" aria-atomic=\"true\"><\/p> <ul><\/ul><\/div>\n<form action=\"\/es\/wp-json\/wp\/v2\/pages\/6065#wpcf7-f3466-o1\" method=\"post\" class=\"wpcf7-form init\" aria-label=\"Formulario de contacto\" novalidate=\"novalidate\" data-status=\"init\" data-trp-original-action=\"\/es\/wp-json\/wp\/v2\/pages\/6065#wpcf7-f3466-o1\">\n<fieldset class=\"hidden-fields-container\"><input type=\"hidden\" name=\"_wpcf7\" value=\"3466\" \/><input type=\"hidden\" name=\"_wpcf7_version\" value=\"6.1.5\" \/><input type=\"hidden\" name=\"_wpcf7_locale\" value=\"en_US\" \/><input type=\"hidden\" name=\"_wpcf7_unit_tag\" value=\"wpcf7-f3466-o1\" \/><input type=\"hidden\" name=\"_wpcf7_container_post\" value=\"0\" \/><input type=\"hidden\" name=\"_wpcf7_posted_data_hash\" value=\"\" \/>\n<\/fieldset>\n<p>Su tel\u00e9fono<br \/>\n<span class=\"wpcf7-form-control-wrap\" data-name=\"your-name\"><input size=\"40\" maxlength=\"400\" class=\"wpcf7-form-control wpcf7-text wpcf7-validates-as-required text_input\" aria-required=\"true\" aria-invalid=\"false\" value=\"\" type=\"text\" name=\"your-name\" \/><\/span><br \/>\nTu correo electr\u00f3nico<br \/>\n<span class=\"wpcf7-form-control-wrap\" data-name=\"your-email\"><input size=\"40\" maxlength=\"400\" class=\"wpcf7-form-control wpcf7-email wpcf7-validates-as-required wpcf7-text wpcf7-validates-as-email text_input\" aria-required=\"true\" aria-invalid=\"false\" value=\"\" type=\"email\" name=\"your-email\" \/><\/span><br \/>\nTu mensaje<br \/>\n<span class=\"wpcf7-form-control-wrap\" data-name=\"your-message\"><textarea cols=\"40\" rows=\"10\" maxlength=\"2000\" class=\"wpcf7-form-control wpcf7-textarea wpcf7-validates-as-required text_area\" aria-required=\"true\" aria-invalid=\"false\" name=\"your-message\"><\/textarea><\/span><br \/>\n<input class=\"wpcf7-form-control wpcf7-submit has-spinner\" type=\"submit\" value=\"Enviar\" \/>\n<\/p><div class=\"wpcf7-response-output\" aria-hidden=\"true\"><\/div>\n<input type=\"hidden\" name=\"trp-form-language\" value=\"es\"\/><\/form>\n<\/div>\n\n<\/div><\/section><\/div>","protected":false},"excerpt":{"rendered":"","protected":false},"author":290641,"featured_media":0,"parent":0,"menu_order":0,"comment_status":"closed","ping_status":"closed","template":"","meta":{"footnotes":""},"class_list":["post-6065","page","type-page","status-publish","hentry"],"_links":{"self":[{"href":"https:\/\/www.stvvalves.com\/es\/wp-json\/wp\/v2\/pages\/6065","targetHints":{"allow":["GET"]}}],"collection":[{"href":"https:\/\/www.stvvalves.com\/es\/wp-json\/wp\/v2\/pages"}],"about":[{"href":"https:\/\/www.stvvalves.com\/es\/wp-json\/wp\/v2\/types\/page"}],"author":[{"embeddable":true,"href":"https:\/\/www.stvvalves.com\/es\/wp-json\/wp\/v2\/users\/290641"}],"replies":[{"embeddable":true,"href":"https:\/\/www.stvvalves.com\/es\/wp-json\/wp\/v2\/comments?post=6065"}],"version-history":[{"count":22,"href":"https:\/\/www.stvvalves.com\/es\/wp-json\/wp\/v2\/pages\/6065\/revisions"}],"predecessor-version":[{"id":8258,"href":"https:\/\/www.stvvalves.com\/es\/wp-json\/wp\/v2\/pages\/6065\/revisions\/8258"}],"wp:attachment":[{"href":"https:\/\/www.stvvalves.com\/es\/wp-json\/wp\/v2\/media?parent=6065"}],"curies":[{"name":"wp","href":"https:\/\/api.w.org\/{rel}","templated":true}]}}