{"id":6362,"date":"2022-08-23T10:24:24","date_gmt":"2022-08-23T02:24:24","guid":{"rendered":"https:\/\/www.stvvalves.com\/?page_id=6362"},"modified":"2025-08-10T14:30:48","modified_gmt":"2025-08-10T06:30:48","slug":"china-butterfly-valve-manufacturer","status":"publish","type":"page","link":"https:\/\/www.stvvalves.com\/es\/china-butterfly-valve-manufacturer\/","title":{"rendered":"Fabricante de v\u00e1lvulas de mariposa de China"},"content":{"rendered":"<div class=\"flex_column av_one_full  flex_column_div av-zero-column-padding first\" style='border-radius:0px; '><p><div style='padding-bottom:10px;' class='av-special-heading av-special-heading-h2'><div id=\"ez-toc-container\" class=\"ez-toc-v2_0_82_2 counter-hierarchy ez-toc-counter ez-toc-grey ez-toc-container-direction\">\n<div class=\"ez-toc-title-container\">\n<p class=\"ez-toc-title\" style=\"cursor:inherit\">Table of Contents<\/p>\n<span class=\"ez-toc-title-toggle\"><a href=\"#\" class=\"ez-toc-pull-right ez-toc-btn ez-toc-btn-xs ez-toc-btn-default ez-toc-toggle\" aria-label=\"Alternar tabla de contenidos\"><span class=\"ez-toc-js-icon-con\"><span class=\"\"><span class=\"eztoc-hide\" style=\"display:none;\">Toggle<\/span><span class=\"ez-toc-icon-toggle-span\"><svg style=\"fill: #999;color:#999\" xmlns=\"http:\/\/www.w3.org\/2000\/svg\" class=\"list-377408\" width=\"20px\" height=\"20px\" viewbox=\"0 0 24 24\" fill=\"none\"><path d=\"M6 6H4v2h2V6zm14 0H8v2h12V6zM4 11h2v2H4v-2zm16 0H8v2h12v-2zM4 16h2v2H4v-2zm16 0H8v2h12v-2z\" fill=\"currentColor\"><\/path><\/svg><svg style=\"fill: #999;color:#999\" class=\"arrow-unsorted-368013\" xmlns=\"http:\/\/www.w3.org\/2000\/svg\" width=\"10px\" height=\"10px\" viewbox=\"0 0 24 24\" version=\"1.2\" baseprofile=\"tiny\"><path d=\"M18.2 9.3l-6.2-6.3-6.2 6.3c-.2.2-.3.4-.3.7s.1.5.3.7c.2.2.4.3.7.3h11c.3 0 .5-.1.7-.3.2-.2.3-.5.3-.7s-.1-.5-.3-.7zM5.8 14.7l6.2 6.3 6.2-6.3c.2-.2.3-.5.3-.7s-.1-.5-.3-.7c-.2-.2-.4-.3-.7-.3h-11c-.3 0-.5.1-.7.3-.2.2-.3.5-.3.7s.1.5.3.7z\"\/><\/svg><\/span><\/span><\/span><\/a><\/span><\/div>\n<nav><ul class='ez-toc-list ez-toc-list-level-1' ><li class='ez-toc-page-1 ez-toc-heading-level-2'><a class=\"ez-toc-link ez-toc-heading-1\" href=\"https:\/\/www.stvvalves.com\/es\/china-butterfly-valve-manufacturer\/#China_Butterfly_Valve_Manufacturer\" >Fabricante de v\u00e1lvulas de mariposa de China<\/a><\/li><li class='ez-toc-page-1 ez-toc-heading-level-2'><a class=\"ez-toc-link ez-toc-heading-2\" href=\"https:\/\/www.stvvalves.com\/es\/china-butterfly-valve-manufacturer\/#China_Butterfly_Valve_Product\" >Producto de v\u00e1lvula de mariposa de China<\/a><ul class='ez-toc-list-level-3' ><li class='ez-toc-heading-level-3'><a class=\"ez-toc-link ez-toc-heading-3\" href=\"https:\/\/www.stvvalves.com\/es\/china-butterfly-valve-manufacturer\/#Flange_Butterfly_Valve\" >V\u00e1lvula de mariposa con brida<\/a><\/li><li class='ez-toc-page-1 ez-toc-heading-level-3'><a class=\"ez-toc-link ez-toc-heading-4\" href=\"https:\/\/www.stvvalves.com\/es\/china-butterfly-valve-manufacturer\/#Wafer_Butterfly_Valve\" >V\u00e1lvula de mariposa tipo oblea<\/a><\/li><\/ul><\/li><li class='ez-toc-page-1 ez-toc-heading-level-2'><a class=\"ez-toc-link ez-toc-heading-5\" href=\"https:\/\/www.stvvalves.com\/es\/china-butterfly-valve-manufacturer\/#Questions_About_China_Butterfly_Valve\" >Preguntas sobre la v\u00e1lvula de mariposa de China<\/a><\/li><li class='ez-toc-page-1 ez-toc-heading-level-2'><a class=\"ez-toc-link ez-toc-heading-6\" href=\"https:\/\/www.stvvalves.com\/es\/china-butterfly-valve-manufacturer\/#Contact_Us\" >Cont\u00e1ctenos<\/a><\/li><\/ul><\/nav><\/div>\n<h2 class='av-special-heading-tag'  ><span class=\"ez-toc-section\" id=\"China_Butterfly_Valve_Manufacturer\"><\/span>Fabricante de v\u00e1lvulas de mariposa de China<span class=\"ez-toc-section-end\"><\/span><\/h2><div class='special-heading-border'><div class='special-heading-inner-border' ><\/div><\/div><\/div><br \/>\n<section class=\"av_textblock_section\" ><div class='avia_textblock'  ><p>STV produce y ofrece v\u00e1lvulas de mariposa el\u00e9ctricas, v\u00e1lvulas de mariposa neum\u00e1ticas, v\u00e1lvulas de mariposa manuales, v\u00e1lvulas de mariposa tipo oblea, v\u00e1lvulas de mariposa con brida, v\u00e1lvulas de mariposa de acero inoxidable y otros fabricantes, dise\u00f1ando v\u00e1lvulas de mariposa est\u00e1ndar nacional, v\u00e1lvulas de mariposa para departamento qu\u00edmico, v\u00e1lvulas de mariposa mec\u00e1nicas y tipo ANSI de exportaci\u00f3n. v\u00e1lvula de mariposa est\u00e1ndar, v\u00e1lvula de mariposa est\u00e1ndar DIN, v\u00e1lvula de mariposa JIS.<\/p>\n<\/div><\/section><\/p><\/div><div style='padding-bottom:10px;' class='av-special-heading av-special-heading-h2'><h2 class='av-special-heading-tag'  ><span class=\"ez-toc-section\" id=\"China_Butterfly_Valve_Product\"><\/span>Producto de v\u00e1lvula de mariposa de China<span class=\"ez-toc-section-end\"><\/span><\/h2><div class='special-heading-border'><div class='special-heading-inner-border' ><\/div><\/div><\/div><\/p>\n<div style='height:50px' class='hr hr-invisible'><span class='hr-inner' ><span class='hr-inner-style'><\/span><\/span><\/div>\n<div class=\"flex_column av_one_third  flex_column_div av-zero-column-padding first\" style='border-width:1px; border-color:#07385e; border-style:solid; border-radius:0px; '><p><div class='avia-image-container  av-styling- av-hover-grow   avia-align-center'  ><div class='avia-image-container-inner'><a href='https:\/\/www.stvvalves.com\/es\/wholesale\/butterfly-valve\/flange-butterfly-valve\/' class='avia_image'  ><img class='avia_image' src='https:\/\/www.stvvalves.com\/wp-content\/uploads\/2022\/05\/FLANGED-BUTTERFLY-VALVE-300x300.jpeg' alt='' title='V\u00c1LVULA DE MARIPOSA BRIDA'  \/><\/a><\/div><\/div><br \/>\n<section class=\"av_textblock_section\" ><div class='avia_textblock'  ><h3 class=\"main-title entry-title\" style=\"text-align: center;\"><span class=\"ez-toc-section\" id=\"Flange_Butterfly_Valve\"><\/span>V\u00e1lvula de mariposa con brida<span class=\"ez-toc-section-end\"><\/span><\/h3>\n<div class='avia-button-wrap avia-button-center'><a href='https:\/\/www.stvvalves.com\/es\/wholesale\/butterfly-valve\/flange-butterfly-valve\/' class='avia-button   avia-icon_select-no avia-color-custom avia-size-small avia-position-center'  style='background-color:#07385e; border-color:#07385e; color:#ffffff; ' ><span class='avia_iconbox_title' >M\u00e1s<\/span><\/a><\/div>\n<\/div><\/section><\/p><\/div>\n<div class=\"flex_column av_one_third  flex_column_div av-zero-column-padding\" style='border-width:1px; border-color:#07385e; border-style:solid; border-radius:0px; '><p><div class='avia-image-container  av-styling-    avia-align-center'  ><div class='avia-image-container-inner'><a href='https:\/\/www.stvvalves.com\/es\/wholesale\/butterfly-valve\/wafer-butterfly-valve\/' class='avia_image'  ><img class='avia_image' src='https:\/\/www.stvvalves.com\/wp-content\/uploads\/2022\/05\/Wafer-Butterfly-Valve-300x300.jpg' alt='' title='V\u00e1lvula-mariposa tipo oblea'  \/><\/a><\/div><\/div><br \/>\n<section class=\"av_textblock_section\" ><div class='avia_textblock'  ><h3 class=\"av-special-heading-tag\" style=\"text-align: center;\"><span class=\"ez-toc-section\" id=\"Wafer_Butterfly_Valve\"><\/span>V\u00e1lvula de mariposa tipo oblea<span class=\"ez-toc-section-end\"><\/span><\/h3>\n<div class='avia-button-wrap avia-button-center'><a href='https:\/\/www.stvvalves.com\/es\/wholesale\/butterfly-valve\/wafer-butterfly-valve\/' class='avia-button   avia-icon_select-no avia-color-custom avia-size-small avia-position-center'  style='background-color:#07385e; border-color:#07385e; color:#ffffff; ' ><span class='avia_iconbox_title' >M\u00e1s<\/span><\/a><\/div>\n<\/div><\/section><\/p><\/div>\n<div style='padding-bottom:10px;' class='av-special-heading av-special-heading-h2'><h2 class='av-special-heading-tag'  ><span class=\"ez-toc-section\" id=\"Questions_About_China_Butterfly_Valve\"><\/span>Preguntas sobre la v\u00e1lvula de mariposa de China<span class=\"ez-toc-section-end\"><\/span><\/h2><div class='special-heading-border'><div class='special-heading-inner-border' ><\/div><\/div><\/div>\n<div class=\"togglecontainer   toggle_close_all\" >\n<section class=\"av_toggle_section\"  >    <div class=\"single_toggle\" data-tags=\"{Todo} \"  >        <p data-fake-id=\"#toggle-id-1\" class=\"toggler\"  >\u00bfPara qu\u00e9 se utilizan las v\u00e1lvulas de mariposa?<span class=\"toggle_icon\" >        <span class=\"vert_icon\"><\/span><span class=\"hor_icon\"><\/span><\/span><\/p>        <div id=\"toggle-id-1-container\" class=\"toggle_wrap\"  >            <div class=\"toggle_content invers-color\"   ><p>Las v\u00e1lvulas de mariposa son una familia de v\u00e1lvulas de movimiento rotacional de un cuarto de vuelta que se utilizan en tuber\u00edas para cerrar el flujo. A menudo se dice que se pueden utilizar v\u00e1lvulas de mariposa para regular el flujo.<\/p>\n            <\/div>        <\/div>    <\/div><\/section>\n<section class=\"av_toggle_section\"  >    <div class=\"single_toggle\" data-tags=\"{Todo} \"  >        <p data-fake-id=\"#toggle-id-2\" class=\"toggler\"  >\u00bfC\u00f3mo funciona una v\u00e1lvula de mariposa?<span class=\"toggle_icon\" >        <span class=\"vert_icon\"><\/span><span class=\"hor_icon\"><\/span><\/span><\/p>        <div id=\"toggle-id-2-container\" class=\"toggle_wrap\"  >            <div class=\"toggle_content invers-color\"   ><p>Las v\u00e1lvulas de mariposa pertenecen a la familia de v\u00e1lvulas de cuarto de vuelta y funcionan de manera muy similar a las v\u00e1lvulas de bola. La \u201cmariposa es un disco conectado a una varilla. Se cierra cuando la varilla gira el disco un cuarto de vuelta hasta una posici\u00f3n perpendicular a la direcci\u00f3n del flujo.<\/p>\n            <\/div>        <\/div>    <\/div><\/section>\n<section class=\"av_toggle_section\"  >    <div class=\"single_toggle\" data-tags=\"{Todo} \"  >        <p data-fake-id=\"#toggle-id-3\" class=\"toggler\"  >\u00bfC\u00f3mo elijo una v\u00e1lvula de mariposa?<span class=\"toggle_icon\" >        <span class=\"vert_icon\"><\/span><span class=\"hor_icon\"><\/span><\/span><\/p>        <div id=\"toggle-id-3-container\" class=\"toggle_wrap\"  >            <div class=\"toggle_content invers-color\"   ><p>Factores a considerar al elegir v\u00e1lvulas de mariposa<br \/>\n1. Conexiones de extremo ranurado o con orejeta tipo oblea.<br \/>\n2. Selecci\u00f3n de extremos de presionar para conectar.<br \/>\n3. Amplia gama de tama\u00f1os.<br \/>\n4. Tipos lug o wafer.<br \/>\n5. Materiales de hierro d\u00factil, hierro fundido y CPVC.<br \/>\n6. Selecci\u00f3n sin plomo*.<br \/>\n7. Selecci\u00f3n de protecci\u00f3n contra incendios.<br \/>\n8. Selecci\u00f3n de alto rendimiento.<\/p>\n            <\/div>        <\/div>    <\/div><\/section>\n<\/div>\n<div style='height:50px' class='hr hr-invisible'><span class='hr-inner' ><span class='hr-inner-style'><\/span><\/span><\/div>\n<div class=\"flex_column av_one_full  flex_column_div av-zero-column-padding first\" style='border-radius:0px; '><div class='avia-image-container  av-styling-    avia-align-center'  ><div class='avia-image-container-inner'><img class='avia_image' src='https:\/\/www.stvvalves.com\/wp-content\/uploads\/2022\/05\/CHINA-BUTTERFLY-VALVE-SUPPLIER.jpg' alt='butterly valve' title='CHINA-V\u00c1LVULA-MARIPOSA-PROVEEDOR'   \/><\/div><\/div><\/div>\n<div class=\"flex_column av_one_half  flex_column_div av-zero-column-padding first\" style='border-radius:0px; '><p><div style='padding-bottom:10px;' class='av-special-heading av-special-heading-h2'><h2 class='av-special-heading-tag'  ><span class=\"ez-toc-section\" id=\"Contact_Us\"><\/span>Cont\u00e1ctenos<span class=\"ez-toc-section-end\"><\/span><\/h2><div class='special-heading-border'><div class='special-heading-inner-border' ><\/div><\/div><\/div><br \/>\n<section class=\"av_textblock_section\" ><div class='avia_textblock'  ><p>STV is a China Butterfly Valve manufacturer located in Yongqiang High-Tech Industrial Park, Wenzhou City,\u00a0 Zhejiang Province, as a company specializing in industrial valves and pipe fitting equipment.<\/p>\n<p>No dude en contactar con nosotros si tiene alguna duda sobre las v\u00e1lvulas industriales o solicitar presupuesto. Nuestros experimentados expertos en v\u00e1lvulas le brindar\u00e1n comentarios dentro de las 24 horas y le brindar\u00e1n una soluci\u00f3n de v\u00e1lvula personalizada.<\/p>\n<p>Se\u00f1or Jalen Lee<\/p>\n<p>Direcci\u00f3n: 88#, Jifeng Road, ciudad de Wenzhou, provincia de Zhejiang, 325025<\/p>\n<p>Correo electr\u00f3nico: <a href=\"mailto:sales@stvvalves.com\">sales@stvvalves.com<\/a><\/p>\n<p>Tel\u00e9fono 1:\u00a0<a href=\"tel:0086-0577-85987444\">+86-0577-85987444<\/a><\/p>\n<p>Tel\u00e9fono 2:\u00a0<a href=\"tel:008615157766245\">+8615157766245<\/a><\/p>\n<\/div><\/section><\/p><\/div>\n<div class=\"flex_column av_one_half  flex_column_div av-zero-column-padding\" style='border-radius:0px; '><section class=\"av_textblock_section\" ><div class='avia_textblock'  >\n<div class=\"wpcf7 no-js\" id=\"wpcf7-f3466-o1\" lang=\"en-US\" dir=\"ltr\" data-wpcf7-id=\"3466\">\n<div class=\"screen-reader-response\"><p role=\"status\" aria-live=\"polite\" aria-atomic=\"true\"><\/p> <ul><\/ul><\/div>\n<form action=\"\/es\/wp-json\/wp\/v2\/pages\/6362#wpcf7-f3466-o1\" method=\"post\" class=\"wpcf7-form init\" aria-label=\"Formulario de contacto\" novalidate=\"novalidate\" data-status=\"init\" data-trp-original-action=\"\/es\/wp-json\/wp\/v2\/pages\/6362#wpcf7-f3466-o1\">\n<fieldset class=\"hidden-fields-container\"><input type=\"hidden\" name=\"_wpcf7\" value=\"3466\" \/><input type=\"hidden\" name=\"_wpcf7_version\" value=\"6.1.5\" \/><input type=\"hidden\" name=\"_wpcf7_locale\" value=\"en_US\" \/><input type=\"hidden\" name=\"_wpcf7_unit_tag\" value=\"wpcf7-f3466-o1\" \/><input type=\"hidden\" name=\"_wpcf7_container_post\" value=\"0\" \/><input type=\"hidden\" name=\"_wpcf7_posted_data_hash\" value=\"\" \/>\n<\/fieldset>\n<p>Su tel\u00e9fono<br \/>\n<span class=\"wpcf7-form-control-wrap\" data-name=\"your-name\"><input size=\"40\" maxlength=\"400\" class=\"wpcf7-form-control wpcf7-text wpcf7-validates-as-required text_input\" aria-required=\"true\" aria-invalid=\"false\" value=\"\" type=\"text\" name=\"your-name\" \/><\/span><br \/>\nTu correo electr\u00f3nico<br \/>\n<span class=\"wpcf7-form-control-wrap\" data-name=\"your-email\"><input size=\"40\" maxlength=\"400\" class=\"wpcf7-form-control wpcf7-email wpcf7-validates-as-required wpcf7-text wpcf7-validates-as-email text_input\" aria-required=\"true\" aria-invalid=\"false\" value=\"\" type=\"email\" name=\"your-email\" \/><\/span><br \/>\nTu mensaje<br \/>\n<span class=\"wpcf7-form-control-wrap\" data-name=\"your-message\"><textarea cols=\"40\" rows=\"10\" maxlength=\"2000\" class=\"wpcf7-form-control wpcf7-textarea wpcf7-validates-as-required text_area\" aria-required=\"true\" aria-invalid=\"false\" name=\"your-message\"><\/textarea><\/span><br \/>\n<input class=\"wpcf7-form-control wpcf7-submit has-spinner\" type=\"submit\" value=\"Enviar\" \/>\n<\/p><div class=\"wpcf7-response-output\" aria-hidden=\"true\"><\/div>\n<input type=\"hidden\" name=\"trp-form-language\" value=\"es\"\/><\/form>\n<\/div>\n\n<\/div><\/section><\/div>","protected":false},"excerpt":{"rendered":"","protected":false},"author":290641,"featured_media":0,"parent":0,"menu_order":0,"comment_status":"closed","ping_status":"closed","template":"","meta":{"footnotes":""},"class_list":["post-6362","page","type-page","status-publish","hentry"],"_links":{"self":[{"href":"https:\/\/www.stvvalves.com\/es\/wp-json\/wp\/v2\/pages\/6362","targetHints":{"allow":["GET"]}}],"collection":[{"href":"https:\/\/www.stvvalves.com\/es\/wp-json\/wp\/v2\/pages"}],"about":[{"href":"https:\/\/www.stvvalves.com\/es\/wp-json\/wp\/v2\/types\/page"}],"author":[{"embeddable":true,"href":"https:\/\/www.stvvalves.com\/es\/wp-json\/wp\/v2\/users\/290641"}],"replies":[{"embeddable":true,"href":"https:\/\/www.stvvalves.com\/es\/wp-json\/wp\/v2\/comments?post=6362"}],"version-history":[{"count":13,"href":"https:\/\/www.stvvalves.com\/es\/wp-json\/wp\/v2\/pages\/6362\/revisions"}],"predecessor-version":[{"id":8254,"href":"https:\/\/www.stvvalves.com\/es\/wp-json\/wp\/v2\/pages\/6362\/revisions\/8254"}],"wp:attachment":[{"href":"https:\/\/www.stvvalves.com\/es\/wp-json\/wp\/v2\/media?parent=6362"}],"curies":[{"name":"wp","href":"https:\/\/api.w.org\/{rel}","templated":true}]}}