{"id":6371,"date":"2022-08-23T10:45:56","date_gmt":"2022-08-23T02:45:56","guid":{"rendered":"https:\/\/www.stvvalves.com\/?page_id=6371"},"modified":"2025-08-10T14:34:24","modified_gmt":"2025-08-10T06:34:24","slug":"china-pipe-fitting-manufacturer","status":"publish","type":"page","link":"https:\/\/www.stvvalves.com\/es\/china-pipe-fitting-manufacturer\/","title":{"rendered":"Fabricante de accesorios de tuber\u00eda de China"},"content":{"rendered":"<div class=\"flex_column av_one_full  flex_column_div av-zero-column-padding first\" style='border-radius:0px; '><p><div style='padding-bottom:10px;' class='av-special-heading av-special-heading-h2'><div id=\"ez-toc-container\" class=\"ez-toc-v2_0_82_2 counter-hierarchy ez-toc-counter ez-toc-grey ez-toc-container-direction\">\n<div class=\"ez-toc-title-container\">\n<p class=\"ez-toc-title\" style=\"cursor:inherit\">Table of Contents<\/p>\n<span class=\"ez-toc-title-toggle\"><a href=\"#\" class=\"ez-toc-pull-right ez-toc-btn ez-toc-btn-xs ez-toc-btn-default ez-toc-toggle\" aria-label=\"Alternar tabla de contenidos\"><span class=\"ez-toc-js-icon-con\"><span class=\"\"><span class=\"eztoc-hide\" style=\"display:none;\">Toggle<\/span><span class=\"ez-toc-icon-toggle-span\"><svg style=\"fill: #999;color:#999\" xmlns=\"http:\/\/www.w3.org\/2000\/svg\" class=\"list-377408\" width=\"20px\" height=\"20px\" viewbox=\"0 0 24 24\" fill=\"none\"><path d=\"M6 6H4v2h2V6zm14 0H8v2h12V6zM4 11h2v2H4v-2zm16 0H8v2h12v-2zM4 16h2v2H4v-2zm16 0H8v2h12v-2z\" fill=\"currentColor\"><\/path><\/svg><svg style=\"fill: #999;color:#999\" class=\"arrow-unsorted-368013\" xmlns=\"http:\/\/www.w3.org\/2000\/svg\" width=\"10px\" height=\"10px\" viewbox=\"0 0 24 24\" version=\"1.2\" baseprofile=\"tiny\"><path d=\"M18.2 9.3l-6.2-6.3-6.2 6.3c-.2.2-.3.4-.3.7s.1.5.3.7c.2.2.4.3.7.3h11c.3 0 .5-.1.7-.3.2-.2.3-.5.3-.7s-.1-.5-.3-.7zM5.8 14.7l6.2 6.3 6.2-6.3c.2-.2.3-.5.3-.7s-.1-.5-.3-.7c-.2-.2-.4-.3-.7-.3h-11c-.3 0-.5.1-.7.3-.2.2-.3.5-.3.7s.1.5.3.7z\"\/><\/svg><\/span><\/span><\/span><\/a><\/span><\/div>\n<nav><ul class='ez-toc-list ez-toc-list-level-1' ><li class='ez-toc-page-1 ez-toc-heading-level-2'><a class=\"ez-toc-link ez-toc-heading-1\" href=\"https:\/\/www.stvvalves.com\/es\/china-pipe-fitting-manufacturer\/#China_Pipe_Fitting_Manufacturer\" >Fabricante de accesorios de tuber\u00eda de China<\/a><\/li><li class='ez-toc-page-1 ez-toc-heading-level-2'><a class=\"ez-toc-link ez-toc-heading-2\" href=\"https:\/\/www.stvvalves.com\/es\/china-pipe-fitting-manufacturer\/#China_Pipe_Fitting_Product\" >Producto de instalaci\u00f3n de tuber\u00edas de China<\/a><ul class='ez-toc-list-level-3' ><li class='ez-toc-heading-level-3'><a class=\"ez-toc-link ez-toc-heading-3\" href=\"https:\/\/www.stvvalves.com\/es\/china-pipe-fitting-manufacturer\/#150LB_Threaded_Pipe_fitting\" >Accesorio de tuber\u00eda roscada de 150 lb.<\/a><\/li><li class='ez-toc-page-1 ez-toc-heading-level-3'><a class=\"ez-toc-link ez-toc-heading-4\" href=\"https:\/\/www.stvvalves.com\/es\/china-pipe-fitting-manufacturer\/#High_pressure_3000LB_6000LB_PIPE_FITTING\" >CONEXI\u00d3N DE TUBER\u00cdAS de alta presi\u00f3n 3000LB y 6000LB<\/a><\/li><li class='ez-toc-page-1 ez-toc-heading-level-3'><a class=\"ez-toc-link ez-toc-heading-5\" href=\"https:\/\/www.stvvalves.com\/es\/china-pipe-fitting-manufacturer\/#Sanitary_Pipe_Fitting_And_Valves\" >Instalaci\u00f3n de tuber\u00edas y v\u00e1lvulas sanitarias<\/a><\/li><li class='ez-toc-page-1 ez-toc-heading-level-3'><a class=\"ez-toc-link ez-toc-heading-6\" href=\"https:\/\/www.stvvalves.com\/es\/china-pipe-fitting-manufacturer\/#Butt-Welding_Pipe_fitting\" >Instalaci\u00f3n de tuber\u00edas para soldadura a tope<\/a><\/li><\/ul><\/li><li class='ez-toc-page-1 ez-toc-heading-level-2'><a class=\"ez-toc-link ez-toc-heading-7\" href=\"https:\/\/www.stvvalves.com\/es\/china-pipe-fitting-manufacturer\/#Questions_About_China_Pipe_Fitting\" >Preguntas sobre la instalaci\u00f3n de tuber\u00edas en China<\/a><\/li><li class='ez-toc-page-1 ez-toc-heading-level-2'><a class=\"ez-toc-link ez-toc-heading-8\" href=\"https:\/\/www.stvvalves.com\/es\/china-pipe-fitting-manufacturer\/#Contact_Us\" >Cont\u00e1ctenos<\/a><\/li><\/ul><\/nav><\/div>\n<h2 class='av-special-heading-tag'  ><span class=\"ez-toc-section\" id=\"China_Pipe_Fitting_Manufacturer\"><\/span>Fabricante de accesorios de tuber\u00eda de China<span class=\"ez-toc-section-end\"><\/span><\/h2><div class='special-heading-border'><div class='special-heading-inner-border' ><\/div><\/div><\/div><br \/>\n<section class=\"av_textblock_section\" ><div class='avia_textblock'  ><div class=\"term-description\">\n<p>Aqu\u00ed encontrar\u00e1 una amplia gama de v\u00e1lvulas, tuber\u00edas, bridas, accesorios para tuber\u00edas, sujetadores, juntas y otras piezas de repuesto para uso industrial: m\u00e1s de 60 tipos de productos disponibles en m\u00e1s de 300 tama\u00f1os y 15 materiales como acero al carbono, acero inoxidable y Ally. Steel, y nuestros ingenieros trabajan incansablemente para innovar y mejorar. Lanzamos un nuevo modelo de tuber\u00edas, v\u00e1lvulas, bridas, accesorios de tuber\u00eda, juntas y sujetadores cada mes.<\/p>\n<\/div>\n<\/div><\/section><\/p><\/div><div style='padding-bottom:10px;' class='av-special-heading av-special-heading-h2'><h2 class='av-special-heading-tag'  ><span class=\"ez-toc-section\" id=\"China_Pipe_Fitting_Product\"><\/span>Producto de instalaci\u00f3n de tuber\u00edas de China<span class=\"ez-toc-section-end\"><\/span><\/h2><div class='special-heading-border'><div class='special-heading-inner-border' ><\/div><\/div><\/div><\/p>\n<div style='height:50px' class='hr hr-invisible'><span class='hr-inner' ><span class='hr-inner-style'><\/span><\/span><\/div>\n<div class=\"flex_column av_one_third  flex_column_div av-zero-column-padding first\" style='border-width:1px; border-color:#07385e; border-style:solid; border-radius:0px; '><p><div class='avia-image-container  av-styling- av-hover-grow   avia-align-center'  ><div class='avia-image-container-inner'><a href='https:\/\/www.stvvalves.com\/es\/wholesale\/ball-valve\/cast-steel-ball-valve\/' class='avia_image'  ><img class='avia_image' src='https:\/\/www.stvvalves.com\/wp-content\/uploads\/2019\/04\/threaded-pipe-fitting.jpg' alt='' title='instalaci\u00f3n-de-tuber\u00eda-roscada'  \/><\/a><\/div><\/div><br \/>\n<section class=\"av_textblock_section\" ><div class='avia_textblock'  ><h3 class=\"main-title entry-title\" style=\"text-align: center;\"><span class=\"ez-toc-section\" id=\"150LB_Threaded_Pipe_fitting\"><\/span>Accesorio de tuber\u00eda roscada de 150 lb.<span class=\"ez-toc-section-end\"><\/span><\/h3>\n<div class='avia-button-wrap avia-button-center'><a href='https:\/\/www.stvvalves.com\/es\/wholesale\/pipe-fitting\/150lb-threaded-pipe-fitting\/' class='avia-button   avia-icon_select-no avia-color-custom avia-size-small avia-position-center'  style='background-color:#07385e; border-color:#07385e; color:#ffffff; ' ><span class='avia_iconbox_title' >M\u00e1s<\/span><\/a><\/div>\n<\/div><\/section><\/p><\/div>\n<div class=\"flex_column av_one_third  flex_column_div av-zero-column-padding\" style='border-width:1px; border-color:#07385e; border-style:solid; border-radius:0px; '><p><div class='avia-image-container  av-styling-    avia-align-center'  ><div class='avia-image-container-inner'><a href='https:\/\/www.stvvalves.com\/es\/wholesale\/ball-valve\/flange-ball-valve\/' class='avia_image'  ><img class='avia_image' src='https:\/\/www.stvvalves.com\/wp-content\/uploads\/2019\/04\/high-pressure-3000lb-6000lb-pipe-fittings.jpg' alt='' title='accesorios-para-tuber\u00edas-de-alta-presi\u00f3n-3000lb-6000lb'  \/><\/a><\/div><\/div><br \/>\n<section class=\"av_textblock_section\" ><div class='avia_textblock'  ><h3 class=\"av-special-heading-tag\" style=\"text-align: center;\"><span class=\"ez-toc-section\" id=\"High_pressure_3000LB_6000LB_PIPE_FITTING\"><\/span>CONEXI\u00d3N DE TUBER\u00cdAS de alta presi\u00f3n 3000LB y 6000LB<span class=\"ez-toc-section-end\"><\/span><\/h3>\n<div class='avia-button-wrap avia-button-center'><a href='https:\/\/www.stvvalves.com\/es\/wholesale\/pipe-fitting\/high-pressure-3000lb6000lb-pipe-fitting\/' class='avia-button   avia-icon_select-no avia-color-custom avia-size-small avia-position-center'  style='background-color:#07385e; border-color:#07385e; color:#ffffff; ' ><span class='avia_iconbox_title' >M\u00e1s<\/span><\/a><\/div>\n<\/div><\/section><\/p><\/div>\n<div class=\"flex_column av_one_third  flex_column_div av-zero-column-padding\" style='border-width:1px; border-color:#07385e; border-style:solid; border-radius:0px; '><p><div class='avia-image-container  av-styling-    avia-align-center'  ><div class='avia-image-container-inner'><a href='https:\/\/www.stvvalves.com\/es\/wholesale\/ball-valve\/floating-ball-valve\/' class='avia_image'  ><img class='avia_image' src='https:\/\/www.stvvalves.com\/wp-content\/uploads\/2019\/04\/Sanitary-Valve-And-Sanitary-Pipe-Fitting.jpg' alt='' title='V\u00e1lvulas-y-tuber\u00edas-sanitarias'  \/><\/a><\/div><\/div><br \/>\n<section class=\"av_textblock_section\" ><div class='avia_textblock'  ><h3 class=\"av-special-heading-tag\" style=\"text-align: center;\"><span class=\"ez-toc-section\" id=\"Sanitary_Pipe_Fitting_And_Valves\"><\/span>Instalaci\u00f3n de tuber\u00edas y v\u00e1lvulas sanitarias<span class=\"ez-toc-section-end\"><\/span><\/h3>\n<div class='avia-button-wrap avia-button-center'><a href='https:\/\/www.stvvalves.com\/es\/wholesale\/pipe-fitting\/sanitary-pipe-fitting-and-valves\/' class='avia-button   avia-icon_select-no avia-color-custom avia-size-small avia-position-center'  style='background-color:#07385e; border-color:#07385e; color:#ffffff; ' ><span class='avia_iconbox_title' >M\u00e1s<\/span><\/a><\/div>\n<\/div><\/section><\/p><\/div>\n<div class=\"flex_column av_one_third  flex_column_div av-zero-column-padding first\" style='border-width:1px; border-color:#07385e; border-style:solid; border-radius:0px; '><p><div class='avia-image-container  av-styling-    avia-align-center'  ><div class='avia-image-container-inner'><a href='https:\/\/www.stvvalves.com\/es\/wholesale\/ball-valve\/floating-ball-valve\/' class='avia_image'  ><img class='avia_image' src='https:\/\/www.stvvalves.com\/wp-content\/uploads\/2019\/07\/stainless-steel-butt-weld-fittings.jpg' alt='china stainless steel butt weld fittings' title='accesorios-soldados-a-tope-de-acero-inoxidable'  \/><\/a><\/div><\/div><br \/>\n<section class=\"av_textblock_section\" ><div class='avia_textblock'  ><h3 class=\"av-special-heading-tag\" style=\"text-align: center;\"><span class=\"ez-toc-section\" id=\"Butt-Welding_Pipe_fitting\"><\/span>Instalaci\u00f3n de tuber\u00edas para soldadura a tope<span class=\"ez-toc-section-end\"><\/span><\/h3>\n<div class='avia-button-wrap avia-button-center'><a href='https:\/\/www.stvvalves.com\/es\/wholesale\/pipe-fitting\/butt-welding-pipe-fitting\/' class='avia-button   avia-icon_select-no avia-color-custom avia-size-small avia-position-center'  style='background-color:#07385e; border-color:#07385e; color:#ffffff; ' ><span class='avia_iconbox_title' >M\u00e1s<\/span><\/a><\/div>\n<\/div><\/section><\/p><\/div>\n<div style='padding-bottom:10px;' class='av-special-heading av-special-heading-h2'><h2 class='av-special-heading-tag'  ><span class=\"ez-toc-section\" id=\"Questions_About_China_Pipe_Fitting\"><\/span>Preguntas sobre la instalaci\u00f3n de tuber\u00edas en China<span class=\"ez-toc-section-end\"><\/span><\/h2><div class='special-heading-border'><div class='special-heading-inner-border' ><\/div><\/div><\/div>\n<div class=\"togglecontainer   toggle_close_all\" >\n<section class=\"av_toggle_section\"  >    <div class=\"single_toggle\" data-tags=\"{Todo} \"  >        <p data-fake-id=\"#toggle-id-1\" class=\"toggler\"  >\u00bfPara qu\u00e9 se utilizan los accesorios de tuber\u00eda?<span class=\"toggle_icon\" >        <span class=\"vert_icon\"><\/span><span class=\"hor_icon\"><\/span><\/span><\/p>        <div id=\"toggle-id-1-container\" class=\"toggle_wrap\"  >            <div class=\"toggle_content invers-color\"   ><p>Los accesorios de tuber\u00eda, tambi\u00e9n conocidos como conectores de tuber\u00eda, unen una tuber\u00eda a otra para alargar el recorrido o cambiar la direcci\u00f3n del flujo en un sistema de plomer\u00eda. Se utilizan para combinar, desviar o reducir el flujo del suministro de agua y vienen en una variedad de tama\u00f1os para adaptarse a la tuber\u00eda que conectar\u00e1n.<\/p>\n            <\/div>        <\/div>    <\/div><\/section>\n<section class=\"av_toggle_section\"  >    <div class=\"single_toggle\" data-tags=\"{Todo} \"  >        <p data-fake-id=\"#toggle-id-2\" class=\"toggler\"  >\u00bfQu\u00e9 es la instalaci\u00f3n de tuber\u00edas?<span class=\"toggle_icon\" >        <span class=\"vert_icon\"><\/span><span class=\"hor_icon\"><\/span><\/span><\/p>        <div id=\"toggle-id-2-container\" class=\"toggle_wrap\"  >            <div class=\"toggle_content invers-color\"   ><p>La instalaci\u00f3n de tuber\u00edas es un trabajo que implica la instalaci\u00f3n o reparaci\u00f3n de tuber\u00edas o tubos. Las tuber\u00edas y tubos son necesarios por una amplia variedad de razones. Esto hace que la instalaci\u00f3n de tuber\u00edas sea necesaria en diferentes industrias, como la gesti\u00f3n de residuos, la agricultura y la fabricaci\u00f3n.<\/p>\n            <\/div>        <\/div>    <\/div><\/section>\n<section class=\"av_toggle_section\"  >    <div class=\"single_toggle\" data-tags=\"{Todo} \"  >        <p data-fake-id=\"#toggle-id-3\" class=\"toggler\"  >\u00bfC\u00f3mo elijo un accesorio de tuber\u00eda?<span class=\"toggle_icon\" >        <span class=\"vert_icon\"><\/span><span class=\"hor_icon\"><\/span><\/span><\/p>        <div id=\"toggle-id-3-container\" class=\"toggle_wrap\"  >            <div class=\"toggle_content invers-color\"   ><p>Los puntos a considerar son los siguientes: Considere la tuber\u00eda utilizada: por ejemplo, los accesorios de p\u00faas funcionan mejor en tubos flexibles, mientras que los accesorios de compresi\u00f3n funcionan mejor con tubos r\u00edgidos. Determine la compatibilidad del material: la selecci\u00f3n del material juega un papel vital en el funcionamiento adecuado de los accesorios.<\/p>\n            <\/div>        <\/div>    <\/div><\/section>\n<\/div>\n<div style='height:50px' class='hr hr-invisible'><span class='hr-inner' ><span class='hr-inner-style'><\/span><\/span><\/div>\n<div class=\"flex_column av_one_full  flex_column_div av-zero-column-padding first\" style='border-radius:0px; '><div class='avia-image-container  av-styling-    avia-align-center'  ><div class='avia-image-container-inner'><img class='avia_image' src='https:\/\/www.stvvalves.com\/wp-content\/uploads\/2022\/03\/bspt-barrel-nipple-schedule-80s-stainless-steel-316-800x321-1.jpg' alt='' title='bspt-barril-pez\u00f3n-horario-80s-acero-inoxidable-316-800x321'   \/><\/div><\/div><\/div>\n<div class=\"flex_column av_one_half  flex_column_div av-zero-column-padding first\" style='border-radius:0px; '><p><div style='padding-bottom:10px;' class='av-special-heading av-special-heading-h2'><h2 class='av-special-heading-tag'  ><span class=\"ez-toc-section\" id=\"Contact_Us\"><\/span>Cont\u00e1ctenos<span class=\"ez-toc-section-end\"><\/span><\/h2><div class='special-heading-border'><div class='special-heading-inner-border' ><\/div><\/div><\/div><br \/>\n<section class=\"av_textblock_section\" ><div class='avia_textblock'  ><p>STV es un fabricante chino de v\u00e1lvulas de bola ubicado en el parque industrial de alta tecnolog\u00eda de Yongqiang, ciudad de Wenzhou, provincia de Zhejiang, como una empresa especializada en v\u00e1lvulas industriales y equipos de instalaci\u00f3n de tuber\u00edas.<\/p>\n<p>No dude en contactar con nosotros si tiene alguna duda sobre las v\u00e1lvulas industriales o solicitar presupuesto. Nuestros experimentados expertos en v\u00e1lvulas le brindar\u00e1n comentarios dentro de las 24 horas y le brindar\u00e1n una soluci\u00f3n de v\u00e1lvula personalizada.<\/p>\n<p>Se\u00f1or Jalen Lee<\/p>\n<p>Direcci\u00f3n: 88#, Jifeng Road, ciudad de Wenzhou, provincia de Zhejiang, 325025<\/p>\n<p>Correo electr\u00f3nico: <a href=\"mailto:sales@stvvalves.com\">sales@stvvalves.com<\/a><\/p>\n<p>Tel\u00e9fono 1:\u00a0<a href=\"tel:0086-0577-85987444\">+86-0577-85987444<\/a><\/p>\n<p>Tel\u00e9fono 2:\u00a0<a href=\"tel:008615157766245\">+8615157766245<\/a><\/p>\n<\/div><\/section><\/p><\/div>\n<div class=\"flex_column av_one_half  flex_column_div av-zero-column-padding\" style='border-radius:0px; '><section class=\"av_textblock_section\" ><div class='avia_textblock'  >\n<div class=\"wpcf7 no-js\" id=\"wpcf7-f3466-o1\" lang=\"en-US\" dir=\"ltr\" data-wpcf7-id=\"3466\">\n<div class=\"screen-reader-response\"><p role=\"status\" aria-live=\"polite\" aria-atomic=\"true\"><\/p> <ul><\/ul><\/div>\n<form action=\"\/es\/wp-json\/wp\/v2\/pages\/6371#wpcf7-f3466-o1\" method=\"post\" class=\"wpcf7-form init\" aria-label=\"Formulario de contacto\" novalidate=\"novalidate\" data-status=\"init\" data-trp-original-action=\"\/es\/wp-json\/wp\/v2\/pages\/6371#wpcf7-f3466-o1\">\n<fieldset class=\"hidden-fields-container\"><input type=\"hidden\" name=\"_wpcf7\" value=\"3466\" \/><input type=\"hidden\" name=\"_wpcf7_version\" value=\"6.1.5\" \/><input type=\"hidden\" name=\"_wpcf7_locale\" value=\"en_US\" \/><input type=\"hidden\" name=\"_wpcf7_unit_tag\" value=\"wpcf7-f3466-o1\" \/><input type=\"hidden\" name=\"_wpcf7_container_post\" value=\"0\" \/><input type=\"hidden\" name=\"_wpcf7_posted_data_hash\" value=\"\" \/>\n<\/fieldset>\n<p>Su tel\u00e9fono<br \/>\n<span class=\"wpcf7-form-control-wrap\" data-name=\"your-name\"><input size=\"40\" maxlength=\"400\" class=\"wpcf7-form-control wpcf7-text wpcf7-validates-as-required text_input\" aria-required=\"true\" aria-invalid=\"false\" value=\"\" type=\"text\" name=\"your-name\" \/><\/span><br \/>\nTu correo electr\u00f3nico<br \/>\n<span class=\"wpcf7-form-control-wrap\" data-name=\"your-email\"><input size=\"40\" maxlength=\"400\" class=\"wpcf7-form-control wpcf7-email wpcf7-validates-as-required wpcf7-text wpcf7-validates-as-email text_input\" aria-required=\"true\" aria-invalid=\"false\" value=\"\" type=\"email\" name=\"your-email\" \/><\/span><br \/>\nTu mensaje<br \/>\n<span class=\"wpcf7-form-control-wrap\" data-name=\"your-message\"><textarea cols=\"40\" rows=\"10\" maxlength=\"2000\" class=\"wpcf7-form-control wpcf7-textarea wpcf7-validates-as-required text_area\" aria-required=\"true\" aria-invalid=\"false\" name=\"your-message\"><\/textarea><\/span><br \/>\n<input class=\"wpcf7-form-control wpcf7-submit has-spinner\" type=\"submit\" value=\"Enviar\" \/>\n<\/p><div class=\"wpcf7-response-output\" aria-hidden=\"true\"><\/div>\n<input type=\"hidden\" name=\"trp-form-language\" value=\"es\"\/><\/form>\n<\/div>\n\n<\/div><\/section><\/div>","protected":false},"excerpt":{"rendered":"","protected":false},"author":290641,"featured_media":0,"parent":0,"menu_order":0,"comment_status":"closed","ping_status":"closed","template":"","meta":{"footnotes":""},"class_list":["post-6371","page","type-page","status-publish","hentry"],"_links":{"self":[{"href":"https:\/\/www.stvvalves.com\/es\/wp-json\/wp\/v2\/pages\/6371","targetHints":{"allow":["GET"]}}],"collection":[{"href":"https:\/\/www.stvvalves.com\/es\/wp-json\/wp\/v2\/pages"}],"about":[{"href":"https:\/\/www.stvvalves.com\/es\/wp-json\/wp\/v2\/types\/page"}],"author":[{"embeddable":true,"href":"https:\/\/www.stvvalves.com\/es\/wp-json\/wp\/v2\/users\/290641"}],"replies":[{"embeddable":true,"href":"https:\/\/www.stvvalves.com\/es\/wp-json\/wp\/v2\/comments?post=6371"}],"version-history":[{"count":9,"href":"https:\/\/www.stvvalves.com\/es\/wp-json\/wp\/v2\/pages\/6371\/revisions"}],"predecessor-version":[{"id":8256,"href":"https:\/\/www.stvvalves.com\/es\/wp-json\/wp\/v2\/pages\/6371\/revisions\/8256"}],"wp:attachment":[{"href":"https:\/\/www.stvvalves.com\/es\/wp-json\/wp\/v2\/media?parent=6371"}],"curies":[{"name":"wp","href":"https:\/\/api.w.org\/{rel}","templated":true}]}}