{"id":3786,"date":"2018-10-17T04:10:56","date_gmt":"2018-10-17T04:10:56","guid":{"rendered":"https:\/\/www.stvvalves.com\/?post_type=product&#038;p=3786"},"modified":"2025-02-17T18:18:12","modified_gmt":"2025-02-17T10:18:12","slug":"stainless-steel-swing-check-valve-150-lb-3-inch-304-body-and-trim","status":"publish","type":"product","link":"https:\/\/www.stvvalves.com\/es\/products\/stainless-steel-swing-check-valve-150-lb-3-inch-304-body-and-trim\/","title":{"rendered":"V\u00e1lvula de retenci\u00f3n oscilante de acero inoxidable, 150 lb, 3 pulgadas, cuerpo y moldura 304"},"content":{"rendered":"<p>La producci\u00f3n hace cumplir el est\u00e1ndar.<\/p>\n<table class=\"tg\" style=\"height: 156px;\" width=\"949\">\n<tbody>\n<tr>\n<th class=\"tg-0lax\">Tipo<\/th>\n<th class=\"tg-0lax\">Dise\u00f1o y fabricaci\u00f3n<\/th>\n<th class=\"tg-0lax\">Cara a cara De punta a punta<\/th>\n<th class=\"tg-0lax\">Dimensi\u00f3n de brida<\/th>\n<th class=\"tg-0lax\">Presi\u00f3n Temperatura Lating<\/th>\n<th class=\"tg-0lax\">Inspecci\u00f3n y prueba<\/th>\n<\/tr>\n<tr>\n<td class=\"tg-0lax\">V\u00e1lvula de retenci\u00f3n oscilante<\/td>\n<td class=\"tg-0lax\">ANSI B16.34<\/td>\n<td class=\"tg-0lax\">ANSI B16.10<\/td>\n<td class=\"tg-0lax\">ANSI B16.15<\/td>\n<td class=\"tg-0lax\">ANSI B16.34<\/td>\n<td class=\"tg-0lax\">API 598<\/td>\n<\/tr>\n<tr>\n<td class=\"tg-0lax\">Levante la v\u00e1lvula de retenci\u00f3n<\/td>\n<td class=\"tg-0lax\">BSI 868<\/td>\n<td class=\"tg-0lax\"><\/td>\n<td class=\"tg-0lax\"><\/td>\n<td class=\"tg-0lax\"><\/td>\n<td class=\"tg-0lax\"><\/td>\n<\/tr>\n<\/tbody>\n<\/table>\n<p>Propiedad y especificaci\u00f3n de Chife<\/p>\n<table class=\"tg\" style=\"height: 213px;\" width=\"940\">\n<tbody>\n<tr>\n<th class=\"tg-0lax\">Presi\u00f3n nominal<\/th>\n<th class=\"tg-0lax\"><\/th>\n<th class=\"tg-0lax\">150<\/th>\n<th class=\"tg-0lax\">300<\/th>\n<th class=\"tg-0lax\">600<\/th>\n<th class=\"tg-0lax\">900<\/th>\n<\/tr>\n<tr>\n<td class=\"tg-0lax\">prueba de concha<\/td>\n<td class=\"tg-0lax\">MPa<\/td>\n<td class=\"tg-0lax\">3.1<\/td>\n<td class=\"tg-0lax\">7.8<\/td>\n<td class=\"tg-0lax\">1513<\/td>\n<td class=\"tg-0lax\">23.1<\/td>\n<\/tr>\n<tr>\n<td class=\"tg-0lax\"><\/td>\n<td class=\"tg-0lax\">lbf\/pulg2<\/td>\n<td class=\"tg-0lax\">450<\/td>\n<td class=\"tg-0lax\">1125<\/td>\n<td class=\"tg-0lax\">2225<\/td>\n<td class=\"tg-0lax\">3350<\/td>\n<\/tr>\n<tr>\n<td class=\"tg-0lax\">Prueba de sello de agua<\/td>\n<td class=\"tg-0lax\">MPa<\/td>\n<td class=\"tg-0lax\">2.2<\/td>\n<td class=\"tg-0lax\">5.6<\/td>\n<td class=\"tg-0lax\">11.2<\/td>\n<td class=\"tg-0lax\">16.8<\/td>\n<\/tr>\n<tr>\n<td class=\"tg-0lax\"><\/td>\n<td class=\"tg-0lax\">lbf\/pulg2<\/td>\n<td class=\"tg-0lax\">315<\/td>\n<td class=\"tg-0lax\">815<\/td>\n<td class=\"tg-0lax\">1630<\/td>\n<td class=\"tg-0lax\">2440<\/td>\n<\/tr>\n<tr>\n<td class=\"tg-0lax\">Prueba de sellado de aire<\/td>\n<td class=\"tg-0lax\">MPa<\/td>\n<td class=\"tg-0lax\">0,5~0,7<\/td>\n<td class=\"tg-0lax\"><\/td>\n<td class=\"tg-0lax\"><\/td>\n<td class=\"tg-0lax\"><\/td>\n<\/tr>\n<tr>\n<td class=\"tg-0lax\"><\/td>\n<td class=\"tg-0lax\">lbf\/pulg2<\/td>\n<td class=\"tg-0lax\"><\/td>\n<td class=\"tg-0lax\"><\/td>\n<td class=\"tg-0lax\"><\/td>\n<td class=\"tg-0lax\"><\/td>\n<\/tr>\n<\/tbody>\n<\/table>\n<p><img loading=\"lazy\" decoding=\"async\" class=\"alignnone wp-image-3792\" src=\"https:\/\/www.stvvalves.com\/wp-content\/uploads\/2018\/10\/stainless-steel-swing-check-valve150-lb3-inch304-body-and-trim5-300x240.jpg\" alt=\"\" width=\"403\" height=\"323\" srcset=\"https:\/\/www.stvvalves.com\/wp-content\/uploads\/2018\/10\/stainless-steel-swing-check-valve150-lb3-inch304-body-and-trim5-300x240.jpg 300w, https:\/\/www.stvvalves.com\/wp-content\/uploads\/2018\/10\/stainless-steel-swing-check-valve150-lb3-inch304-body-and-trim5-600x479.jpg 600w, https:\/\/www.stvvalves.com\/wp-content\/uploads\/2018\/10\/stainless-steel-swing-check-valve150-lb3-inch304-body-and-trim5-768x613.jpg 768w, https:\/\/www.stvvalves.com\/wp-content\/uploads\/2018\/10\/stainless-steel-swing-check-valve150-lb3-inch304-body-and-trim5-845x678.jpg 845w, https:\/\/www.stvvalves.com\/wp-content\/uploads\/2018\/10\/stainless-steel-swing-check-valve150-lb3-inch304-body-and-trim5-705x563.jpg 705w, https:\/\/www.stvvalves.com\/wp-content\/uploads\/2018\/10\/stainless-steel-swing-check-valve150-lb3-inch304-body-and-trim5.jpg 849w\" sizes=\"auto, (max-width: 403px) 100vw, 403px\" \/><\/p>\n<p>&nbsp;<\/p>\n<p>&nbsp;<\/p>\n<p>Material para piezas principales.<\/p>\n<div>\n<table class=\"tg\" style=\"table-layout: fixed; width: 625px; height: 279px;\">\n<colgroup>\n<col style=\"width: 207px;\" \/>\n<col style=\"width: 71px;\" \/>\n<col style=\"width: 132px;\" \/>\n<col style=\"width: 92px;\" \/>\n<col style=\"width: 129px;\" \/> <\/colgroup>\n<tbody>\n<tr>\n<th class=\"tg-0pky\">Casquillo de gu\u00eda del lado de las bisagras del disco de cubierta<\/th>\n<th class=\"tg-0pky\">Pasador de la bisagra<\/th>\n<th class=\"tg-0pky\">Cara de sellado<\/th>\n<th class=\"tg-0pky\">Temperatura de trabajo<\/th>\n<th class=\"tg-0pky\">Medio adecuado<\/th>\n<\/tr>\n<tr>\n<td class=\"tg-0pky\">WCB<\/td>\n<td class=\"tg-0pky\">2Cr13<\/td>\n<td class=\"tg-0pky\">13Cr<\/td>\n<td class=\"tg-0pky\">\u2264425<\/td>\n<td class=\"tg-0pky\" rowspan=\"9\">Agua Vapor Aceite \u00c1cido n\u00edtrico \u00c1cido ac\u00e9tico Urea<\/td>\n<\/tr>\n<tr>\n<td class=\"tg-0pky\">WC1<\/td>\n<td class=\"tg-0pky\"><\/td>\n<td class=\"tg-0pky\">STL<\/td>\n<td class=\"tg-0pky\">\u2264450<\/td>\n<\/tr>\n<tr>\n<td class=\"tg-0pky\">WC6<\/td>\n<td class=\"tg-0pky\"><\/td>\n<td class=\"tg-0pky\">Con cuerpo mater rial<\/td>\n<td class=\"tg-0pky\">\u2264540<\/td>\n<\/tr>\n<tr>\n<td class=\"tg-0pky\">WC9<\/td>\n<td class=\"tg-0pky\"><\/td>\n<td class=\"tg-0pky\">PTFE<\/td>\n<td class=\"tg-0pky\">\u2264570<\/td>\n<\/tr>\n<tr>\n<td class=\"tg-0pky\">C5 C12<\/td>\n<td class=\"tg-0pky\"><\/td>\n<td class=\"tg-0pky\">Nylon<\/td>\n<td class=\"tg-0pky\">\u2264550<\/td>\n<\/tr>\n<tr>\n<td class=\"tg-0pky\">CF8<\/td>\n<td class=\"tg-0pky\">304<\/td>\n<td class=\"tg-0pky\"><\/td>\n<td class=\"tg-0pky\">\u2264600<\/td>\n<\/tr>\n<tr>\n<td class=\"tg-0pky\">CF3<\/td>\n<td class=\"tg-0pky\">316<\/td>\n<td class=\"tg-0pky\"><\/td>\n<td class=\"tg-0pky\"><\/td>\n<\/tr>\n<tr>\n<td class=\"tg-0pky\">CF8M<\/td>\n<td class=\"tg-0pky\">304L<\/td>\n<td class=\"tg-0pky\"><\/td>\n<td class=\"tg-0pky\"><\/td>\n<\/tr>\n<tr>\n<td class=\"tg-0pky\">CF3M<\/td>\n<td class=\"tg-0pky\">316L<\/td>\n<td class=\"tg-0pky\"><\/td>\n<td class=\"tg-0pky\"><\/td>\n<\/tr>\n<\/tbody>\n<\/table>\n<\/div>\n<div>\n<p>Dimensi\u00f3n exterior principal y de conexi\u00f3n.<\/p>\n<table class=\"tg\" style=\"height: 1138px;\" width=\"639\">\n<tbody>\n<tr>\n<th class=\"tg-6hdc\">NPS<\/th>\n<th class=\"tg-6hdc\">DN<\/th>\n<th class=\"tg-6hdc\" colspan=\"7\">Clase 150 libras\/300 libras\/600 libras<\/th>\n<\/tr>\n<tr>\n<td class=\"tg-6hdc\">en<\/td>\n<td class=\"tg-6hdc\">mil\u00edmetros<\/td>\n<td class=\"tg-6hdc\">l<\/td>\n<td class=\"tg-6hdc\">D<\/td>\n<td class=\"tg-6hdc\">D1<\/td>\n<td class=\"tg-6hdc\">D2<\/td>\n<td class=\"tg-6hdc\">b<\/td>\n<td class=\"tg-6hdc\">Z-\u03c6d<\/td>\n<td class=\"tg-6hdc\">h<\/td>\n<\/tr>\n<tr>\n<td class=\"tg-6hdc\">2\u2033<\/td>\n<td class=\"tg-6hdc\">50<\/td>\n<td class=\"tg-6hdc\">203<\/td>\n<td class=\"tg-6hdc\">157<\/td>\n<td class=\"tg-6hdc\">120.7<\/td>\n<td class=\"tg-6hdc\">92<\/td>\n<td class=\"tg-6hdc\">19.5<\/td>\n<td class=\"tg-6hdc\">4-19<\/td>\n<td class=\"tg-6hdc\">161<\/td>\n<\/tr>\n<tr>\n<td class=\"tg-6hdc\">21\/2\u2033<\/td>\n<td class=\"tg-6hdc\">65<\/td>\n<td class=\"tg-6hdc\">216<\/td>\n<td class=\"tg-6hdc\">178<\/td>\n<td class=\"tg-6hdc\">139.7<\/td>\n<td class=\"tg-6hdc\">105<\/td>\n<td class=\"tg-6hdc\">22.5<\/td>\n<td class=\"tg-6hdc\">1-19<\/td>\n<td class=\"tg-6hdc\">180<\/td>\n<\/tr>\n<tr>\n<td class=\"tg-6hdc\">3\u2033<\/td>\n<td class=\"tg-6hdc\">80<\/td>\n<td class=\"tg-6hdc\">241<\/td>\n<td class=\"tg-6hdc\">190.5<\/td>\n<td class=\"tg-6hdc\">152.4<\/td>\n<td class=\"tg-6hdc\">127<\/td>\n<td class=\"tg-6hdc\">24<\/td>\n<td class=\"tg-6hdc\">4-19<\/td>\n<td class=\"tg-6hdc\">190<\/td>\n<\/tr>\n<tr>\n<td class=\"tg-6hdc\">4\u2033<\/td>\n<td class=\"tg-6hdc\">100<\/td>\n<td class=\"tg-6hdc\">292<\/td>\n<td class=\"tg-6hdc\">229<\/td>\n<td class=\"tg-6hdc\">190.5<\/td>\n<td class=\"tg-6hdc\">157.2<\/td>\n<td class=\"tg-6hdc\">24<\/td>\n<td class=\"tg-6hdc\">8-19<\/td>\n<td class=\"tg-6hdc\">220<\/td>\n<\/tr>\n<tr>\n<td class=\"tg-6hdc\">6\u2033<\/td>\n<td class=\"tg-6hdc\">150<\/td>\n<td class=\"tg-6hdc\">356<\/td>\n<td class=\"tg-6hdc\">279<\/td>\n<td class=\"tg-6hdc\">241.5<\/td>\n<td class=\"tg-6hdc\">216<\/td>\n<td class=\"tg-6hdc\">25.5<\/td>\n<td class=\"tg-6hdc\">8-22.5<\/td>\n<td class=\"tg-6hdc\">257<\/td>\n<\/tr>\n<tr>\n<td class=\"tg-6hdc\">8\u2033<\/td>\n<td class=\"tg-6hdc\">200<\/td>\n<td class=\"tg-6hdc\">495<\/td>\n<td class=\"tg-6hdc\">343<\/td>\n<td class=\"tg-6hdc\">298.5<\/td>\n<td class=\"tg-6hdc\">270<\/td>\n<td class=\"tg-6hdc\">29<\/td>\n<td class=\"tg-6hdc\">8-22.5<\/td>\n<td class=\"tg-6hdc\">292<\/td>\n<\/tr>\n<tr>\n<td class=\"tg-6hdc\">10\u2033<\/td>\n<td class=\"tg-6hdc\">250<\/td>\n<td class=\"tg-6hdc\">622<\/td>\n<td class=\"tg-6hdc\">406<\/td>\n<td class=\"tg-6hdc\">362<\/td>\n<td class=\"tg-6hdc\">324<\/td>\n<td class=\"tg-6hdc\">30.5<\/td>\n<td class=\"tg-6hdc\">12-25.5<\/td>\n<td class=\"tg-6hdc\">350<\/td>\n<\/tr>\n<tr>\n<td class=\"tg-6hdc\">12\u2033<\/td>\n<td class=\"tg-6hdc\">300<\/td>\n<td class=\"tg-6hdc\">698<\/td>\n<td class=\"tg-6hdc\">483<\/td>\n<td class=\"tg-6hdc\">432<\/td>\n<td class=\"tg-6hdc\">381<\/td>\n<td class=\"tg-6hdc\">32<\/td>\n<td class=\"tg-6hdc\">12-25.5<\/td>\n<td class=\"tg-6hdc\">398<\/td>\n<\/tr>\n<tr>\n<td class=\"tg-6hdc\">14\u2033<\/td>\n<td class=\"tg-6hdc\">350<\/td>\n<td class=\"tg-6hdc\">787<\/td>\n<td class=\"tg-6hdc\">533<\/td>\n<td class=\"tg-6hdc\">47618<\/td>\n<td class=\"tg-6hdc\">413<\/td>\n<td class=\"tg-6hdc\">35<\/td>\n<td class=\"tg-6hdc\">12-29<\/td>\n<td class=\"tg-6hdc\">445<\/td>\n<\/tr>\n<tr>\n<td class=\"tg-6hdc\">diecis\u00e9is&quot;<\/td>\n<td class=\"tg-6hdc\">400<\/td>\n<td class=\"tg-6hdc\">864<\/td>\n<td class=\"tg-6hdc\">597<\/td>\n<td class=\"tg-6hdc\">539.8<\/td>\n<td class=\"tg-6hdc\">470<\/td>\n<td class=\"tg-6hdc\">37<\/td>\n<td class=\"tg-6hdc\">16-29<\/td>\n<td class=\"tg-6hdc\">490<\/td>\n<\/tr>\n<tr>\n<td class=\"tg-6hdc\">18\u2033<\/td>\n<td class=\"tg-6hdc\">450<\/td>\n<td class=\"tg-6hdc\">978<\/td>\n<td class=\"tg-6hdc\">635<\/td>\n<td class=\"tg-6hdc\">577.8<\/td>\n<td class=\"tg-6hdc\">533<\/td>\n<td class=\"tg-6hdc\">40<\/td>\n<td class=\"tg-6hdc\">16-32<\/td>\n<td class=\"tg-6hdc\">520<\/td>\n<\/tr>\n<tr>\n<td class=\"tg-6hdc\">20\u2033<\/td>\n<td class=\"tg-6hdc\">500<\/td>\n<td class=\"tg-6hdc\">978<\/td>\n<td class=\"tg-6hdc\">698<\/td>\n<td class=\"tg-6hdc\">635<\/td>\n<td class=\"tg-6hdc\">584<\/td>\n<td class=\"tg-6hdc\">43<\/td>\n<td class=\"tg-6hdc\">20-32<\/td>\n<td class=\"tg-6hdc\">546<\/td>\n<\/tr>\n<tr>\n<td class=\"tg-6hdc\">24\u2033<\/td>\n<td class=\"tg-6hdc\">600<\/td>\n<td class=\"tg-6hdc\">1295<\/td>\n<td class=\"tg-6hdc\">813<\/td>\n<td class=\"tg-6hdc\">749.3<\/td>\n<td class=\"tg-6hdc\">692<\/td>\n<td class=\"tg-6hdc\">48<\/td>\n<td class=\"tg-6hdc\">20-35<\/td>\n<td class=\"tg-6hdc\">880<\/td>\n<\/tr>\n<tr>\n<td class=\"tg-6hdc\">2\u2033<\/td>\n<td class=\"tg-6hdc\">50<\/td>\n<td class=\"tg-6hdc\">267<\/td>\n<td class=\"tg-6hdc\">165<\/td>\n<td class=\"tg-6hdc\">127<\/td>\n<td class=\"tg-6hdc\">92<\/td>\n<td class=\"tg-6hdc\">22.5<\/td>\n<td class=\"tg-6hdc\">8-19<\/td>\n<td class=\"tg-6hdc\">179.5<\/td>\n<\/tr>\n<tr>\n<td class=\"tg-6hdc\">21\/2\u2033<\/td>\n<td class=\"tg-6hdc\">65<\/td>\n<td class=\"tg-6hdc\">292<\/td>\n<td class=\"tg-6hdc\">190<\/td>\n<td class=\"tg-6hdc\">150<\/td>\n<td class=\"tg-6hdc\">105<\/td>\n<td class=\"tg-6hdc\">25<\/td>\n<td class=\"tg-6hdc\">8-19<\/td>\n<td class=\"tg-6hdc\">190<\/td>\n<\/tr>\n<tr>\n<td class=\"tg-6hdc\">3\u2033<\/td>\n<td class=\"tg-6hdc\">80<\/td>\n<td class=\"tg-6hdc\">318<\/td>\n<td class=\"tg-6hdc\">210<\/td>\n<td class=\"tg-6hdc\">168<\/td>\n<td class=\"tg-6hdc\">127<\/td>\n<td class=\"tg-6hdc\">29<\/td>\n<td class=\"tg-6hdc\">8-22.5<\/td>\n<td class=\"tg-6hdc\">212.4<\/td>\n<\/tr>\n<tr>\n<td class=\"tg-6hdc\">4\u2033<\/td>\n<td class=\"tg-6hdc\">100<\/td>\n<td class=\"tg-6hdc\">356<\/td>\n<td class=\"tg-6hdc\">254<\/td>\n<td class=\"tg-6hdc\">200<\/td>\n<td class=\"tg-6hdc\">157<\/td>\n<td class=\"tg-6hdc\">32<\/td>\n<td class=\"tg-6hdc\">12-22.5<\/td>\n<td class=\"tg-6hdc\">246<\/td>\n<\/tr>\n<tr>\n<td class=\"tg-6hdc\">6\u2033<\/td>\n<td class=\"tg-6hdc\">150<\/td>\n<td class=\"tg-6hdc\">445<\/td>\n<td class=\"tg-6hdc\">317.5<\/td>\n<td class=\"tg-6hdc\">269.7<\/td>\n<td class=\"tg-6hdc\">216<\/td>\n<td class=\"tg-6hdc\">37<\/td>\n<td class=\"tg-6hdc\">12-22.5<\/td>\n<td class=\"tg-6hdc\">292<\/td>\n<\/tr>\n<tr>\n<td class=\"tg-6hdc\">8\u2033<\/td>\n<td class=\"tg-6hdc\">200<\/td>\n<td class=\"tg-6hdc\">533<\/td>\n<td class=\"tg-6hdc\">381<\/td>\n<td class=\"tg-6hdc\">330<\/td>\n<td class=\"tg-6hdc\">270<\/td>\n<td class=\"tg-6hdc\">41.5<\/td>\n<td class=\"tg-6hdc\">12-25.5<\/td>\n<td class=\"tg-6hdc\">328<\/td>\n<\/tr>\n<tr>\n<td class=\"tg-6hdc\">10\u2033<\/td>\n<td class=\"tg-6hdc\">250<\/td>\n<td class=\"tg-6hdc\">622<\/td>\n<td class=\"tg-6hdc\">444.5<\/td>\n<td class=\"tg-6hdc\">387<\/td>\n<td class=\"tg-6hdc\">324<\/td>\n<td class=\"tg-6hdc\">48<\/td>\n<td class=\"tg-6hdc\">16-28.5<\/td>\n<td class=\"tg-6hdc\">378.6<\/td>\n<\/tr>\n<tr>\n<td class=\"tg-6hdc\">12\u2033<\/td>\n<td class=\"tg-6hdc\">300<\/td>\n<td class=\"tg-6hdc\">71 litros<\/td>\n<td class=\"tg-6hdc\">521<\/td>\n<td class=\"tg-6hdc\">451<\/td>\n<td class=\"tg-6hdc\">381<\/td>\n<td class=\"tg-6hdc\">51<\/td>\n<td class=\"tg-6hdc\">16-32<\/td>\n<td class=\"tg-6hdc\">420<\/td>\n<\/tr>\n<tr>\n<td class=\"tg-6hdc\">14\u2033<\/td>\n<td class=\"tg-6hdc\">350<\/td>\n<td class=\"tg-6hdc\">838<\/td>\n<td class=\"tg-6hdc\">584<\/td>\n<td class=\"tg-6hdc\">514<\/td>\n<td class=\"tg-6hdc\">54<\/td>\n<td class=\"tg-6hdc\">54<\/td>\n<td class=\"tg-6hdc\">20-32<\/td>\n<td class=\"tg-6hdc\">470<\/td>\n<\/tr>\n<tr>\n<td class=\"tg-6hdc\">diecis\u00e9is&quot;<\/td>\n<td class=\"tg-6hdc\">400<\/td>\n<td class=\"tg-6hdc\">864<\/td>\n<td class=\"tg-6hdc\">648<\/td>\n<td class=\"tg-6hdc\">572<\/td>\n<td class=\"tg-6hdc\">57<\/td>\n<td class=\"tg-6hdc\">57<\/td>\n<td class=\"tg-6hdc\">20-35<\/td>\n<td class=\"tg-6hdc\">530<\/td>\n<\/tr>\n<tr>\n<td class=\"tg-6hdc\">18\u2033<\/td>\n<td class=\"tg-6hdc\">450<\/td>\n<td class=\"tg-6hdc\">978<\/td>\n<td class=\"tg-6hdc\">711<\/td>\n<td class=\"tg-6hdc\">629<\/td>\n<td class=\"tg-6hdc\">60<\/td>\n<td class=\"tg-6hdc\">60<\/td>\n<td class=\"tg-6hdc\">24-35<\/td>\n<td class=\"tg-6hdc\">584<\/td>\n<\/tr>\n<tr>\n<td class=\"tg-6hdc\">20\u2033<\/td>\n<td class=\"tg-6hdc\">500<\/td>\n<td class=\"tg-6hdc\">1016<\/td>\n<td class=\"tg-6hdc\">775<\/td>\n<td class=\"tg-6hdc\">686<\/td>\n<td class=\"tg-6hdc\">64<\/td>\n<td class=\"tg-6hdc\">64<\/td>\n<td class=\"tg-6hdc\">24-35<\/td>\n<td class=\"tg-6hdc\">610<\/td>\n<\/tr>\n<tr>\n<td class=\"tg-6hdc\">24\u2033<\/td>\n<td class=\"tg-6hdc\">600<\/td>\n<td class=\"tg-6hdc\">1346<\/td>\n<td class=\"tg-6hdc\">914<\/td>\n<td class=\"tg-6hdc\">813<\/td>\n<td class=\"tg-6hdc\">70<\/td>\n<td class=\"tg-6hdc\">70<\/td>\n<td class=\"tg-6hdc\">24-41<\/td>\n<td class=\"tg-6hdc\">860<\/td>\n<\/tr>\n<tr>\n<td class=\"tg-6hdc\">2\u2033<\/td>\n<td class=\"tg-6hdc\">50<\/td>\n<td class=\"tg-6hdc\">292<\/td>\n<td class=\"tg-6hdc\">165<\/td>\n<td class=\"tg-6hdc\">127<\/td>\n<td class=\"tg-6hdc\">92<\/td>\n<td class=\"tg-6hdc\">25<\/td>\n<td class=\"tg-6hdc\">8-19<\/td>\n<td class=\"tg-6hdc\">203<\/td>\n<\/tr>\n<tr>\n<td class=\"tg-6hdc\">21\/2\u2033<\/td>\n<td class=\"tg-6hdc\">65<\/td>\n<td class=\"tg-6hdc\">330<\/td>\n<td class=\"tg-6hdc\">190<\/td>\n<td class=\"tg-6hdc\">150<\/td>\n<td class=\"tg-6hdc\">105<\/td>\n<td class=\"tg-6hdc\">29<\/td>\n<td class=\"tg-6hdc\">8-22.5<\/td>\n<td class=\"tg-6hdc\">229<\/td>\n<\/tr>\n<tr>\n<td class=\"tg-6hdc\">3\u2033<\/td>\n<td class=\"tg-6hdc\">80<\/td>\n<td class=\"tg-6hdc\">356<\/td>\n<td class=\"tg-6hdc\">210<\/td>\n<td class=\"tg-6hdc\">168<\/td>\n<td class=\"tg-6hdc\">127<\/td>\n<td class=\"tg-6hdc\">32<\/td>\n<td class=\"tg-6hdc\">8-22.5<\/td>\n<td class=\"tg-6hdc\">235<\/td>\n<\/tr>\n<tr>\n<td class=\"tg-6hdc\">4\u2033<\/td>\n<td class=\"tg-6hdc\">100<\/td>\n<td class=\"tg-6hdc\">432<\/td>\n<td class=\"tg-6hdc\">273<\/td>\n<td class=\"tg-6hdc\">216<\/td>\n<td class=\"tg-6hdc\">157<\/td>\n<td class=\"tg-6hdc\">38<\/td>\n<td class=\"tg-6hdc\">8-25<\/td>\n<td class=\"tg-6hdc\">286<\/td>\n<\/tr>\n<tr>\n<td class=\"tg-6hdc\">6\u2033<\/td>\n<td class=\"tg-6hdc\">150<\/td>\n<td class=\"tg-6hdc\">559<\/td>\n<td class=\"tg-6hdc\">356<\/td>\n<td class=\"tg-6hdc\">292<\/td>\n<td class=\"tg-6hdc\">216<\/td>\n<td class=\"tg-6hdc\">48<\/td>\n<td class=\"tg-6hdc\">8-29<\/td>\n<td class=\"tg-6hdc\">330<\/td>\n<\/tr>\n<tr>\n<td class=\"tg-6hdc\">8\u2033<\/td>\n<td class=\"tg-6hdc\">200<\/td>\n<td class=\"tg-6hdc\">660<\/td>\n<td class=\"tg-6hdc\">419<\/td>\n<td class=\"tg-6hdc\">349<\/td>\n<td class=\"tg-6hdc\">270<\/td>\n<td class=\"tg-6hdc\">56<\/td>\n<td class=\"tg-6hdc\">12-29<\/td>\n<td class=\"tg-6hdc\">381<\/td>\n<\/tr>\n<tr>\n<td class=\"tg-6hdc\">10\u2033<\/td>\n<td class=\"tg-6hdc\">250<\/td>\n<td class=\"tg-6hdc\">787<\/td>\n<td class=\"tg-6hdc\">508<\/td>\n<td class=\"tg-6hdc\">432<\/td>\n<td class=\"tg-6hdc\">324<\/td>\n<td class=\"tg-6hdc\">64<\/td>\n<td class=\"tg-6hdc\">12-32<\/td>\n<td class=\"tg-6hdc\">457<\/td>\n<\/tr>\n<tr>\n<td class=\"tg-6hdc\">12\u2033<\/td>\n<td class=\"tg-6hdc\">300<\/td>\n<td class=\"tg-6hdc\">838<\/td>\n<td class=\"tg-6hdc\">559<\/td>\n<td class=\"tg-6hdc\">489<\/td>\n<td class=\"tg-6hdc\">381<\/td>\n<td class=\"tg-6hdc\">67<\/td>\n<td class=\"tg-6hdc\">16-35<\/td>\n<td class=\"tg-6hdc\">584<\/td>\n<\/tr>\n<tr>\n<td class=\"tg-6hdc\">14\u2033<\/td>\n<td class=\"tg-6hdc\">350<\/td>\n<td class=\"tg-6hdc\">889<\/td>\n<td class=\"tg-6hdc\">603<\/td>\n<td class=\"tg-6hdc\">527<\/td>\n<td class=\"tg-6hdc\">413<\/td>\n<td class=\"tg-6hdc\">70<\/td>\n<td class=\"tg-6hdc\">20-38<\/td>\n<td class=\"tg-6hdc\">635<\/td>\n<\/tr>\n<tr>\n<td class=\"tg-6hdc\">diecis\u00e9is&quot;<\/td>\n<td class=\"tg-6hdc\">400<\/td>\n<td class=\"tg-6hdc\">991<\/td>\n<td class=\"tg-6hdc\">686<\/td>\n<td class=\"tg-6hdc\">603<\/td>\n<td class=\"tg-6hdc\">470<\/td>\n<td class=\"tg-6hdc\">76<\/td>\n<td class=\"tg-6hdc\">20-41<\/td>\n<td class=\"tg-6hdc\">684<\/td>\n<\/tr>\n<\/tbody>\n<\/table>\n<\/div>","protected":false},"excerpt":{"rendered":"<p>Modelo:SWH44W-150LB-3\u2033<\/p>\n<p>Cuerpo, tapa y disco de acero inoxidable ASTM A351 CF8M 304.<br \/>\nAdornos de acero inoxidable 304.<br \/>\nSello de cubierta de PTFE. Dise\u00f1o de cubierta atornillada.<br \/>\nDimensiones cara a cara de acuerdo con ANSI B16.10<br \/>\nClasificaci\u00f3n de presi\u00f3n clase 150. -20 \/ +200 grados C Temperatura nominal.<br \/>\nConexiones finales bridadas ANSI 150.<br \/>\nTama\u00f1o:3\u2033<\/p>\n<p>STV Valve Technology Group Co., Ltd es un l\u00edder profesional en China, v\u00e1lvula de retenci\u00f3n oscilante, v\u00e1lvula de retenci\u00f3n oscilante de 150 lb, v\u00e1lvula de retenci\u00f3n oscilante de acero inoxidable, v\u00e1lvula de retenci\u00f3n oscilante de acero inoxidable con extremo de brida, v\u00e1lvula de retenci\u00f3n oscilante 304, fabricante con alta calidad y precio competitivo.<\/p>\n<p>Comun\u00edquese con nuestro sales@stvvalve.com para obtener otros materiales y detalles.<\/p>\n<p>Hoja de fecha:<a href=\"https:\/\/www.stvvalves.com\/wp-content\/uploads\/2018\/10\/stainless-steel-swing-check-valve150-lb3-inch304-body-and-trim.pdf\">V\u00e1lvula de retenci\u00f3n oscilante de acero inoxidable, 150 lb, 3 pulgadas, cuerpo y moldura 304<\/a><\/p>","protected":false},"featured_media":3788,"template":"","meta":[],"product_brand":[],"product_cat":[46,67],"product_tag":[1006,1009,1008,1007,152],"class_list":{"0":"post-3786","1":"product","2":"type-product","3":"status-publish","4":"has-post-thumbnail","6":"product_cat-check-valves","7":"product_cat-stainless-steel-check-valve","8":"product_tag-150lb-swing-check-valve","9":"product_tag-304-swing-check-valve","10":"product_tag-flange-end-stainless-steel-swing-check-valve","11":"product_tag-stainless-steel-swing-check-valve","12":"product_tag-swing-check-valve","14":"first","15":"instock","16":"shipping-taxable","17":"product-type-simple"},"_links":{"self":[{"href":"https:\/\/www.stvvalves.com\/es\/wp-json\/wp\/v2\/product\/3786","targetHints":{"allow":["GET"]}}],"collection":[{"href":"https:\/\/www.stvvalves.com\/es\/wp-json\/wp\/v2\/product"}],"about":[{"href":"https:\/\/www.stvvalves.com\/es\/wp-json\/wp\/v2\/types\/product"}],"wp:featuredmedia":[{"embeddable":true,"href":"https:\/\/www.stvvalves.com\/es\/wp-json\/wp\/v2\/media\/3788"}],"wp:attachment":[{"href":"https:\/\/www.stvvalves.com\/es\/wp-json\/wp\/v2\/media?parent=3786"}],"wp:term":[{"taxonomy":"product_brand","embeddable":true,"href":"https:\/\/www.stvvalves.com\/es\/wp-json\/wp\/v2\/product_brand?post=3786"},{"taxonomy":"product_cat","embeddable":true,"href":"https:\/\/www.stvvalves.com\/es\/wp-json\/wp\/v2\/product_cat?post=3786"},{"taxonomy":"product_tag","embeddable":true,"href":"https:\/\/www.stvvalves.com\/es\/wp-json\/wp\/v2\/product_tag?post=3786"}],"curies":[{"name":"wp","href":"https:\/\/api.w.org\/{rel}","templated":true}]}}