{"id":3843,"date":"2018-11-23T06:05:24","date_gmt":"2018-11-23T06:05:24","guid":{"rendered":"https:\/\/www.stvvalves.com\/?post_type=product&#038;p=3843"},"modified":"2025-02-19T19:51:52","modified_gmt":"2025-02-19T11:51:52","slug":"3-way-ball-valve-t-port-cf8m-body-npt-end","status":"publish","type":"product","link":"https:\/\/www.stvvalves.com\/es\/products\/3-way-ball-valve-t-port-cf8m-body-npt-end\/","title":{"rendered":"V\u00e1lvula de bola de 3 v\u00edas, puerto T, cuerpo CF8M, extremo NPT"},"content":{"rendered":"<p>La v\u00e1lvula de bola de 3 v\u00edas proporciona un funcionamiento seguro para aplicaciones qu\u00edmicas tanto generales como industriales. Una v\u00e1lvula de bola reducida de 3 v\u00edas con cuerpo de acero inoxidable, asiento de PTFE y parte superior de montaje ISO para accionamiento.<\/p>\n<p>Cuenta con un v\u00e1stago a prueba de explosiones y sellado de v\u00e1stago autoajustable.<\/p>\n<p>Caracter\u00edsticas clave:<br \/>\nTama\u00f1os disponibles: 1\/4\u2033 a 4\u2033.<br \/>\nRango de temperatura: -20 \u00b0C a 260 \u00b0C.<br \/>\nConexi\u00f3n final: atornillada BSP o NPT<br \/>\nTres v\u00edas, puerto L o T, reducido.<br \/>\nAsiento de PTFE y parte superior de montaje ISO<br \/>\nEmpu\u00f1adura aislada, manija de palanca bloqueable.<br \/>\nMovimiento: giro de 90\u00b0.<br \/>\nFundici\u00f3n a la cera perdida con bajo torque. Tama\u00f1os y conexiones adicionales disponibles bajo pedido.<\/p>\n<table>\n<tbody>\n<tr>\n<td width=\"200\"><strong>nombre del producto<\/strong><\/td>\n<td width=\"481\">V\u00e1lvula de bola de 3 v\u00edas, puerto T, cuerpo CF8M, extremo NPT<\/td>\n<\/tr>\n<tr>\n<td width=\"200\">1. Materiales<\/td>\n<td width=\"481\">316<\/td>\n<\/tr>\n<tr>\n<td width=\"200\">2. Tama\u00f1o<\/td>\n<td width=\"481\">1\u201d<\/td>\n<\/tr>\n<tr>\n<td width=\"200\">4. Puerto<\/td>\n<td width=\"481\">Puerto reductor<\/td>\n<\/tr>\n<tr>\n<td width=\"200\">5. Presi\u00f3n de trabajo<\/td>\n<td width=\"481\">1000WOG<\/td>\n<\/tr>\n<tr>\n<td width=\"200\">6. La conexi\u00f3n finaliza<\/td>\n<td width=\"481\">TNP<\/td>\n<\/tr>\n<tr>\n<td width=\"200\">7. Temperatura de trabajo.<\/td>\n<td width=\"481\">-29~180\u00baC,<\/td>\n<\/tr>\n<tr>\n<td width=\"200\">8. Medio adecuado<\/td>\n<td width=\"481\">Agua, Gas Natural, Petr\u00f3leo y alg\u00fan l\u00edquido corrosivo<\/td>\n<\/tr>\n<tr>\n<td width=\"200\">9. Operado<\/td>\n<td width=\"481\">Volante<\/td>\n<\/tr>\n<tr>\n<td width=\"200\">10. Inspecci\u00f3n y pruebas<\/td>\n<td width=\"481\">Seg\u00fan API598<\/td>\n<\/tr>\n<tr>\n<td width=\"200\"><strong>Env\u00edo<\/strong><\/td>\n<td width=\"481\"><\/td>\n<\/tr>\n<tr>\n<td width=\"200\">El tiempo de entrega<\/td>\n<td width=\"481\">30 dias<\/td>\n<\/tr>\n<tr>\n<td width=\"200\">Paquete<\/td>\n<td width=\"481\">Caja de madera contrachapada de exportaci\u00f3n est\u00e1ndar<\/td>\n<\/tr>\n<tr>\n<td width=\"200\">Puerto de embarque<\/td>\n<td width=\"481\">Ningbo\/Shangh\u00e1i, China<\/td>\n<\/tr>\n<tr>\n<td width=\"200\">Condiciones de env\u00edo<\/td>\n<td width=\"481\">Exw, MANDO, CFR, CIF, etc.<\/td>\n<\/tr>\n<tr>\n<td width=\"200\">T\u00e9rminos de pago<\/td>\n<td width=\"481\">T\/T, Western Union, PayPal, etc.<\/td>\n<\/tr>\n<tr>\n<td width=\"200\"><\/td>\n<td width=\"481\">Pago anticipado de 30%, saldo de 70% pagado antes del env\u00edo<\/td>\n<\/tr>\n<tr>\n<td width=\"200\">Pa\u00eds de origen<\/td>\n<td width=\"481\">Ciudad de Wenzhou, China<\/td>\n<\/tr>\n<tr>\n<td width=\"200\">Capacidad de producci\u00f3n<\/td>\n<td width=\"481\">6000 toneladas\/a\u00f1o<\/td>\n<\/tr>\n<tr>\n<td width=\"200\">Cantidad m\u00ednima de pedido<\/td>\n<td width=\"481\">1 unidad\/tama\u00f1o<\/td>\n<\/tr>\n<\/tbody>\n<\/table>","protected":false},"excerpt":{"rendered":"<p>La v\u00e1lvula de bola de 3 v\u00edas proporciona un funcionamiento seguro para aplicaciones qu\u00edmicas tanto generales como industriales. Una v\u00e1lvula de bola reducida de 3 v\u00edas con cuerpo de acero inoxidable, asiento de PTFE y parte superior de montaje ISO para accionamiento.<\/p>\n<p>Cuenta con un v\u00e1stago a prueba de explosiones y sellado de v\u00e1stago autoajustable.<\/p>\n<p>&nbsp;<\/p>\n<p>STV Valve Technology Group Co., Ltd es un l\u00edder profesional en China V\u00e1lvula de bola 1000 WOG, v\u00e1lvula de bola de 3 v\u00edas, v\u00e1lvula de bola CF8M, v\u00e1lvula de bola con puerto T, v\u00e1lvula de bola de acero inoxidable, v\u00e1lvula de bola flotante, v\u00e1lvula de bola de 2 pulgadas, v\u00e1lvula de bola de 1 pulgada , V\u00e1lvula de bola de 3 pulgadas, v\u00e1lvula de bola de 4 pulgadas, v\u00e1lvula de bola de agua, v\u00e1lvula de bola de gas, v\u00e1lvula de bola de gas, v\u00e1lvula de bola roscada, v\u00e1lvula de bola bloqueable Fabricante con alta calidad y precio competitivo.<\/p>\n<p>Comun\u00edquese con nuestro sales@stvvalve.com para obtener otros materiales y detalles.<\/p>\n<p>Hoja de datos:V\u00e1lvula de bola de 3 v\u00edas, puerto T, cuerpo CF8M, extremo NPT<\/p>","protected":false},"featured_media":3844,"template":"","meta":[],"product_brand":[],"product_cat":[43,79],"product_tag":[166,173,158,1003,171,168,174,125,170,157,686,172,159,169],"class_list":{"0":"post-3843","1":"product","2":"type-product","3":"status-publish","4":"has-post-thumbnail","6":"product_cat-ball-valve","7":"product_cat-threaded-ball-valve","8":"product_tag-1-inch-ball-valve","9":"product_tag-1000-wog-ball-valve","10":"product_tag-2-inch-ball-valve","11":"product_tag-3-inch-ball-valve","12":"product_tag-3-way-ball-valve","13":"product_tag-4-inch-ball-valve","14":"product_tag-cf8m-ball-valve","15":"product_tag-floating-ball-valve","16":"product_tag-gas-ball-valve","17":"product_tag-lockable-ball-valve","18":"product_tag-stainless-steel-ball-valve","19":"product_tag-t-port-ball-valve","20":"product_tag-threaded-ball-valve","21":"product_tag-water-ball-valve","23":"first","24":"instock","25":"shipping-taxable","26":"product-type-simple"},"_links":{"self":[{"href":"https:\/\/www.stvvalves.com\/es\/wp-json\/wp\/v2\/product\/3843","targetHints":{"allow":["GET"]}}],"collection":[{"href":"https:\/\/www.stvvalves.com\/es\/wp-json\/wp\/v2\/product"}],"about":[{"href":"https:\/\/www.stvvalves.com\/es\/wp-json\/wp\/v2\/types\/product"}],"wp:featuredmedia":[{"embeddable":true,"href":"https:\/\/www.stvvalves.com\/es\/wp-json\/wp\/v2\/media\/3844"}],"wp:attachment":[{"href":"https:\/\/www.stvvalves.com\/es\/wp-json\/wp\/v2\/media?parent=3843"}],"wp:term":[{"taxonomy":"product_brand","embeddable":true,"href":"https:\/\/www.stvvalves.com\/es\/wp-json\/wp\/v2\/product_brand?post=3843"},{"taxonomy":"product_cat","embeddable":true,"href":"https:\/\/www.stvvalves.com\/es\/wp-json\/wp\/v2\/product_cat?post=3843"},{"taxonomy":"product_tag","embeddable":true,"href":"https:\/\/www.stvvalves.com\/es\/wp-json\/wp\/v2\/product_tag?post=3843"}],"curies":[{"name":"wp","href":"https:\/\/api.w.org\/{rel}","templated":true}]}}