{"id":3850,"date":"2018-11-23T06:31:47","date_gmt":"2018-11-23T06:31:47","guid":{"rendered":"https:\/\/www.stvvalves.com\/?post_type=product&#038;p=3850"},"modified":"2025-02-19T19:50:47","modified_gmt":"2025-02-19T11:50:47","slug":"1pc-ball-valve-reducer-port-cf8-body-lever-operated","status":"publish","type":"product","link":"https:\/\/www.stvvalves.com\/es\/products\/1pc-ball-valve-reducer-port-cf8-body-lever-operated\/","title":{"rendered":"V\u00e1lvula de bola de 1 pieza, puerto reductor, cuerpo CF8, accionada por palanca"},"content":{"rendered":"<p>Caracter\u00edsticas clave:<br \/>\nConexiones finales atornilladas BSP o NPT<br \/>\nAcero inoxidable CF8M<br \/>\nAsiento de PTFE<br \/>\nTama\u00f1os: 1\/4\u2033 a 4\u2033<br \/>\nRango de temperatura: -20 \u00b0C a +180 \u00b0C<br \/>\nPresi\u00f3n de funcionamiento: 1000 WOG<br \/>\nMovimiento: giro de 90\u00b0<\/p>\n<table>\n<tbody>\n<tr>\n<td width=\"200\"><strong>nombre del producto<\/strong><\/td>\n<td width=\"481\">V\u00e1lvula de bola de 1 pieza, puerto reductor, cuerpo CF8, accionada por palanca<\/td>\n<\/tr>\n<tr>\n<td width=\"200\">1. Materiales<\/td>\n<td width=\"481\">CF8<\/td>\n<\/tr>\n<tr>\n<td width=\"200\">2. Tama\u00f1o<\/td>\n<td width=\"481\">2\u201d<\/td>\n<\/tr>\n<tr>\n<td width=\"200\">4. Puerto<\/td>\n<td width=\"481\">Puerto lleno<\/td>\n<\/tr>\n<tr>\n<td width=\"200\">5. Presi\u00f3n de trabajo<\/td>\n<td width=\"481\">1000WOG<\/td>\n<\/tr>\n<tr>\n<td width=\"200\">6. La conexi\u00f3n finaliza<\/td>\n<td width=\"481\">TNP<\/td>\n<\/tr>\n<tr>\n<td width=\"200\">7. Temperatura de trabajo.<\/td>\n<td width=\"481\">-29~120\u00baC,<\/td>\n<\/tr>\n<tr>\n<td width=\"200\">8. Medio adecuado<\/td>\n<td width=\"481\">Agua, Gas Natural, Petr\u00f3leo y alg\u00fan l\u00edquido corrosivo<\/td>\n<\/tr>\n<tr>\n<td width=\"200\">9. Operado<\/td>\n<td width=\"481\">Volante<\/td>\n<\/tr>\n<tr>\n<td width=\"200\">10. Inspecci\u00f3n y pruebas<\/td>\n<td width=\"481\">Seg\u00fan API598<\/td>\n<\/tr>\n<tr>\n<td width=\"200\"><strong>Env\u00edo<\/strong><\/td>\n<td width=\"481\"><\/td>\n<\/tr>\n<tr>\n<td width=\"200\">El tiempo de entrega<\/td>\n<td width=\"481\">30 dias<\/td>\n<\/tr>\n<tr>\n<td width=\"200\">Paquete<\/td>\n<td width=\"481\">Caja de madera contrachapada de exportaci\u00f3n est\u00e1ndar<\/td>\n<\/tr>\n<tr>\n<td width=\"200\">Puerto de embarque<\/td>\n<td width=\"481\">Ningbo\/Shangh\u00e1i, China<\/td>\n<\/tr>\n<tr>\n<td width=\"200\">Condiciones de env\u00edo<\/td>\n<td width=\"481\">Exw, MANDO, CFR, CIF, etc.<\/td>\n<\/tr>\n<tr>\n<td width=\"200\">T\u00e9rminos de pago<\/td>\n<td width=\"481\">T\/T, Western Union, PayPal, etc.<\/td>\n<\/tr>\n<tr>\n<td width=\"200\"><\/td>\n<td width=\"481\">Pago anticipado de 30%, saldo de 70% pagado antes del env\u00edo<\/td>\n<\/tr>\n<tr>\n<td width=\"200\">Pa\u00eds de origen<\/td>\n<td width=\"481\">Ciudad de Wenzhou, China<\/td>\n<\/tr>\n<tr>\n<td width=\"200\">Capacidad de producci\u00f3n<\/td>\n<td width=\"481\">6000 toneladas\/a\u00f1o<\/td>\n<\/tr>\n<tr>\n<td width=\"200\">Cantidad m\u00ednima de pedido<\/td>\n<td width=\"481\">1 unidad\/tama\u00f1o<\/td>\n<\/tr>\n<\/tbody>\n<\/table>","protected":false},"excerpt":{"rendered":"<p>Modelo:Q11F-1-1000WOG-2\u2033<\/p>\n<p>V\u00e1lvula de bola de 1 pieza, puerto reductor, cuerpo CF8, accionada por palanca es una v\u00e1lvula de bola hembra\/hembra de una sola pieza y de di\u00e1metro reducido que no requiere mantenimiento; proporcionando un funcionamiento seguro para aplicaciones qu\u00edmicas tanto generales como industriales.<\/p>\n<p>Una v\u00e1lvula de bola econ\u00f3mica, compacta y confiable con cuerpo de Acero Inoxidable CF8M y asiento de PTFE.<\/p>\n<p>Se utiliza para &quot;cerrar&quot; flujos de medios en una amplia gama de tareas l\u00edquidas y gaseosas, incluido drenaje y purga, aislamiento de medidores y puntos de prueba.<\/p>\n<p>Cuenta con un v\u00e1stago a prueba de explosiones y agarre aislado, manija de palanca bloqueable.<\/p>\n<p>STV Valve Technology Group Co., Ltd es un l\u00edder profesional en China V\u00e1lvula de bola de 1 pieza, v\u00e1lvula de bola CF8M, v\u00e1lvula de bola de puerto reductor, v\u00e1lvula de bola de fundici\u00f3n, v\u00e1lvula de bola de extremo NPT, v\u00e1lvula de bola de 2 pulgadas, v\u00e1lvula de bola de 3 pulgadas, v\u00e1lvula de bola de 4 pulgadas , v\u00e1lvula de bola de agua, v\u00e1lvula de bola de gas, v\u00e1lvula de bola roscada, v\u00e1lvula de bola bloqueable, v\u00e1lvula de bola de palanca, v\u00e1lvula de bola peque\u00f1a, mini v\u00e1lvula de bola Fabricante con alta calidad y precio competitivo.<\/p>\n<p>Comun\u00edquese con nuestro sales@stvvalve.com para obtener otros materiales y detalles.Hoja de fechas:<br \/>\n<a href=\"https:\/\/www.stvvalves.com\/wp-content\/uploads\/2018\/11\/1PC-Ball-Valve-Reducer-Port-CF8-Body-Lever-Operated-Drawing.pdf\">1 v\u00e1lvula de bola.<\/a><\/p>","protected":false},"featured_media":3852,"template":"","meta":[],"product_brand":[],"product_cat":[43,79],"product_tag":[176,158,1003,168,1001,174,170,996,157,202,1002,175,161,159,169],"class_list":{"0":"post-3850","1":"product","2":"type-product","3":"status-publish","4":"has-post-thumbnail","6":"product_cat-ball-valve","7":"product_cat-threaded-ball-valve","8":"product_tag-1pc-ball-valve","9":"product_tag-2-inch-ball-valve","10":"product_tag-3-inch-ball-valve","11":"product_tag-4-inch-ball-valve","12":"product_tag-casting-ball-vave","13":"product_tag-cf8m-ball-valve","14":"product_tag-gas-ball-valve","15":"product_tag-lever-ball-valve","16":"product_tag-lockable-ball-valve","17":"product_tag-mini-ball-valve","18":"product_tag-npt-end-ball-ball-valve","19":"product_tag-reducer-port-ball-valve","20":"product_tag-small-ball-valve","21":"product_tag-threaded-ball-valve","22":"product_tag-water-ball-valve","24":"first","25":"instock","26":"shipping-taxable","27":"product-type-simple"},"_links":{"self":[{"href":"https:\/\/www.stvvalves.com\/es\/wp-json\/wp\/v2\/product\/3850","targetHints":{"allow":["GET"]}}],"collection":[{"href":"https:\/\/www.stvvalves.com\/es\/wp-json\/wp\/v2\/product"}],"about":[{"href":"https:\/\/www.stvvalves.com\/es\/wp-json\/wp\/v2\/types\/product"}],"wp:featuredmedia":[{"embeddable":true,"href":"https:\/\/www.stvvalves.com\/es\/wp-json\/wp\/v2\/media\/3852"}],"wp:attachment":[{"href":"https:\/\/www.stvvalves.com\/es\/wp-json\/wp\/v2\/media?parent=3850"}],"wp:term":[{"taxonomy":"product_brand","embeddable":true,"href":"https:\/\/www.stvvalves.com\/es\/wp-json\/wp\/v2\/product_brand?post=3850"},{"taxonomy":"product_cat","embeddable":true,"href":"https:\/\/www.stvvalves.com\/es\/wp-json\/wp\/v2\/product_cat?post=3850"},{"taxonomy":"product_tag","embeddable":true,"href":"https:\/\/www.stvvalves.com\/es\/wp-json\/wp\/v2\/product_tag?post=3850"}],"curies":[{"name":"wp","href":"https:\/\/api.w.org\/{rel}","templated":true}]}}