{"id":3857,"date":"2018-11-23T07:01:23","date_gmt":"2018-11-23T07:01:23","guid":{"rendered":"https:\/\/www.stvvalves.com\/?post_type=product&#038;p=3857"},"modified":"2025-02-17T18:17:57","modified_gmt":"2025-02-17T10:17:57","slug":"din-flange-ball-valve-pn16-cf8m-with-iso5211-direct-mounting-pad","status":"publish","type":"product","link":"https:\/\/www.stvvalves.com\/es\/products\/din-flange-ball-valve-pn16-cf8m-with-iso5211-direct-mounting-pad\/","title":{"rendered":"V\u00e1lvula de bola con brida DIN, PN16, CF8M, con plataforma de montaje directo ISO5211"},"content":{"rendered":"<p>1. Cumplimiento de est\u00e1ndares: API6D, API 608 ANSI B16.34 BS5351<br \/>\n2. Cara a cara: ANSI B16.10<br \/>\n3. Dimensiones de brida RF, RTJ: ANSI B16.5 para 24\u2033<br \/>\n4. Extremo para soldar a tope: ANSI B16.25<br \/>\n5. Clasificaci\u00f3n de presi\u00f3n: ANSI B16.34<br \/>\n6. Materiales: CF8M (SS316), CF8 (SS304) CF3M (SS316L), CF3 (SS304L), WCB,DIN 1.4408\/1.4308\/1.0619<br \/>\n7. Temperatura adecuada: -196\u00baC~550\u00baC<br \/>\n8. Medio adecuado: agua, gas natural, petr\u00f3leo, etc.<\/p>\n<p>2. Caracter\u00edsticas de la v\u00e1lvula de bola de flujo reducido de flujo total con brida de acero inoxidable API DIN JIS GB:<\/p>\n<p>1. Cuerpo de fundici\u00f3n a la cera perdida (2\u2033~48\u2033)<br \/>\n2. Dise\u00f1o de bola montada sobre mu\u00f1\u00f3n<br \/>\n3. V\u00e1stago anti-explosi\u00f3n<br \/>\n4. Asiento de metal con metal (opcional)<br \/>\n5. Dispositivo antiest\u00e1tico<br \/>\n6. Dise\u00f1o seguro contra incendios (opcional)<br \/>\n7. Prueba e inspecci\u00f3n: API 598 EN12266<\/p>\n<p>3.Operador de v\u00e1lvula de bola de flujo reducido de flujo total con brida de acero inoxidable API DIN JIS GB:<\/p>\n<p>1. Palanca<br \/>\n2. Actuador de engranaje helicoidal<br \/>\n3. Actuador el\u00e9ctrico y neum\u00e1tico<\/p>\n<table>\n<tbody>\n<tr>\n<td width=\"200\"><strong>nombre del producto<\/strong><\/td>\n<td width=\"481\">V\u00e1lvula de bola con brida DIN, PN16, CF8M, con plataforma de montaje directo ISO5211<\/td>\n<\/tr>\n<tr>\n<td width=\"200\">1. Materiales<\/td>\n<td width=\"481\">316<\/td>\n<\/tr>\n<tr>\n<td width=\"200\">2. Tama\u00f1o<\/td>\n<td width=\"481\">3\u201d<\/td>\n<\/tr>\n<tr>\n<td width=\"200\">4. Puerto<\/td>\n<td width=\"481\">Puerto lleno<\/td>\n<\/tr>\n<tr>\n<td width=\"200\">5. Presi\u00f3n de trabajo<\/td>\n<td width=\"481\">PN16<\/td>\n<\/tr>\n<tr>\n<td width=\"200\">6. La conexi\u00f3n finaliza<\/td>\n<td width=\"481\">RF<\/td>\n<\/tr>\n<tr>\n<td width=\"200\">7. Temperatura de trabajo.<\/td>\n<td width=\"481\">-29~180\u00baC,<\/td>\n<\/tr>\n<tr>\n<td width=\"200\">8. Medio adecuado<\/td>\n<td width=\"481\">Agua, Gas Natural, Petr\u00f3leo y alg\u00fan l\u00edquido corrosivo<\/td>\n<\/tr>\n<tr>\n<td width=\"200\">9. Operado<\/td>\n<td width=\"481\">Volante<\/td>\n<\/tr>\n<tr>\n<td width=\"200\">10. Inspecci\u00f3n y pruebas<\/td>\n<td width=\"481\">Seg\u00fan API598<\/td>\n<\/tr>\n<tr>\n<td width=\"200\"><strong>Env\u00edo<\/strong><\/td>\n<td width=\"481\"><\/td>\n<\/tr>\n<tr>\n<td width=\"200\">El tiempo de entrega<\/td>\n<td width=\"481\">30 dias<\/td>\n<\/tr>\n<tr>\n<td width=\"200\">Paquete<\/td>\n<td width=\"481\">Caja de madera contrachapada de exportaci\u00f3n est\u00e1ndar<\/td>\n<\/tr>\n<tr>\n<td width=\"200\">Puerto de embarque<\/td>\n<td width=\"481\">Ningbo\/Shangh\u00e1i, China<\/td>\n<\/tr>\n<tr>\n<td width=\"200\">Condiciones de env\u00edo<\/td>\n<td width=\"481\">Exw, MANDO, CFR, CIF, etc.<\/td>\n<\/tr>\n<tr>\n<td width=\"200\">T\u00e9rminos de pago<\/td>\n<td width=\"481\">T\/T, Western Union, PayPal, etc.<\/td>\n<\/tr>\n<tr>\n<td width=\"200\"><\/td>\n<td width=\"481\">Pago anticipado de 30%, saldo de 70% pagado antes del env\u00edo<\/td>\n<\/tr>\n<tr>\n<td width=\"200\">Pa\u00eds de origen<\/td>\n<td width=\"481\">Ciudad de Wenzhou, China<\/td>\n<\/tr>\n<tr>\n<td width=\"200\">Capacidad de producci\u00f3n<\/td>\n<td width=\"481\">6000 toneladas\/a\u00f1o<\/td>\n<\/tr>\n<tr>\n<td width=\"200\">Cantidad m\u00ednima de pedido<\/td>\n<td width=\"481\">1 unidad\/tama\u00f1o<\/td>\n<\/tr>\n<\/tbody>\n<\/table>","protected":false},"excerpt":{"rendered":"<p>Modelo:Q41F-PN16-1\/2\u2033<\/p>\n<p>La v\u00e1lvula de bola con brida DIN de montaje directo proporciona un funcionamiento seguro para aplicaciones qu\u00edmicas generales e industriales y entornos peligrosos. Una v\u00e1lvula de paso total y alto rendimiento con cuerpo de acero inoxidable, asiento de PTFE reforzado, sello de grafito y parte superior de montaje ISO para accionamiento.<\/p>\n<p>Benefici\u00e1ndose de un cuerpo dividido, dise\u00f1o de dos piezas, Fire Safe certificado seg\u00fan API607 4.\u00aa edici\u00f3n con un resorte antiest\u00e1tico de &quot;v\u00e1stago a bola&quot; y &quot;v\u00e1stago a cuerpo&quot; instalado de serie.<\/p>\n<p>Caracter\u00edsticas clave:<br \/>\nDisponible en PN16, tama\u00f1os: 1\/2\u2033 a 8\u2033.<br \/>\nRango de temperatura: -20 \u00b0C a 180 \u00b0C.<br \/>\nPresi\u00f3n de funcionamiento: PN16 nominal.<br \/>\nEmpu\u00f1adura aislada, manija de palanca bloqueable.<br \/>\nMovimiento: giro de 90\u00b0.<\/p>\n<p>STV Valve Technology Group Co., Ltd es un l\u00edder profesional en China: v\u00e1lvula de bola de palanca, v\u00e1lvula de bola bloqueable, v\u00e1lvula de bola de paso total, v\u00e1lvula de bola de paso total con brida, v\u00e1lvula de bola tipo brida DN 65, v\u00e1lvula de bola de sello suave con brida DIN, China PN16-PN40 Fabricante de v\u00e1lvulas de bola con alta calidad y precio competitivo.<\/p>\n<p>Comun\u00edquese con nuestro sales@stvvalve.com para obtener otros materiales y detalles.<\/p>\n<p>Hoja de fecha:<a href=\"https:\/\/www.stvvalves.com\/wp-content\/uploads\/2018\/12\/pn16-flange-ball-valve-with-direct-mount-drawing.pdf\">V\u00e1lvula de bola con brida DIN, PN16, CF8M, con plataforma de montaje directo ISO5211<\/a><\/p>","protected":false},"featured_media":3858,"template":"","meta":[],"product_brand":[],"product_cat":[43,80,53],"product_tag":[178,993,994,177,995,156,996,157,992],"class_list":{"0":"post-3857","1":"product","2":"type-product","3":"status-publish","4":"has-post-thumbnail","6":"product_cat-ball-valve","7":"product_cat-flange-ball-valve","8":"product_cat-stainless-steel-ball-valve","9":"product_tag-din-ball-valve","10":"product_tag-din-flange-soft-seal-ball-valve","11":"product_tag-flange-type-ball-valve-dn-65","12":"product_tag-flanged-ball-valve","13":"product_tag-flanged-full-bore-ball-valve","14":"product_tag-full-port-ball-valve","15":"product_tag-lever-ball-valve","16":"product_tag-lockable-ball-valve","17":"product_tag-pn16-pn40-ball-valve","19":"first","20":"instock","21":"shipping-taxable","22":"product-type-simple"},"_links":{"self":[{"href":"https:\/\/www.stvvalves.com\/es\/wp-json\/wp\/v2\/product\/3857","targetHints":{"allow":["GET"]}}],"collection":[{"href":"https:\/\/www.stvvalves.com\/es\/wp-json\/wp\/v2\/product"}],"about":[{"href":"https:\/\/www.stvvalves.com\/es\/wp-json\/wp\/v2\/types\/product"}],"wp:featuredmedia":[{"embeddable":true,"href":"https:\/\/www.stvvalves.com\/es\/wp-json\/wp\/v2\/media\/3858"}],"wp:attachment":[{"href":"https:\/\/www.stvvalves.com\/es\/wp-json\/wp\/v2\/media?parent=3857"}],"wp:term":[{"taxonomy":"product_brand","embeddable":true,"href":"https:\/\/www.stvvalves.com\/es\/wp-json\/wp\/v2\/product_brand?post=3857"},{"taxonomy":"product_cat","embeddable":true,"href":"https:\/\/www.stvvalves.com\/es\/wp-json\/wp\/v2\/product_cat?post=3857"},{"taxonomy":"product_tag","embeddable":true,"href":"https:\/\/www.stvvalves.com\/es\/wp-json\/wp\/v2\/product_tag?post=3857"}],"curies":[{"name":"wp","href":"https:\/\/api.w.org\/{rel}","templated":true}]}}