{"id":3864,"date":"2018-11-24T07:12:54","date_gmt":"2018-11-24T07:12:54","guid":{"rendered":"https:\/\/www.stvvalves.com\/?post_type=product&#038;p=3864"},"modified":"2025-02-17T18:17:56","modified_gmt":"2025-02-17T10:17:56","slug":"screwed-stainless-steel-gate-valve-200psi-cf8m-body-npt-end","status":"publish","type":"product","link":"https:\/\/www.stvvalves.com\/es\/products\/screwed-stainless-steel-gate-valve-200psi-cf8m-body-npt-end\/","title":{"rendered":"V\u00e1lvula de compuerta atornillada de acero inoxidable, 200 PSI, cuerpo CF8M, extremo NPT"},"content":{"rendered":"<p>Material; Acero inoxidable 304\/316<\/p>\n<p>Fin del hilo: BSP. BSPT, NPT, DIN2999<\/p>\n<p>Presi\u00f3n: 200 WOG<\/p>\n<p>Medios adecuados: agua, petr\u00f3leo, gas<\/p>\n<p>Las especificaciones pueden dise\u00f1arse y satisfacerse seg\u00fan los requisitos especiales de los clientes.<\/p>\n<p>Si le interesa, p\u00f3ngase en contacto con nosotros libremente.<\/p>\n<table>\n<tbody>\n<tr>\n<td width=\"200\"><strong><b>nombre del producto<\/b><\/strong><\/td>\n<td width=\"481\">V\u00e1lvula de compuerta atornillada de acero inoxidable, 200 PSI, cuerpo CF8M, extremo NPT<\/td>\n<\/tr>\n<tr>\n<td width=\"200\">1. Materiales<\/td>\n<td width=\"481\">304<\/td>\n<\/tr>\n<tr>\n<td width=\"200\">2. Tama\u00f1o<\/td>\n<td width=\"481\">11\/4\u201d<\/td>\n<\/tr>\n<tr>\n<td width=\"200\">4. Puerto<\/td>\n<td width=\"481\">Puerto lleno<\/td>\n<\/tr>\n<tr>\n<td width=\"200\">5. Presi\u00f3n de trabajo<\/td>\n<td width=\"481\">200wog<\/td>\n<\/tr>\n<tr>\n<td width=\"200\">6. La conexi\u00f3n finaliza<\/td>\n<td width=\"481\">TNP<\/td>\n<\/tr>\n<tr>\n<td width=\"200\">7. Temperatura de trabajo.<\/td>\n<td width=\"481\">-29~120\u00baC,<\/td>\n<\/tr>\n<tr>\n<td width=\"200\">8. Medio adecuado<\/td>\n<td width=\"481\">Agua, Gas Natural, Petr\u00f3leo y alg\u00fan l\u00edquido corrosivo<\/td>\n<\/tr>\n<tr>\n<td width=\"200\">9. Operado<\/td>\n<td width=\"481\">Volante<\/td>\n<\/tr>\n<tr>\n<td width=\"200\">10. Inspecci\u00f3n y pruebas<\/td>\n<td width=\"481\">Seg\u00fan API 598<\/td>\n<\/tr>\n<tr>\n<td width=\"200\"><strong><b>Env\u00edo<\/b><\/strong><\/td>\n<td width=\"481\"><\/td>\n<\/tr>\n<tr>\n<td width=\"200\">El tiempo de entrega<\/td>\n<td width=\"481\">30 dias<\/td>\n<\/tr>\n<tr>\n<td width=\"200\">Paquete<\/td>\n<td width=\"481\">Caja de madera contrachapada de exportaci\u00f3n est\u00e1ndar<\/td>\n<\/tr>\n<tr>\n<td width=\"200\">Puerto de embarque<\/td>\n<td width=\"481\">Ningbo\/Shangh\u00e1i, China<\/td>\n<\/tr>\n<tr>\n<td width=\"200\">Condiciones de env\u00edo<\/td>\n<td width=\"481\">Exw, MANDO, CFR, CIF, etc.<\/td>\n<\/tr>\n<tr>\n<td width=\"200\">T\u00e9rminos de pago<\/td>\n<td width=\"481\">T\/T, Western Union, PayPal, etc.<\/td>\n<\/tr>\n<tr>\n<td width=\"200\"><\/td>\n<td width=\"481\">Pago anticipado de 30%, saldo de 70% pagado antes del env\u00edo<\/td>\n<\/tr>\n<tr>\n<td width=\"200\">Pa\u00eds de origen<\/td>\n<td width=\"481\">Ciudad de Wenzhou, China<\/td>\n<\/tr>\n<tr>\n<td width=\"200\">Capacidad de producci\u00f3n<\/td>\n<td width=\"481\">6000 toneladas\/a\u00f1o<\/td>\n<\/tr>\n<tr>\n<td width=\"200\">Cantidad m\u00ednima de pedido<\/td>\n<td width=\"481\">10 unidades\/tama\u00f1o<\/td>\n<\/tr>\n<\/tbody>\n<\/table>","protected":false},"excerpt":{"rendered":"<p>Modelo:KZ15W-200WOG-11\/4<\/p>\n<p>V\u00e1lvula de compuerta atornillada de acero inoxidable, 200 PSI, cuerpo CF8M, extremo NPT<br \/>\nNuestra v\u00e1lvula de compuerta atornillada de acero inoxidable es adecuada para aplicaciones industriales de uso general, fluidos y productos qu\u00edmicos agresivos. Una v\u00e1lvula manual robusta con capacidad de 200 PSI con cuerpo de acero inoxidable y v\u00e1stago no ascendente, volante operado en conexiones finales atornilladas BSP y capacidad de 200 PSI.<\/p>\n<p>Las v\u00e1lvulas de compuerta atornilladas de acero inoxidable no requieren mantenimiento, son econ\u00f3micas y cuentan con un cuerpo, un cap\u00f3 y un volante pintado de hierro d\u00factil de acero inoxidable 316.<\/p>\n<p>Caracter\u00edsticas clave:<br \/>\nDisponible en rosca BSP, NPT<br \/>\nTama\u00f1os: 1\/2\u2033 a 4\u2033.<br \/>\nCuerpo de acero inoxidable con juntas de PTFE.<br \/>\nRango de temperatura: -20\u00b0C a 180\u00b0C.<br \/>\nClasificaci\u00f3n de presi\u00f3n: 200 PSI.<br \/>\nDise\u00f1o Volante V\u00e1stago no ascendente<br \/>\nFabricante STV<br \/>\nSTV Valve Technology Group Co., Ltd es un l\u00edder profesional en China, v\u00e1lvula de compuerta atornillada de acero inoxidable, v\u00e1lvula de compuerta de 200 PSI, v\u00e1lvula de compuerta CF8M, v\u00e1lvula de compuerta de extremo NPT, fabricaci\u00f3n con alta calidad y precio competitivo.<\/p>\n<p>Comun\u00edquese con nuestro sales@stvvalve.com para obtener otros materiales y detalles.<br \/>\nHoja de fecha:<\/p>\n<p><a href=\"https:\/\/www.stvvalves.com\/wp-content\/uploads\/2018\/11\/Screwed-Stainless-Steel-Gate-Valve-200PSI-CF8M-Body-NPT-End-drawing.pdf\">V\u00e1lvula de compuerta atornillada de acero inoxidable<\/a><\/p>","protected":false},"featured_media":3865,"template":"","meta":[],"product_brand":[],"product_cat":[44,60],"product_tag":[163,179,180],"class_list":{"0":"post-3864","1":"product","2":"type-product","3":"status-publish","4":"has-post-thumbnail","6":"product_cat-gate-valve","7":"product_cat-stainless-steel-gate-valve","8":"product_tag-gate-valve","9":"product_tag-screwed-gate-valve","10":"product_tag-screwed-stainless-steel-gate-valve","12":"first","13":"instock","14":"shipping-taxable","15":"product-type-simple"},"_links":{"self":[{"href":"https:\/\/www.stvvalves.com\/es\/wp-json\/wp\/v2\/product\/3864","targetHints":{"allow":["GET"]}}],"collection":[{"href":"https:\/\/www.stvvalves.com\/es\/wp-json\/wp\/v2\/product"}],"about":[{"href":"https:\/\/www.stvvalves.com\/es\/wp-json\/wp\/v2\/types\/product"}],"wp:featuredmedia":[{"embeddable":true,"href":"https:\/\/www.stvvalves.com\/es\/wp-json\/wp\/v2\/media\/3865"}],"wp:attachment":[{"href":"https:\/\/www.stvvalves.com\/es\/wp-json\/wp\/v2\/media?parent=3864"}],"wp:term":[{"taxonomy":"product_brand","embeddable":true,"href":"https:\/\/www.stvvalves.com\/es\/wp-json\/wp\/v2\/product_brand?post=3864"},{"taxonomy":"product_cat","embeddable":true,"href":"https:\/\/www.stvvalves.com\/es\/wp-json\/wp\/v2\/product_cat?post=3864"},{"taxonomy":"product_tag","embeddable":true,"href":"https:\/\/www.stvvalves.com\/es\/wp-json\/wp\/v2\/product_tag?post=3864"}],"curies":[{"name":"wp","href":"https:\/\/api.w.org\/{rel}","templated":true}]}}