{"id":3871,"date":"2018-11-24T07:46:57","date_gmt":"2018-11-24T07:46:57","guid":{"rendered":"https:\/\/www.stvvalves.com\/?post_type=product&#038;p=3871"},"modified":"2025-02-17T18:17:55","modified_gmt":"2025-02-17T10:17:55","slug":"stainless-steel-screwed-spring-check-valve-dn40-npt-end","status":"publish","type":"product","link":"https:\/\/www.stvvalves.com\/es\/products\/stainless-steel-screwed-spring-check-valve-dn40-npt-end\/","title":{"rendered":"V\u00e1lvula de retenci\u00f3n de resorte atornillada de acero inoxidable, DN40, extremo NPT"},"content":{"rendered":"<p><img loading=\"lazy\" decoding=\"async\" class=\"alignnone wp-image-3879 size-full\" src=\"https:\/\/www.stvvalves.com\/wp-content\/uploads\/2018\/11\/Stainless-Steel-Screwed-Spring-Check-Valve-DN40-NPT-End-drawing.jpg\" alt=\"\" width=\"1653\" height=\"2339\" srcset=\"https:\/\/www.stvvalves.com\/wp-content\/uploads\/2018\/11\/Stainless-Steel-Screwed-Spring-Check-Valve-DN40-NPT-End-drawing.jpg 1653w, https:\/\/www.stvvalves.com\/wp-content\/uploads\/2018\/11\/Stainless-Steel-Screwed-Spring-Check-Valve-DN40-NPT-End-drawing-600x849.jpg 600w, https:\/\/www.stvvalves.com\/wp-content\/uploads\/2018\/11\/Stainless-Steel-Screwed-Spring-Check-Valve-DN40-NPT-End-drawing-212x300.jpg 212w, https:\/\/www.stvvalves.com\/wp-content\/uploads\/2018\/11\/Stainless-Steel-Screwed-Spring-Check-Valve-DN40-NPT-End-drawing-768x1087.jpg 768w, https:\/\/www.stvvalves.com\/wp-content\/uploads\/2018\/11\/Stainless-Steel-Screwed-Spring-Check-Valve-DN40-NPT-End-drawing-728x1030.jpg 728w, https:\/\/www.stvvalves.com\/wp-content\/uploads\/2018\/11\/Stainless-Steel-Screwed-Spring-Check-Valve-DN40-NPT-End-drawing-1060x1500.jpg 1060w, https:\/\/www.stvvalves.com\/wp-content\/uploads\/2018\/11\/Stainless-Steel-Screwed-Spring-Check-Valve-DN40-NPT-End-drawing-498x705.jpg 498w\" sizes=\"auto, (max-width: 1653px) 100vw, 1653px\" \/><\/p>","protected":false},"excerpt":{"rendered":"<p>V\u00e1lvula de retenci\u00f3n de resorte atornillada de acero inoxidable, DN40, extremo NPT<br \/>\nNuestra v\u00e1lvula de retenci\u00f3n con resorte atornillada de acero inoxidable ofrece excelentes capacidades de sellado tanto para presiones altas como bajas; Las aplicaciones de uso general, industriales y HVAC incluyen agua, calefacci\u00f3n, plantas de aire acondicionado y sistemas de aire comprimido. Una v\u00e1lvula antirretorno confiable y robusta que cuenta con un cuerpo mantenible de 2 piezas, sello de PTFE y asiento de vit\u00f3n.<\/p>\n<p>Cuando se instala con una canasta de acero inoxidable, la v\u00e1lvula se convierte en una v\u00e1lvula de pie completamente funcional.<\/p>\n<p>Se instala verticalmente (solo hacia arriba) u horizontalmente.<\/p>\n<p>Caracter\u00edsticas clave:<br \/>\nDisponible en BSP atornillado, retenci\u00f3n por resorte o v\u00e1lvula de pie.<br \/>\nTama\u00f1os: 1\/4\u2033 a 4\u2033<br \/>\nRango de temperatura: -20\u00b0C a 120\u00b0C.<br \/>\nClasificaci\u00f3n de presi\u00f3n: hasta 20 bar.<br \/>\nMaterial del cuerpo: 304,316<br \/>\nFabricaci\u00f3n:STV<\/p>\n<p>STV Valve Technology Group Co., Ltd es un l\u00edder profesional en China V\u00e1lvula de retenci\u00f3n de 1000 PSI, v\u00e1lvula de retenci\u00f3n de extremo NPT, v\u00e1lvula de retenci\u00f3n con resorte, v\u00e1lvula de retenci\u00f3n con resorte, v\u00e1lvula de retenci\u00f3n vertical, v\u00e1lvula de retenci\u00f3n de acero inoxidable, v\u00e1lvula de retenci\u00f3n con resorte, v\u00e1lvula de retenci\u00f3n de elevaci\u00f3n Fabricante con alta calidad y precio competitivo.<\/p>\n<p>Hoja de fecha:<br \/>\n<a href=\"https:\/\/www.stvvalves.com\/wp-content\/uploads\/2018\/11\/VERTICAL-CHV-316-Model.pdf\">V\u00e1lvula de retenci\u00f3n de resorte atornillada de acero inoxidable<\/a><\/p>","protected":false},"featured_media":3874,"template":"","meta":[],"product_brand":[],"product_cat":[46,67],"product_tag":[183,1004,184,182,227,633,181],"class_list":{"0":"post-3871","1":"product","2":"type-product","3":"status-publish","4":"has-post-thumbnail","6":"product_cat-check-valves","7":"product_cat-stainless-steel-check-valve","8":"product_tag-1000-psi-check-valve","9":"product_tag-lift-check-valve","10":"product_tag-npt-end-check-valve","11":"product_tag-spring-check-valve","12":"product_tag-spring-loaded-check-valve","13":"product_tag-stainless-steel-check-valve","14":"product_tag-vertical-check-valve","16":"first","17":"instock","18":"shipping-taxable","19":"product-type-simple"},"_links":{"self":[{"href":"https:\/\/www.stvvalves.com\/es\/wp-json\/wp\/v2\/product\/3871","targetHints":{"allow":["GET"]}}],"collection":[{"href":"https:\/\/www.stvvalves.com\/es\/wp-json\/wp\/v2\/product"}],"about":[{"href":"https:\/\/www.stvvalves.com\/es\/wp-json\/wp\/v2\/types\/product"}],"wp:featuredmedia":[{"embeddable":true,"href":"https:\/\/www.stvvalves.com\/es\/wp-json\/wp\/v2\/media\/3874"}],"wp:attachment":[{"href":"https:\/\/www.stvvalves.com\/es\/wp-json\/wp\/v2\/media?parent=3871"}],"wp:term":[{"taxonomy":"product_brand","embeddable":true,"href":"https:\/\/www.stvvalves.com\/es\/wp-json\/wp\/v2\/product_brand?post=3871"},{"taxonomy":"product_cat","embeddable":true,"href":"https:\/\/www.stvvalves.com\/es\/wp-json\/wp\/v2\/product_cat?post=3871"},{"taxonomy":"product_tag","embeddable":true,"href":"https:\/\/www.stvvalves.com\/es\/wp-json\/wp\/v2\/product_tag?post=3871"}],"curies":[{"name":"wp","href":"https:\/\/api.w.org\/{rel}","templated":true}]}}