{"id":3880,"date":"2018-11-24T08:34:32","date_gmt":"2018-11-24T08:34:32","guid":{"rendered":"https:\/\/www.stvvalves.com\/?post_type=product&#038;p=3880"},"modified":"2025-02-17T18:17:53","modified_gmt":"2025-02-17T10:17:53","slug":"screwed-stainless-steel-swing-check-valve","status":"publish","type":"product","link":"https:\/\/www.stvvalves.com\/es\/products\/screwed-stainless-steel-swing-check-valve\/","title":{"rendered":"V\u00e1lvula de retenci\u00f3n oscilante de acero inoxidable atornillada"},"content":{"rendered":"<p><img loading=\"lazy\" decoding=\"async\" class=\"alignnone size-full wp-image-3887\" src=\"https:\/\/www.stvvalves.com\/wp-content\/uploads\/2018\/11\/Screwed-Stainless-Steel-Swing-Check-Valve-Drawing.jpg\" alt=\"\" width=\"1653\" height=\"2338\" srcset=\"https:\/\/www.stvvalves.com\/wp-content\/uploads\/2018\/11\/Screwed-Stainless-Steel-Swing-Check-Valve-Drawing.jpg 1653w, https:\/\/www.stvvalves.com\/wp-content\/uploads\/2018\/11\/Screwed-Stainless-Steel-Swing-Check-Valve-Drawing-600x849.jpg 600w, https:\/\/www.stvvalves.com\/wp-content\/uploads\/2018\/11\/Screwed-Stainless-Steel-Swing-Check-Valve-Drawing-212x300.jpg 212w, https:\/\/www.stvvalves.com\/wp-content\/uploads\/2018\/11\/Screwed-Stainless-Steel-Swing-Check-Valve-Drawing-768x1086.jpg 768w, https:\/\/www.stvvalves.com\/wp-content\/uploads\/2018\/11\/Screwed-Stainless-Steel-Swing-Check-Valve-Drawing-728x1030.jpg 728w, https:\/\/www.stvvalves.com\/wp-content\/uploads\/2018\/11\/Screwed-Stainless-Steel-Swing-Check-Valve-Drawing-1061x1500.jpg 1061w, https:\/\/www.stvvalves.com\/wp-content\/uploads\/2018\/11\/Screwed-Stainless-Steel-Swing-Check-Valve-Drawing-498x705.jpg 498w\" sizes=\"auto, (max-width: 1653px) 100vw, 1653px\" \/><\/p>","protected":false},"excerpt":{"rendered":"<p>Modelo:H14W-200WOG-11\/2<br \/>\nV\u00e1lvula de retenci\u00f3n oscilante de acero inoxidable atornillada<br \/>\nNuestra v\u00e1lvula de retenci\u00f3n oscilante atornillada de acero inoxidable ofrece excelentes capacidades de sellado tanto para presiones altas como bajas; Las aplicaciones de uso general, industriales y HVAC incluyen agua, calefacci\u00f3n, plantas de aire acondicionado y sistemas de aire comprimido. Una v\u00e1lvula confiable, de bajo costo y de alto rendimiento con cuerpo de acero inoxidable, tapa de PTFE y sello de pasador de bisagra.<\/p>\n<p>Se instala verticalmente (solo hacia arriba) u horizontalmente.<\/p>\n<p>Caracter\u00edsticas clave:<br \/>\nDisponible en rosca BSP, NPT<br \/>\nTama\u00f1os: 1\/4\u2033 a 4\u2033<br \/>\nRango de temperatura: -20\u00b0C a 180\u00b0C.<br \/>\nClasificaci\u00f3n de presi\u00f3n: 200 PSI.<br \/>\nMaterial del cuerpo: 304,316<\/p>\n<p>STV Valve Technology Group Co., Ltd es un l\u00edder profesional en China 200 Wog V\u00e1lvula de retenci\u00f3n oscilante, v\u00e1lvula de retenci\u00f3n, v\u00e1lvula de retenci\u00f3n atornillada, v\u00e1lvula de retenci\u00f3n oscilante de acero inoxidable, v\u00e1lvula de retenci\u00f3n de acero inoxidable, v\u00e1lvula de retenci\u00f3n oscilante Fabricante con alta calidad y precio competitivo.<br \/>\nHoja de fecha:<br \/>\n<a href=\"https:\/\/www.stvvalves.com\/wp-content\/uploads\/2018\/11\/Screwed-Stainless-Steel-Swing-Check-Valve-Drawing.pdf\">V\u00e1lvula de retenci\u00f3n oscilante de acero inoxidable atornillada<\/a><\/p>","protected":false},"featured_media":3882,"template":"","meta":[],"product_brand":[],"product_cat":[46,67],"product_tag":[188,185,186,187,633,152],"class_list":{"0":"post-3880","1":"product","2":"type-product","3":"status-publish","4":"has-post-thumbnail","6":"product_cat-check-valves","7":"product_cat-stainless-steel-check-valve","8":"product_tag-200-wog-swing-check-valve","9":"product_tag-check-valve","10":"product_tag-screwed-check-valve","11":"product_tag-screwed-stainless-steel-swing-check-valve","12":"product_tag-stainless-steel-check-valve","13":"product_tag-swing-check-valve","15":"first","16":"instock","17":"shipping-taxable","18":"product-type-simple"},"_links":{"self":[{"href":"https:\/\/www.stvvalves.com\/es\/wp-json\/wp\/v2\/product\/3880","targetHints":{"allow":["GET"]}}],"collection":[{"href":"https:\/\/www.stvvalves.com\/es\/wp-json\/wp\/v2\/product"}],"about":[{"href":"https:\/\/www.stvvalves.com\/es\/wp-json\/wp\/v2\/types\/product"}],"wp:featuredmedia":[{"embeddable":true,"href":"https:\/\/www.stvvalves.com\/es\/wp-json\/wp\/v2\/media\/3882"}],"wp:attachment":[{"href":"https:\/\/www.stvvalves.com\/es\/wp-json\/wp\/v2\/media?parent=3880"}],"wp:term":[{"taxonomy":"product_brand","embeddable":true,"href":"https:\/\/www.stvvalves.com\/es\/wp-json\/wp\/v2\/product_brand?post=3880"},{"taxonomy":"product_cat","embeddable":true,"href":"https:\/\/www.stvvalves.com\/es\/wp-json\/wp\/v2\/product_cat?post=3880"},{"taxonomy":"product_tag","embeddable":true,"href":"https:\/\/www.stvvalves.com\/es\/wp-json\/wp\/v2\/product_tag?post=3880"}],"curies":[{"name":"wp","href":"https:\/\/api.w.org\/{rel}","templated":true}]}}