{"id":3897,"date":"2018-11-24T14:47:41","date_gmt":"2018-11-24T14:47:41","guid":{"rendered":"https:\/\/www.stvvalves.com\/?post_type=product&#038;p=3897"},"modified":"2024-12-25T15:00:17","modified_gmt":"2024-12-25T07:00:17","slug":"screwed-stainless-steel-globe-valve","status":"publish","type":"product","link":"https:\/\/www.stvvalves.com\/es\/products\/screwed-stainless-steel-globe-valve\/","title":{"rendered":"V\u00e1lvula de globo de acero inoxidable atornillada"},"content":{"rendered":"<p>Extremo roscado: ANSI B2.1, BS 21:1973,<br \/>\nDIN 259\/2999,ISO 228<br \/>\nEstructura: v\u00e1lvula de globo<br \/>\nPresi\u00f3n: 200PSI<br \/>\nTama\u00f1o del puerto: est\u00e1ndar<br \/>\nMateriales: WCB, 304,316<br \/>\nSize: 1\/2\u2033-4\u2033<br \/>\nRueda de mango<\/p>\n<table>\n<tbody>\n<tr>\n<td width=\"200\"><strong>nombre del producto<\/strong><\/td>\n<td width=\"481\">V\u00e1lvula de globo de acero inoxidable, CF8,3 pulgadas, 200 WOG, extremo NPT<\/td>\n<\/tr>\n<tr>\n<td width=\"200\">1. Materiales<\/td>\n<td width=\"481\">CF8M<\/td>\n<\/tr>\n<tr>\n<td width=\"200\">2. Tama\u00f1o<\/td>\n<td width=\"481\">11\/2\u201d<\/td>\n<\/tr>\n<tr>\n<td width=\"200\">4. Puerto<\/td>\n<td width=\"481\">Puerto lleno<\/td>\n<\/tr>\n<tr>\n<td width=\"200\">5. Presi\u00f3n de trabajo<\/td>\n<td width=\"481\">200WOG<\/td>\n<\/tr>\n<tr>\n<td width=\"200\">6. La conexi\u00f3n finaliza<\/td>\n<td width=\"481\">TNP<\/td>\n<\/tr>\n<tr>\n<td width=\"200\">7. Temperatura de trabajo.<\/td>\n<td width=\"481\">-29~120\u00baC,<\/td>\n<\/tr>\n<tr>\n<td width=\"200\">8. Medio adecuado<\/td>\n<td width=\"481\">Agua, Gas Natural, Petr\u00f3leo y alg\u00fan l\u00edquido corrosivo<\/td>\n<\/tr>\n<tr>\n<td width=\"200\">9. Operado<\/td>\n<td width=\"481\">Volante<\/td>\n<\/tr>\n<tr>\n<td width=\"200\">10. Inspecci\u00f3n y pruebas<\/td>\n<td width=\"481\">Seg\u00fan API598<\/td>\n<\/tr>\n<tr>\n<td width=\"200\"><strong>Env\u00edo<\/strong><\/td>\n<td width=\"481\"><\/td>\n<\/tr>\n<tr>\n<td width=\"200\">El tiempo de entrega<\/td>\n<td width=\"481\">30 dias<\/td>\n<\/tr>\n<tr>\n<td width=\"200\">Paquete<\/td>\n<td width=\"481\">Caja de madera contrachapada de exportaci\u00f3n est\u00e1ndar<\/td>\n<\/tr>\n<tr>\n<td width=\"200\">Puerto de embarque<\/td>\n<td width=\"481\">Ningbo\/Shangh\u00e1i, China<\/td>\n<\/tr>\n<tr>\n<td width=\"200\">Condiciones de env\u00edo<\/td>\n<td width=\"481\">Exw, MANDO, CFR, CIF, etc.<\/td>\n<\/tr>\n<tr>\n<td width=\"200\">T\u00e9rminos de pago<\/td>\n<td width=\"481\">T\/T, Western Union, PayPal, etc.<\/td>\n<\/tr>\n<tr>\n<td width=\"200\"><\/td>\n<td width=\"481\">Pago anticipado de 30%, saldo de 70% pagado antes del env\u00edo<\/td>\n<\/tr>\n<tr>\n<td width=\"200\">Pa\u00eds de origen<\/td>\n<td width=\"481\">Ciudad de Wenzhou, China<\/td>\n<\/tr>\n<tr>\n<td width=\"200\">Capacidad de producci\u00f3n<\/td>\n<td width=\"481\">6000 toneladas\/a\u00f1o<\/td>\n<\/tr>\n<tr>\n<td width=\"200\">Cantidad m\u00ednima de pedido<\/td>\n<td width=\"481\">1 unidad\/tama\u00f1o<\/td>\n<\/tr>\n<\/tbody>\n<\/table>","protected":false},"excerpt":{"rendered":"<p>V\u00e1lvula de globo de acero inoxidable atornillada<br \/>\nNuestra V\u00e1lvula de Globo de Acero Inoxidable Atornillada es adecuada para aplicaciones industriales que incluyen plantas qu\u00edmicas, hospitales, fabricaci\u00f3n de pinturas e instalaciones que utilizan l\u00edquidos agresivos; Ideal para tareas de aislamiento y medios que incluyen aire, gas, aceite y agua. V\u00e1lvula de globo atornillada, operada mediante volante, con v\u00e1stago ascendente, cuerpo, cap\u00f3 y disco de acero inoxidable.<\/p>\n<p>Proporciona un cierre herm\u00e9tico con la capacidad de usarse parcialmente abierto para regular el flujo.<\/p>\n<p>Caracter\u00edsticas clave:<br \/>\nDisponible en tama\u00f1os: 1\/4\u2033 a 4\u2033.<br \/>\nRango de temperatura: -20\u00b0C a 180\u00b0C.<br \/>\nClasificaci\u00f3n de presi\u00f3n: 200 PSI.<br \/>\nUna v\u00e1lvula libre de mantenimiento, perfecta para aislamiento.<br \/>\nMaterial del cuerpo: 304.316.<br \/>\nFabricaci\u00f3n: v\u00e1lvula STV<\/p>\n<p>STV Valve Technology Group Co., Ltd es un l\u00edder profesional en China V\u00e1lvula de globo de 200 PSI, v\u00e1lvula de globo, v\u00e1lvula de globo atornillada, v\u00e1lvula de globo de acero inoxidable, v\u00e1lvula de globo NPT hembra, v\u00e1lvula de globo de I pulgada, v\u00e1lvula de globo de 2 pulgadas, fabricante de v\u00e1lvula de globo 316 NPT Con alta calidad y precio competitivo.<\/p>\n<p>Comun\u00edquese con nuestro sales@stvvalve.com para obtener otros materiales y detalles.<\/p>\n<p>Hoja de fecha:<br \/>\n<a href=\"https:\/\/www.stvvalves.com\/wp-content\/uploads\/2018\/11\/Screwed-Stainless-Steel-Globe-Valve-DRAWING.pdf\">V\u00e1lvula de globo de acero inoxidable atornillada<\/a><\/p>","protected":false},"featured_media":3902,"template":"","meta":[],"product_brand":[],"product_cat":[45,189],"product_tag":[884,193,1021,1019,190,1020,191,192],"class_list":{"0":"post-3897","1":"product","2":"type-product","3":"status-publish","4":"has-post-thumbnail","6":"product_cat-globe-valve","7":"product_cat-stainless-steel-globe-valve","8":"product_tag-2-inch-globe-valve","9":"product_tag-200-psi-globe-valve","10":"product_tag-316-npt-globe-valve","11":"product_tag-female-npt-globe-valve","12":"product_tag-globe-valve","13":"product_tag-i-inch-globe-valve","14":"product_tag-screwed-globe-valve","15":"product_tag-stainless-steel-globe-valve","17":"first","18":"instock","19":"shipping-taxable","20":"product-type-simple"},"_links":{"self":[{"href":"https:\/\/www.stvvalves.com\/es\/wp-json\/wp\/v2\/product\/3897","targetHints":{"allow":["GET"]}}],"collection":[{"href":"https:\/\/www.stvvalves.com\/es\/wp-json\/wp\/v2\/product"}],"about":[{"href":"https:\/\/www.stvvalves.com\/es\/wp-json\/wp\/v2\/types\/product"}],"wp:featuredmedia":[{"embeddable":true,"href":"https:\/\/www.stvvalves.com\/es\/wp-json\/wp\/v2\/media\/3902"}],"wp:attachment":[{"href":"https:\/\/www.stvvalves.com\/es\/wp-json\/wp\/v2\/media?parent=3897"}],"wp:term":[{"taxonomy":"product_brand","embeddable":true,"href":"https:\/\/www.stvvalves.com\/es\/wp-json\/wp\/v2\/product_brand?post=3897"},{"taxonomy":"product_cat","embeddable":true,"href":"https:\/\/www.stvvalves.com\/es\/wp-json\/wp\/v2\/product_cat?post=3897"},{"taxonomy":"product_tag","embeddable":true,"href":"https:\/\/www.stvvalves.com\/es\/wp-json\/wp\/v2\/product_tag?post=3897"}],"curies":[{"name":"wp","href":"https:\/\/api.w.org\/{rel}","templated":true}]}}