{"id":3909,"date":"2018-11-24T15:45:23","date_gmt":"2018-11-24T15:45:23","guid":{"rendered":"https:\/\/www.stvvalves.com\/?post_type=product&#038;p=3909"},"modified":"2025-02-17T18:17:50","modified_gmt":"2025-02-17T10:17:50","slug":"forged-steel-gate-valve-class-800","status":"publish","type":"product","link":"https:\/\/www.stvvalves.com\/es\/products\/forged-steel-gate-valve-class-800\/","title":{"rendered":"V\u00e1lvula de compuerta de acero forjado Clase 800"},"content":{"rendered":"<p>Caracteristicas de dise\u00f1o<br \/>\n1. Puerto completo o puerto convencional<br \/>\n2. Tornillo exterior y yugo (OS&amp;Y)<br \/>\n3. Prensaestopas autoalineables de dos piezas<br \/>\n4. Bonete atornillado con junta en espiral, bonete roscado y sellado soldado o bonete roscado y sellado a presi\u00f3n<br \/>\n5. Asiento trasero integral<br \/>\n6.Disponible en ANSI 150-2500LB, tama\u00f1os: 1\/2\u2033 a 2\u2033.<br \/>\n7.Materiales: A105N, LF2, F304, F316, F11, F22, F5, F91, acero aleado, etc.<br \/>\n8.Rango de temperatura: 0\u00b0C a 600\u00b0C.<br \/>\n9.Puerto: Puerto reductor y puerto completo.<br \/>\n10.Fin de conexi\u00f3n; NPT,BW,SW,RF,RTJ.<\/p>\n<table>\n<tbody>\n<tr>\n<td width=\"200\"><strong><b>nombre del producto<\/b><\/strong><\/td>\n<td width=\"481\">V\u00e1lvula de compuerta de acero forjado Clase 800<\/td>\n<\/tr>\n<tr>\n<td width=\"200\">1. Materiales<\/td>\n<td width=\"481\">A105N<\/td>\n<\/tr>\n<tr>\n<td width=\"200\">2. Tama\u00f1o<\/td>\n<td width=\"481\">2\u201d<\/td>\n<\/tr>\n<tr>\n<td width=\"200\">4. Puerto<\/td>\n<td width=\"481\">Puerto reductor<\/td>\n<\/tr>\n<tr>\n<td width=\"200\">5. Presi\u00f3n de trabajo<\/td>\n<td width=\"481\">800 libras<\/td>\n<\/tr>\n<tr>\n<td width=\"200\">6. La conexi\u00f3n finaliza<\/td>\n<td width=\"481\">Extremo de soldadura de z\u00f3calo<\/td>\n<\/tr>\n<tr>\n<td width=\"200\">7. Temperatura de trabajo.<\/td>\n<td width=\"481\">-29~425\u00baC,<\/td>\n<\/tr>\n<tr>\n<td width=\"200\">8. Medio adecuado<\/td>\n<td width=\"481\">Agua, Gas Natural, Petr\u00f3leo y alg\u00fan l\u00edquido corrosivo<\/td>\n<\/tr>\n<tr>\n<td width=\"200\">9. Operado<\/td>\n<td width=\"481\">Volante<\/td>\n<\/tr>\n<tr>\n<td width=\"200\">10. Inspecci\u00f3n y pruebas<\/td>\n<td width=\"481\">Seg\u00fan API 598<\/td>\n<\/tr>\n<tr>\n<td width=\"200\"><strong><b>Env\u00edo<\/b><\/strong><\/td>\n<td width=\"481\">&nbsp;<\/td>\n<\/tr>\n<tr>\n<td width=\"200\">El tiempo de entrega<\/td>\n<td width=\"481\">30 dias<\/td>\n<\/tr>\n<tr>\n<td width=\"200\">Paquete<\/td>\n<td width=\"481\">Caja de madera contrachapada de exportaci\u00f3n est\u00e1ndar<\/td>\n<\/tr>\n<tr>\n<td width=\"200\">Puerto de embarque<\/td>\n<td width=\"481\">Ningbo\/Shangh\u00e1i, China<\/td>\n<\/tr>\n<tr>\n<td width=\"200\">Condiciones de env\u00edo<\/td>\n<td width=\"481\">Exw, MANDO, CFR, CIF, etc.<\/td>\n<\/tr>\n<tr>\n<td width=\"200\">T\u00e9rminos de pago<\/td>\n<td width=\"481\">T\/T, Western Union, PayPal, etc.<\/td>\n<\/tr>\n<tr>\n<td width=\"200\">&nbsp;<\/td>\n<td width=\"481\">Pago anticipado de 30%, saldo de 70% pagado antes del env\u00edo<\/td>\n<\/tr>\n<tr>\n<td width=\"200\">Pa\u00eds de origen<\/td>\n<td width=\"481\">Ciudad de Wenzhou, China<\/td>\n<\/tr>\n<tr>\n<td width=\"200\">Capacidad de producci\u00f3n<\/td>\n<td width=\"481\">6000 toneladas\/a\u00f1o<\/td>\n<\/tr>\n<tr>\n<td width=\"200\">Cantidad m\u00ednima de pedido<\/td>\n<td width=\"481\">10 unidades\/tama\u00f1o<\/td>\n<\/tr>\n<\/tbody>\n<\/table>","protected":false},"excerpt":{"rendered":"<p>Modelo: Z11H-800LB<br \/>\nLa v\u00e1lvula de compuerta de acero forjado Clase 800 es adecuada para las aplicaciones de proceso m\u00e1s exigentes. Cuando est\u00e1 abierto, el medio fluir\u00e1 con una cantidad m\u00ednima de turbulencia y ca\u00edda de presi\u00f3n a trav\u00e9s de la v\u00e1lvula y en las industrias donde se requiere el aislamiento de fluidos y l\u00edquidos viscosos.<\/p>\n<p>La v\u00e1lvula est\u00e1 dise\u00f1ada seg\u00fan API 602 y tiene un tornillo exterior y una yema con v\u00e1stago ascendente. El volante acciona la v\u00e1lvula de compuerta \u00fanicamente para ambas aplicaciones de aislamiento.<\/p>\n<p>Por qu\u00e9 utilizar v\u00e1lvulas de compuerta: estas v\u00e1lvulas proporcionan un cierre herm\u00e9tico positivo en posici\u00f3n horizontal o vertical para fluidos de proceso en tuber\u00edas. Tambi\u00e9n ofrecen una peque\u00f1a cantidad de control y se utilizan para estrangular vapor, gas o l\u00edquidos. F\u00e1cil de operar y la opci\u00f3n preferida por los ingenieros sobre las v\u00e1lvulas de bola para aislar las estaciones de captura.<\/p>\n<p>Aplicaciones T\u00edpicas:<\/p>\n<p>sala de turbinas<br \/>\nAislamiento<br \/>\nL\u00edneas de condensado<br \/>\nAntes de costosos equipos de planta<br \/>\nL\u00edneas de quemadores de aceite<br \/>\nIndustrias t\u00edpicas:<\/p>\n<p>L\u00ednea de combustible de planta de calderas<br \/>\nInstalaciones de reciclaje<br \/>\nIndustria qu\u00edmica<br \/>\nPlanta de vapor<br \/>\nHospitales, escuelas y HVAC<\/p>\n<p>Hoja de fecha:<br \/>\n<a href=\"https:\/\/www.stvvalves.com\/wp-content\/uploads\/2018\/11\/Forged-Steel-Gate-Valve-Class-800-Drawing.pdf\">V\u00e1lvula de compuerta de acero forjado Clase 800<\/a><\/p>\n<p>&nbsp;<\/p>","protected":false},"featured_media":3911,"template":"","meta":[],"product_brand":[],"product_cat":[59,44],"product_tag":[196,194,195],"class_list":{"0":"post-3909","1":"product","2":"type-product","3":"status-publish","4":"has-post-thumbnail","6":"product_cat-forged-steel-gate-valve","7":"product_cat-gate-valve","8":"product_tag-bolt-bonnet-gate-valve","9":"product_tag-forged-steel-gate-valve","10":"product_tag-high-pressure-gate-valve","12":"first","13":"instock","14":"shipping-taxable","15":"product-type-simple"},"_links":{"self":[{"href":"https:\/\/www.stvvalves.com\/es\/wp-json\/wp\/v2\/product\/3909","targetHints":{"allow":["GET"]}}],"collection":[{"href":"https:\/\/www.stvvalves.com\/es\/wp-json\/wp\/v2\/product"}],"about":[{"href":"https:\/\/www.stvvalves.com\/es\/wp-json\/wp\/v2\/types\/product"}],"wp:featuredmedia":[{"embeddable":true,"href":"https:\/\/www.stvvalves.com\/es\/wp-json\/wp\/v2\/media\/3911"}],"wp:attachment":[{"href":"https:\/\/www.stvvalves.com\/es\/wp-json\/wp\/v2\/media?parent=3909"}],"wp:term":[{"taxonomy":"product_brand","embeddable":true,"href":"https:\/\/www.stvvalves.com\/es\/wp-json\/wp\/v2\/product_brand?post=3909"},{"taxonomy":"product_cat","embeddable":true,"href":"https:\/\/www.stvvalves.com\/es\/wp-json\/wp\/v2\/product_cat?post=3909"},{"taxonomy":"product_tag","embeddable":true,"href":"https:\/\/www.stvvalves.com\/es\/wp-json\/wp\/v2\/product_tag?post=3909"}],"curies":[{"name":"wp","href":"https:\/\/api.w.org\/{rel}","templated":true}]}}