{"id":3920,"date":"2018-11-24T16:33:40","date_gmt":"2018-11-24T16:33:40","guid":{"rendered":"https:\/\/www.stvvalves.com\/?post_type=product&#038;p=3920"},"modified":"2025-02-18T14:17:12","modified_gmt":"2025-02-18T06:17:12","slug":"forged-steel-globe-valve-class-800","status":"publish","type":"product","link":"https:\/\/www.stvvalves.com\/es\/products\/forged-steel-globe-valve-class-800\/","title":{"rendered":"V\u00e1lvula de globo de acero forjado Clase 800"},"content":{"rendered":"<p>Caracter\u00edsticas clave:<br \/>\nOperador de volante<br \/>\nBonete atornillado, Bonete soldado, Bonete sellado a presi\u00f3n<br \/>\nAtornillado BSP, NPT o soldadura por enchufe, soldadura a tope<br \/>\nTama\u00f1os 1\/2\u2033 a 3\u2033<br \/>\nMaterial del cuerpo: A105, F304, F316, F5, F91, F11, F22, acero aleado, etc.<br \/>\nRango de temperatura: -29\u00b0C a 550\u00b0C<br \/>\nPresi\u00f3n 150LB-2500LB<br \/>\n<img loading=\"lazy\" decoding=\"async\" class=\"alignnone size-full wp-image-3921\" src=\"https:\/\/www.stvvalves.com\/wp-content\/uploads\/2018\/11\/forged-steel-globe-valve-class-800.jpg\" alt=\"\" width=\"2339\" height=\"1653\" srcset=\"https:\/\/www.stvvalves.com\/wp-content\/uploads\/2018\/11\/forged-steel-globe-valve-class-800.jpg 2339w, https:\/\/www.stvvalves.com\/wp-content\/uploads\/2018\/11\/forged-steel-globe-valve-class-800-600x424.jpg 600w, https:\/\/www.stvvalves.com\/wp-content\/uploads\/2018\/11\/forged-steel-globe-valve-class-800-300x212.jpg 300w, https:\/\/www.stvvalves.com\/wp-content\/uploads\/2018\/11\/forged-steel-globe-valve-class-800-768x543.jpg 768w, https:\/\/www.stvvalves.com\/wp-content\/uploads\/2018\/11\/forged-steel-globe-valve-class-800-1030x728.jpg 1030w, https:\/\/www.stvvalves.com\/wp-content\/uploads\/2018\/11\/forged-steel-globe-valve-class-800-1500x1060.jpg 1500w, https:\/\/www.stvvalves.com\/wp-content\/uploads\/2018\/11\/forged-steel-globe-valve-class-800-260x185.jpg 260w, https:\/\/www.stvvalves.com\/wp-content\/uploads\/2018\/11\/forged-steel-globe-valve-class-800-705x498.jpg 705w\" sizes=\"auto, (max-width: 2339px) 100vw, 2339px\" \/><\/p>","protected":false},"excerpt":{"rendered":"<p>Modelo: J61Y-800LB<br \/>\nLa v\u00e1lvula de globo de acero forjado Clase 800 es adecuada para aplicaciones de procesos e industrias exigentes donde se requiere el aislamiento de vapor, gas o l\u00edquido.<\/p>\n<p>La v\u00e1lvula dise\u00f1ada seg\u00fan API 602 y probada seg\u00fan API 598 tiene un tornillo exterior y una yema con v\u00e1stago ascendente. El volante acciona la v\u00e1lvula de globo tanto para aplicaciones de aislamiento como de estrangulaci\u00f3n.<\/p>\n<p>Por qu\u00e9 utilizar v\u00e1lvulas de globo: estas v\u00e1lvulas proporcionan un cierre herm\u00e9tico positivo en posici\u00f3n horizontal o vertical para fluidos de proceso en tuber\u00edas. Tambi\u00e9n ofrecen una peque\u00f1a cantidad de control y se utilizan para estrangular vapor, gas o l\u00edquidos. F\u00e1cil de operar y la opci\u00f3n preferida por los ingenieros sobre las v\u00e1lvulas de bola para aislar las estaciones de captura.<\/p>\n<p>Aplicaciones T\u00edpicas:<\/p>\n<p>L\u00edneas y estaciones de captura<br \/>\nAislamiento<br \/>\nL\u00edneas de condensado<br \/>\nAntes de costosos equipos de planta<br \/>\nL\u00edneas de quemadores de aceite<br \/>\nIndustrias t\u00edpicas:<\/p>\n<p>L\u00ednea de combustible de planta de calderas<br \/>\nInstalaciones de reciclaje<br \/>\nIndustria qu\u00edmica<br \/>\nPlanta de vapor<br \/>\nHospitales, escuelas y HVAC<\/p>\n<p>STV Valve Technology Group Co., Ltd es un l\u00edder profesional en China V\u00e1lvula de globo de 800LB, v\u00e1lvula de globo API 602, v\u00e1lvula de globo de acero al carbono forjado, v\u00e1lvula de globo de acero inoxidable forjada, v\u00e1lvula de globo de acero forjado, v\u00e1lvula de globo de acero forjado clase 800, v\u00e1lvula de globo de alta presi\u00f3n , V\u00e1lvula de globo con soldadura de z\u00f3calo, Fabricante de v\u00e1lvula de globo A105N con alta calidad y precio competitivo.<\/p>\n<p>Comun\u00edquese con nuestro sales@stvvalve.com para obtener otros materiales y detalles.<\/p>\n<p>Hoja de fecha:<br \/>\n<a href=\"https:\/\/www.stvvalves.com\/wp-content\/uploads\/2018\/11\/Globe-Valve-A105-sw.pdf\">V\u00e1lvula de globo de acero forjado Clase 800<\/a><\/p>","protected":false},"featured_media":3932,"template":"","meta":[],"product_brand":[],"product_cat":[64,45],"product_tag":[198,1018,212,439,438,197,440,199,211],"class_list":{"0":"post-3920","1":"product","2":"type-product","3":"status-publish","4":"has-post-thumbnail","6":"product_cat-foreged-steel-globe-valve","7":"product_cat-globe-valve","8":"product_tag-800lb-globe-valve","9":"product_tag-a105n-globe-valve","10":"product_tag-api-602-globe-valve","11":"product_tag-forged-carbon-steel-globe-valve","12":"product_tag-forged-stainless-steel-globe-valve","13":"product_tag-forged-steel-globe-valve","14":"product_tag-forged-steel-globe-valve-class-800","15":"product_tag-high-pressure-globe-valve","16":"product_tag-socket-weld-globe-valve","18":"first","19":"instock","20":"shipping-taxable","21":"product-type-simple"},"_links":{"self":[{"href":"https:\/\/www.stvvalves.com\/es\/wp-json\/wp\/v2\/product\/3920","targetHints":{"allow":["GET"]}}],"collection":[{"href":"https:\/\/www.stvvalves.com\/es\/wp-json\/wp\/v2\/product"}],"about":[{"href":"https:\/\/www.stvvalves.com\/es\/wp-json\/wp\/v2\/types\/product"}],"wp:featuredmedia":[{"embeddable":true,"href":"https:\/\/www.stvvalves.com\/es\/wp-json\/wp\/v2\/media\/3932"}],"wp:attachment":[{"href":"https:\/\/www.stvvalves.com\/es\/wp-json\/wp\/v2\/media?parent=3920"}],"wp:term":[{"taxonomy":"product_brand","embeddable":true,"href":"https:\/\/www.stvvalves.com\/es\/wp-json\/wp\/v2\/product_brand?post=3920"},{"taxonomy":"product_cat","embeddable":true,"href":"https:\/\/www.stvvalves.com\/es\/wp-json\/wp\/v2\/product_cat?post=3920"},{"taxonomy":"product_tag","embeddable":true,"href":"https:\/\/www.stvvalves.com\/es\/wp-json\/wp\/v2\/product_tag?post=3920"}],"curies":[{"name":"wp","href":"https:\/\/api.w.org\/{rel}","templated":true}]}}