{"id":3937,"date":"2018-11-26T02:17:18","date_gmt":"2018-11-26T02:17:18","guid":{"rendered":"https:\/\/www.stvvalves.com\/?post_type=product&#038;p=3937"},"modified":"2025-02-17T18:17:26","modified_gmt":"2025-02-17T10:17:26","slug":"3pc-flange-end-ball-valve","status":"publish","type":"product","link":"https:\/\/www.stvvalves.com\/es\/products\/3pc-flange-end-ball-valve\/","title":{"rendered":"V\u00e1lvula de bola con extremo de brida de 3 piezas"},"content":{"rendered":"<p>Caracter\u00edsticas clave:<br \/>\n3 piezas, paso total<br \/>\nA351 CF8M Cuerpo<br \/>\nBola de acero inoxidable 316<br \/>\nBrida PN16<br \/>\nAsientos de PTFE o PPL<br \/>\nTama\u00f1os 1\/2\u2033 a 4\u2033<\/p>\n<table>\n<tbody>\n<tr>\n<td width=\"200\"><strong>nombre del producto<\/strong><\/td>\n<td width=\"481\">V\u00e1lvula de bola con extremo de brida de 3 piezas<\/td>\n<\/tr>\n<tr>\n<td width=\"200\">1. Materiales<\/td>\n<td width=\"481\">316<\/td>\n<\/tr>\n<tr>\n<td width=\"200\">2. Tama\u00f1o<\/td>\n<td width=\"481\">4\u201d<\/td>\n<\/tr>\n<tr>\n<td width=\"200\">4. Puerto<\/td>\n<td width=\"481\">Puerto lleno<\/td>\n<\/tr>\n<tr>\n<td width=\"200\">5. Presi\u00f3n de trabajo<\/td>\n<td width=\"481\">150 libras<\/td>\n<\/tr>\n<tr>\n<td width=\"200\">6. La conexi\u00f3n finaliza<\/td>\n<td width=\"481\">RF<\/td>\n<\/tr>\n<tr>\n<td width=\"200\">7. Temperatura de trabajo.<\/td>\n<td width=\"481\">-29~180\u00baC,<\/td>\n<\/tr>\n<tr>\n<td width=\"200\">8. Medio adecuado<\/td>\n<td width=\"481\">Agua, Gas Natural, Petr\u00f3leo y alg\u00fan l\u00edquido corrosivo<\/td>\n<\/tr>\n<tr>\n<td width=\"200\">9. Operado<\/td>\n<td width=\"481\">Volante<\/td>\n<\/tr>\n<tr>\n<td width=\"200\">10. Inspecci\u00f3n y pruebas<\/td>\n<td width=\"481\">Seg\u00fan API598<\/td>\n<\/tr>\n<tr>\n<td width=\"200\"><strong>Env\u00edo<\/strong><\/td>\n<td width=\"481\"><\/td>\n<\/tr>\n<tr>\n<td width=\"200\">El tiempo de entrega<\/td>\n<td width=\"481\">30 dias<\/td>\n<\/tr>\n<tr>\n<td width=\"200\">Paquete<\/td>\n<td width=\"481\">Caja de madera contrachapada de exportaci\u00f3n est\u00e1ndar<\/td>\n<\/tr>\n<tr>\n<td width=\"200\">Puerto de embarque<\/td>\n<td width=\"481\">Ningbo\/Shangh\u00e1i, China<\/td>\n<\/tr>\n<tr>\n<td width=\"200\">Condiciones de env\u00edo<\/td>\n<td width=\"481\">Exw, MANDO, CFR, CIF, etc.<\/td>\n<\/tr>\n<tr>\n<td width=\"200\">T\u00e9rminos de pago<\/td>\n<td width=\"481\">T\/T, Western Union, PayPal, etc.<\/td>\n<\/tr>\n<tr>\n<td width=\"200\"><\/td>\n<td width=\"481\">Pago anticipado de 30%, saldo de 70% pagado antes del env\u00edo<\/td>\n<\/tr>\n<tr>\n<td width=\"200\">Pa\u00eds de origen<\/td>\n<td width=\"481\">Ciudad de Wenzhou, China<\/td>\n<\/tr>\n<tr>\n<td width=\"200\">Capacidad de producci\u00f3n<\/td>\n<td width=\"481\">6000 toneladas\/a\u00f1o<\/td>\n<\/tr>\n<tr>\n<td width=\"200\">Cantidad m\u00ednima de pedido<\/td>\n<td width=\"481\">1 unidad\/tama\u00f1o<\/td>\n<\/tr>\n<\/tbody>\n<\/table>","protected":false},"excerpt":{"rendered":"<p>Modelo: Q41F-3-PN16<br \/>\nV\u00e1lvula de bola con extremo de brida de 3 piezas<\/p>\n<p>Una v\u00e1lvula de bola de 3 piezas de paso total con bridas de acero inoxidable PN16. Cuerpo y bola A351 CF8M, con opciones de asientos de PPL y PTFE.<\/p>\n<p>La v\u00e1lvula cumple con la almohadilla de montaje directo ISO 5211 para un f\u00e1cil accionamiento y se suministra con una manija de palanca con candado dise\u00f1ada.<\/p>\n<p>La v\u00e1lvula ofrece un funcionamiento seguro en muchas aplicaciones industriales y qu\u00edmicas y es ideal para aislamiento manual y f\u00e1cil de accionar, ya que tiene caracter\u00edsticas de bajo par junto con altos caudales.<\/p>\n<p>Caracter\u00edsticas clave:<br \/>\n3 piezas, paso total<br \/>\nA351 CF8M Cuerpo<br \/>\nBola de acero inoxidable 316<br \/>\nBrida PN16<br \/>\nAsientos de PTFE o PPL<br \/>\nTama\u00f1os 1\/2\u2033 a 4\u2033<\/p>\n<p>STV Valve Technology Group Co., Ltd es un l\u00edder profesional en la industria de v\u00e1lvulas, China V\u00e1lvulas de bola con brida de 3 piezas V\u00e1lvula de bola con brida de 3 piezas, V\u00e1lvula de bola con extremo con brida de 3 piezas ASME de 150 lb, V\u00e1lvula de bola DIN con extremo con brida de 3 piezas, V\u00e1lvula de bola con brida de 3 piezas de acero inoxidable, WCB 3 piezas Fabricante de v\u00e1lvulas de bola con extremo de brida con alta calidad y precio competitivo. Comun\u00edquese con nuestro sales@stvvalve.com para obtener otros materiales y detalles.<\/p>\n<p>Comun\u00edquese con nuestro sales@stvvalve.com para obtener otros materiales y detalles.<\/p>\n<p>Hoja de fecha :<br \/>\n<a href=\"https:\/\/www.stvvalves.com\/wp-content\/uploads\/2018\/11\/3PC-Flange-End-Ball-Valve-Drawing.pdf\">V\u00e1lvula de bola con extremo de brida de 3 piezas\u00a0<\/a><\/p>","protected":false},"featured_media":3939,"template":"","meta":[],"product_brand":[],"product_cat":[43,80,78,53],"product_tag":[201,200,989,990,991],"class_list":{"0":"post-3937","1":"product","2":"type-product","3":"status-publish","4":"has-post-thumbnail","6":"product_cat-ball-valve","7":"product_cat-flange-ball-valve","8":"product_cat-floating-ball-valve","9":"product_cat-stainless-steel-ball-valve","10":"product_tag-3pc-flange-ball-valve","11":"product_tag-3pc-flanged-end-asme-150lbs-ball-valve","12":"product_tag-3pc-flanged-end-din-ball-valve","13":"product_tag-stainless-steel-3pc-flange-ball-vlave","14":"product_tag-wcb-3pc-flange-end-ball-valve","16":"first","17":"instock","18":"shipping-taxable","19":"product-type-simple"},"_links":{"self":[{"href":"https:\/\/www.stvvalves.com\/es\/wp-json\/wp\/v2\/product\/3937","targetHints":{"allow":["GET"]}}],"collection":[{"href":"https:\/\/www.stvvalves.com\/es\/wp-json\/wp\/v2\/product"}],"about":[{"href":"https:\/\/www.stvvalves.com\/es\/wp-json\/wp\/v2\/types\/product"}],"wp:featuredmedia":[{"embeddable":true,"href":"https:\/\/www.stvvalves.com\/es\/wp-json\/wp\/v2\/media\/3939"}],"wp:attachment":[{"href":"https:\/\/www.stvvalves.com\/es\/wp-json\/wp\/v2\/media?parent=3937"}],"wp:term":[{"taxonomy":"product_brand","embeddable":true,"href":"https:\/\/www.stvvalves.com\/es\/wp-json\/wp\/v2\/product_brand?post=3937"},{"taxonomy":"product_cat","embeddable":true,"href":"https:\/\/www.stvvalves.com\/es\/wp-json\/wp\/v2\/product_cat?post=3937"},{"taxonomy":"product_tag","embeddable":true,"href":"https:\/\/www.stvvalves.com\/es\/wp-json\/wp\/v2\/product_tag?post=3937"}],"curies":[{"name":"wp","href":"https:\/\/api.w.org\/{rel}","templated":true}]}}