{"id":4005,"date":"2018-11-27T07:17:54","date_gmt":"2018-11-27T07:17:54","guid":{"rendered":"https:\/\/www.stvvalves.com\/?post_type=product&#038;p=4005"},"modified":"2025-02-17T18:18:49","modified_gmt":"2025-02-17T10:18:49","slug":"3-piece-stainless-steel-sanitary-ball-valve","status":"publish","type":"product","link":"https:\/\/www.stvvalves.com\/es\/products\/3-piece-stainless-steel-sanitary-ball-valve\/","title":{"rendered":"V\u00e1lvula de bola sanitaria de acero inoxidable de 3 piezas"},"content":{"rendered":"<p><img loading=\"lazy\" decoding=\"async\" class=\"alignnone size-full wp-image-4011\" src=\"https:\/\/www.stvvalves.com\/wp-content\/uploads\/2018\/11\/3-piece-stainless-steel-sanitary-ball-valve-drawing.jpg\" alt=\"\" width=\"1654\" height=\"2339\" srcset=\"https:\/\/www.stvvalves.com\/wp-content\/uploads\/2018\/11\/3-piece-stainless-steel-sanitary-ball-valve-drawing.jpg 1654w, https:\/\/www.stvvalves.com\/wp-content\/uploads\/2018\/11\/3-piece-stainless-steel-sanitary-ball-valve-drawing-600x848.jpg 600w, https:\/\/www.stvvalves.com\/wp-content\/uploads\/2018\/11\/3-piece-stainless-steel-sanitary-ball-valve-drawing-212x300.jpg 212w, https:\/\/www.stvvalves.com\/wp-content\/uploads\/2018\/11\/3-piece-stainless-steel-sanitary-ball-valve-drawing-768x1086.jpg 768w, https:\/\/www.stvvalves.com\/wp-content\/uploads\/2018\/11\/3-piece-stainless-steel-sanitary-ball-valve-drawing-728x1030.jpg 728w, https:\/\/www.stvvalves.com\/wp-content\/uploads\/2018\/11\/3-piece-stainless-steel-sanitary-ball-valve-drawing-1061x1500.jpg 1061w, https:\/\/www.stvvalves.com\/wp-content\/uploads\/2018\/11\/3-piece-stainless-steel-sanitary-ball-valve-drawing-499x705.jpg 499w\" sizes=\"auto, (max-width: 1654px) 100vw, 1654px\" \/><\/p>","protected":false},"excerpt":{"rendered":"<p>Modelo:STV-Q11F-3<\/p>\n<p>La v\u00e1lvula de bola sanitaria de 3 piezas con plataforma de montaje directo ISO est\u00e1 dise\u00f1ada para industrias alimentarias, biol\u00f3gicas, farmac\u00e9uticas o similares. La opci\u00f3n de asiento lleno de cavidad ayudar\u00e1 a que el medio no permanezca en la cavidad del cuerpo para evitar que se eche a perder o se mezcle. Los asientos de relleno de cavidades tambi\u00e9n ayudar\u00e1n a limpiar f\u00e1cilmente el puerto de la v\u00e1lvula.<br \/>\nLas opciones de tipos de extremos pueden ser abrazadera en T, extremo para soldar de tubo y extremo para soldar de tubo extendido. Se aplicar\u00e1n diferentes materiales de kits blandos para diferentes circunstancias de trabajo.<br \/>\nEl est\u00e1ndar ASME\/BPE (para SS316L) est\u00e1 disponible en 302SD, con bajo contenido de ferrita y bajo contenido de azufre (0,005 a 0,017). Los acabados est\u00e1n disponibles para Ra 40 uin o Ra 25 u-in.<br \/>\nEl tipo de v\u00e1stago desnudo est\u00e1ndar est\u00e1 bien dise\u00f1ado para montar el actuador directamente.<br \/>\nStv ofrece actuador neum\u00e1tico\/el\u00e9ctrico y caja de interruptor de l\u00edmite\/v\u00e1lvula solenoide\/controlador de modulaci\u00f3n... montaje sin cargo adicional.<\/p>\n<p>2.Par\u00e1metros t\u00e9cnicos:<br \/>\nDise\u00f1o y caracter\u00edsticas<br \/>\nFundici\u00f3n a la cera perdida de calidad para cuerpo y tapas finales<br \/>\ncon plataforma de montaje directo ISO 5211<br \/>\nEmpaquetadura de v\u00e1stago ajustable<br \/>\nDisponible en acero inoxidable o acero al carbono.<br \/>\nDise\u00f1o de v\u00e1stago a prueba de explosiones<br \/>\n100 aire probado bajo el agua a 80-100 psi<\/p>\n<p>Hoja de fecha:<br \/>\n<a href=\"https:\/\/www.stvvalves.com\/wp-content\/uploads\/2018\/11\/3-piece-stainless-steel-sanitary-ball-valve-drawing.pdf\">V\u00e1lvula de bola sanitaria de acero inoxidable de 3 piezas<\/a><\/p>","protected":false},"featured_media":4006,"template":"","meta":[],"product_brand":[],"product_cat":[966,969],"product_tag":[217,220,219,221,218,222],"class_list":{"0":"post-4005","1":"product","2":"type-product","3":"status-publish","4":"has-post-thumbnail","6":"product_cat-pipe-fitting","7":"product_cat-sanitary-pipe-fitting-and-valves","8":"product_tag-3pcs-sanitary-clamp-ball-valve","9":"product_tag-3pcs-sanitary-t-clamp-high-cycle-direct-mount-ball-valve","10":"product_tag-anitary-3pcs-butt-weld-ball-valve-with-iso5211-mounting-pad","11":"product_tag-sanitary-three-piece-without-pad-butt-weld-ball-valve","12":"product_tag-stainless-steel-three-piece-sanitary-male-male-ball-valve","13":"product_tag-three-piece-sanitary-t-clamp-ball-valve","15":"first","16":"instock","17":"shipping-taxable","18":"product-type-simple"},"_links":{"self":[{"href":"https:\/\/www.stvvalves.com\/es\/wp-json\/wp\/v2\/product\/4005","targetHints":{"allow":["GET"]}}],"collection":[{"href":"https:\/\/www.stvvalves.com\/es\/wp-json\/wp\/v2\/product"}],"about":[{"href":"https:\/\/www.stvvalves.com\/es\/wp-json\/wp\/v2\/types\/product"}],"wp:featuredmedia":[{"embeddable":true,"href":"https:\/\/www.stvvalves.com\/es\/wp-json\/wp\/v2\/media\/4006"}],"wp:attachment":[{"href":"https:\/\/www.stvvalves.com\/es\/wp-json\/wp\/v2\/media?parent=4005"}],"wp:term":[{"taxonomy":"product_brand","embeddable":true,"href":"https:\/\/www.stvvalves.com\/es\/wp-json\/wp\/v2\/product_brand?post=4005"},{"taxonomy":"product_cat","embeddable":true,"href":"https:\/\/www.stvvalves.com\/es\/wp-json\/wp\/v2\/product_cat?post=4005"},{"taxonomy":"product_tag","embeddable":true,"href":"https:\/\/www.stvvalves.com\/es\/wp-json\/wp\/v2\/product_tag?post=4005"}],"curies":[{"name":"wp","href":"https:\/\/api.w.org\/{rel}","templated":true}]}}