{"id":4027,"date":"2018-11-28T03:23:32","date_gmt":"2018-11-28T03:23:32","guid":{"rendered":"https:\/\/www.stvvalves.com\/?post_type=product&#038;p=4027"},"modified":"2025-02-17T18:18:48","modified_gmt":"2025-02-17T10:18:48","slug":"stainless-steel-dual-plate-wafer-check-valve","status":"publish","type":"product","link":"https:\/\/www.stvvalves.com\/es\/products\/stainless-steel-dual-plate-wafer-check-valve\/","title":{"rendered":"V\u00e1lvula de retenci\u00f3n tipo wafer de placa doble de acero inoxidable"},"content":{"rendered":"<h3>Caracter\u00edsticas clave:<\/h3>\n<ul>\n<li>Disponible en tama\u00f1os: 2\u2033 a 24\u2033.<\/li>\n<li>Est\u00e1ndar de dise\u00f1o: API 594, API 6D.<\/li>\n<li>Cara a cara: API 594, API 6D, DIN 3202.<\/li>\n<li>Extremos de brida: ANSI B16.5, DIN 2543~48.<\/li>\n<li>Prueba e inspecci\u00f3n: API 598, DIN 3230.<\/li>\n<li>Rango de temperatura: -20\u00b0C a 550\u00b0C.<\/li>\n<li>Clasificaci\u00f3n de presi\u00f3n: 16 bar.<\/li>\n<li>Baja presi\u00f3n de agrietamiento.<\/li>\n<li>Dise\u00f1o que ahorra espacio.<\/li>\n<li>\n<table>\n<tbody>\n<tr>\n<td width=\"200\"><strong>nombre del producto<\/strong><\/td>\n<td width=\"481\">V\u00e1lvula de retenci\u00f3n tipo wafer de placa doble de acero inoxidable<\/td>\n<\/tr>\n<tr>\n<td width=\"200\">1. Materiales<\/td>\n<td width=\"481\">CF8<\/td>\n<\/tr>\n<tr>\n<td width=\"200\">2. Tama\u00f1o<\/td>\n<td width=\"481\">4\u201d<\/td>\n<\/tr>\n<tr>\n<td width=\"200\">4. Puerto<\/td>\n<td width=\"481\">Puerto lleno<\/td>\n<\/tr>\n<tr>\n<td width=\"200\">5. Presi\u00f3n de trabajo<\/td>\n<td width=\"481\">150 libras<\/td>\n<\/tr>\n<tr>\n<td width=\"200\">6. La conexi\u00f3n finaliza<\/td>\n<td width=\"481\">RF<\/td>\n<\/tr>\n<tr>\n<td width=\"200\">7. Temperatura de trabajo.<\/td>\n<td width=\"481\">-29~300\u00baC,<\/td>\n<\/tr>\n<tr>\n<td width=\"200\">8. Medio adecuado<\/td>\n<td width=\"481\">Agua, Gas Natural, Petr\u00f3leo y alg\u00fan l\u00edquido corrosivo<\/td>\n<\/tr>\n<tr>\n<td width=\"200\">9. Operado<\/td>\n<td width=\"481\">\/<\/td>\n<\/tr>\n<tr>\n<td width=\"200\">10. Inspecci\u00f3n y pruebas<\/td>\n<td width=\"481\">Seg\u00fan API598<\/td>\n<\/tr>\n<tr>\n<td width=\"200\"><strong>Env\u00edo<\/strong><\/td>\n<td width=\"481\"><\/td>\n<\/tr>\n<tr>\n<td width=\"200\">El tiempo de entrega<\/td>\n<td width=\"481\">30 dias<\/td>\n<\/tr>\n<tr>\n<td width=\"200\">Paquete<\/td>\n<td width=\"481\">Caja de madera contrachapada de exportaci\u00f3n est\u00e1ndar<\/td>\n<\/tr>\n<tr>\n<td width=\"200\">Puerto de embarque<\/td>\n<td width=\"481\">Ningbo\/Shangh\u00e1i, China<\/td>\n<\/tr>\n<tr>\n<td width=\"200\">Condiciones de env\u00edo<\/td>\n<td width=\"481\">Exw, MANDO, CFR, CIF, etc.<\/td>\n<\/tr>\n<tr>\n<td width=\"200\">T\u00e9rminos de pago<\/td>\n<td width=\"481\">T\/T, Western Union, PayPal, etc.<\/td>\n<\/tr>\n<tr>\n<td width=\"200\"><\/td>\n<td width=\"481\">Pago anticipado de 30%, saldo de 70% pagado antes del env\u00edo<\/td>\n<\/tr>\n<tr>\n<td width=\"200\">Pa\u00eds de origen<\/td>\n<td width=\"481\">Ciudad de Wenzhou, China<\/td>\n<\/tr>\n<tr>\n<td width=\"200\">Capacidad de producci\u00f3n<\/td>\n<td width=\"481\">6000 toneladas\/a\u00f1o<\/td>\n<\/tr>\n<tr>\n<td width=\"200\">Cantidad m\u00ednima de pedido<\/td>\n<td width=\"481\">1 unidad\/tama\u00f1o<\/td>\n<\/tr>\n<\/tbody>\n<\/table>\n<\/li>\n<\/ul>","protected":false},"excerpt":{"rendered":"<p>Modelo: H76H-PN16<\/p>\n<p>Nuestra v\u00e1lvula de retenci\u00f3n de placa doble con patr\u00f3n Wafer ofrece excelentes capacidades de sellado tanto para presiones altas como bajas; Las aplicaciones de uso general, industriales y HVAC incluyen agua, calefacci\u00f3n, plantas de aire acondicionado y sistemas de aire comprimido. Una v\u00e1lvula de doble placa accionada por resorte, econ\u00f3mica y que ahorra espacio, con cuerpo de acero inoxidable y sello de Viton.<\/p>\n<p>Se instala verticalmente (solo hacia arriba) u horizontalmente.<\/p>\n<ul>\n<li><\/li>\n<\/ul>\n<p>STV Valve Technology Group Co., Ltd es un l\u00edder profesional en China en v\u00e1lvulas de retenci\u00f3n duales, v\u00e1lvulas de retenci\u00f3n con resorte, v\u00e1lvulas de retenci\u00f3n tipo wafer, v\u00e1lvulas de retenci\u00f3n oscilantes tipo wafer y v\u00e1lvulas de retenci\u00f3n de acero inoxidable, fabricante con alta calidad y precio competitivo.<\/p>\n<p>Comun\u00edquese con nuestro sales@stvvalve.com para obtener otros materiales y detalles.<\/p>\n<p>Hoja de fecha:<br \/>\n<a href=\"https:\/\/www.stvvalves.com\/wp-content\/uploads\/2018\/11\/stainless-steel-dual-plate-wafer-check-valve-drawing.pdf\">V\u00e1lvula de retenci\u00f3n tipo wafer de placa doble de acero inoxidable<\/a><\/p>","protected":false},"featured_media":4030,"template":"","meta":[],"product_brand":[],"product_cat":[46,84],"product_tag":[226,227,633,225,228],"class_list":{"0":"post-4027","1":"product","2":"type-product","3":"status-publish","4":"has-post-thumbnail","6":"product_cat-check-valves","7":"product_cat-wafer-check-valve","8":"product_tag-dual-check-valve","9":"product_tag-spring-loaded-check-valve","10":"product_tag-stainless-steel-check-valve","11":"product_tag-wafer-check-valve","12":"product_tag-wafer-swing-check-valve","14":"first","15":"instock","16":"shipping-taxable","17":"product-type-simple"},"_links":{"self":[{"href":"https:\/\/www.stvvalves.com\/es\/wp-json\/wp\/v2\/product\/4027","targetHints":{"allow":["GET"]}}],"collection":[{"href":"https:\/\/www.stvvalves.com\/es\/wp-json\/wp\/v2\/product"}],"about":[{"href":"https:\/\/www.stvvalves.com\/es\/wp-json\/wp\/v2\/types\/product"}],"wp:featuredmedia":[{"embeddable":true,"href":"https:\/\/www.stvvalves.com\/es\/wp-json\/wp\/v2\/media\/4030"}],"wp:attachment":[{"href":"https:\/\/www.stvvalves.com\/es\/wp-json\/wp\/v2\/media?parent=4027"}],"wp:term":[{"taxonomy":"product_brand","embeddable":true,"href":"https:\/\/www.stvvalves.com\/es\/wp-json\/wp\/v2\/product_brand?post=4027"},{"taxonomy":"product_cat","embeddable":true,"href":"https:\/\/www.stvvalves.com\/es\/wp-json\/wp\/v2\/product_cat?post=4027"},{"taxonomy":"product_tag","embeddable":true,"href":"https:\/\/www.stvvalves.com\/es\/wp-json\/wp\/v2\/product_tag?post=4027"}],"curies":[{"name":"wp","href":"https:\/\/api.w.org\/{rel}","templated":true}]}}