{"id":4045,"date":"2018-11-29T02:36:00","date_gmt":"2018-11-29T02:36:00","guid":{"rendered":"https:\/\/www.stvvalves.com\/?post_type=product&#038;p=4045"},"modified":"2025-02-17T18:18:47","modified_gmt":"2025-02-17T10:18:47","slug":"cast-steel-y-type-flange-strainer","status":"publish","type":"product","link":"https:\/\/www.stvvalves.com\/es\/products\/cast-steel-y-type-flange-strainer\/","title":{"rendered":"Filtro de brida tipo Y de acero fundido"},"content":{"rendered":"<p><img loading=\"lazy\" decoding=\"async\" class=\"alignnone size-full wp-image-4051\" src=\"https:\/\/www.stvvalves.com\/wp-content\/uploads\/2018\/11\/cast-steel-y-type-flange-strainer-drawing.jpg\" alt=\"\" width=\"2339\" height=\"1654\" srcset=\"https:\/\/www.stvvalves.com\/wp-content\/uploads\/2018\/11\/cast-steel-y-type-flange-strainer-drawing.jpg 2339w, https:\/\/www.stvvalves.com\/wp-content\/uploads\/2018\/11\/cast-steel-y-type-flange-strainer-drawing-600x424.jpg 600w, https:\/\/www.stvvalves.com\/wp-content\/uploads\/2018\/11\/cast-steel-y-type-flange-strainer-drawing-300x212.jpg 300w, https:\/\/www.stvvalves.com\/wp-content\/uploads\/2018\/11\/cast-steel-y-type-flange-strainer-drawing-768x543.jpg 768w, https:\/\/www.stvvalves.com\/wp-content\/uploads\/2018\/11\/cast-steel-y-type-flange-strainer-drawing-1030x728.jpg 1030w, https:\/\/www.stvvalves.com\/wp-content\/uploads\/2018\/11\/cast-steel-y-type-flange-strainer-drawing-1500x1061.jpg 1500w, https:\/\/www.stvvalves.com\/wp-content\/uploads\/2018\/11\/cast-steel-y-type-flange-strainer-drawing-260x185.jpg 260w, https:\/\/www.stvvalves.com\/wp-content\/uploads\/2018\/11\/cast-steel-y-type-flange-strainer-drawing-705x499.jpg 705w\" sizes=\"auto, (max-width: 2339px) 100vw, 2339px\" \/><\/p>","protected":false},"excerpt":{"rendered":"<p>Modelo:GL41H-150LB<\/p>\n<p>Nuestro filtro con brida tipo Y de acero fundido es compacto, f\u00e1cil de limpiar y cuenta con un tap\u00f3n de drenaje extra\u00edble y una malla de acero inoxidable. Proporciona una soluci\u00f3n econ\u00f3mica y se recomienda para aplicaciones donde es necesario evitar da\u00f1os a v\u00e1lvulas y otros equipos mec\u00e1nicos relacionados.<\/p>\n<p>Los desechos de las tuber\u00edas, incluida la suciedad y las incrustaciones, suelen ser la causa de fallas, da\u00f1os, p\u00e9rdida de energ\u00eda y reducci\u00f3n de la productividad.<\/p>\n<p>Caracter\u00edsticas clave:<br \/>\nDisponible con brida PN16\/40 o ANSI, brida JIS<br \/>\nTama\u00f1os: 1\/2\u2033 a 24\u2033<br \/>\nRango de temperatura: -29 a 560\u00b0C.<br \/>\nClasificaci\u00f3n de presi\u00f3n: DIN PN16-PN40 o ANSI 150LB-1500LB,JIS10K-30K<br \/>\nMaterial del cuerpo, WCB, CF8, CF8M, WC6 y WC9, etc.<br \/>\nSiempre se recomienda la instalaci\u00f3n de un filtro para garantizar un servicio sin problemas.<\/p>\n<p>STV Valve Technology Group Co., Ltd es un l\u00edder profesional en China Filtro con brida Ansi 150, filtro de brida ANSI, filtro tipo Y de acero fundido, filtro con brida, filtro tipo Y, filtro en Y con brida jis 10k, filtro en Y de acero al carbono Fabricante con alta calidad y precio competitivo.<\/p>\n<p>Comun\u00edquese con nuestro sales@stvvalve.com para obtener otros materiales y detalles.<\/p>\n<p>Hoja de fecha:<br \/>\n<a href=\"https:\/\/www.stvvalves.com\/wp-content\/uploads\/2018\/11\/cast-steel-y-type-flange-strainer-drawing.pdf\">Filtro de brida tipo Y de acero fundido<\/a><\/p>\n<p>&nbsp;<\/p>","protected":false},"featured_media":4047,"template":"","meta":[],"product_brand":[],"product_cat":[72,48],"product_tag":[234,235,1022,233,232,567,236],"class_list":{"0":"post-4045","1":"product","2":"type-product","3":"status-publish","4":"has-post-thumbnail","6":"product_cat-cast-steel-y-type-strainer","7":"product_cat-y-strainer","8":"product_tag-ansi-150-flanged-strainer","9":"product_tag-ansi-flange-filter","10":"product_tag-carbon-steel-y-strainer","11":"product_tag-cast-steel-y-type-strainer","12":"product_tag-flanged-strainer","13":"product_tag-jis-10k-flange-y-strainer","14":"product_tag-y-type-strainer","16":"first","17":"instock","18":"shipping-taxable","19":"product-type-simple"},"_links":{"self":[{"href":"https:\/\/www.stvvalves.com\/es\/wp-json\/wp\/v2\/product\/4045","targetHints":{"allow":["GET"]}}],"collection":[{"href":"https:\/\/www.stvvalves.com\/es\/wp-json\/wp\/v2\/product"}],"about":[{"href":"https:\/\/www.stvvalves.com\/es\/wp-json\/wp\/v2\/types\/product"}],"wp:featuredmedia":[{"embeddable":true,"href":"https:\/\/www.stvvalves.com\/es\/wp-json\/wp\/v2\/media\/4047"}],"wp:attachment":[{"href":"https:\/\/www.stvvalves.com\/es\/wp-json\/wp\/v2\/media?parent=4045"}],"wp:term":[{"taxonomy":"product_brand","embeddable":true,"href":"https:\/\/www.stvvalves.com\/es\/wp-json\/wp\/v2\/product_brand?post=4045"},{"taxonomy":"product_cat","embeddable":true,"href":"https:\/\/www.stvvalves.com\/es\/wp-json\/wp\/v2\/product_cat?post=4045"},{"taxonomy":"product_tag","embeddable":true,"href":"https:\/\/www.stvvalves.com\/es\/wp-json\/wp\/v2\/product_tag?post=4045"}],"curies":[{"name":"wp","href":"https:\/\/api.w.org\/{rel}","templated":true}]}}