{"id":4078,"date":"2018-11-29T08:57:16","date_gmt":"2018-11-29T08:57:16","guid":{"rendered":"https:\/\/www.stvvalves.com\/?post_type=product&#038;p=4078"},"modified":"2025-02-17T18:18:42","modified_gmt":"2025-02-17T10:18:42","slug":"screwed-stainless-steel-y-type-strainer","status":"publish","type":"product","link":"https:\/\/www.stvvalves.com\/es\/products\/screwed-stainless-steel-y-type-strainer\/","title":{"rendered":"Colador tipo Y de acero inoxidable atornillado"},"content":{"rendered":"<p><img loading=\"lazy\" decoding=\"async\" class=\"alignnone size-full wp-image-4079\" src=\"https:\/\/www.stvvalves.com\/wp-content\/uploads\/2018\/11\/Screwed-Stainless-Steel-Y-Type-Strainer-drawing.jpg\" alt=\"\" width=\"1653\" height=\"2338\" srcset=\"https:\/\/www.stvvalves.com\/wp-content\/uploads\/2018\/11\/Screwed-Stainless-Steel-Y-Type-Strainer-drawing.jpg 1653w, https:\/\/www.stvvalves.com\/wp-content\/uploads\/2018\/11\/Screwed-Stainless-Steel-Y-Type-Strainer-drawing-600x849.jpg 600w, https:\/\/www.stvvalves.com\/wp-content\/uploads\/2018\/11\/Screwed-Stainless-Steel-Y-Type-Strainer-drawing-212x300.jpg 212w, https:\/\/www.stvvalves.com\/wp-content\/uploads\/2018\/11\/Screwed-Stainless-Steel-Y-Type-Strainer-drawing-768x1086.jpg 768w, https:\/\/www.stvvalves.com\/wp-content\/uploads\/2018\/11\/Screwed-Stainless-Steel-Y-Type-Strainer-drawing-728x1030.jpg 728w, https:\/\/www.stvvalves.com\/wp-content\/uploads\/2018\/11\/Screwed-Stainless-Steel-Y-Type-Strainer-drawing-1061x1500.jpg 1061w, https:\/\/www.stvvalves.com\/wp-content\/uploads\/2018\/11\/Screwed-Stainless-Steel-Y-Type-Strainer-drawing-498x705.jpg 498w\" sizes=\"auto, (max-width: 1653px) 100vw, 1653px\" \/><\/p>","protected":false},"excerpt":{"rendered":"<p>Modelo: GL11H-1000WOG<\/p>\n<p>Nuestro colador tipo Y de acero inoxidable atornillado es compacto, f\u00e1cil de limpiar y cuenta con un tap\u00f3n de drenaje extra\u00edble y una malla de malla de acero inoxidable 316 de 1 mm con paso de 2 mm. Proporciona una soluci\u00f3n econ\u00f3mica y se recomienda para aplicaciones donde es necesario evitar da\u00f1os a v\u00e1lvulas y otros equipos mec\u00e1nicos relacionados.<\/p>\n<p>Los desechos de las tuber\u00edas, incluida la suciedad y las incrustaciones, suelen ser la causa de fallas, da\u00f1os, p\u00e9rdida de energ\u00eda y reducci\u00f3n de la productividad.<\/p>\n<p>Adecuado para aplicaciones semiagresivas que se encuentran en industrias qu\u00edmicas y de procesos.<\/p>\n<p>Caracter\u00edsticas clave:<br \/>\nDisponible con cuerpo 316 (CF8M) y tapa en BSPP Atornillado,<br \/>\nTama\u00f1os: 1\/4\u2033 hasta 4\u2033.<br \/>\nCuerpo de fundici\u00f3n a presi\u00f3n SS 316<br \/>\nPresi\u00f3n de trabajo de 800 psi<br \/>\nAdecuado para toda la gama de l\u00edquidos y gases (WOG)<br \/>\nRango de temperatura: -20\u00b0C a 180\u00b0C.<br \/>\nDisponible en mallas de 20 mallas (\u2248 1 mm) o 140 mallas (\u2248 100 mc)<br \/>\nExtremos roscados FxF NPT seg\u00fan ANSI B1.20.1<br \/>\nDesignaci\u00f3n \u2013 Material<\/p>\n<p>Carrocer\u00eda \u2013 SS 316 (CF8M)<\/p>\n<p>Cap\u00f3 \u2013 SS 316 (CF8M)<\/p>\n<p>Junta \u2013 PTFE<\/p>\n<p>Pantalla \u2013 SS 304<\/p>\n<p>STV Valve Technology Group Co., Ltd es un l\u00edder profesional China 800 WOG Filtro en Y, Filtro atornillado, Filtro en Y atornillado Filtro en Y atornillado, FILTRO EN Y DE ACERO INOXIDABLE (316), Filtro en Y de acero inoxidable, Filtro tipo Y, Filtro en Y NPT, Fabricante de colador Bspp Y femenino con alta calidad y precio competitivo.<\/p>\n<p>Comun\u00edquese con nuestro sales@stvvalve.com para obtener otros materiales y detalles.<\/p>\n<p>Hoja de fecha:<br \/>\n<a href=\"https:\/\/www.stvvalves.com\/wp-content\/uploads\/2018\/11\/Screwed-Stainless-Steel-Y-Type-Strainer-drawing.pdf\">Colador tipo Y de acero inoxidable atornillado<\/a><\/p>","protected":false},"featured_media":4081,"template":"","meta":[],"product_brand":[],"product_cat":[85,48],"product_tag":[257,1028,1027,256,1026,253,255,236],"class_list":{"0":"post-4078","1":"product","2":"type-product","3":"status-publish","4":"has-post-thumbnail","6":"product_cat-stainless-steel-y-type-strainer","7":"product_cat-y-strainer","8":"product_tag-800-wog-y-strainer","9":"product_tag-female-bspp-y-strainer","10":"product_tag-npt-y-strainer","11":"product_tag-screwed-strainer","12":"product_tag-screwed-y-strainer-screwed-y-strainer","13":"product_tag-stainless-steel-316-y-strainer","14":"product_tag-stainless-steel-strainer","15":"product_tag-y-type-strainer","17":"first","18":"instock","19":"shipping-taxable","20":"product-type-simple"},"_links":{"self":[{"href":"https:\/\/www.stvvalves.com\/es\/wp-json\/wp\/v2\/product\/4078","targetHints":{"allow":["GET"]}}],"collection":[{"href":"https:\/\/www.stvvalves.com\/es\/wp-json\/wp\/v2\/product"}],"about":[{"href":"https:\/\/www.stvvalves.com\/es\/wp-json\/wp\/v2\/types\/product"}],"wp:featuredmedia":[{"embeddable":true,"href":"https:\/\/www.stvvalves.com\/es\/wp-json\/wp\/v2\/media\/4081"}],"wp:attachment":[{"href":"https:\/\/www.stvvalves.com\/es\/wp-json\/wp\/v2\/media?parent=4078"}],"wp:term":[{"taxonomy":"product_brand","embeddable":true,"href":"https:\/\/www.stvvalves.com\/es\/wp-json\/wp\/v2\/product_brand?post=4078"},{"taxonomy":"product_cat","embeddable":true,"href":"https:\/\/www.stvvalves.com\/es\/wp-json\/wp\/v2\/product_cat?post=4078"},{"taxonomy":"product_tag","embeddable":true,"href":"https:\/\/www.stvvalves.com\/es\/wp-json\/wp\/v2\/product_tag?post=4078"}],"curies":[{"name":"wp","href":"https:\/\/api.w.org\/{rel}","templated":true}]}}