{"id":4112,"date":"2018-12-01T02:27:02","date_gmt":"2018-12-01T02:27:02","guid":{"rendered":"https:\/\/www.stvvalves.com\/?post_type=product&#038;p=4112"},"modified":"2025-02-17T18:18:40","modified_gmt":"2025-02-17T10:18:40","slug":"api-602-forged-steel-y-strainer-800lb","status":"publish","type":"product","link":"https:\/\/www.stvvalves.com\/es\/products\/api-602-forged-steel-y-strainer-800lb\/","title":{"rendered":"Filtro en Y de acero forjado API 602 de 800 libras"},"content":{"rendered":"<p>1. Tornillo del cap\u00f3, Perno del cap\u00f3,<br \/>\nCap\u00f3 soldado a tope<br \/>\n2. Puerto completo y puerto reductor<br \/>\n3. Un cap\u00f3 roscado y sellado a presi\u00f3n.<br \/>\n4. Los materiales cumplen con ANSI\/ASTM<\/p>\n<p>Est\u00e1ndar: 1. Est\u00e1ndar de dise\u00f1o: API602, BS5352<br \/>\n2. Est\u00e1ndar de presi\u00f3n-temperatura del material: ASME B16.34<br \/>\n3. Est\u00e1ndar de dimensi\u00f3n cara a cara: ASME B16.10<br \/>\n4. Est\u00e1ndar de dimensi\u00f3n de brida: ASME B16.5<br \/>\n5. Los extremos soldados con z\u00f3calo cumplen con ANSI B16.11<br \/>\n6. Los extremos de los tornillos cumplen con ANSI B1.20.1<br \/>\n7. Est\u00e1ndar de inspecci\u00f3n y prueba: API598<\/p>\n<p>&nbsp;<\/p>\n<p>Tama\u00f1o: 1\/4 \u2033 ~ 2 \u201d<\/p>\n<p>Clasificaci\u00f3n de presi\u00f3n: Clase 150-2500LB<\/p>\n<p>Material del cuerpo: ASTM A105, ASTM A182 LF2, ASTM A182 F11, ASTM A182 F22, ASTM A182 F51, ASTM A182 F91, ASTM A182 F304, ASTM A182 F316, ASTM A182 F304L, ASTM A182 F316L, etc.<\/p>\n<p>Conexi\u00f3n final: NPT,BW,SW,RF,RTJ.<\/p>\n<p>Temperatura de trabajo: -29 \u2103 ~ 650 \u2103<\/p>\n<table>\n<tbody>\n<tr>\n<td width=\"200\"><strong>nombre del producto<\/strong><\/td>\n<td width=\"481\">Filtro en Y de acero forjado API 602 de 800 libras<\/td>\n<\/tr>\n<tr>\n<td width=\"200\">1. Materiales<\/td>\n<td width=\"481\">A105N<\/td>\n<\/tr>\n<tr>\n<td width=\"200\">2. Tama\u00f1o<\/td>\n<td width=\"481\">1\u201d<\/td>\n<\/tr>\n<tr>\n<td width=\"200\">4. Puerto<\/td>\n<td width=\"481\">\u00a0Puerto reductor<\/td>\n<\/tr>\n<tr>\n<td width=\"200\">5. Presi\u00f3n de trabajo<\/td>\n<td width=\"481\">800 libras<\/td>\n<\/tr>\n<tr>\n<td width=\"200\">6. La conexi\u00f3n finaliza<\/td>\n<td width=\"481\">peso corporal<\/td>\n<\/tr>\n<tr>\n<td width=\"200\">7. Temperatura de trabajo.<\/td>\n<td width=\"481\">-29~425\u00baC,<\/td>\n<\/tr>\n<tr>\n<td width=\"200\">8. Medio adecuado<\/td>\n<td width=\"481\">Agua, Gas Natural, Petr\u00f3leo y alg\u00fan l\u00edquido corrosivo<\/td>\n<\/tr>\n<tr>\n<td width=\"200\">9. Operado<\/td>\n<td width=\"481\"><\/td>\n<\/tr>\n<tr>\n<td width=\"200\">10. Inspecci\u00f3n y pruebas<\/td>\n<td width=\"481\">Seg\u00fan API598<\/td>\n<\/tr>\n<tr>\n<td width=\"200\"><strong>Env\u00edo<\/strong><\/td>\n<td width=\"481\"><\/td>\n<\/tr>\n<tr>\n<td width=\"200\">El tiempo de entrega<\/td>\n<td width=\"481\">30 dias<\/td>\n<\/tr>\n<tr>\n<td width=\"200\">Paquete<\/td>\n<td width=\"481\">Caja de madera contrachapada de exportaci\u00f3n est\u00e1ndar<\/td>\n<\/tr>\n<tr>\n<td width=\"200\">Puerto de embarque<\/td>\n<td width=\"481\">Ningbo\/Shangh\u00e1i, China<\/td>\n<\/tr>\n<tr>\n<td width=\"200\">Condiciones de env\u00edo<\/td>\n<td width=\"481\">Exw, MANDO, CFR, CIF, etc.<\/td>\n<\/tr>\n<tr>\n<td width=\"200\">T\u00e9rminos de pago<\/td>\n<td width=\"481\">T\/T, Western Union, PayPal, etc.<\/td>\n<\/tr>\n<tr>\n<td width=\"200\"><\/td>\n<td width=\"481\">Pago anticipado de 30%, saldo de 70% pagado antes del env\u00edo<\/td>\n<\/tr>\n<tr>\n<td width=\"200\">Pa\u00eds de origen<\/td>\n<td width=\"481\">Ciudad de Wenzhou, China<\/td>\n<\/tr>\n<tr>\n<td width=\"200\">Capacidad de producci\u00f3n<\/td>\n<td width=\"481\">6000 toneladas\/a\u00f1o<\/td>\n<\/tr>\n<tr>\n<td width=\"200\">Cantidad m\u00ednima de pedido<\/td>\n<td width=\"481\">1 unidad\/tama\u00f1o<\/td>\n<\/tr>\n<\/tbody>\n<\/table>","protected":false},"excerpt":{"rendered":"<p>Modelo:FGL11H-800LB<br \/>\nEl filtro de acero forjado clase 800 se utiliza para proteger equipos costosos instalados en una tuber\u00eda contra la suciedad, los desechos y las part\u00edculas. Tener un cap\u00f3 atornillado que garantiza la seguridad junto con una f\u00e1cil extracci\u00f3n de la pantalla fina est\u00e1ndar que proporciona una filtraci\u00f3n efectiva de hasta 20 mallas (920 \u03bcm o 0,037 pulgadas).<br \/>\nDisponible en acero forjado y conforme a API 602 y ASME B16.34. Se ofrece en varias conexiones finales para usar con una amplia gama de aplicaciones que incluyen: vapor, aceite t\u00e9rmico, aire, gas y agua.<\/p>\n<p>Tama\u00f1o: 1\/4\u201d~2\u201d(DN7~DN50)<\/p>\n<p>Clasificaci\u00f3n: 150 lb ~ 2500 lb (PN100 ~ PN420)<\/p>\n<p>Materiales: Acero al carbono forjado \/Acero inoxidable \/Acero aleado \/Acero aleado especial (Monel \/Inconel \/Hastelly, etc.)\/Albronce<\/p>\n<p>Conexi\u00f3n final: RF\/RTJ\/BW\/ SW\/rosca<\/p>\n<p>Tipo de cap\u00f3; cap\u00f3 con perno, cap\u00f3 soldado, cap\u00f3 con sello de presi\u00f3n.<\/p>\n<p>Caracter\u00edsticas opcionales :<\/p>\n<p>Tap\u00f3n de drenaje<\/p>\n<p>Pantalla de acero inoxidable<\/p>\n<p>&nbsp;<\/p>\n<p>STV Valve Technology Group Co., Ltd es un l\u00edder profesional Filtro en Y de acero inoxidable forjado en China, FILTRO DE CUBIERTA SOLDADA TIPO \u201cY\u201d DE ACERO FORJADO CLASE 2500, Filtro tipo Y de acero forjado, Filtro tipo Y de acero forjado Clase 800, Tipo Y de acero forjado Filtros, filtro en forma de Y de acero forjado, extremo NPT o BW, filtros y filtros tipo Y, fabricante de filtros tipo Y con alta calidad y precio competitivo.<\/p>\n<p>Comun\u00edquese con nuestro sales@stvvalve.com para obtener otros materiales y detalles.<\/p>\n<p>Hoja de fecha:<br \/>\n<a href=\"http:\/\/api-602-forged-steel-y-strainer-800lb-DRAWING\">Filtro en Y de acero forjado API 602 de 800 libras<\/a><\/p>","protected":false},"featured_media":4123,"template":"","meta":[],"product_brand":[],"product_cat":[964,48],"product_tag":[288,283,284,280,282,281,286,285,287,236],"class_list":{"0":"post-4112","1":"product","2":"type-product","3":"status-publish","4":"has-post-thumbnail","6":"product_cat-forged-steel-y-type-strainer","7":"product_cat-y-strainer","8":"product_tag-forged-stainless-steel-y-strainer","9":"product_tag-forged-steel-class-2500-y-type-welded-cover-strainer","10":"product_tag-forged-steel-y-type-strainer","11":"product_tag-forged-steel-y-type-strainer-class-800","12":"product_tag-forged-steel-y-type-strainers","13":"product_tag-forged-steel-y-pattern-strainer","14":"product_tag-npt-or-bw-end","15":"product_tag-sw","16":"product_tag-y-type-strainers-and-filters","17":"product_tag-y-type-strainer","19":"first","20":"instock","21":"shipping-taxable","22":"product-type-simple"},"_links":{"self":[{"href":"https:\/\/www.stvvalves.com\/es\/wp-json\/wp\/v2\/product\/4112","targetHints":{"allow":["GET"]}}],"collection":[{"href":"https:\/\/www.stvvalves.com\/es\/wp-json\/wp\/v2\/product"}],"about":[{"href":"https:\/\/www.stvvalves.com\/es\/wp-json\/wp\/v2\/types\/product"}],"wp:featuredmedia":[{"embeddable":true,"href":"https:\/\/www.stvvalves.com\/es\/wp-json\/wp\/v2\/media\/4123"}],"wp:attachment":[{"href":"https:\/\/www.stvvalves.com\/es\/wp-json\/wp\/v2\/media?parent=4112"}],"wp:term":[{"taxonomy":"product_brand","embeddable":true,"href":"https:\/\/www.stvvalves.com\/es\/wp-json\/wp\/v2\/product_brand?post=4112"},{"taxonomy":"product_cat","embeddable":true,"href":"https:\/\/www.stvvalves.com\/es\/wp-json\/wp\/v2\/product_cat?post=4112"},{"taxonomy":"product_tag","embeddable":true,"href":"https:\/\/www.stvvalves.com\/es\/wp-json\/wp\/v2\/product_tag?post=4112"}],"curies":[{"name":"wp","href":"https:\/\/api.w.org\/{rel}","templated":true}]}}