{"id":4124,"date":"2018-12-01T03:46:27","date_gmt":"2018-12-01T03:46:27","guid":{"rendered":"https:\/\/www.stvvalves.com\/?post_type=product&#038;p=4124"},"modified":"2025-02-17T18:18:38","modified_gmt":"2025-02-17T10:18:38","slug":"forged-stainless-steel-y-strainer","status":"publish","type":"product","link":"https:\/\/www.stvvalves.com\/es\/products\/forged-stainless-steel-y-strainer\/","title":{"rendered":"Colador en Y de acero inoxidable forjado"},"content":{"rendered":"<p><img loading=\"lazy\" decoding=\"async\" class=\"alignnone size-full wp-image-4132\" src=\"https:\/\/www.stvvalves.com\/wp-content\/uploads\/2018\/12\/forged-stainless-steel-y-strainer-drawing.jpg\" alt=\"\" width=\"2338\" height=\"1653\" srcset=\"https:\/\/www.stvvalves.com\/wp-content\/uploads\/2018\/12\/forged-stainless-steel-y-strainer-drawing.jpg 2338w, https:\/\/www.stvvalves.com\/wp-content\/uploads\/2018\/12\/forged-stainless-steel-y-strainer-drawing-600x424.jpg 600w, https:\/\/www.stvvalves.com\/wp-content\/uploads\/2018\/12\/forged-stainless-steel-y-strainer-drawing-300x212.jpg 300w, https:\/\/www.stvvalves.com\/wp-content\/uploads\/2018\/12\/forged-stainless-steel-y-strainer-drawing-768x543.jpg 768w, https:\/\/www.stvvalves.com\/wp-content\/uploads\/2018\/12\/forged-stainless-steel-y-strainer-drawing-1030x728.jpg 1030w, https:\/\/www.stvvalves.com\/wp-content\/uploads\/2018\/12\/forged-stainless-steel-y-strainer-drawing-1500x1061.jpg 1500w, https:\/\/www.stvvalves.com\/wp-content\/uploads\/2018\/12\/forged-stainless-steel-y-strainer-drawing-260x185.jpg 260w, https:\/\/www.stvvalves.com\/wp-content\/uploads\/2018\/12\/forged-stainless-steel-y-strainer-drawing-705x498.jpg 705w\" sizes=\"auto, (max-width: 2338px) 100vw, 2338px\" \/><\/p>","protected":false},"excerpt":{"rendered":"<p>Modelo:FSGL11Y-800LB<\/p>\n<p>Hemos puesto a disposici\u00f3n de nuestros estimados clientes una amplia gama de coladores en Y de acero inoxidable forjado. Nuestro espectro ofrecido se utiliza para filtrar part\u00edculas de arena, productos qu\u00edmicos y otras impurezas del agua. Los profesionales que trabajan con nosotros fabrican estos coladores utilizando material de alta calidad procedente de proveedores confiables del mercado.<br \/>\nCaracter\u00edsticas clave<br \/>\nTapa atornillada<br \/>\nOpcional: tapa soldada, tapa de presi\u00f3n de sellado.<br \/>\nPantallas simples o dobles<br \/>\nFabricaci\u00f3n y Dise\u00f1o: API6D \/ API594<br \/>\nPrueba hidrost\u00e1tica: Shell 3000 PSI \/ Seat 2200 PSI<br \/>\nPrueba de aire: 80 \u2013 100 PSI<br \/>\nUn dise\u00f1o compacto pero extremadamente resistente para servicio a alta presi\u00f3n y temperatura.<br \/>\nInspecci\u00f3n y prueba: API 598<br \/>\nMaterial de la v\u00e1lvula: ASTM A105,A182<br \/>\nF304\/F316\/F11\/F22\/F304L\/F316L<br \/>\nClasificaci\u00f3n de v\u00e1lvula: 150LB-2500LB<br \/>\nTama\u00f1o del puerto: puerto completo\/puerto est\u00e1ndar<br \/>\nRango de tama\u00f1os: 1\/2\u2033 \u2013 2\u2033<br \/>\nConexiones finales: roscadas (NPT, BSPT, DIN), soldadura de z\u00f3calo<br \/>\nTemperatura de trabajo: (A105) -20\u00b0F ~ 800\u00b0F, (SS) -20\u00b0F ~ 950\u00b0F<br \/>\nAplicaci\u00f3n de servicio: Hidr\u00e1ulico,Vapor,Qu\u00edmico,Petr\u00f3leo\/Gas<br \/>\nEnerg\u00eda, petroqu\u00edmica, marina, miner\u00eda, construcci\u00f3n<\/p>\n<p>STV Valve Technology Group Co., Ltd es un l\u00edder profesional China Filtro en Y API Filtro en Y de acero fundido, Filtro tipo Y, Filtro DIN, Filtros de acero forjado, Filtro en Y de acero forjado, Filtros en Y de acero inoxidable, cat\u00e1logo de filtros, filtro V\u00e1lvula tipo Y Fabricante con alta calidad y precio competitivo.<\/p>\n<p>Comun\u00edquese con nuestro sales@stvvalve.com para obtener otros materiales y detalles.<\/p>\n<p>Hoja de fecha:<br \/>\n<a href=\"https:\/\/www.stvvalves.com\/wp-content\/uploads\/2018\/12\/forged-stainless-steel-y-strainer-drawing.pdf\">Colador en Y de acero inoxidable forjado<\/a><\/p>","protected":false},"featured_media":4129,"template":"","meta":[],"product_brand":[],"product_cat":[964,48],"product_tag":[1023,296,291,1024,290,293,1025,236],"class_list":{"0":"post-4124","1":"product","2":"type-product","3":"status-publish","4":"has-post-thumbnail","6":"product_cat-forged-steel-y-type-strainer","7":"product_cat-y-strainer","8":"product_tag-api-y-strainer-cast-steel-y-strainer","9":"product_tag-din-strainer","10":"product_tag-forged-steel-strainers","11":"product_tag-forged-steel-y-strainer","12":"product_tag-stainless-steel-y-strainers","13":"product_tag-strainer-catalog","14":"product_tag-strainer-valve-y-type","15":"product_tag-y-type-strainer","17":"first","18":"instock","19":"shipping-taxable","20":"product-type-simple"},"_links":{"self":[{"href":"https:\/\/www.stvvalves.com\/es\/wp-json\/wp\/v2\/product\/4124","targetHints":{"allow":["GET"]}}],"collection":[{"href":"https:\/\/www.stvvalves.com\/es\/wp-json\/wp\/v2\/product"}],"about":[{"href":"https:\/\/www.stvvalves.com\/es\/wp-json\/wp\/v2\/types\/product"}],"wp:featuredmedia":[{"embeddable":true,"href":"https:\/\/www.stvvalves.com\/es\/wp-json\/wp\/v2\/media\/4129"}],"wp:attachment":[{"href":"https:\/\/www.stvvalves.com\/es\/wp-json\/wp\/v2\/media?parent=4124"}],"wp:term":[{"taxonomy":"product_brand","embeddable":true,"href":"https:\/\/www.stvvalves.com\/es\/wp-json\/wp\/v2\/product_brand?post=4124"},{"taxonomy":"product_cat","embeddable":true,"href":"https:\/\/www.stvvalves.com\/es\/wp-json\/wp\/v2\/product_cat?post=4124"},{"taxonomy":"product_tag","embeddable":true,"href":"https:\/\/www.stvvalves.com\/es\/wp-json\/wp\/v2\/product_tag?post=4124"}],"curies":[{"name":"wp","href":"https:\/\/api.w.org\/{rel}","templated":true}]}}