{"id":4139,"date":"2018-12-04T02:51:54","date_gmt":"2018-12-04T02:51:54","guid":{"rendered":"https:\/\/www.stvvalves.com\/?post_type=product&#038;p=4139"},"modified":"2025-02-17T18:18:35","modified_gmt":"2025-02-17T10:18:35","slug":"class-800-forged-stainless-steel-gate-valve","status":"publish","type":"product","link":"https:\/\/www.stvvalves.com\/es\/products\/class-800-forged-stainless-steel-gate-valve\/","title":{"rendered":"V\u00e1lvula de compuerta de acero inoxidable forjado clase 800"},"content":{"rendered":"<p>Caracter\u00edsticas clave:<br \/>\nAPI 602\/ASME B16.34<br \/>\nJunta enrollada en espiral con SS304\/grafito o SS316\/grafito<br \/>\nCu\u00f1a s\u00f3lida<br \/>\nTornillo exterior y yugo (OS&amp;Y)<br \/>\nPrensaestopas autoalineables de dos piezas<br \/>\nDise\u00f1os compactos y resistentes para servicio a alta presi\u00f3n y temperatura.<br \/>\nReemplazo de volante sin afectar la posici\u00f3n de la cancela.<\/p>\n<p>Material del cuerpo\/cap\u00f3: ASTM A105\/F316\/F316L\/F304\/F304L\/F11\/F22\/<br \/>\nClasificaci\u00f3n de v\u00e1lvula: CLASE 800 (PN130) y CLASE 1500 (PN260)<br \/>\nTama\u00f1o del puerto: Puerto est\u00e1ndar\/puerto completo<br \/>\nRango de tama\u00f1os: 1\/4\u2033 \u2013 2\u2033 (8 mm \u2013 50 mm)<br \/>\nConexiones finales: roscadas (NPT\/BSPT\/DIN), para soldar<br \/>\nTemperatura de trabajo: (Para A105) -29\u00b0C~425\u00b0C;<br \/>\nAplicaci\u00f3n de servicio: Hidr\u00e1ulico,Vapor,Qu\u00edmico,Petr\u00f3leo\/Gas<br \/>\nEnerg\u00eda, petroqu\u00edmica, marina, miner\u00eda<br \/>\nConstrucci\u00f3n<\/p>\n<table>\n<tbody>\n<tr>\n<td width=\"200\"><strong><b>nombre del producto<\/b><\/strong><\/td>\n<td width=\"481\">V\u00e1lvula de compuerta de acero inoxidable forjado clase 800<\/td>\n<\/tr>\n<tr>\n<td width=\"200\">1. Materiales<\/td>\n<td width=\"481\">F304<\/td>\n<\/tr>\n<tr>\n<td width=\"200\">2. Tama\u00f1o<\/td>\n<td width=\"481\">2\u201d<\/td>\n<\/tr>\n<tr>\n<td width=\"200\">4. Puerto<\/td>\n<td width=\"481\">Puerto reductor<\/td>\n<\/tr>\n<tr>\n<td width=\"200\">5. Presi\u00f3n de trabajo<\/td>\n<td width=\"481\">800 libras<\/td>\n<\/tr>\n<tr>\n<td width=\"200\">6. La conexi\u00f3n finaliza<\/td>\n<td width=\"481\">Extremo de soldadura de z\u00f3calo<\/td>\n<\/tr>\n<tr>\n<td width=\"200\">7. Temperatura de trabajo.<\/td>\n<td width=\"481\">-29~425\u00baC,<\/td>\n<\/tr>\n<tr>\n<td width=\"200\">8. Medio adecuado<\/td>\n<td width=\"481\">Agua, Gas Natural, Petr\u00f3leo y alg\u00fan l\u00edquido corrosivo<\/td>\n<\/tr>\n<tr>\n<td width=\"200\">9. Operado<\/td>\n<td width=\"481\">Volante<\/td>\n<\/tr>\n<tr>\n<td width=\"200\">10. Inspecci\u00f3n y pruebas<\/td>\n<td width=\"481\">Seg\u00fan API 598<\/td>\n<\/tr>\n<tr>\n<td width=\"200\"><strong><b>Env\u00edo<\/b><\/strong><\/td>\n<td width=\"481\"><\/td>\n<\/tr>\n<tr>\n<td width=\"200\">El tiempo de entrega<\/td>\n<td width=\"481\">30 dias<\/td>\n<\/tr>\n<tr>\n<td width=\"200\">Paquete<\/td>\n<td width=\"481\">Caja de madera contrachapada de exportaci\u00f3n est\u00e1ndar<\/td>\n<\/tr>\n<tr>\n<td width=\"200\">Puerto de embarque<\/td>\n<td width=\"481\">Ningbo\/Shangh\u00e1i, China<\/td>\n<\/tr>\n<tr>\n<td width=\"200\">Condiciones de env\u00edo<\/td>\n<td width=\"481\">Exw, MANDO, CFR, CIF, etc.<\/td>\n<\/tr>\n<tr>\n<td width=\"200\">T\u00e9rminos de pago<\/td>\n<td width=\"481\">T\/T, Western Union, PayPal, etc.<\/td>\n<\/tr>\n<tr>\n<td width=\"200\"><\/td>\n<td width=\"481\">Pago anticipado de 30%, saldo de 70% pagado antes del env\u00edo<\/td>\n<\/tr>\n<tr>\n<td width=\"200\">Pa\u00eds de origen<\/td>\n<td width=\"481\">Ciudad de Wenzhou, China<\/td>\n<\/tr>\n<tr>\n<td width=\"200\">Capacidad de producci\u00f3n<\/td>\n<td width=\"481\">6000 toneladas\/a\u00f1o<\/td>\n<\/tr>\n<tr>\n<td width=\"200\">Cantidad m\u00ednima de pedido<\/td>\n<td width=\"481\">10 unidades\/tama\u00f1o<\/td>\n<\/tr>\n<\/tbody>\n<\/table>","protected":false},"excerpt":{"rendered":"<p>La v\u00e1lvula de compuerta de acero inoxidable forjado Clase 800 con casquete atornillado se utiliza para proporcionar aislamiento en tuber\u00edas y al principio y al final de las estaciones de captura.<\/p>\n<p>Econ\u00f3mica pero confiable, esta v\u00e1lvula tiene una multitud de usos que incluyen estrangulaci\u00f3n y control semipreciso de fluidos de proceso en aplicaciones de alta temperatura y alta presi\u00f3n.<\/p>\n<p>La v\u00e1lvula dise\u00f1ada seg\u00fan API602 y probada seg\u00fan API598 tiene un tornillo exterior y una yema con v\u00e1stago ascendente. El volante opera la v\u00e1lvula de globo tanto para aplicaciones de aislamiento como de estrangulaci\u00f3n.<\/p>\n<p>Estas v\u00e1lvulas proporcionan un cierre herm\u00e9tico positivo en posici\u00f3n horizontal o vertical para fluidos de proceso en tuber\u00edas. Tambi\u00e9n ofrecen una peque\u00f1a cantidad de control y se utilizan para estrangular vapor, gas o l\u00edquidos. F\u00e1cil de operar y la opci\u00f3n preferida por los ingenieros sobre las v\u00e1lvulas de bola para aislar las estaciones de captura.<\/p>\n<p>Las aplicaciones t\u00edpicas incluyen: l\u00edneas y estaciones de captura, aislamiento, l\u00edneas de condensado, antes de costosos equipos de planta y l\u00edneas de quemadores de aceite.<\/p>\n<p>Las industrias t\u00edpicas incluyen: l\u00ednea de combustible de plantas de calderas, instalaciones de reciclaje, industria qu\u00edmica, plantas de vapor, hospitales, escuelas y HVAC.<\/p>\n<p>&nbsp;<\/p>\n<p>Comun\u00edquese con nuestro sales@stvvalve.com para obtener otros materiales y detalles.<\/p>\n<p>Hoja de fecha:<br \/>\n<a href=\"https:\/\/www.stvvalves.com\/wp-content\/uploads\/2018\/12\/class-800-forged-stainless-steel-gate-valve-drawing.pdf\">V\u00e1lvula de compuerta de acero inoxidable forjado clase 800<\/a><\/p>\n<p>&nbsp;<\/p>","protected":false},"featured_media":4142,"template":"","meta":[],"product_brand":[],"product_cat":[59,44],"product_tag":[309,307,308,194,306],"class_list":{"0":"post-4139","1":"product","2":"type-product","3":"status-publish","4":"has-post-thumbnail","6":"product_cat-forged-steel-gate-valve","7":"product_cat-gate-valve","8":"product_tag-800lb-forged-steel-gate-valve-china-manufacturer","9":"product_tag-api-602-forged-steel-gate-valve","10":"product_tag-bolted-bonnetforged-gate-valve","11":"product_tag-forged-steel-gate-valve","12":"product_tag-forged-steel-gate-valves","14":"first","15":"instock","16":"shipping-taxable","17":"product-type-simple"},"_links":{"self":[{"href":"https:\/\/www.stvvalves.com\/es\/wp-json\/wp\/v2\/product\/4139","targetHints":{"allow":["GET"]}}],"collection":[{"href":"https:\/\/www.stvvalves.com\/es\/wp-json\/wp\/v2\/product"}],"about":[{"href":"https:\/\/www.stvvalves.com\/es\/wp-json\/wp\/v2\/types\/product"}],"wp:featuredmedia":[{"embeddable":true,"href":"https:\/\/www.stvvalves.com\/es\/wp-json\/wp\/v2\/media\/4142"}],"wp:attachment":[{"href":"https:\/\/www.stvvalves.com\/es\/wp-json\/wp\/v2\/media?parent=4139"}],"wp:term":[{"taxonomy":"product_brand","embeddable":true,"href":"https:\/\/www.stvvalves.com\/es\/wp-json\/wp\/v2\/product_brand?post=4139"},{"taxonomy":"product_cat","embeddable":true,"href":"https:\/\/www.stvvalves.com\/es\/wp-json\/wp\/v2\/product_cat?post=4139"},{"taxonomy":"product_tag","embeddable":true,"href":"https:\/\/www.stvvalves.com\/es\/wp-json\/wp\/v2\/product_tag?post=4139"}],"curies":[{"name":"wp","href":"https:\/\/api.w.org\/{rel}","templated":true}]}}