{"id":4165,"date":"2018-12-05T16:14:27","date_gmt":"2018-12-05T16:14:27","guid":{"rendered":"https:\/\/www.stvvalves.com\/?post_type=product&#038;p=4165"},"modified":"2025-02-18T14:16:45","modified_gmt":"2025-02-18T06:16:45","slug":"150lb-cast-steel-flange-globe-valve","status":"publish","type":"product","link":"https:\/\/www.stvvalves.com\/es\/products\/150lb-cast-steel-flange-globe-valve\/","title":{"rendered":"V\u00e1lvula de globo con brida de acero fundido de 150 lb"},"content":{"rendered":"<p>Dise\u00f1o seg\u00fan ASME B16.34<br \/>\nCara a cara\/de extremo a extremo: ASME B16.10<br \/>\nDimensiones de la brida: ASME B16.5<br \/>\nExtremo de soldadura: ASME B.16.25<br \/>\nDise\u00f1o b\u00e1sico: BS 1873<br \/>\nPruebas seg\u00fan API 598<\/p>\n<p>Tama\u00f1o: 2\u2033~60\u201d<\/p>\n<p>Clasificaci\u00f3n de presi\u00f3n: Clase 150-2500LB<\/p>\n<p>Material del cuerpo: ASTM A216 WCB, A217 WC6, A351 CF8, A351 CF8M,<\/p>\n<p>A351 CF3, A351 CF3M, A351 CN7M, etc.<\/p>\n<p>Conexi\u00f3n final: RF, RTJ, BW<\/p>\n<p>Temperatura de trabajo: -29 \u2103 ~ 650 \u2103<\/p>\n<p>Funcionamiento: volante, caja de cambios, el\u00e9ctrico, etc.<\/p>\n<table>\n<tbody>\n<tr>\n<td width=\"200\"><strong>nombre del producto<\/strong><\/td>\n<td width=\"481\">V\u00e1lvula de globo con brida de acero fundido de 150 lb<\/td>\n<\/tr>\n<tr>\n<td width=\"200\">1. Materiales<\/td>\n<td width=\"481\">WCB<\/td>\n<\/tr>\n<tr>\n<td width=\"200\">2. Tama\u00f1o<\/td>\n<td width=\"481\">4\u201d<\/td>\n<\/tr>\n<tr>\n<td width=\"200\">4. Puerto<\/td>\n<td width=\"481\">Puerto lleno<\/td>\n<\/tr>\n<tr>\n<td width=\"200\">5. Presi\u00f3n de trabajo<\/td>\n<td width=\"481\">150 libras<\/td>\n<\/tr>\n<tr>\n<td width=\"200\">6. La conexi\u00f3n finaliza<\/td>\n<td width=\"481\">RF<\/td>\n<\/tr>\n<tr>\n<td width=\"200\">7. Temperatura de trabajo.<\/td>\n<td width=\"481\">-29~425\u00baC,<\/td>\n<\/tr>\n<tr>\n<td width=\"200\">8. Medio adecuado<\/td>\n<td width=\"481\">Agua, Gas Natural, Petr\u00f3leo y alg\u00fan l\u00edquido corrosivo<\/td>\n<\/tr>\n<tr>\n<td width=\"200\">9. Operado<\/td>\n<td width=\"481\">Volante<\/td>\n<\/tr>\n<tr>\n<td width=\"200\">10. Inspecci\u00f3n y pruebas<\/td>\n<td width=\"481\">Seg\u00fan API598<\/td>\n<\/tr>\n<tr>\n<td width=\"200\"><strong>Env\u00edo<\/strong><\/td>\n<td width=\"481\"><\/td>\n<\/tr>\n<tr>\n<td width=\"200\">El tiempo de entrega<\/td>\n<td width=\"481\">30 dias<\/td>\n<\/tr>\n<tr>\n<td width=\"200\">Paquete<\/td>\n<td width=\"481\">Caja de madera contrachapada de exportaci\u00f3n est\u00e1ndar<\/td>\n<\/tr>\n<tr>\n<td width=\"200\">Puerto de embarque<\/td>\n<td width=\"481\">Ningbo\/Shangh\u00e1i, China<\/td>\n<\/tr>\n<tr>\n<td width=\"200\">Condiciones de env\u00edo<\/td>\n<td width=\"481\">Exw, MANDO, CFR, CIF, etc.<\/td>\n<\/tr>\n<tr>\n<td width=\"200\">T\u00e9rminos de pago<\/td>\n<td width=\"481\">T\/T, Western Union, PayPal, etc.<\/td>\n<\/tr>\n<tr>\n<td width=\"200\"><\/td>\n<td width=\"481\">Pago anticipado de 30%, saldo de 70% pagado antes del env\u00edo<\/td>\n<\/tr>\n<tr>\n<td width=\"200\">Pa\u00eds de origen<\/td>\n<td width=\"481\">Ciudad de Wenzhou, China<\/td>\n<\/tr>\n<tr>\n<td width=\"200\">Capacidad de producci\u00f3n<\/td>\n<td width=\"481\">6000 toneladas\/a\u00f1o<\/td>\n<\/tr>\n<tr>\n<td width=\"200\">Cantidad m\u00ednima de pedido<\/td>\n<td width=\"481\">1 unidad\/tama\u00f1o<\/td>\n<\/tr>\n<\/tbody>\n<\/table>","protected":false},"excerpt":{"rendered":"<p>Modelo: J41Y-150LB-4<br \/>\nNuestra v\u00e1lvula de globo de acero fundido cumple estrictamente con el dise\u00f1o, fabricaci\u00f3n y aceptaci\u00f3n del est\u00e1ndar API, estructura compacta, sellado confiable, operaci\u00f3n flexible, aplicable a los sectores petroqu\u00edmico, de energ\u00eda el\u00e9ctrica, metal\u00fargico, textil y otros sectores industriales.<br \/>\nEspecificaci\u00f3n<br \/>\nDise\u00f1o seg\u00fan ASME B16.34<br \/>\nCara a cara\/de extremo a extremo: ASME B16.10<br \/>\nDimensiones de la brida: ASME B16.5<br \/>\nExtremo de soldadura: ASME B.16.25<br \/>\nDise\u00f1o b\u00e1sico: BS 1873<br \/>\nPruebas seg\u00fan API 598<\/p>\n<p>&nbsp;<\/p>\n<p>Caracter\u00edsticas clave:<br \/>\nConstrucci\u00f3n del cuerpo de acero fundido que proporciona resistencia liberal para cumplir con la mayor\u00eda de las condiciones.<br \/>\nYugo integral y cap\u00f3; Tornillo exterior y yugo, cap\u00f3 atornillado.<br \/>\nEl anillo de asiento soldado con sello elimina la v\u00eda de fuga detr\u00e1s de los anillos y brinda un servicio prolongado y sin problemas.<br \/>\nDisponible en conexi\u00f3n final bridada; Extremos para soldar a tope tambi\u00e9n disponibles.<br \/>\nV\u00e1lvula probada seg\u00fan API 598.<\/p>\n<p>STV Valve Technology Group Co., Ltd es un l\u00edder profesional en China V\u00e1lvula de globo con cap\u00f3 atornillado, v\u00e1lvula de globo de acero fundido, v\u00e1lvula de globo con brida, v\u00e1lvula de globo de yugo y tornillo exterior, v\u00e1lvula de globo de v\u00e1stago ascendente, v\u00e1lvula de globo BS 1873, v\u00e1lvula de globo de acero al carbono, globo de brida de 150 lb Fabricante de v\u00e1lvulas con alta calidad y precio competitivo.<\/p>\n<p>Comun\u00edquese con nuestro sales@stvvalve.com para obtener otros materiales y detalles.<\/p>\n<p>Hoja de fecha:<br \/>\n<a href=\"https:\/\/www.stvvalves.com\/wp-content\/uploads\/2018\/12\/150lb-cast-steel-flange-globe-valve-drawing.pdf\">V\u00e1lvula de globo con brida de acero fundido de 150 lb<\/a><\/p>","protected":false},"featured_media":4166,"template":"","meta":[],"product_brand":[],"product_cat":[63,45],"product_tag":[1016,324,1014,1015,323,322,326,325],"class_list":{"0":"post-4165","1":"product","2":"type-product","3":"status-publish","4":"has-post-thumbnail","6":"product_cat-cast-steel-globe-valve","7":"product_cat-globe-valve","8":"product_tag-150lb-flange-globe-valve","9":"product_tag-bolted-bonnet-globe-valve","10":"product_tag-bs-1873-globe-valve","11":"product_tag-carbon-steel-globe-valve","12":"product_tag-cast-steel-globe-valve","13":"product_tag-flanged-globe-valve","14":"product_tag-outside-screwyoke-globe-valve","15":"product_tag-rising-stem-globe-valve","17":"first","18":"instock","19":"shipping-taxable","20":"product-type-simple"},"_links":{"self":[{"href":"https:\/\/www.stvvalves.com\/es\/wp-json\/wp\/v2\/product\/4165","targetHints":{"allow":["GET"]}}],"collection":[{"href":"https:\/\/www.stvvalves.com\/es\/wp-json\/wp\/v2\/product"}],"about":[{"href":"https:\/\/www.stvvalves.com\/es\/wp-json\/wp\/v2\/types\/product"}],"wp:featuredmedia":[{"embeddable":true,"href":"https:\/\/www.stvvalves.com\/es\/wp-json\/wp\/v2\/media\/4166"}],"wp:attachment":[{"href":"https:\/\/www.stvvalves.com\/es\/wp-json\/wp\/v2\/media?parent=4165"}],"wp:term":[{"taxonomy":"product_brand","embeddable":true,"href":"https:\/\/www.stvvalves.com\/es\/wp-json\/wp\/v2\/product_brand?post=4165"},{"taxonomy":"product_cat","embeddable":true,"href":"https:\/\/www.stvvalves.com\/es\/wp-json\/wp\/v2\/product_cat?post=4165"},{"taxonomy":"product_tag","embeddable":true,"href":"https:\/\/www.stvvalves.com\/es\/wp-json\/wp\/v2\/product_tag?post=4165"}],"curies":[{"name":"wp","href":"https:\/\/api.w.org\/{rel}","templated":true}]}}