{"id":4170,"date":"2018-12-06T13:23:49","date_gmt":"2018-12-06T13:23:49","guid":{"rendered":"https:\/\/www.stvvalves.com\/?post_type=product&#038;p=4170"},"modified":"2026-01-17T20:47:41","modified_gmt":"2026-01-17T12:47:41","slug":"wafer-single-disc-swing-check-valve-150lb","status":"publish","type":"product","link":"https:\/\/www.stvvalves.com\/es\/products\/wafer-single-disc-swing-check-valve-150lb\/","title":{"rendered":"V\u00e1lvula de retenci\u00f3n oscilante de disco \u00fanico Wafer 150 LB"},"content":{"rendered":"<p>Especificaci\u00f3n del par\u00e1metro principal<\/p>\n<p>Dise\u00f1o y fabricaci\u00f3n: API594, API 6D<br \/>\nCara a cara y de extremo a extremo: API594,API6D,DIN3202<br \/>\nClasificaci\u00f3n de presi\u00f3n-temperatura: ASME B16.34, DIN2410<br \/>\nInspecci\u00f3n y prueba: API598<br \/>\nBrida de tuber\u00eda: ASME B16.5, DIN2543~2548, GB\/T13402, API605, ASME B16.47.<\/p>\n<p>Gama de productos<\/p>\n<p>Material del cuerpo: acero al carbono, acero inoxidable, acero aleado, bronce<\/p>\n<p>Di\u00e1metro nominal: 1\/2\u2033~48\u2033(DN15~DN1200)<\/p>\n<p>Conexi\u00f3n final: RF,RTJ<\/p>\n<p>Rango de presi\u00f3n: Clase 150~900(PN16~PN150)<\/p>\n<p>Temperatura de trabajo: -196 \u2103 ~ + 560 \u2103<\/p>\n<table>\n<tbody>\n<tr>\n<td width=\"200\"><strong>nombre del producto<\/strong><\/td>\n<td width=\"481\">V\u00e1lvula de retenci\u00f3n oscilante de disco \u00fanico Wafer 150 LB<\/td>\n<\/tr>\n<tr>\n<td width=\"200\">1. Materiales<\/td>\n<td width=\"481\">F316<\/td>\n<\/tr>\n<tr>\n<td width=\"200\">2. Tama\u00f1o<\/td>\n<td width=\"481\">4\u201d<\/td>\n<\/tr>\n<tr>\n<td width=\"200\">4. Puerto<\/td>\n<td width=\"481\">Puerto lleno<\/td>\n<\/tr>\n<tr>\n<td width=\"200\">5. Presi\u00f3n de trabajo<\/td>\n<td width=\"481\">150 libras<\/td>\n<\/tr>\n<tr>\n<td width=\"200\">6. La conexi\u00f3n finaliza<\/td>\n<td width=\"481\">RF<\/td>\n<\/tr>\n<tr>\n<td width=\"200\">7. Temperatura de trabajo.<\/td>\n<td width=\"481\">-29~300\u00baC,<\/td>\n<\/tr>\n<tr>\n<td width=\"200\">8. Medio adecuado<\/td>\n<td width=\"481\">Agua, Gas Natural, Petr\u00f3leo y alg\u00fan l\u00edquido corrosivo<\/td>\n<\/tr>\n<tr>\n<td width=\"200\">9. Operado<\/td>\n<td width=\"481\">\/<\/td>\n<\/tr>\n<tr>\n<td width=\"200\">10. Inspecci\u00f3n y pruebas<\/td>\n<td width=\"481\">Seg\u00fan API594<\/td>\n<\/tr>\n<tr>\n<td width=\"200\"><strong>Env\u00edo<\/strong><\/td>\n<td width=\"481\"><\/td>\n<\/tr>\n<tr>\n<td width=\"200\">El tiempo de entrega<\/td>\n<td width=\"481\">30 dias<\/td>\n<\/tr>\n<tr>\n<td width=\"200\">Paquete<\/td>\n<td width=\"481\">Caja de madera contrachapada de exportaci\u00f3n est\u00e1ndar<\/td>\n<\/tr>\n<tr>\n<td width=\"200\">Puerto de embarque<\/td>\n<td width=\"481\">Ningbo\/Shangh\u00e1i, China<\/td>\n<\/tr>\n<tr>\n<td width=\"200\">Condiciones de env\u00edo<\/td>\n<td width=\"481\">Exw, MANDO, CFR, CIF, etc.<\/td>\n<\/tr>\n<tr>\n<td width=\"200\">T\u00e9rminos de pago<\/td>\n<td width=\"481\">T\/T, Western Union, PayPal, etc.<\/td>\n<\/tr>\n<tr>\n<td width=\"200\"><\/td>\n<td width=\"481\">Pago anticipado de 30%, saldo de 70% pagado antes del env\u00edo<\/td>\n<\/tr>\n<tr>\n<td width=\"200\">Pa\u00eds de origen<\/td>\n<td width=\"481\">Ciudad de Wenzhou, China<\/td>\n<\/tr>\n<tr>\n<td width=\"200\">Capacidad de producci\u00f3n<\/td>\n<td width=\"481\">6000 toneladas\/a\u00f1o<\/td>\n<\/tr>\n<tr>\n<td width=\"200\">Cantidad m\u00ednima de pedido<\/td>\n<td width=\"481\">1 unidad\/tama\u00f1o<\/td>\n<\/tr>\n<\/tbody>\n<\/table>","protected":false},"excerpt":{"rendered":"<p>Modelo:H74F-150LB-3<br \/>\nLa v\u00e1lvula de retenci\u00f3n oscilante de disco \u00fanico Wafer es una v\u00e1lvula de retenci\u00f3n ultrafina, que tiene las ventajas de una estructura simple, una apariencia hermosa, un peso liviano y una instalaci\u00f3n conveniente. La v\u00e1lvula de retenci\u00f3n delgada es principalmente adecuada para sistemas de suministro de agua, petr\u00f3leo, productos qu\u00edmicos, metal\u00fargicos y otros sectores industriales, y es m\u00e1s adecuada para lugares con restricciones de espacio de instalaci\u00f3n.<\/p>\n<p>Longitud estructural corta, solo 1\/4 ~ 1\/8 de la de la v\u00e1lvula de retenci\u00f3n de brida tradicional;<\/p>\n<p>Bajo volumen, peso ligero, s\u00f3lo 1\/4~1\/20 de los de la v\u00e1lvula de retenci\u00f3n de brida tradicional;<\/p>\n<p>Cierre r\u00e1pido del disco de la v\u00e1lvula, baja presi\u00f3n de golpe de ariete;<\/p>\n<p>Aplicable y de f\u00e1cil instalaci\u00f3n para tuber\u00edas verticales u horizontales;<\/p>\n<p>Paso de flujo suave y peque\u00f1a resistencia a los fluidos;<\/p>\n<p>Acci\u00f3n flexible y buen rendimiento de sellado;<\/p>\n<p>Recorrido de v\u00e1lvula estrecho y peque\u00f1o impacto de cierre;<\/p>\n<p>Estructura integrada, simple y compacta, en hermosa forma;<\/p>\n<p>Larga vida \u00fatil y buena fiabilidad.<\/p>\n<p>&nbsp;<\/p>\n<p>Comun\u00edquese con nuestro departamento de ventas para obtener otros materiales y detalles.<\/p>\n<p>Hoja de fecha:<br \/>\n<a href=\"https:\/\/www.stvvalves.com\/wp-content\/uploads\/2018\/12\/wafer-single-disc-swing-check-valve-150lb-DRAWING.pdf\">V\u00e1lvula de retenci\u00f3n oscilante de disco \u00fanico Wafer 150 LB<\/a><\/p>","protected":false},"featured_media":4171,"template":"","meta":[],"product_brand":[],"product_cat":[46,84],"product_tag":[185,328,330,333,332,334,327,329,225,331],"class_list":{"0":"post-4170","1":"product","2":"type-product","3":"status-publish","4":"has-post-thumbnail","6":"product_cat-check-valves","7":"product_cat-wafer-check-valve","8":"product_tag-check-valve","9":"product_tag-single-disc-check-valve-class-150","10":"product_tag-single-disc-swing-check-valve","11":"product_tag-single-disc-swing-check-valveforging-body","12":"product_tag-single-disc-wafer-swing-check-valve","13":"product_tag-single-plate-wafer-check-valves","14":"product_tag-thin-type-swing-check-valve","15":"product_tag-thin-type-wafer-check-valve","16":"product_tag-wafer-check-valve","17":"product_tag-wafer-type-single-disc-swing-check-valve","19":"first","20":"instock","21":"shipping-taxable","22":"product-type-simple"},"_links":{"self":[{"href":"https:\/\/www.stvvalves.com\/es\/wp-json\/wp\/v2\/product\/4170","targetHints":{"allow":["GET"]}}],"collection":[{"href":"https:\/\/www.stvvalves.com\/es\/wp-json\/wp\/v2\/product"}],"about":[{"href":"https:\/\/www.stvvalves.com\/es\/wp-json\/wp\/v2\/types\/product"}],"wp:featuredmedia":[{"embeddable":true,"href":"https:\/\/www.stvvalves.com\/es\/wp-json\/wp\/v2\/media\/4171"}],"wp:attachment":[{"href":"https:\/\/www.stvvalves.com\/es\/wp-json\/wp\/v2\/media?parent=4170"}],"wp:term":[{"taxonomy":"product_brand","embeddable":true,"href":"https:\/\/www.stvvalves.com\/es\/wp-json\/wp\/v2\/product_brand?post=4170"},{"taxonomy":"product_cat","embeddable":true,"href":"https:\/\/www.stvvalves.com\/es\/wp-json\/wp\/v2\/product_cat?post=4170"},{"taxonomy":"product_tag","embeddable":true,"href":"https:\/\/www.stvvalves.com\/es\/wp-json\/wp\/v2\/product_tag?post=4170"}],"curies":[{"name":"wp","href":"https:\/\/api.w.org\/{rel}","templated":true}]}}