{"id":4177,"date":"2018-12-06T13:45:02","date_gmt":"2018-12-06T13:45:02","guid":{"rendered":"https:\/\/www.stvvalves.com\/?post_type=product&#038;p=4177"},"modified":"2025-02-18T14:16:42","modified_gmt":"2025-02-18T06:16:42","slug":"cast-steel-swing-check-valve-150lb-12-inch-flange-end","status":"publish","type":"product","link":"https:\/\/www.stvvalves.com\/es\/products\/cast-steel-swing-check-valve-150lb-12-inch-flange-end\/","title":{"rendered":"V\u00e1lvula de retenci\u00f3n oscilante de acero fundido, 150 lb, 12 pulgadas, extremo con brida"},"content":{"rendered":"<p>Dise\u00f1o y fabricaci\u00f3n: BS 1868,ASME B16.34,API 6D<\/p>\n<p>Inspecci\u00f3n y prueba: API598, API600 o API 6D<\/p>\n<p>Dimensi\u00f3n de la brida final: ASME B16.5 (para NPS\u226424, ASME B 16.47 serie B, API 605, ASME B16.47 Serie A, MSS SP-44 (para NPS&gt;24)<\/p>\n<p>Dimensi\u00f3n final BW: ASME B16.25<\/p>\n<p>Cara a cara y de extremo a extremo: ASME B16.10<\/p>\n<p>Clasificaciones de presi\u00f3n-temperatura: ASME B16.34<\/p>\n<p>Dimensi\u00f3n del espesor de pared: API 600, BS 1868<\/p>\n<p>Gama de productos<\/p>\n<p>Material del cuerpo: acero al carbono, acero inoxidable, acero aleado, bronce<\/p>\n<p>Di\u00e1metro nominal: 1\/2\u2033~48\u2033(DN15~DN1200)<\/p>\n<p>Conexi\u00f3n final: RF, RTJ, BW<\/p>\n<p>Rango de presi\u00f3n: Clase 150~2500(PN16~PN420)<\/p>\n<p>Temperatura de trabajo: -196 \u2103 ~ + 560 \u2103<\/p>\n<table style=\"height: 339px;\" width=\"705\">\n<tbody>\n<tr>\n<td>Nombre del producto:<\/td>\n<td>V\u00e1lvula de retenci\u00f3n oscilante de acero fundido, 150 lb, 12 pulgadas, extremo con brida<\/td>\n<\/tr>\n<tr>\n<td>Material del cuerpo de la v\u00e1lvula:<\/td>\n<td>WCB<\/td>\n<\/tr>\n<tr>\n<td>Puerto<\/td>\n<td>Puerto lleno<\/td>\n<\/tr>\n<tr>\n<td>Presi\u00f3n de trabajo mexicana:<\/td>\n<td>150 libras<\/td>\n<\/tr>\n<tr>\n<td>M\u00e1x. Temperatura de trabajo:<\/td>\n<td>-29-425\u00b0C<\/td>\n<\/tr>\n<tr>\n<td>Tama\u00f1o disponible:<\/td>\n<td>DN50-DN1000<\/td>\n<\/tr>\n<tr>\n<td>Conexi\u00f3n disponible:<\/td>\n<td>RF, BW,RTJ<\/td>\n<\/tr>\n<tr>\n<td>Disponible est\u00e1ndar:<\/td>\n<td>ANSI<\/td>\n<\/tr>\n<tr>\n<td>Operado:<\/td>\n<td>\/<\/td>\n<\/tr>\n<tr>\n<td>Certificado:<\/td>\n<td>ISO, API600, API 6D<\/td>\n<\/tr>\n<tr>\n<td>Medio adecuado:<\/td>\n<td>\u00a0Agua, vapor, petr\u00f3leo y gas natural, etc.<\/td>\n<\/tr>\n<\/tbody>\n<\/table>","protected":false},"excerpt":{"rendered":"<p>Modelo:H44H-150LB-12\u2033<\/p>\n<p>La v\u00e1lvula de retenci\u00f3n oscilante de acero fundido se refiere a una v\u00e1lvula que abre y cierra autom\u00e1ticamente la trampilla de la v\u00e1lvula mediante el flujo del medio mismo, y se utiliza para evitar el reflujo del medio, que tambi\u00e9n se llama v\u00e1lvula de retenci\u00f3n, v\u00e1lvula de retenci\u00f3n. , una v\u00e1lvula de flujo inverso y una v\u00e1lvula de contrapresi\u00f3n. La funci\u00f3n de este tipo de v\u00e1lvula es permitir que solo el medio fluya en una direcci\u00f3n y evitar que fluya en esa direcci\u00f3n. Por lo general, la v\u00e1lvula se acciona autom\u00e1ticamente y la presi\u00f3n del fluido que fluye en una direcci\u00f3n abre la trampilla de la v\u00e1lvula; cuando el fluido fluye en la direcci\u00f3n opuesta, la presi\u00f3n del fluido y la v\u00e1lvula de cierre autom\u00e1tico del disco de la v\u00e1lvula act\u00faan sobre el asiento de la v\u00e1lvula para cortar el flujo.<br \/>\nLa v\u00e1lvula de retenci\u00f3n oscilante de acero fundido es adecuada para tuber\u00edas de diversas condiciones de trabajo, como centrales petroleras, qu\u00edmicas, hidr\u00e1ulicas, t\u00e9rmicas, etc., cortando o conectando el medio. Medio aplicable: agua, aceite, vapor, etc.<\/p>\n<p>Especificaci\u00f3n del par\u00e1metro principal<\/p>\n<p>Dise\u00f1o y fabricaci\u00f3n: v\u00e1lvula de retenci\u00f3n de acero fundido seg\u00fan BS 1868, ASME B16.34, API 6D<\/p>\n<p>Inspecci\u00f3n y prueba: API598, API600 o API 6D<\/p>\n<p>Dimensi\u00f3n de la brida final: ASME B16.5 (para NPS\u226424, ASME B 16.47 serie B, API 605, ASME B16.47 Serie A, MSS SP-44 (para NPS&gt;24)<\/p>\n<p>Dimensi\u00f3n final BW: ASME B16.25<\/p>\n<p>Cara a cara y de extremo a extremo: ASME B16.10<\/p>\n<p>Clasificaciones de presi\u00f3n-temperatura: ASME B16.34<\/p>\n<p>Dimensi\u00f3n del espesor de pared: API 600, BS 1868<\/p>\n<p>Gama de productos<\/p>\n<p>Material del cuerpo: acero al carbono, acero inoxidable, acero aleado, bronce<\/p>\n<p>Di\u00e1metro nominal: 1\/2\u2033~48\u2033(DN15~DN1200)<\/p>\n<p>Conexi\u00f3n final: RF, RTJ, BW<\/p>\n<p>Rango de presi\u00f3n: Clase 150~2500(PN16~PN420)<\/p>\n<p>Temperatura de trabajo: -196 \u2103 ~ + 560 \u2103<\/p>\n<p>STV Valve Technology Group Co., Ltd es un l\u00edder profesional en China V\u00e1lvula de retenci\u00f3n oscilante ANSI, v\u00e1lvula de retenci\u00f3n oscilante API 600, v\u00e1lvula de retenci\u00f3n oscilante de acero fundido, v\u00e1lvula de retenci\u00f3n, v\u00e1lvula de retenci\u00f3n oscilante con extremo de brida, v\u00e1lvula de retenci\u00f3n oscilante, v\u00e1lvula de retenci\u00f3n oscilante WCB, oscilaci\u00f3n de 150 lb V\u00e1lvula de retenci\u00f3n, v\u00e1lvula de retenci\u00f3n de acero fundido, v\u00e1lvula de retenci\u00f3n de acero al carbono Fabricante con alta calidad y precio competitivo.<\/p>\n<p>Comun\u00edquese con nuestro sales@stvvalve.com para obtener otros materiales y detalles.<\/p>\n<p>Hoja de fecha:<br \/>\n<a href=\"https:\/\/www.stvvalves.com\/wp-content\/uploads\/2018\/12\/cast-steel-swing-check-valve-150lb-drawing.pdf\">V\u00e1lvula de retenci\u00f3n oscilante de acero fundido, 150 lb, 12 pulgadas, extremo con brida<\/a><\/p>\n<p>&nbsp;<\/p>\n<p>&nbsp;<\/p>","protected":false},"featured_media":4181,"template":"","meta":[],"product_brand":[],"product_cat":[83,46],"product_tag":[335,338,337,185,339,152,336],"class_list":{"0":"post-4177","1":"product","2":"type-product","3":"status-publish","4":"has-post-thumbnail","6":"product_cat-cast-steel-check-valve","7":"product_cat-check-valves","8":"product_tag-ansi-swing-check-valve","9":"product_tag-api-600-swing-check-valve","10":"product_tag-cast-steel-swing-check-valve","11":"product_tag-check-valve","12":"product_tag-flange-end-swing-check-valve","13":"product_tag-swing-check-valve","14":"product_tag-wcb-swing-check-valve","16":"first","17":"instock","18":"shipping-taxable","19":"product-type-simple"},"_links":{"self":[{"href":"https:\/\/www.stvvalves.com\/es\/wp-json\/wp\/v2\/product\/4177","targetHints":{"allow":["GET"]}}],"collection":[{"href":"https:\/\/www.stvvalves.com\/es\/wp-json\/wp\/v2\/product"}],"about":[{"href":"https:\/\/www.stvvalves.com\/es\/wp-json\/wp\/v2\/types\/product"}],"wp:featuredmedia":[{"embeddable":true,"href":"https:\/\/www.stvvalves.com\/es\/wp-json\/wp\/v2\/media\/4181"}],"wp:attachment":[{"href":"https:\/\/www.stvvalves.com\/es\/wp-json\/wp\/v2\/media?parent=4177"}],"wp:term":[{"taxonomy":"product_brand","embeddable":true,"href":"https:\/\/www.stvvalves.com\/es\/wp-json\/wp\/v2\/product_brand?post=4177"},{"taxonomy":"product_cat","embeddable":true,"href":"https:\/\/www.stvvalves.com\/es\/wp-json\/wp\/v2\/product_cat?post=4177"},{"taxonomy":"product_tag","embeddable":true,"href":"https:\/\/www.stvvalves.com\/es\/wp-json\/wp\/v2\/product_tag?post=4177"}],"curies":[{"name":"wp","href":"https:\/\/api.w.org\/{rel}","templated":true}]}}