{"id":4191,"date":"2018-12-07T06:48:38","date_gmt":"2018-12-07T06:48:38","guid":{"rendered":"https:\/\/www.stvvalves.com\/?post_type=product&#038;p=4191"},"modified":"2025-02-17T18:19:31","modified_gmt":"2025-02-17T10:19:31","slug":"2500lb-wc9-y-type-globe-valve","status":"publish","type":"product","link":"https:\/\/www.stvvalves.com\/es\/products\/2500lb-wc9-y-type-globe-valve\/","title":{"rendered":"V\u00e1lvula de globo tipo Y WC9 de 2500 LB"},"content":{"rendered":"<h2>Descripci\u00f3n<\/h2>\n<p>Est\u00e1ndares de implementaci\u00f3n de v\u00e1lvula de globo tipo 2500LB WC9 Y:<\/p>\n<p>Dise\u00f1o y fabricaci\u00f3n: ANSI B16.34 E101<\/p>\n<p>Longitud de la estructura: ANSI B16.10 E101<\/p>\n<p>Clasificaci\u00f3n de temperatura de presi\u00f3n: ANSI B16.34 E101<\/p>\n<p>Experimento y prueba: E101 API598<\/p>\n<p>Materiales: A216 WCB, CMI, A217 WC6, WC9, C5, C12A, A352 LCB, LCC<br \/>\nA351 CF8, CF8M, CF3M, CF8C, CN3MN, CK3MCUN, CN7M,<br \/>\nA890 4A(CD3MN), 5A(CE3MN), 6A(CD3MWCuN),<br \/>\nASTM B 148 C95800, C95500<\/p>\n<p>Presi\u00f3n: clase 150 ~ 2500<\/p>\n<table>\n<tbody>\n<tr>\n<td width=\"200\"><strong>nombre del producto<\/strong><\/td>\n<td width=\"481\">V\u00e1lvula de globo tipo Y WC9 de 2500 LB<\/td>\n<\/tr>\n<tr>\n<td width=\"200\">1. Materiales<\/td>\n<td width=\"481\">WC9<\/td>\n<\/tr>\n<tr>\n<td width=\"200\">2. Tama\u00f1o<\/td>\n<td width=\"481\">12\u201d<\/td>\n<\/tr>\n<tr>\n<td width=\"200\">4. Puerto<\/td>\n<td width=\"481\">Puerto lleno<\/td>\n<\/tr>\n<tr>\n<td width=\"200\">5. Presi\u00f3n de trabajo<\/td>\n<td width=\"481\">2500 libras<\/td>\n<\/tr>\n<tr>\n<td width=\"200\">6. La conexi\u00f3n finaliza<\/td>\n<td width=\"481\">peso corporal<\/td>\n<\/tr>\n<tr>\n<td width=\"200\">7. Temperatura de trabajo.<\/td>\n<td width=\"481\">-29~560\u00baC,<\/td>\n<\/tr>\n<tr>\n<td width=\"200\">8. Medio adecuado<\/td>\n<td width=\"481\">Agua, Gas Natural, Petr\u00f3leo y alg\u00fan l\u00edquido corrosivo<\/td>\n<\/tr>\n<tr>\n<td width=\"200\">9. Operado<\/td>\n<td width=\"481\">Volante<\/td>\n<\/tr>\n<tr>\n<td width=\"200\">10. Inspecci\u00f3n y pruebas<\/td>\n<td width=\"481\">Seg\u00fan API598<\/td>\n<\/tr>\n<tr>\n<td width=\"200\"><strong>Env\u00edo<\/strong><\/td>\n<td width=\"481\"><\/td>\n<\/tr>\n<tr>\n<td width=\"200\">El tiempo de entrega<\/td>\n<td width=\"481\">30 dias<\/td>\n<\/tr>\n<tr>\n<td width=\"200\">Paquete<\/td>\n<td width=\"481\">Caja de madera contrachapada de exportaci\u00f3n est\u00e1ndar<\/td>\n<\/tr>\n<tr>\n<td width=\"200\">Puerto de embarque<\/td>\n<td width=\"481\">Ningbo\/Shangh\u00e1i, China<\/td>\n<\/tr>\n<tr>\n<td width=\"200\">Condiciones de env\u00edo<\/td>\n<td width=\"481\">Exw, MANDO, CFR, CIF, etc.<\/td>\n<\/tr>\n<tr>\n<td width=\"200\">T\u00e9rminos de pago<\/td>\n<td width=\"481\">T\/T, Western Union, PayPal, etc.<\/td>\n<\/tr>\n<tr>\n<td width=\"200\"><\/td>\n<td width=\"481\">Pago anticipado de 30%, saldo de 70% pagado antes del env\u00edo<\/td>\n<\/tr>\n<tr>\n<td width=\"200\">Pa\u00eds de origen<\/td>\n<td width=\"481\">Ciudad de Wenzhou, China<\/td>\n<\/tr>\n<tr>\n<td width=\"200\">Capacidad de producci\u00f3n<\/td>\n<td width=\"481\">6000 toneladas\/a\u00f1o<\/td>\n<\/tr>\n<tr>\n<td width=\"200\">Cantidad m\u00ednima de pedido<\/td>\n<td width=\"481\">1 unidad\/tama\u00f1o<\/td>\n<\/tr>\n<\/tbody>\n<\/table>","protected":false},"excerpt":{"rendered":"<p>Modelo:Y565Y-2500LB-WC9-DN300<\/p>\n<p>Las piezas de apertura y cierre de la v\u00e1lvula de globo para alta temperatura y alta presi\u00f3n son v\u00e1lvulas en forma de tap\u00f3n, superficie de sellado plana o c\u00f3nica, y la aleta de la v\u00e1lvula a lo largo de la l\u00ednea central del fluido para movimiento lineal. El movimiento de la forma del v\u00e1stago, hay un tipo de varilla de elevaci\u00f3n (el volante de elevaci\u00f3n del v\u00e1stago, no est\u00e1 hacia arriba y hacia abajo), pero tambi\u00e9n el levantamiento del tipo de barra giratoria (el volante y la rotaci\u00f3n del v\u00e1stago de la v\u00e1lvula, la tuerca est\u00e1 ubicada en el cuerpo de la v\u00e1lvula).<\/p>\n<p>Caracter\u00edsticas de la estructura:<\/p>\n<p>1 v\u00e1lvula en la cavidad con la presi\u00f3n de la estructura de sello herm\u00e9tico, mejor ser\u00e1 el rendimiento del sellado.<\/p>\n<p>2. La aleta de la v\u00e1lvula y la superficie de sellado del asiento de la v\u00e1lvula de la soldadura por aspersi\u00f3n de aleaci\u00f3n a base de cobalto estelita se vuelven resistentes al desgaste, soportan altas temperaturas, resistencia a la corrosi\u00f3n, resistencia al rayado, para ser buenos en ello.<\/p>\n<p>3 dise\u00f1os de fluencia de alta temperatura.<\/p>\n<p>4 el v\u00e1stago de la v\u00e1lvula adopta toda la estructura de forjado, tiene buena resistencia a la corrosi\u00f3n y al rayado mediante el tratamiento de temple y revenido y nitruraci\u00f3n de la superficie.<\/p>\n<p>La profundidad de relleno de la tapa de 5 v\u00e1lvulas es razonable, inhibidor de corrosi\u00f3n y llenado, sellado y confiable.<\/p>\n<p>Principales caracter\u00edsticas:<\/p>\n<p>1, la v\u00e1lvula y la conexi\u00f3n de la tuber\u00eda mediante la estructura soldada.<\/p>\n<p>2, la superficie de sellado no es f\u00e1cil de usar, abrasi\u00f3n, buen rendimiento de sellado, larga vida \u00fatil.<\/p>\n<p>3, la estructura es compacta, la apertura y el cierre son buenos, la altura es peque\u00f1a y el mantenimiento es conveniente.<\/p>\n<p>Usar:<\/p>\n<p>Adecuado para agua, vapor, oleoductos, tiene las caracter\u00edsticas de resistencia a altas temperaturas y resistencia a altas presiones. Adecuado para tuber\u00edas de agua, vapor, aceite y vapor sobrecalentado de agua, vapor, aceite y vapor sobrecalentado en centrales t\u00e9rmicas, petroqu\u00edmicas, metalurgias y otras altas temperaturas y altas presiones.<\/p>\n<p>Principales caracter\u00edsticas y usos<\/p>\n<p>1, la v\u00e1lvula y la conexi\u00f3n de la tuber\u00eda mediante la estructura soldada.<\/p>\n<p>2, la superficie de sellado no es f\u00e1cil de usar, abrasi\u00f3n, buen rendimiento de sellado, larga vida \u00fatil.<\/p>\n<p>3, la estructura es compacta, la apertura y cierre de buen, alto grado de mantenimiento peque\u00f1o y conveniente.<\/p>\n<p>4, adecuado para agua, vapor, oleoductos, con caracter\u00edsticas de resistencia a altas temperaturas y altas presiones.<\/p>\n<p>Caracter\u00edsticas clave:<\/p>\n<p>1, condiciones t\u00e9cnicas de aceptaci\u00f3n de fabricaci\u00f3n seg\u00fan lo dispuesto en E101.<\/p>\n<p>2, la longitud de la estructura de la v\u00e1lvula de acuerdo con las disposiciones de B16.10 E101 o ANSI.<\/p>\n<p>3, la ranura de soldadura del cuerpo de la v\u00e1lvula seg\u00fan las disposiciones de ANSI B16.25 o seg\u00fan el tama\u00f1o del usuario.<\/p>\n<p>Comun\u00edquese con nuestro sales@stvvalve.com para obtener otros materiales y m\u00e1s detalles.<\/p>\n<p>Hoja de fecha:<br \/>\n<a href=\"https:\/\/www.stvvalves.com\/wp-content\/uploads\/2018\/12\/2500lb-wc9-y-type-globe-valve-drawing.pdf\">V\u00e1lvula de globo tipo Y WC9 de 2500 LB<\/a><\/p>","protected":false},"featured_media":4192,"template":"","meta":[],"product_brand":[],"product_cat":[63,45],"product_tag":[340,341,345,344,343,342],"class_list":{"0":"post-4191","1":"product","2":"type-product","3":"status-publish","4":"has-post-thumbnail","6":"product_cat-cast-steel-globe-valve","7":"product_cat-globe-valve","8":"product_tag-2500lb-bw-high-pressure-y-type-globe-valve","9":"product_tag-2500lb-y-pattern-globe-valve","10":"product_tag-globe-valves","11":"product_tag-pressure-seal-y-pattern-globe-valves","12":"product_tag-pressure-seal-y-pattern-globe-valve-1500lb2500lb","13":"product_tag-y-type-globe-valves","15":"first","16":"instock","17":"shipping-taxable","18":"product-type-simple"},"_links":{"self":[{"href":"https:\/\/www.stvvalves.com\/es\/wp-json\/wp\/v2\/product\/4191","targetHints":{"allow":["GET"]}}],"collection":[{"href":"https:\/\/www.stvvalves.com\/es\/wp-json\/wp\/v2\/product"}],"about":[{"href":"https:\/\/www.stvvalves.com\/es\/wp-json\/wp\/v2\/types\/product"}],"wp:featuredmedia":[{"embeddable":true,"href":"https:\/\/www.stvvalves.com\/es\/wp-json\/wp\/v2\/media\/4192"}],"wp:attachment":[{"href":"https:\/\/www.stvvalves.com\/es\/wp-json\/wp\/v2\/media?parent=4191"}],"wp:term":[{"taxonomy":"product_brand","embeddable":true,"href":"https:\/\/www.stvvalves.com\/es\/wp-json\/wp\/v2\/product_brand?post=4191"},{"taxonomy":"product_cat","embeddable":true,"href":"https:\/\/www.stvvalves.com\/es\/wp-json\/wp\/v2\/product_cat?post=4191"},{"taxonomy":"product_tag","embeddable":true,"href":"https:\/\/www.stvvalves.com\/es\/wp-json\/wp\/v2\/product_tag?post=4191"}],"curies":[{"name":"wp","href":"https:\/\/api.w.org\/{rel}","templated":true}]}}