{"id":4195,"date":"2018-12-07T12:05:51","date_gmt":"2018-12-07T12:05:51","guid":{"rendered":"https:\/\/www.stvvalves.com\/?post_type=product&#038;p=4195"},"modified":"2025-02-17T18:19:30","modified_gmt":"2025-02-17T10:19:30","slug":"1500lb-wc9-high-pressure-flange-globe-valve","status":"publish","type":"product","link":"https:\/\/www.stvvalves.com\/es\/products\/1500lb-wc9-high-pressure-flange-globe-valve\/","title":{"rendered":"V\u00e1lvula de globo con brida de alta presi\u00f3n WC9 de 1500LB"},"content":{"rendered":"<p>Est\u00e1ndares de implementaci\u00f3n de la v\u00e1lvula de globo con brida de alta presi\u00f3n WC9:<\/p>\n<p>Dise\u00f1o y fabricaci\u00f3n: ANSI B16.34 E101<\/p>\n<p>Longitud de la estructura: ANSI B16.10 E101<\/p>\n<p>Clasificaci\u00f3n de temperatura de presi\u00f3n: ANSI B16.34 E101<\/p>\n<p>Experimento y prueba: E101 API598<\/p>\n<p>Materiales: A216 WCB, CMI, A217 WC6, WC9, C5, C12A, A352 LCB, LCC<br \/>\nA351 CF8, CF8M, CF3M, CF8C, CN3MN, CK3MCUN, CN7M,<br \/>\nA890 4A(CD3MN), 5A(CE3MN), 6A(CD3MWCuN),<br \/>\nASTM B 148 C95800, C95500<\/p>\n<p>Presi\u00f3n: clase 150 ~ 2500<\/p>\n<table>\n<tbody>\n<tr>\n<td width=\"200\"><strong>nombre del producto<\/strong><\/td>\n<td width=\"481\">V\u00e1lvula de globo con brida de alta presi\u00f3n WC9 de 1500LB<\/td>\n<\/tr>\n<tr>\n<td width=\"200\">1. Materiales<\/td>\n<td width=\"481\">WC9<\/td>\n<\/tr>\n<tr>\n<td width=\"200\">2. Tama\u00f1o<\/td>\n<td width=\"481\">10\u201d<\/td>\n<\/tr>\n<tr>\n<td width=\"200\">4. Puerto<\/td>\n<td width=\"481\">Puerto lleno<\/td>\n<\/tr>\n<tr>\n<td width=\"200\">5. Presi\u00f3n de trabajo<\/td>\n<td width=\"481\">1500 libras<\/td>\n<\/tr>\n<tr>\n<td width=\"200\">6. La conexi\u00f3n finaliza<\/td>\n<td width=\"481\">RF<\/td>\n<\/tr>\n<tr>\n<td width=\"200\">7. Temperatura de trabajo.<\/td>\n<td width=\"481\">-29~560\u00baC,<\/td>\n<\/tr>\n<tr>\n<td width=\"200\">8. Medio adecuado<\/td>\n<td width=\"481\">Agua, Gas Natural, Petr\u00f3leo y alg\u00fan l\u00edquido corrosivo<\/td>\n<\/tr>\n<tr>\n<td width=\"200\">9. Operado<\/td>\n<td width=\"481\">Volante<\/td>\n<\/tr>\n<tr>\n<td width=\"200\">10. Inspecci\u00f3n y pruebas<\/td>\n<td width=\"481\">Seg\u00fan API598<\/td>\n<\/tr>\n<tr>\n<td width=\"200\"><strong>Env\u00edo<\/strong><\/td>\n<td width=\"481\"><\/td>\n<\/tr>\n<tr>\n<td width=\"200\">El tiempo de entrega<\/td>\n<td width=\"481\">30 dias<\/td>\n<\/tr>\n<tr>\n<td width=\"200\">Paquete<\/td>\n<td width=\"481\">Caja de madera contrachapada de exportaci\u00f3n est\u00e1ndar<\/td>\n<\/tr>\n<tr>\n<td width=\"200\">Puerto de embarque<\/td>\n<td width=\"481\">Ningbo\/Shangh\u00e1i, China<\/td>\n<\/tr>\n<tr>\n<td width=\"200\">Condiciones de env\u00edo<\/td>\n<td width=\"481\">Exw, MANDO, CFR, CIF, etc.<\/td>\n<\/tr>\n<tr>\n<td width=\"200\">T\u00e9rminos de pago<\/td>\n<td width=\"481\">T\/T, Western Union, PayPal, etc.<\/td>\n<\/tr>\n<tr>\n<td width=\"200\"><\/td>\n<td width=\"481\">Pago anticipado de 30%, saldo de 70% pagado antes del env\u00edo<\/td>\n<\/tr>\n<tr>\n<td width=\"200\">Pa\u00eds de origen<\/td>\n<td width=\"481\">Ciudad de Wenzhou, China<\/td>\n<\/tr>\n<tr>\n<td width=\"200\">Capacidad de producci\u00f3n<\/td>\n<td width=\"481\">6000 toneladas\/a\u00f1o<\/td>\n<\/tr>\n<tr>\n<td width=\"200\">Cantidad m\u00ednima de pedido<\/td>\n<td width=\"481\">1 unidad\/tama\u00f1o<\/td>\n<\/tr>\n<\/tbody>\n<\/table>","protected":false},"excerpt":{"rendered":"<p>Modelo:J541Y-1500lb-12\u2033-WC9<\/p>\n<p>Caracter\u00edsticas de la estructura de la v\u00e1lvula de globo con brida de alta presi\u00f3n WC9:<\/p>\n<p>1. El dise\u00f1o y fabricaci\u00f3n del producto seg\u00fan la norma E101, ANSI B 16.34, puede equiparse con el uso de equipos importados.<\/p>\n<p>2 v\u00e1lvulas en la cavidad con una estructura de sello autoherm\u00e9tico a presi\u00f3n, cuanto mayor sea la presi\u00f3n interna, mejor ser\u00e1 el rendimiento del sellado. Extremos de tuber\u00eda para<\/p>\n<p>3 La tapa de la v\u00e1lvula y la superficie de sellado del asiento de la v\u00e1lvula con superficie de aleaci\u00f3n a base de cobalto estelita y superficie de sellado<\/p>\n<p>Profundidad de relleno de la tapa de 4 v\u00e1lvulas razonable, relleno e inhibidor, sellado confiable, interruptor suave.<\/p>\n<p>5 v\u00e1lvula con la estructura para garantizar que la v\u00e1lvula est\u00e9 abierta para funcionar sin fugas en el v\u00e1stago de la v\u00e1lvula.<\/p>\n<p>6, la apertura y el cierre de la v\u00e1lvula de corte el\u00e9ctrica est\u00e1n controlados por el dispositivo el\u00e9ctrico, y el dispositivo el\u00e9ctrico est\u00e1 equipado respectivamente con un motor especial, un reductor de velocidad, un mecanismo de control de par, un mecanismo de operaci\u00f3n de campo, una mano y un el\u00e9ctrico. mecanismo de conmutaci\u00f3n. Adem\u00e1s del funcionamiento local, tambi\u00e9n se puede utilizar a distancia.<\/p>\n<p>Principio de funcionamiento de la v\u00e1lvula de globo con brida de alta presi\u00f3n WC9 Dise\u00f1o y fabricaci\u00f3n del producto de acuerdo con el est\u00e1ndar E101, la estructura es razonable, el rendimiento es bueno y el modelado es hermoso. Cuanto m\u00e1s v\u00e1lvula est\u00e9 en la cavidad que utilice una estructura de sellado autoherm\u00e9tico a presi\u00f3n, mejor ser\u00e1 el rendimiento del sellado. Estructura soldada con extremos de tuber\u00eda. La ranura de soldadura se puede combinar con el est\u00e1ndar o seg\u00fan los requisitos del usuario. V\u00e1lvula de mariposa, superficie de sellado del asiento de v\u00e1lvula con superficie de aleaci\u00f3n a base de cobalto estelita y resistencia al desgaste, resistencia a altas temperaturas, buen rendimiento antiabrasi\u00f3n y larga vida \u00fatil. V\u00e1stago mediante temple y revenido y tratamiento de nitruraci\u00f3n superficial, buena resistencia a la corrosi\u00f3n y resistencia al rayado. La profundidad de la cubierta del prensaestopas es razonable, se agrega el inhibidor de corrosi\u00f3n y de llenado y el sello es confiable. V\u00e1lvula de conexi\u00f3n de soldadura para presi\u00f3n nominal de 20,0 \u2013 32,0 mpa y P54100V \u2013 P57170V y la temperatura de trabajo es igual o inferior a 540 DEG C (cuya temperatura P57170VT es de 570 C) de petr\u00f3leo, industria qu\u00edmica, centrales hidroel\u00e9ctricas y t\u00e9rmicas y otras diversas condiciones de la tuber\u00eda, cortada o conectada al medio. Medio aplicable: agua, aceite, vapor, etc. Los m\u00e9todos de funcionamiento son: manual, por engranajes, el\u00e9ctrico, etc.<\/p>\n<p>STV Valve Technology Group Co., Ltd es un l\u00edder profesional en China V\u00e1lvula de globo ASTM A217 WC9, v\u00e1lvula de globo de 10 pulgadas, v\u00e1lvula de globo clase 1500 LB, v\u00e1lvula de globo RF, v\u00e1lvula de globo ASME B16.34, v\u00e1lvula de globo BS 1873, ASME B16.10 V\u00e1lvula de globo, v\u00e1lvula de globo de acero al carbono Fabricante con alta calidad y precio competitivo.<\/p>\n<p>Comun\u00edquese con nuestro departamento de ventas para obtener otros materiales y detalles.<\/p>\n<p>Hoja de fecha:<br \/>\n<a href=\"https:\/\/www.stvvalves.com\/wp-content\/uploads\/2018\/12\/1500LB-WC9-High-Pressure-Globe-Valve-Drawing.pdf\">V\u00e1lvula de globo con brida de alta presi\u00f3n WC9 de 1500LB<\/a><\/p>\n<p>&nbsp;<\/p>","protected":false},"featured_media":4197,"template":"","meta":[],"product_brand":[],"product_cat":[63,45],"product_tag":[346,347,190,348,349],"class_list":{"0":"post-4195","1":"product","2":"type-product","3":"status-publish","4":"has-post-thumbnail","6":"product_cat-cast-steel-globe-valve","7":"product_cat-globe-valve","8":"product_tag-cast-steel-globe-valves","9":"product_tag-china-ansi-wc9-class1500-flange-globe-valve","10":"product_tag-globe-valve","11":"product_tag-pressure-seal-cast-globe-valves","12":"product_tag-wc9-high-pressure-flanged-globe-valve","14":"first","15":"instock","16":"shipping-taxable","17":"product-type-simple"},"_links":{"self":[{"href":"https:\/\/www.stvvalves.com\/es\/wp-json\/wp\/v2\/product\/4195","targetHints":{"allow":["GET"]}}],"collection":[{"href":"https:\/\/www.stvvalves.com\/es\/wp-json\/wp\/v2\/product"}],"about":[{"href":"https:\/\/www.stvvalves.com\/es\/wp-json\/wp\/v2\/types\/product"}],"wp:featuredmedia":[{"embeddable":true,"href":"https:\/\/www.stvvalves.com\/es\/wp-json\/wp\/v2\/media\/4197"}],"wp:attachment":[{"href":"https:\/\/www.stvvalves.com\/es\/wp-json\/wp\/v2\/media?parent=4195"}],"wp:term":[{"taxonomy":"product_brand","embeddable":true,"href":"https:\/\/www.stvvalves.com\/es\/wp-json\/wp\/v2\/product_brand?post=4195"},{"taxonomy":"product_cat","embeddable":true,"href":"https:\/\/www.stvvalves.com\/es\/wp-json\/wp\/v2\/product_cat?post=4195"},{"taxonomy":"product_tag","embeddable":true,"href":"https:\/\/www.stvvalves.com\/es\/wp-json\/wp\/v2\/product_tag?post=4195"}],"curies":[{"name":"wp","href":"https:\/\/api.w.org\/{rel}","templated":true}]}}