{"id":4200,"date":"2018-12-07T12:46:27","date_gmt":"2018-12-07T12:46:27","guid":{"rendered":"https:\/\/www.stvvalves.com\/?post_type=product&#038;p=4200"},"modified":"2025-02-17T18:19:48","modified_gmt":"2025-02-17T10:19:48","slug":"high-pressure-seal-gate-valve-wc9-body-2500lb-3-inch","status":"publish","type":"product","link":"https:\/\/www.stvvalves.com\/es\/products\/high-pressure-seal-gate-valve-wc9-body-2500lb-3-inch\/","title":{"rendered":"V\u00e1lvula de compuerta de sellado de alta presi\u00f3n, cuerpo WC9, 2500 lb, 3 pulgadas"},"content":{"rendered":"<p>Este tipo de v\u00e1lvula de compuerta no solo se caracteriza por su estructura simple y uso confiable, sino que tambi\u00e9n es capaz de crear una ligera deformaci\u00f3n flexible para compensar la desviaci\u00f3n del \u00e1ngulo de la cara de sellado generado durante el procesamiento, mejorando as\u00ed el rendimiento del proceso. Adem\u00e1s, las superficies del sello del disco de asiento y de compuerta est\u00e1n recubiertas con una aleaci\u00f3n a base de hierro, una aleaci\u00f3n de base co o una aleaci\u00f3n de carburo para una mayor duraci\u00f3n.<\/p>\n<p>Especificaci\u00f3n del par\u00e1metro principal<\/p>\n<p>Dise\u00f1o y fabricaci\u00f3n: v\u00e1lvula de compuerta de acero fundido seg\u00fan API 600 (ISO 10434), API 6D; v\u00e1lvula de compuerta de acero inoxidable fundido seg\u00fan API 603, API 600<\/p>\n<p>Inspecci\u00f3n y prueba: API598, API600 o API 6D<\/p>\n<p>Dimensi\u00f3n de la brida final: ASME B16.5 (para NPS\u226424, ASME B 16.47 serie B, API 605, ASME B16.47 Serie A, MSS SP-44 (para NPS&gt;24)<\/p>\n<p>Dimensi\u00f3n final BW: ASME B16.25<\/p>\n<p>Cara a cara y de extremo a extremo: ASME B16.10<\/p>\n<p>Clasificaciones de presi\u00f3n-temperatura: ASME B16.34<\/p>\n<p>Gama de productos<\/p>\n<p>Material del cuerpo: acero al carbono, acero inoxidable, acero aleado<\/p>\n<p>Di\u00e1metro nominal: 2\u2033~36\u2033(DN50~DN900)<\/p>\n<p>Conexi\u00f3n final: RF, RTJ, BW<\/p>\n<p>Rango de presi\u00f3n: Clase 150~2500(PN16~PN420)<\/p>\n<p>Temperatura de trabajo: -29 \u2103 ~ + 560 \u2103<\/p>\n<p>Operaci\u00f3n: volante, engranaje, actuador el\u00e9ctrico, etc.<\/p>\n<table>\n<tbody>\n<tr>\n<td width=\"200\"><strong>nombre del producto<\/strong><\/td>\n<td width=\"481\">V\u00e1lvula de compuerta de sellado de alta presi\u00f3n, cuerpo WC9, 2500 lb, 3 pulgadas<\/td>\n<\/tr>\n<tr>\n<td width=\"200\">1. Materiales<\/td>\n<td width=\"481\">WC9<\/td>\n<\/tr>\n<tr>\n<td width=\"200\">2. Tama\u00f1o<\/td>\n<td width=\"481\">3\u201d<\/td>\n<\/tr>\n<tr>\n<td width=\"200\">4. Puerto<\/td>\n<td width=\"481\">Puerto lleno<\/td>\n<\/tr>\n<tr>\n<td width=\"200\">5. Presi\u00f3n de trabajo<\/td>\n<td width=\"481\">2500 libras<\/td>\n<\/tr>\n<tr>\n<td width=\"200\">6. La conexi\u00f3n finaliza<\/td>\n<td width=\"481\">peso corporal<\/td>\n<\/tr>\n<tr>\n<td width=\"200\">7. Temperatura de trabajo.<\/td>\n<td width=\"481\">-29~540\u00baC,<\/td>\n<\/tr>\n<tr>\n<td width=\"200\">8. Medio adecuado<\/td>\n<td width=\"481\">Agua, Gas Natural, Petr\u00f3leo y alg\u00fan l\u00edquido corrosivo<\/td>\n<\/tr>\n<tr>\n<td width=\"200\">9. Operado<\/td>\n<td width=\"481\">Volante<\/td>\n<\/tr>\n<tr>\n<td width=\"200\">10. Inspecci\u00f3n y pruebas<\/td>\n<td width=\"481\">Seg\u00fan API598<\/td>\n<\/tr>\n<tr>\n<td width=\"200\"><strong>Env\u00edo<\/strong><\/td>\n<td width=\"481\"><\/td>\n<\/tr>\n<tr>\n<td width=\"200\">El tiempo de entrega<\/td>\n<td width=\"481\">30 dias<\/td>\n<\/tr>\n<tr>\n<td width=\"200\">Paquete<\/td>\n<td width=\"481\">Caja de madera contrachapada de exportaci\u00f3n est\u00e1ndar<\/td>\n<\/tr>\n<tr>\n<td width=\"200\">Puerto de embarque<\/td>\n<td width=\"481\">Ningbo\/Shangh\u00e1i, China<\/td>\n<\/tr>\n<tr>\n<td width=\"200\">Condiciones de env\u00edo<\/td>\n<td width=\"481\">Exw, MANDO, CFR, CIF, etc.<\/td>\n<\/tr>\n<tr>\n<td width=\"200\">T\u00e9rminos de pago<\/td>\n<td width=\"481\">T\/T, Western Union, PayPal, etc.<\/td>\n<\/tr>\n<tr>\n<td width=\"200\"><\/td>\n<td width=\"481\">Pago anticipado de 30%, saldo de 70% pagado antes del env\u00edo<\/td>\n<\/tr>\n<tr>\n<td width=\"200\">Pa\u00eds de origen<\/td>\n<td width=\"481\">Ciudad de Wenzhou, China<\/td>\n<\/tr>\n<tr>\n<td width=\"200\">Capacidad de producci\u00f3n<\/td>\n<td width=\"481\">6000 toneladas\/a\u00f1o<\/td>\n<\/tr>\n<tr>\n<td width=\"200\">Cantidad m\u00ednima de pedido<\/td>\n<td width=\"481\">1 unidad\/tama\u00f1o<\/td>\n<\/tr>\n<\/tbody>\n<\/table>","protected":false},"excerpt":{"rendered":"<p>Modelo:Z61Y-2500LB-3\u2033<\/p>\n<p>Las v\u00e1lvulas de compuerta de sellado de alta presi\u00f3n est\u00e1n dise\u00f1adas para servicios de alta temperatura y alta presi\u00f3n y se usan ampliamente en plantas de energ\u00eda de combustibles f\u00f3siles. En comparaci\u00f3n con las v\u00e1lvulas con junta de cap\u00f3 atornilladas,<\/p>\n<p>Proporciona un sellado absolutamente confiable de la junta del bonete, de modo que las v\u00e1lvulas de sellado de presi\u00f3n son m\u00e1s compactas y r\u00edgidas, adem\u00e1s de un mantenimiento rentable en servicio de alta temperatura y alta presi\u00f3n.<\/p>\n<p>&nbsp;<\/p>\n<p>STV Valve Technology Group Co., Ltd es un l\u00edder profesional V\u00e1lvula de compuerta de sellado a presi\u00f3n China2500#,V\u00e1lvulas de compuerta de sellado a presi\u00f3n API 600,V\u00e1lvula de compuerta de sellado a presi\u00f3n de China,V\u00c1LVULA DE PUERTA,V\u00e1lvula de compuerta de presi\u00f3n de alta temperatura,V\u00e1lvula de compuerta de sellado a presi\u00f3n,V\u00e1lvulas de sellado a presi\u00f3n,Presi\u00f3n Fabricante de v\u00e1lvulas de compuerta de cu\u00f1a con alta calidad y precio competitivo.<\/p>\n<p>Comun\u00edquese con nuestro sales@stvvalve.com para obtener otros materiales y detalles.<\/p>\n<p>Hoja de fecha:<br \/>\n<a href=\"https:\/\/www.stvvalves.com\/wp-content\/uploads\/2018\/12\/high-pressure-seal-gate-valve-wc9-body-2500lb-4-inch-drawing.pdf\">V\u00e1lvula de compuerta de sellado de alta presi\u00f3n, cuerpo WC9, 2500 lb, 3 pulgadas<\/a><\/p>","protected":false},"featured_media":4201,"template":"","meta":[],"product_brand":[],"product_cat":[58,44],"product_tag":[351,354,350,163,355,352,353,356],"class_list":{"0":"post-4200","1":"product","2":"type-product","3":"status-publish","4":"has-post-thumbnail","6":"product_cat-cast-steel-gate-valve","7":"product_cat-gate-valve","8":"product_tag-2500-pressure-seal-gate-valve","9":"product_tag-api-600-pressure-seal-gate-valves","10":"product_tag-china-pressure-seal-gate-valve","11":"product_tag-gate-valve","12":"product_tag-high-temperature-pressure-gatevalve","13":"product_tag-pressure-seal-gate-valve","14":"product_tag-pressure-seal-valves","15":"product_tag-pressure-seal-wedge-gate-valve","17":"first","18":"instock","19":"shipping-taxable","20":"product-type-simple"},"_links":{"self":[{"href":"https:\/\/www.stvvalves.com\/es\/wp-json\/wp\/v2\/product\/4200","targetHints":{"allow":["GET"]}}],"collection":[{"href":"https:\/\/www.stvvalves.com\/es\/wp-json\/wp\/v2\/product"}],"about":[{"href":"https:\/\/www.stvvalves.com\/es\/wp-json\/wp\/v2\/types\/product"}],"wp:featuredmedia":[{"embeddable":true,"href":"https:\/\/www.stvvalves.com\/es\/wp-json\/wp\/v2\/media\/4201"}],"wp:attachment":[{"href":"https:\/\/www.stvvalves.com\/es\/wp-json\/wp\/v2\/media?parent=4200"}],"wp:term":[{"taxonomy":"product_brand","embeddable":true,"href":"https:\/\/www.stvvalves.com\/es\/wp-json\/wp\/v2\/product_brand?post=4200"},{"taxonomy":"product_cat","embeddable":true,"href":"https:\/\/www.stvvalves.com\/es\/wp-json\/wp\/v2\/product_cat?post=4200"},{"taxonomy":"product_tag","embeddable":true,"href":"https:\/\/www.stvvalves.com\/es\/wp-json\/wp\/v2\/product_tag?post=4200"}],"curies":[{"name":"wp","href":"https:\/\/api.w.org\/{rel}","templated":true}]}}