{"id":4211,"date":"2018-12-11T12:50:56","date_gmt":"2018-12-11T12:50:56","guid":{"rendered":"https:\/\/www.stvvalves.com\/?post_type=product&#038;p=4211"},"modified":"2026-01-07T09:13:42","modified_gmt":"2026-01-07T01:13:42","slug":"ansi-bellow-seal-wcb-globe-valve-150lb-21-2-rf-end","status":"publish","type":"product","link":"https:\/\/www.stvvalves.com\/es\/products\/ansi-bellow-seal-wcb-globe-valve-150lb-21-2-rf-end\/","title":{"rendered":"ANSI Bellow Seal WCB Globe Valve,150LB,21\/2&#8243;,RF End"},"content":{"rendered":"<h2>ANSI Bellow Seal WCB Globe Valve,150LB,21\/2&#8243;,RF End<\/h2>\n<p>1. Este producto tiene una estructura l\u00f3gica, un sello confiable, un rendimiento excelente y un dise\u00f1o agradable.<br \/>\n2. La superficie del sello es una soldadura de acumulaci\u00f3n con una aleaci\u00f3n dura de Co, que es resistente al desgaste, a la corrosi\u00f3n, tiene buena resistencia a la fricci\u00f3n y una larga vida \u00fatil.<br \/>\n3. El v\u00e1stago est\u00e1 templado y revenido, y su superficie se trata con nitr\u00f3geno, por lo que tiene buena resistencia a la corrosi\u00f3n y a la fricci\u00f3n.<br \/>\n4. Tiene capacidad de doble sellado, por lo que es m\u00e1s confiable.<br \/>\n5. El v\u00e1stago puede mostrar la posici\u00f3n de elevaci\u00f3n, por lo que es m\u00e1s claro.<br \/>\n6. El material de la pieza, la brida y la dimensi\u00f3n del extremo de la soldadura a tope se pueden seleccionar de acuerdo con las condiciones operativas actuales y los requisitos de los usuarios, de modo que cumplan con los requisitos de diversas ingenier\u00edas.<br \/>\nFormaci\u00f3n estructural: BB-BG-OS&amp;Y<br \/>\n7, Materiales: WCB, WC6, SS304, SS316<br \/>\n8, materiales de fuelle: SS304, SS316, SS316L, SS310, Hastelly C.<br \/>\n9, rango de tama\u00f1o: 2 \u2033 -16 \u2033<br \/>\n10, presi\u00f3n: 150LB-900LB<br \/>\n11. Modo de conducci\u00f3n: manual, accionado el\u00e9ctricamente<\/p>\n<p>Globe valve with bellow seal acc. to ANSI is applicable to the cutting and connection of pipelines medium that are used in various industries such as peroleum, chemical industry,pharmacy,chemical fertilizer,electric power industry etc under nominal pressure of CLASS150-900LBS and working tem\u00acperature of-29~350&#8217;C.<\/p>\n<p>Structural Features<br \/>\n1 .This product has logical structure,reliable seal, excellent performance and nice design.<br \/>\n2.The seal surface is build-up welding with Co hard alloy, which is attrition-resistant, corrosion-resistant, has good friction resistant and long life.<br \/>\n3.The stem is quenched and tempered, and its surface is treated by nitriding treatment, thus it has good corrosion resistant and friction resistant.<br \/>\n4.It has double seal capability, thus is more reliable.<br \/>\n5.The stem may show the position of lift, thus it is clearer.<br \/>\n6.The part material, flange and butt weld end dimension may be selected according to current operating condition and users&#8217; requirement, so that meet the requirements of various engineering.<\/p>\n<p>Technical Specificastion<br \/>\nStructural formation\uff1a BB-BG-OS &amp; Y<br \/>\nDriving maner\uff1a Hand-operated, Electric-actuated<br \/>\nDesign standard\uff1a AMSE B16.10\u3001BS1873<br \/>\nFace to face\uff1a ASME B16.10<br \/>\nFlange ends : ASME B16.5<br \/>\nTest &amp; inspection\uff1a API598<br \/>\n<img decoding=\"async\" src=\"https:\/\/www.lonzevalve.com\/zyupload\/201910\/15\/1-201910151537083676.jpg\" alt=\"\" \/><\/p>\n<table>\n<tbody>\n<tr>\n<td width=\"200\"><strong>nombre del producto<\/strong><\/td>\n<td width=\"481\">ANSI Bellow Seal WCB Globe Valve,150LB,21\/2&#8243;,RF End<\/td>\n<\/tr>\n<tr>\n<td width=\"200\">1. Materiales<\/td>\n<td width=\"481\">WCB<\/td>\n<\/tr>\n<tr>\n<td width=\"200\">2. Tama\u00f1o<\/td>\n<td width=\"481\">2\u201d<\/td>\n<\/tr>\n<tr>\n<td width=\"200\">4. Puerto<\/td>\n<td width=\"481\">Puerto lleno<\/td>\n<\/tr>\n<tr>\n<td width=\"200\">5. Presi\u00f3n de trabajo<\/td>\n<td width=\"481\">150 libras<\/td>\n<\/tr>\n<tr>\n<td width=\"200\">6. La conexi\u00f3n finaliza<\/td>\n<td width=\"481\">RF<\/td>\n<\/tr>\n<tr>\n<td width=\"200\">7. Temperatura de trabajo.<\/td>\n<td width=\"481\">-29~425\u00baC,<\/td>\n<\/tr>\n<tr>\n<td width=\"200\">8. Medio adecuado<\/td>\n<td width=\"481\">Agua, Gas Natural, Petr\u00f3leo y alg\u00fan l\u00edquido corrosivo<\/td>\n<\/tr>\n<tr>\n<td width=\"200\">9. Operado<\/td>\n<td width=\"481\">Volante<\/td>\n<\/tr>\n<tr>\n<td width=\"200\">10. Inspecci\u00f3n y pruebas<\/td>\n<td width=\"481\">Seg\u00fan API598<\/td>\n<\/tr>\n<tr>\n<td width=\"200\"><strong>Env\u00edo<\/strong><\/td>\n<td width=\"481\"><\/td>\n<\/tr>\n<tr>\n<td width=\"200\">El tiempo de entrega<\/td>\n<td width=\"481\">30 dias<\/td>\n<\/tr>\n<tr>\n<td width=\"200\">Paquete<\/td>\n<td width=\"481\">Caja de madera contrachapada de exportaci\u00f3n est\u00e1ndar<\/td>\n<\/tr>\n<tr>\n<td width=\"200\">Puerto de embarque<\/td>\n<td width=\"481\">Ningbo\/Shangh\u00e1i, China<\/td>\n<\/tr>\n<tr>\n<td width=\"200\">Condiciones de env\u00edo<\/td>\n<td width=\"481\">Exw, MANDO, CFR, CIF, etc.<\/td>\n<\/tr>\n<tr>\n<td width=\"200\">T\u00e9rminos de pago<\/td>\n<td width=\"481\">T\/T, Western Union, PayPal, etc.<\/td>\n<\/tr>\n<tr>\n<td width=\"200\"><\/td>\n<td width=\"481\">Pago anticipado de 30%, saldo de 70% pagado antes del env\u00edo<\/td>\n<\/tr>\n<tr>\n<td width=\"200\">Pa\u00eds de origen<\/td>\n<td width=\"481\">Ciudad de Wenzhou, China<\/td>\n<\/tr>\n<tr>\n<td width=\"200\">Capacidad de producci\u00f3n<\/td>\n<td width=\"481\">6000 toneladas\/a\u00f1o<\/td>\n<\/tr>\n<tr>\n<td width=\"200\">Cantidad m\u00ednima de pedido<\/td>\n<td width=\"481\">1 unidad\/tama\u00f1o<\/td>\n<\/tr>\n<\/tbody>\n<\/table>","protected":false},"excerpt":{"rendered":"<p>Model:WJ41Y-150LB-21\/2&#8243;<\/p>\n<p>La v\u00e1lvula de globo de fuelle ANSI 150LB utiliza fuelles como elemento de sellado del v\u00e1stago de la v\u00e1lvula, lo que puede evitar que el v\u00e1stago de la v\u00e1lvula tenga fugas para evitar fugas del medio. La ausencia de p\u00e9rdida de fluido aumenta la eficiencia energ\u00e9tica, aumenta la seguridad del equipo de producci\u00f3n, reduce los costos de mantenimiento y mantiene los costos de mantenimiento. Tambi\u00e9n proporciona un ambiente de trabajo limpio y seguro. Es m\u00e1s adecuado para tuber\u00edas de vapor, inflamables, explosivos, aceite de transferencia de calor, alta pureza, t\u00f3xicos y otros medios. La v\u00e1lvula de cierre se utiliza para la presi\u00f3n nominal de 150 LB a 300 LB y la brida de conexi\u00f3n es ANSI B16.5. A altas temperaturas, el v\u00e1stago no entra en contacto con el medio, lo que garantiza que no haya fugas del v\u00e1stago. Al mismo tiempo, garantice suficiente resistencia y dureza, puede cambiar decenas de miles de veces. El volante est\u00e1 dise\u00f1ado ergon\u00f3micamente para una vida \u00fatil m\u00e1s larga y un funcionamiento sencillo.<\/p>\n<p>Funci\u00f3n clave:<\/p>\n<p>1. Elemento de sellado de fuelle. La parte clave de las v\u00e1lvulas de globo selladas con fuelle es el fuelle mental. Es la conexi\u00f3n entre tapa y v\u00e1stago con soldadura autom\u00e1tica por rodillo. El fuelle mental puede evitar que la parte del v\u00e1stago tenga fugas.<br \/>\n2. Benef\u00edciese del dise\u00f1o de forma aerodin\u00e1mica y estafa, el disco tiene un sello confiable y una vida \u00fatil m\u00e1s larga.<br \/>\n3. Dise\u00f1o de doble sello (fuelle+empaque). El fuelle y la empaquetadura pueden proteger contra fugas y proporcionar un sellado excelente.<br \/>\n4.Engrasador. Puede lubricar directamente el v\u00e1stago, la tuerca y el manguito.<br \/>\n5, la indicaci\u00f3n de la posici\u00f3n de elevaci\u00f3n del v\u00e1stago, m\u00e1s intuitiva;<br \/>\n6, el tama\u00f1o del n\u00famero de material de las piezas, bridas y soldadura a tope se puede igualar razonablemente de acuerdo con las condiciones de trabajo reales o los requisitos del usuario para satisfacer diversas necesidades de ingenier\u00eda.<br \/>\n7, Materiales: WCB, WC6, SS304, SS316<br \/>\n8, materiales de fuelle: SS304, SS316, SS316L, SS310, Hastelly C.<br \/>\n9, rango de tama\u00f1o: 2 \u2033 -16 \u2033<br \/>\n10, presi\u00f3n: 150LB-900LB<br \/>\nEspecificaci\u00f3n t\u00e9cnica<br \/>\nEst\u00e1ndar de dise\u00f1o: ASME B16.34<br \/>\nDimensi\u00f3n cara a cara: ASME B16.10<br \/>\nExtremos bridados: ASME B16.5<br \/>\nPrueba e inspecci\u00f3n: API 598<br \/>\nEspecificaci\u00f3n de rendimiento<\/p>\n<p>STV Valve Technology Group Co., Ltd es un l\u00edder profesional V\u00e1lvula de globo de fuelle ANSI de China,V\u00e1lvula de globo de sello de fuelle est\u00e1ndar Ansi,V\u00e1lvula de globo de sello de fuelle ANSI 150LB,V\u00e1lvula de globo de sello de fuelle de acero fundido ANSI de China,V\u00e1lvula de globo de sello de fuelle con brida,V\u00e1lvula de globo Wcb , Fabricante de v\u00e1lvulas de globo con sello de fuelle con alta calidad y precio competitivo.<\/p>\n<p>Comun\u00edquese con nuestro sales@stvvalve.com para obtener otros materiales y detalles.<\/p>\n<h1>ANSI Bellow Seal WCB Globe Valve<\/h1>","protected":false},"featured_media":8802,"template":"","meta":[],"product_brand":[],"product_cat":[65,45],"product_tag":[370,365,371,369,368,366,367],"class_list":{"0":"post-4211","1":"product","2":"type-product","3":"status-publish","4":"has-post-thumbnail","6":"product_cat-bellow-seal-globe-valve","7":"product_cat-globe-valve","8":"product_tag-ansi-bellows-globe-valve","9":"product_tag-ansi-standard-bellows-seal-globe-valve","10":"product_tag-bellow-seal-globe-valve","11":"product_tag-bellows-seal-globe-valve-ansi-150lb","12":"product_tag-china-ansi-cast-steel-bellow-seal-globe-valve","13":"product_tag-flanged-bellow-seal-globe-valve","14":"product_tag-wcb-globe-valve","16":"first","17":"instock","18":"shipping-taxable","19":"product-type-simple"},"_links":{"self":[{"href":"https:\/\/www.stvvalves.com\/es\/wp-json\/wp\/v2\/product\/4211","targetHints":{"allow":["GET"]}}],"collection":[{"href":"https:\/\/www.stvvalves.com\/es\/wp-json\/wp\/v2\/product"}],"about":[{"href":"https:\/\/www.stvvalves.com\/es\/wp-json\/wp\/v2\/types\/product"}],"wp:featuredmedia":[{"embeddable":true,"href":"https:\/\/www.stvvalves.com\/es\/wp-json\/wp\/v2\/media\/8802"}],"wp:attachment":[{"href":"https:\/\/www.stvvalves.com\/es\/wp-json\/wp\/v2\/media?parent=4211"}],"wp:term":[{"taxonomy":"product_brand","embeddable":true,"href":"https:\/\/www.stvvalves.com\/es\/wp-json\/wp\/v2\/product_brand?post=4211"},{"taxonomy":"product_cat","embeddable":true,"href":"https:\/\/www.stvvalves.com\/es\/wp-json\/wp\/v2\/product_cat?post=4211"},{"taxonomy":"product_tag","embeddable":true,"href":"https:\/\/www.stvvalves.com\/es\/wp-json\/wp\/v2\/product_tag?post=4211"}],"curies":[{"name":"wp","href":"https:\/\/api.w.org\/{rel}","templated":true}]}}