{"id":4215,"date":"2018-12-11T16:02:56","date_gmt":"2018-12-11T16:02:56","guid":{"rendered":"https:\/\/www.stvvalves.com\/?post_type=product&#038;p=4215"},"modified":"2026-01-07T09:23:37","modified_gmt":"2026-01-07T01:23:37","slug":"din-pn16-cast-steel-bellow-globe-valve","status":"publish","type":"product","link":"https:\/\/www.stvvalves.com\/es\/products\/din-pn16-cast-steel-bellow-globe-valve\/","title":{"rendered":"V\u00e1lvula de globo de fuelle de acero fundido DIN PN16"},"content":{"rendered":"<p>Especificaci\u00f3n t\u00e9cnica<\/p>\n<p>Est\u00e1ndar de dise\u00f1o: DIN 3356<\/p>\n<p>Dimensi\u00f3n cara a cara: DIN 3202<\/p>\n<p>Extremos de brida: DIN 2543-2545<\/p>\n<p>Prueba e inspecci\u00f3n: DIN 3230<\/p>\n<p>Aplicaci\u00f3n: Sistema de aceite caliente, sistema de vapor, sistema de agua fr\u00eda y caliente, etc.<\/p>\n<p>Medio:Vapor, gases, agua caliente, aceite t\u00e9rmico, amoniaco, etc.<br \/>\nMateriales: GG25(EN-GJL-250),GGG40,1.0619+N(GS-C25),1.4308(CF8), 1.4408(CF8M)<br \/>\nMateriales de fuelle: SS304, SS316, SS316L,SS 310S, Hastelly C<br \/>\nRango de tama\u00f1o: DN15-DN400<br \/>\nPresi\u00f3n: PN16-PN40<br \/>\nTemperatura: \u2264600 \u2103<\/p>\n<table>\n<tbody>\n<tr>\n<td width=\"200\"><strong>nombre del producto<\/strong><\/td>\n<td width=\"481\">V\u00e1lvula de globo de fuelle de acero fundido DIN PN16<\/td>\n<\/tr>\n<tr>\n<td width=\"200\">1. Materiales<\/td>\n<td width=\"481\">WCB<\/td>\n<\/tr>\n<tr>\n<td width=\"200\">2. Tama\u00f1o<\/td>\n<td width=\"481\">2\u201d<\/td>\n<\/tr>\n<tr>\n<td width=\"200\">4. Puerto<\/td>\n<td width=\"481\">Puerto lleno<\/td>\n<\/tr>\n<tr>\n<td width=\"200\">5. Presi\u00f3n de trabajo<\/td>\n<td width=\"481\">PN16<\/td>\n<\/tr>\n<tr>\n<td width=\"200\">6. La conexi\u00f3n finaliza<\/td>\n<td width=\"481\">RF<\/td>\n<\/tr>\n<tr>\n<td width=\"200\">7. Temperatura de trabajo.<\/td>\n<td width=\"481\">-29~425\u00baC,<\/td>\n<\/tr>\n<tr>\n<td width=\"200\">8. Medio adecuado<\/td>\n<td width=\"481\">Agua, Gas Natural, Petr\u00f3leo y alg\u00fan l\u00edquido corrosivo<\/td>\n<\/tr>\n<tr>\n<td width=\"200\">9. Operado<\/td>\n<td width=\"481\">Volante<\/td>\n<\/tr>\n<tr>\n<td width=\"200\">10. Inspecci\u00f3n y pruebas<\/td>\n<td width=\"481\">Seg\u00fan DIN 3230<\/td>\n<\/tr>\n<tr>\n<td width=\"200\"><strong>Env\u00edo<\/strong><\/td>\n<td width=\"481\"><\/td>\n<\/tr>\n<tr>\n<td width=\"200\">El tiempo de entrega<\/td>\n<td width=\"481\">30 dias<\/td>\n<\/tr>\n<tr>\n<td width=\"200\">Paquete<\/td>\n<td width=\"481\">Caja de madera contrachapada de exportaci\u00f3n est\u00e1ndar<\/td>\n<\/tr>\n<tr>\n<td width=\"200\">Puerto de embarque<\/td>\n<td width=\"481\">Ningbo\/Shangh\u00e1i, China<\/td>\n<\/tr>\n<tr>\n<td width=\"200\">Condiciones de env\u00edo<\/td>\n<td width=\"481\">Exw, MANDO, CFR, CIF, etc.<\/td>\n<\/tr>\n<tr>\n<td width=\"200\">T\u00e9rminos de pago<\/td>\n<td width=\"481\">T\/T, Western Union, PayPal, etc.<\/td>\n<\/tr>\n<tr>\n<td width=\"200\"><\/td>\n<td width=\"481\">Pago anticipado de 30%, saldo de 70% pagado antes del env\u00edo<\/td>\n<\/tr>\n<tr>\n<td width=\"200\">Pa\u00eds de origen<\/td>\n<td width=\"481\">Ciudad de Wenzhou, China<\/td>\n<\/tr>\n<tr>\n<td width=\"200\">Capacidad de producci\u00f3n<\/td>\n<td width=\"481\">6000 toneladas\/a\u00f1o<\/td>\n<\/tr>\n<tr>\n<td width=\"200\">Cantidad m\u00ednima de pedido<\/td>\n<td width=\"481\">1 unidad\/tama\u00f1o<\/td>\n<\/tr>\n<\/tbody>\n<\/table>","protected":false},"excerpt":{"rendered":"<p>Modelo: WJ41H-WCB-PN16<br \/>\nLa v\u00e1lvula de globo de fuelle de acero fundido es adecuada para presi\u00f3n media PN1.6 ~ 16MPa, temperatura de trabajo -29 ~ 350 \u00b0C, fluidos inflamables, explosivos, altamente t\u00f3xicos y t\u00f3xicos, aceite de transferencia de calor a alta temperatura, amon\u00edaco l\u00edquido y otros medios.<br \/>\nAmpliamente utilizado en: petroqu\u00edmica, fibras textiles qu\u00edmicas, papel pl\u00e1stico, acero el\u00e9ctrico, caucho para impresi\u00f3n y te\u00f1ido, gas natural y otros sistemas de gas, el rendimiento es seguro y confiable, ampliamente utilizado en fluidos industriales como el etilenglicol. Los m\u00e9todos de conducci\u00f3n son manual, transmisi\u00f3n de engranajes, el\u00e9ctrico, neum\u00e1tico, etc.<\/p>\n<p>&nbsp;<\/p>\n<p>Funci\u00f3n clave:<\/p>\n<p>1. Elemento de sellado de fuelle. La parte clave de las v\u00e1lvulas de globo selladas con fuelle es el fuelle met\u00e1lico. Es la conexi\u00f3n entre tapa y v\u00e1stago con soldadura autom\u00e1tica por rodillo. El fuelle de metal puede evitar que la parte del v\u00e1stago tenga fugas.<\/p>\n<p>2. Benef\u00edciese del dise\u00f1o de forma aerodin\u00e1mica y estafa, el disco tiene un sello confiable y una vida \u00fatil m\u00e1s larga.<\/p>\n<p>3. Dise\u00f1o de doble sello (fuelle+empaque). El fuelle y la empaquetadura pueden proteger contra fugas y proporcionar un sellado excelente.<\/p>\n<p>4.Engrasador. Puede lubricar directamente el v\u00e1stago, la tuerca y el manguito.<\/p>\n<p>5. Volante ergon\u00f3mico. Proporciona una vida \u00fatil m\u00e1s larga y un funcionamiento m\u00e1s sencillo.<\/p>\n<p>&nbsp;<\/p>\n<p>STV Valve Technology Group Co., Ltd es un l\u00edder profesional en China V\u00e1lvula de globo con sello de fuelle, V\u00e1lvulas de globo con sello de fuelle de acero fundido, V\u00e1lvulas de globo selladas con fuelle de acero fundido con bridas PN 16, V\u00e1lvula de globo con sello de fuelle DIN, V\u00e1lvula de globo con sello de fuelle WCB Fabricante con alta calidad y precio competitivo.<\/p>\n<p>Comun\u00edquese con nuestro sales@stvvalve.com para obtener otros materiales y detalles.<\/p>\n<p>Hoja de fecha:<br \/>\n<a href=\"https:\/\/www.stvvalves.com\/wp-content\/uploads\/2018\/12\/din-pn16-cast-steel-bellow-globe-valve-drawing.pdf\">V\u00e1lvula de globo de fuelle de acero fundido DIN PN16<\/a><\/p>","protected":false},"featured_media":4216,"template":"","meta":[],"product_brand":[],"product_cat":[65,45],"product_tag":[371,374,373,372,375],"class_list":{"0":"post-4215","1":"product","2":"type-product","3":"status-publish","4":"has-post-thumbnail","6":"product_cat-bellow-seal-globe-valve","7":"product_cat-globe-valve","8":"product_tag-bellow-seal-globe-valve","9":"product_tag-cast-steel-bellow-sealed-globe-valves","10":"product_tag-cast-steel-bellow-sealed-globe-valves-flanged-pn-16","11":"product_tag-din-bellow-seal-globe-valve","12":"product_tag-wcb-bellow-seal-globe-valve","14":"first","15":"instock","16":"shipping-taxable","17":"product-type-simple"},"_links":{"self":[{"href":"https:\/\/www.stvvalves.com\/es\/wp-json\/wp\/v2\/product\/4215","targetHints":{"allow":["GET"]}}],"collection":[{"href":"https:\/\/www.stvvalves.com\/es\/wp-json\/wp\/v2\/product"}],"about":[{"href":"https:\/\/www.stvvalves.com\/es\/wp-json\/wp\/v2\/types\/product"}],"wp:featuredmedia":[{"embeddable":true,"href":"https:\/\/www.stvvalves.com\/es\/wp-json\/wp\/v2\/media\/4216"}],"wp:attachment":[{"href":"https:\/\/www.stvvalves.com\/es\/wp-json\/wp\/v2\/media?parent=4215"}],"wp:term":[{"taxonomy":"product_brand","embeddable":true,"href":"https:\/\/www.stvvalves.com\/es\/wp-json\/wp\/v2\/product_brand?post=4215"},{"taxonomy":"product_cat","embeddable":true,"href":"https:\/\/www.stvvalves.com\/es\/wp-json\/wp\/v2\/product_cat?post=4215"},{"taxonomy":"product_tag","embeddable":true,"href":"https:\/\/www.stvvalves.com\/es\/wp-json\/wp\/v2\/product_tag?post=4215"}],"curies":[{"name":"wp","href":"https:\/\/api.w.org\/{rel}","templated":true}]}}