{"id":4230,"date":"2018-12-12T15:30:22","date_gmt":"2018-12-12T15:30:22","guid":{"rendered":"https:\/\/www.stvvalves.com\/?post_type=product&#038;p=4230"},"modified":"2025-02-17T18:19:24","modified_gmt":"2025-02-17T10:19:24","slug":"3-way-sanitary-ball-valve-aisi-316l","status":"publish","type":"product","link":"https:\/\/www.stvvalves.com\/es\/products\/3-way-sanitary-ball-valve-aisi-316l\/","title":{"rendered":"V\u00e1lvula de bola sanitaria de 3 v\u00edas AISI 316L"},"content":{"rendered":"<p><img loading=\"lazy\" decoding=\"async\" class=\"alignnone size-full wp-image-4231\" src=\"https:\/\/www.stvvalves.com\/wp-content\/uploads\/2018\/12\/3-way-sanitary-ball-valve-aisi-316l-drawing.jpg\" alt=\"\" width=\"2200\" height=\"1700\" srcset=\"https:\/\/www.stvvalves.com\/wp-content\/uploads\/2018\/12\/3-way-sanitary-ball-valve-aisi-316l-drawing.jpg 2200w, https:\/\/www.stvvalves.com\/wp-content\/uploads\/2018\/12\/3-way-sanitary-ball-valve-aisi-316l-drawing-600x464.jpg 600w, https:\/\/www.stvvalves.com\/wp-content\/uploads\/2018\/12\/3-way-sanitary-ball-valve-aisi-316l-drawing-300x232.jpg 300w, https:\/\/www.stvvalves.com\/wp-content\/uploads\/2018\/12\/3-way-sanitary-ball-valve-aisi-316l-drawing-768x593.jpg 768w, https:\/\/www.stvvalves.com\/wp-content\/uploads\/2018\/12\/3-way-sanitary-ball-valve-aisi-316l-drawing-1030x796.jpg 1030w, https:\/\/www.stvvalves.com\/wp-content\/uploads\/2018\/12\/3-way-sanitary-ball-valve-aisi-316l-drawing-1500x1159.jpg 1500w, https:\/\/www.stvvalves.com\/wp-content\/uploads\/2018\/12\/3-way-sanitary-ball-valve-aisi-316l-drawing-705x545.jpg 705w\" sizes=\"auto, (max-width: 2200px) 100vw, 2200px\" \/><\/p>","protected":false},"excerpt":{"rendered":"<p>Modelo:Q15F-1000WOG<\/p>\n<p>Las v\u00e1lvulas de bola sanitarias de 3 v\u00edas vienen de serie con un asiento completamente encapsulado o lleno de cavidad; esta no es una opci\u00f3n ya que el asiento de tefl\u00f3n completamente encapsulado reduce la amenaza de contaminaci\u00f3n para procesos o productos cr\u00edticos. Las v\u00e1lvulas de bola de 3 v\u00edas no requieren herramientas especiales en el campo para trabajar en la v\u00e1lvula, lo cual es una ventaja cuando se trata de f\u00e1cil mantenimiento y bajos costos de instalaci\u00f3n. Tenemos cada v\u00e1lvula tapada y embolsada para que no tenga abolladuras en los extremos, adem\u00e1s de grabar permanentemente el tama\u00f1o, la aleaci\u00f3n y el n\u00famero de calor para una capacidad de seguimiento total.<br \/>\nLas v\u00e1lvulas de bola sanitarias de 3 v\u00edas de acero inoxidable se utilizan en una amplia variedad de aplicaciones de alta presi\u00f3n. Un flujo completo y sin restricciones no permite restricciones de producto a trav\u00e9s de la v\u00e1lvula, lo que permite una f\u00e1cil desviaci\u00f3n. Ofrecemos v\u00e1lvulas de bola de tres v\u00edas fabricadas en acero inoxidable T316L (CF3M) con asientos de PTFE que se retiran f\u00e1cilmente. Los extremos de abrazadera y soldadura son est\u00e1ndar. Otras conexiones est\u00e1n disponibles bajo petici\u00f3n. Las v\u00e1lvulas de bola cumplen con los requisitos 3A. El puerto L es est\u00e1ndar, pero el puerto T est\u00e1 disponible a pedido. Disponemos de un gran inventario de v\u00e1lvulas de bola sanitarias de 3 v\u00edas de acero inoxidable de alta calidad.<\/p>\n<p>Funci\u00f3n clave:<\/p>\n<p>Disponible en tama\u00f1os 1\/2\u2033 \u2013 4\u2033<br \/>\nFundici\u00f3n a la cera perdida de calidad para cuerpo y tapas finales<br \/>\nDisponible en acero inoxidable AISI 304, AISI 316L<br \/>\nAlmohadilla de montaje directo ISO 5211<br \/>\nEmpaquetadura de v\u00e1stago ajustable<br \/>\nDise\u00f1o de v\u00e1stago a prueba de explosiones<br \/>\nDisponible en puerto L\/ T\/ X\/ I<br \/>\nAire 100% probado bajo el agua a 80-100 psi<br \/>\nRango de temperatura -29 \u00b0C a 120 \u00b0C<br \/>\nTipo de extremo: Abrazadera en T, Soldadura de tubo, Soldadura de tubo extendida<\/p>\n<p>Comun\u00edquese con nuestro departamento de ventas para obtener otros materiales y detalles.<\/p>\n<p>Hoja de fecha:<br \/>\n<a href=\"https:\/\/www.stvvalves.com\/wp-content\/uploads\/2018\/12\/3-way-sanitary-ball-valve-aisi-316l.jpg\">V\u00e1lvula de bola sanitaria de 3 v\u00edas AISI 316L<\/a><\/p>","protected":false},"featured_media":4233,"template":"","meta":[],"product_brand":[],"product_cat":[966,969],"product_tag":[397,394,390,396,392,393,391,395],"class_list":{"0":"post-4230","1":"product","2":"type-product","3":"status-publish","4":"has-post-thumbnail","6":"product_cat-pipe-fitting","7":"product_cat-sanitary-pipe-fitting-and-valves","8":"product_tag-3-way-ball-valves","9":"product_tag-3-way-multi-port-sanitary-stainless-steel-ball-valve","10":"product_tag-3-way-sanitary-ball-valves","11":"product_tag-3-way-sanitary-tri-clamp-valve","12":"product_tag-316l-stainless","13":"product_tag-sanitary-3-4-way-ball-valve","14":"product_tag-sanitary-3-way-ball-valve","15":"product_tag-t-port-three-way-sanitary-ball-valve","17":"first","18":"instock","19":"shipping-taxable","20":"product-type-simple"},"_links":{"self":[{"href":"https:\/\/www.stvvalves.com\/es\/wp-json\/wp\/v2\/product\/4230","targetHints":{"allow":["GET"]}}],"collection":[{"href":"https:\/\/www.stvvalves.com\/es\/wp-json\/wp\/v2\/product"}],"about":[{"href":"https:\/\/www.stvvalves.com\/es\/wp-json\/wp\/v2\/types\/product"}],"wp:featuredmedia":[{"embeddable":true,"href":"https:\/\/www.stvvalves.com\/es\/wp-json\/wp\/v2\/media\/4233"}],"wp:attachment":[{"href":"https:\/\/www.stvvalves.com\/es\/wp-json\/wp\/v2\/media?parent=4230"}],"wp:term":[{"taxonomy":"product_brand","embeddable":true,"href":"https:\/\/www.stvvalves.com\/es\/wp-json\/wp\/v2\/product_brand?post=4230"},{"taxonomy":"product_cat","embeddable":true,"href":"https:\/\/www.stvvalves.com\/es\/wp-json\/wp\/v2\/product_cat?post=4230"},{"taxonomy":"product_tag","embeddable":true,"href":"https:\/\/www.stvvalves.com\/es\/wp-json\/wp\/v2\/product_tag?post=4230"}],"curies":[{"name":"wp","href":"https:\/\/api.w.org\/{rel}","templated":true}]}}