{"id":4245,"date":"2018-12-17T14:51:05","date_gmt":"2018-12-17T14:51:05","guid":{"rendered":"https:\/\/www.stvvalves.com\/?post_type=product&#038;p=4245"},"modified":"2025-03-04T20:50:15","modified_gmt":"2025-03-04T12:50:15","slug":"ansi-150lb-3-way-ball-valve-flange-end-t-port-with-iso-direct-mounting-pad","status":"publish","type":"product","link":"https:\/\/www.stvvalves.com\/es\/products\/ansi-150lb-3-way-ball-valve-flange-end-t-port-with-iso-direct-mounting-pad\/","title":{"rendered":"V\u00e1lvula de bola de 3 v\u00edas ANSI 150LB, extremo con brida, puerto en T, con plataforma de montaje directo ISO"},"content":{"rendered":"<p>Construcci\u00f3n de carrocer\u00eda atornillada<br \/>\nCuerpo de fundici\u00f3n a la cera perdida<br \/>\n1\/2\u2033 \u2013 4\u2033; soporte y acoplador 6\u2033)<br \/>\nEmpaquetadura de PTFE ajustable y cargada en vivo<br \/>\nDise\u00f1ado y construido para un rendimiento superior<br \/>\nPresi\u00f3n nominal para ANSI 150<br \/>\nOpciones de puerto L y puerto T<br \/>\nCierre positivo en cualquiera de los tres puertos.<br \/>\nPlataforma de montaje directo ISO 5211 incorporada para una f\u00e1cil automatizaci\u00f3n<br \/>\nEl v\u00e1stago a prueba de explosiones a\u00f1ade seguridad y confiabilidad<br \/>\nConstrucci\u00f3n completa de acero inoxidable 316.<\/p>\n<p>&nbsp;<\/p>\n<table>\n<tbody>\n<tr>\n<td width=\"200\"><strong>nombre del producto<\/strong><\/td>\n<td width=\"481\">V\u00e1lvula de bola de 3 v\u00edas ANSI 150LB, extremo con brida, puerto en T, con plataforma de montaje directo ISO<\/td>\n<\/tr>\n<tr>\n<td width=\"200\">1. Materiales<\/td>\n<td width=\"481\">WCB<\/td>\n<\/tr>\n<tr>\n<td width=\"200\">2. Tama\u00f1o3<\/td>\n<td width=\"481\">&quot;<\/td>\n<\/tr>\n<tr>\n<td width=\"200\">4. Puerto<\/td>\n<td width=\"481\">Puerto lleno<\/td>\n<\/tr>\n<tr>\n<td width=\"200\">5. Presi\u00f3n de trabajo<\/td>\n<td width=\"481\">150 libras<\/td>\n<\/tr>\n<tr>\n<td width=\"200\">6. La conexi\u00f3n finaliza<\/td>\n<td width=\"481\">RF<\/td>\n<\/tr>\n<tr>\n<td width=\"200\">7. Temperatura de trabajo.<\/td>\n<td width=\"481\">-29~180\u00baC,<\/td>\n<\/tr>\n<tr>\n<td width=\"200\">8. Medio adecuado<\/td>\n<td width=\"481\">Agua, Gas Natural, Petr\u00f3leo y alg\u00fan l\u00edquido corrosivo<\/td>\n<\/tr>\n<tr>\n<td width=\"200\">9. Operado<\/td>\n<td width=\"481\">Volante<\/td>\n<\/tr>\n<tr>\n<td width=\"200\">10. Inspecci\u00f3n y pruebas<\/td>\n<td width=\"481\">Seg\u00fan API598<\/td>\n<\/tr>\n<tr>\n<td width=\"200\"><strong>Env\u00edo<\/strong><\/td>\n<td width=\"481\"><\/td>\n<\/tr>\n<tr>\n<td width=\"200\">El tiempo de entrega<\/td>\n<td width=\"481\">30 dias<\/td>\n<\/tr>\n<tr>\n<td width=\"200\">Paquete<\/td>\n<td width=\"481\">Caja de madera contrachapada de exportaci\u00f3n est\u00e1ndar<\/td>\n<\/tr>\n<tr>\n<td width=\"200\">Puerto de embarque<\/td>\n<td width=\"481\">Ningbo\/Shangh\u00e1i, China<\/td>\n<\/tr>\n<tr>\n<td width=\"200\">Condiciones de env\u00edo<\/td>\n<td width=\"481\">Exw, MANDO, CFR, CIF, etc.<\/td>\n<\/tr>\n<tr>\n<td width=\"200\">T\u00e9rminos de pago<\/td>\n<td width=\"481\">T\/T, Western Union, PayPal, etc.<\/td>\n<\/tr>\n<tr>\n<td width=\"200\"><\/td>\n<td width=\"481\">Pago anticipado de 30%, saldo de 70% pagado antes del env\u00edo<\/td>\n<\/tr>\n<tr>\n<td width=\"200\">Pa\u00eds de origen<\/td>\n<td width=\"481\">Ciudad de Wenzhou, China<\/td>\n<\/tr>\n<tr>\n<td width=\"200\">Capacidad de producci\u00f3n<\/td>\n<td width=\"481\">6000 toneladas\/a\u00f1o<\/td>\n<\/tr>\n<tr>\n<td width=\"200\">Cantidad m\u00ednima de pedido<\/td>\n<td width=\"481\">1 unidad\/tama\u00f1o<\/td>\n<\/tr>\n<\/tbody>\n<\/table>","protected":false},"excerpt":{"rendered":"<p>Modelo:Q45F-150LB-3\u2033<\/p>\n<p>La v\u00e1lvula de bola de tres v\u00edas es un tipo de v\u00e1lvula de bola relativamente nueva. Tiene una estructura compacta, una apariencia hermosa y un buen rendimiento de sellado. No solo puede cambiar la direcci\u00f3n del flujo del medio, sino tambi\u00e9n conectar los tres canales entre s\u00ed y tambi\u00e9n puede cerrar cualquier canal para crear otro. Los dos canales est\u00e1n conectados para controlar de manera flexible la confluencia o separaci\u00f3n del medio en la tuber\u00eda. Tiene algunas ventajas \u00fanicas exclusivas de su estructura, como la ausencia de fricci\u00f3n del interruptor, el sello no es f\u00e1cil de desgastar y el par de apertura y cierre es peque\u00f1o. Esto reduce el tama\u00f1o de los actuadores que se suministran. Con actuadores el\u00e9ctricos multivueltas el medio se puede ajustar y cerrar herm\u00e9ticamente. Es ampliamente utilizado en petr\u00f3leo, productos qu\u00edmicos, suministro y drenaje de agua urbana y otras condiciones que requieren un corte estricto.<\/p>\n<p>STV Valve Technology Group Co., Ltd es un l\u00edder profesional en China V\u00e1lvula de bola con brida ANSI de 150 lb,V\u00e1lvula de bola de 3 v\u00edas,V\u00e1lvula de bola de 3 v\u00edas Puerto de acero inoxidable 316 L,V\u00e1lvula de bola de 3 v\u00edas Puerto de acero inoxidable 316 L,V\u00e1lvula de bola de 3 v\u00edas Brida ANSI 150 lb de acero inoxidable de paso total, v\u00e1lvula de bola de 3 v\u00edas de China Almohadilla de montaje ISO directo ANSI 150 lb, v\u00e1lvula de bola de puerto completo con brida, v\u00e1lvulas de bola con bridas de tres v\u00edas, fabricante de v\u00e1lvula de bola segura contra incendios con bridas WCB ANSI 150 de China con alta calidad y competitivo precio.<\/p>\n<div class=\"woocommerce-product-details__short-description\">\n<p>Comun\u00edquese con nuestro sales@stvvalve.com para obtener otros materiales y detalles.<\/p>\n<p>Hoja de fecha: <a href=\"https:\/\/www.stvvalves.com\/wp-content\/uploads\/2018\/12\/ansi-150LB-3-way-ball-valve-flange-end-t-port-with-iso-direct-mounting-pad-drawing.pdf\">V\u00e1lvula de bola de 3 v\u00edas ANSI150LB, extremo con brida, puerto en T, con plataforma de montaje directo ISO<\/a><\/p>\n<\/div>\n<form class=\"cart\" action=\"https:\/\/www.stvvalves.com\/es\/product\/carbon-steel-flange-ball-valve-dn50-150lb-304-trim-rf-end\/\" enctype=\"multipart\/form-data\" method=\"post\" data-trp-original-action=\"https:\/\/www.stvvalves.com\/product\/carbon-steel-flange-ball-valve-dn50-150lb-304-trim-rf-end\/\">\n<div class=\"wcpa_form_outer\"><\/div>\n<div class=\"quantity\"><\/div>\n<div class=\"addquotelistlink\">\n<div class=\"quotelistadd_prodpage\"><\/div>\n<\/div>\n<input type=\"hidden\" name=\"trp-form-language\" value=\"es\"\/><\/form>","protected":false},"featured_media":4248,"template":"","meta":[],"product_brand":[],"product_cat":[43,54,80,78,53],"product_tag":[414,171,417,415,413,419,416,418,405],"class_list":{"0":"post-4245","1":"product","2":"type-product","3":"status-publish","4":"has-post-thumbnail","6":"product_cat-ball-valve","7":"product_cat-cast-steel-ball-valve","8":"product_cat-flange-ball-valve","9":"product_cat-floating-ball-valve","10":"product_cat-stainless-steel-ball-valve","11":"product_tag-150-lb-ansi-flange-ball-valve","12":"product_tag-3-way-ball-valve","13":"product_tag-3-way-ball-valve-stainless-steel-316-l-port","14":"product_tag-316-stainless-steel-ansi-150-flanged-fire-safe-ball-valve-lever","15":"product_tag-ball-valve-3-way-flanged-ansi-150lb-full-bore-stainless-steel","16":"product_tag-china-3-way-ball-valve-iso-direct-mounting-pad-ansi-150lb","17":"product_tag-flange-full-port-ball-valve","18":"product_tag-three-way-flanged-ball-valves","19":"product_tag-wcb-ansi-150-flanged-fire-safe-ball-valve","21":"first","22":"instock","23":"shipping-taxable","24":"product-type-simple"},"_links":{"self":[{"href":"https:\/\/www.stvvalves.com\/es\/wp-json\/wp\/v2\/product\/4245","targetHints":{"allow":["GET"]}}],"collection":[{"href":"https:\/\/www.stvvalves.com\/es\/wp-json\/wp\/v2\/product"}],"about":[{"href":"https:\/\/www.stvvalves.com\/es\/wp-json\/wp\/v2\/types\/product"}],"wp:featuredmedia":[{"embeddable":true,"href":"https:\/\/www.stvvalves.com\/es\/wp-json\/wp\/v2\/media\/4248"}],"wp:attachment":[{"href":"https:\/\/www.stvvalves.com\/es\/wp-json\/wp\/v2\/media?parent=4245"}],"wp:term":[{"taxonomy":"product_brand","embeddable":true,"href":"https:\/\/www.stvvalves.com\/es\/wp-json\/wp\/v2\/product_brand?post=4245"},{"taxonomy":"product_cat","embeddable":true,"href":"https:\/\/www.stvvalves.com\/es\/wp-json\/wp\/v2\/product_cat?post=4245"},{"taxonomy":"product_tag","embeddable":true,"href":"https:\/\/www.stvvalves.com\/es\/wp-json\/wp\/v2\/product_tag?post=4245"}],"curies":[{"name":"wp","href":"https:\/\/api.w.org\/{rel}","templated":true}]}}