{"id":4254,"date":"2018-12-18T02:46:04","date_gmt":"2018-12-18T02:46:04","guid":{"rendered":"https:\/\/www.stvvalves.com\/?post_type=product&#038;p=4254"},"modified":"2025-02-17T18:19:18","modified_gmt":"2025-02-17T10:19:18","slug":"316-thin-wafer-ball-valve-with-iso-direct-mounting-pad-pn16-flange-end","status":"publish","type":"product","link":"https:\/\/www.stvvalves.com\/es\/products\/316-thin-wafer-ball-valve-with-iso-direct-mounting-pad-pn16-flange-end\/","title":{"rendered":"V\u00e1lvula de bola de oblea delgada 316 con almohadilla de montaje directo ISO, PN16, extremo con brida"},"content":{"rendered":"<p>Est\u00e1ndar de dise\u00f1o: ASME B16.34\/API 608<br \/>\nExtremos con bridas: ANSI B16.5 JIS B2220 BS 4504 DIN2543<br \/>\nCara a cara: ANSI B16.10 JIS B2002<br \/>\nAlmohadilla de montaje: ISO5211<br \/>\nCara a cara: ANSI B16.10 JIS B2002<br \/>\nDise\u00f1o a prueba de incendios: API607<br \/>\nPresi\u00f3n de trabajo: PN16\/PN25\/PN40\/PN63<br \/>\nOrificio reductor est\u00e1ndar<br \/>\nTama\u00f1o: 1\/2 pulgada-8 pulgadas<br \/>\nMaterial: CF8(SS304)\/CF8M(SS316)\/CF3M(SS316L)\/WCB<br \/>\nCuerpo de acero forjado o fundici\u00f3n a la cera perdida<br \/>\nTemperatura adecuada: &lt;150 \u2103 (PPL &lt;300 \u2103)<br \/>\nMedio adecuado: agua, gas, petr\u00f3leo, \u00e1cido n\u00edtrico, \u00e1cido ac\u00e9tico, etc.<br \/>\nExtremos roscados: BSPT.NPT.DIN2999.ISO 228\/1&amp;ISO\/1<br \/>\nInspecci\u00f3n y pruebas: API598<br \/>\nOpciones: Dispositivo de bloqueo disponible<\/p>\n<p>&nbsp;<\/p>\n<table>\n<tbody>\n<tr>\n<td width=\"200\"><strong>nombre del producto<\/strong><\/td>\n<td width=\"481\">V\u00e1lvula de bola de oblea delgada 316 con almohadilla de montaje directo ISO, PN16, extremo con brida<\/td>\n<\/tr>\n<tr>\n<td width=\"200\">1. Materiales<\/td>\n<td width=\"481\">316<\/td>\n<\/tr>\n<tr>\n<td width=\"200\">2. Tama\u00f1o<\/td>\n<td width=\"481\">1\u201d<\/td>\n<\/tr>\n<tr>\n<td width=\"200\">4. Puerto<\/td>\n<td width=\"481\">\u00a0Puerto reductor<\/td>\n<\/tr>\n<tr>\n<td width=\"200\">5. Presi\u00f3n de trabajo<\/td>\n<td width=\"481\">PN16<\/td>\n<\/tr>\n<tr>\n<td width=\"200\">6. La conexi\u00f3n finaliza<\/td>\n<td width=\"481\">RF<\/td>\n<\/tr>\n<tr>\n<td width=\"200\">7. Temperatura de trabajo.<\/td>\n<td width=\"481\">-29~120\u00baC,<\/td>\n<\/tr>\n<tr>\n<td width=\"200\">8. Medio adecuado<\/td>\n<td width=\"481\">Agua, Gas Natural, Petr\u00f3leo y alg\u00fan l\u00edquido corrosivo<\/td>\n<\/tr>\n<tr>\n<td width=\"200\">9. Operado<\/td>\n<td width=\"481\">Volante<\/td>\n<\/tr>\n<tr>\n<td width=\"200\">10. Inspecci\u00f3n y pruebas<\/td>\n<td width=\"481\">Seg\u00fan API 598<\/td>\n<\/tr>\n<tr>\n<td width=\"200\"><strong>Env\u00edo<\/strong><\/td>\n<td width=\"481\"><\/td>\n<\/tr>\n<tr>\n<td width=\"200\">El tiempo de entrega<\/td>\n<td width=\"481\">30 dias<\/td>\n<\/tr>\n<tr>\n<td width=\"200\">Paquete<\/td>\n<td width=\"481\">Caja de madera contrachapada de exportaci\u00f3n est\u00e1ndar<\/td>\n<\/tr>\n<tr>\n<td width=\"200\">Puerto de embarque<\/td>\n<td width=\"481\">Ningbo\/Shangh\u00e1i, China<\/td>\n<\/tr>\n<tr>\n<td width=\"200\">Condiciones de env\u00edo<\/td>\n<td width=\"481\">Exw, MANDO, CFR, CIF, etc.<\/td>\n<\/tr>\n<tr>\n<td width=\"200\">T\u00e9rminos de pago<\/td>\n<td width=\"481\">T\/T, Western Union, PayPal, etc.<\/td>\n<\/tr>\n<tr>\n<td width=\"200\"><\/td>\n<td width=\"481\">Pago anticipado de 30%, saldo de 70% pagado antes del env\u00edo<\/td>\n<\/tr>\n<tr>\n<td width=\"200\">Pa\u00eds de origen<\/td>\n<td width=\"481\">Ciudad de Wenzhou, China<\/td>\n<\/tr>\n<tr>\n<td width=\"200\">Capacidad de producci\u00f3n<\/td>\n<td width=\"481\">6000 toneladas\/a\u00f1o<\/td>\n<\/tr>\n<tr>\n<td width=\"200\">Cantidad m\u00ednima de pedido<\/td>\n<td width=\"481\">10 unidades\/tama\u00f1o<\/td>\n<\/tr>\n<\/tbody>\n<\/table>","protected":false},"excerpt":{"rendered":"<p>Modelo:Q71F-PN16-DN80<\/p>\n<p>Nuestra v\u00e1lvula de bola tipo wafer est\u00e1 dise\u00f1ada para usarse<br \/>\nen un sistema de tuber\u00edas compacto, donde los espacios, el peso y la facilidad de<br \/>\nLa instalaci\u00f3n son temas prioritarios. tiene similar<br \/>\ncaracter\u00edsticas como otras v\u00e1lvulas de bola de cuerpo \u00fanico, incluido el dise\u00f1o a prueba de incendios y<br \/>\nel dise\u00f1o de v\u00e1stago est\u00e1ndar a prueba de reventones.<br \/>\nEl dise\u00f1o de la plataforma de montaje ISO 5211 tambi\u00e9n permite<br \/>\npara conectarse perfectamente con productos de automatizaci\u00f3n de v\u00e1lvulas<br \/>\nEn situaciones en las que el sistema de tuber\u00edas es compacto, la longitud reducida del cuerpo de la v\u00e1lvula no s\u00f3lo<br \/>\nproporciona la distancia m\u00e1s corta, tambi\u00e9n disminuye el peso de la v\u00e1lvula en<br \/>\nm\u00e1ximo de 40 en comparaci\u00f3n con otros extremos de brida convencionales<br \/>\nv\u00e1lvula de bola monocuerpo. La v\u00e1lvula se puede instalar en un sistema de tuber\u00edas.<br \/>\nsin ning\u00fan soporte adicional, independientemente de la longitud de la tuber\u00eda. La unidad<br \/>\nEl dise\u00f1o de la carrocer\u00eda evita el uso de caras de uni\u00f3n innecesarias y, por tanto,<br \/>\nelimina la posibilidad de fugas del cuerpo de la v\u00e1lvula.<br \/>\nAl igual que otras v\u00e1lvulas de bola de cuerpo \u00fanico, proporciona un dise\u00f1o opcional a prueba de incendios para reducir las fugas.<br \/>\nproblema causado por el fuego. El prop\u00f3sito de este dise\u00f1o es tal que el<br \/>\nLa v\u00e1lvula a\u00fan puede mantener su funcionamiento despu\u00e9s de que el fuego da\u00f1e el PTFE blando.<br \/>\nasiento. La bola de la v\u00e1lvula mecanizada con precisi\u00f3n entra entonces en contacto con<br \/>\nel contacto met\u00e1lico o el labio, y forma un nuevo sello metal con metal.<br \/>\nTodas las v\u00e1lvulas de bola tipo wafer est\u00e1n equipadas con v\u00e1lvulas de seguridad contra explosiones.<br \/>\ndise\u00f1o para el tallo. El v\u00e1stago autoajustable y con carga din\u00e1mica fue<br \/>\ndise\u00f1ado y fabricado para tener un anillo sobresaliente rodeado<br \/>\nel cuerpo del tallo. Este dise\u00f1o especial permite que el v\u00e1stago permanezca en el<br \/>\ncuerpo de la v\u00e1lvula durante el exceso de presi\u00f3n se produce en el sistema de tuber\u00edas.<\/p>\n<p>STV Valve Technology Group Co., Ltd es un l\u00edder profesional en China V\u00e1lvula de bola con brida tipo oblea con almohadilla ISO, v\u00e1lvula de bola compacta tipo oblea, v\u00e1lvula de bola delgada tipo oblea, v\u00e1lvulas de bola tipo oblea de acero inoxidable, v\u00e1lvula de bola tipo oblea con almohadilla de montaje, v\u00e1lvula de bola SS con Almohadilla de montaje ISO, v\u00e1lvula de bola con almohadilla de montaje directo ISO al por mayor, v\u00e1lvula de bola de oblea de acero inoxidable 304\/316 de China, fabricante de almohadilla de montaje directo de v\u00e1lvula de bola de China con alta calidad y precio competitivo.<\/p>\n<p>Comun\u00edquese con nuestro sales@stvvalve.com para obtener otros materiales y detalles.<\/p>\n<p>Hoja de fecha:<a href=\"http:\/\/316-thin-wafer-ball-valve-with-iso-direct-mounting-pad-pn16-flange-end-drawing\">V\u00e1lvula de bola de oblea delgada 316 con almohadilla de montaje directo ISO, PN16, extremo con brida<\/a><\/p>","protected":false},"featured_media":4257,"template":"","meta":[],"product_brand":[],"product_cat":[43,80,78,53],"product_tag":[166,424,423,422,427,421,429,428,426,425],"class_list":{"0":"post-4254","1":"product","2":"type-product","3":"status-publish","4":"has-post-thumbnail","6":"product_cat-ball-valve","7":"product_cat-flange-ball-valve","8":"product_cat-floating-ball-valve","9":"product_cat-stainless-steel-ball-valve","10":"product_tag-1-inch-ball-valve","11":"product_tag-ball-valve-direct-mounting-pad","12":"product_tag-china-stainless-steel-304-316-wafer-ball-valve","13":"product_tag-iso-direct-mounting-pad-ball-valve-wholesale","14":"product_tag-ss-ball-valve-with-iso-mounting-pad","15":"product_tag-wafer-ball-valve-with-mounting-pad","16":"product_tag-wafer-ball-valves-stainless-steel","17":"product_tag-wafer-thin-ball-valve","18":"product_tag-wafer-type-compact-ball-valve","19":"product_tag-wafer-type-flanged-ball-valve-with-iso-pad","21":"first","22":"instock","23":"shipping-taxable","24":"product-type-simple"},"_links":{"self":[{"href":"https:\/\/www.stvvalves.com\/es\/wp-json\/wp\/v2\/product\/4254","targetHints":{"allow":["GET"]}}],"collection":[{"href":"https:\/\/www.stvvalves.com\/es\/wp-json\/wp\/v2\/product"}],"about":[{"href":"https:\/\/www.stvvalves.com\/es\/wp-json\/wp\/v2\/types\/product"}],"wp:featuredmedia":[{"embeddable":true,"href":"https:\/\/www.stvvalves.com\/es\/wp-json\/wp\/v2\/media\/4257"}],"wp:attachment":[{"href":"https:\/\/www.stvvalves.com\/es\/wp-json\/wp\/v2\/media?parent=4254"}],"wp:term":[{"taxonomy":"product_brand","embeddable":true,"href":"https:\/\/www.stvvalves.com\/es\/wp-json\/wp\/v2\/product_brand?post=4254"},{"taxonomy":"product_cat","embeddable":true,"href":"https:\/\/www.stvvalves.com\/es\/wp-json\/wp\/v2\/product_cat?post=4254"},{"taxonomy":"product_tag","embeddable":true,"href":"https:\/\/www.stvvalves.com\/es\/wp-json\/wp\/v2\/product_tag?post=4254"}],"curies":[{"name":"wp","href":"https:\/\/api.w.org\/{rel}","templated":true}]}}