{"id":4272,"date":"2018-12-27T08:07:50","date_gmt":"2018-12-27T08:07:50","guid":{"rendered":"https:\/\/www.stvvalves.com\/?post_type=product&#038;p=4272"},"modified":"2025-02-17T18:19:12","modified_gmt":"2025-02-17T10:19:12","slug":"api-602-y-pattern-globe-valve-a105n-1-inch-2500-lb-sw-end","status":"publish","type":"product","link":"https:\/\/www.stvvalves.com\/es\/products\/api-602-y-pattern-globe-valve-a105n-1-inch-2500-lb-sw-end\/","title":{"rendered":"V\u00e1lvula de globo con patr\u00f3n en Y API 602, A105N, 1 pulgada, 2500 lb, extremo SW"},"content":{"rendered":"<p>Especificaci\u00f3n del par\u00e1metro principal<\/p>\n<p>El dise\u00f1o y la fabricaci\u00f3n cumplen con BS 5352, ANSI B16.34<\/p>\n<p>Los extremos de conexi\u00f3n cumplen con:<\/p>\n<p>1. Los extremos soldados del z\u00f3calo cumplen con ANSI B16.11<\/p>\n<p>2. Los extremos de los tornillos cumplen con ANSI B1.20.1<\/p>\n<p>3..Los extremos soldados a tope cumplen con ANSI B16.25<\/p>\n<p>La prueba y la inspecci\u00f3n cumplen con: API 598<\/p>\n<p>Caracter\u00edsticas de la estructura: cap\u00f3 atornillado, cap\u00f3 soldado, cap\u00f3 con sello de presi\u00f3n, tornillo exterior y yugo<\/p>\n<p>Gama de productos<\/p>\n<p>Material del cuerpo: acero al carbono, acero inoxidable, acero aleado<\/p>\n<p>Di\u00e1metro nominal: 1\/2 \u2033 ~ 2 \u2033 (DN15 ~ DN50)<\/p>\n<p>Conexi\u00f3n final: BW,RF,RTJ<\/p>\n<p>Rango de presi\u00f3n: Clase 150~2500\uff08PN16~PN420\uff09<\/p>\n<p>Temperatura de trabajo: -196 \u2103 ~ +560 \u2103<\/p>\n<p>Operaci\u00f3n: volante<\/p>\n<p><img loading=\"lazy\" decoding=\"async\" class=\"alignnone size-full wp-image-4275\" src=\"https:\/\/www.stvvalves.com\/wp-content\/uploads\/2018\/12\/api-602-y-pattern-globe-valve-a105n-1-inch-2500-lb-sw-end-DRAWING.jpg\" alt=\"\" width=\"2339\" height=\"1654\" srcset=\"https:\/\/www.stvvalves.com\/wp-content\/uploads\/2018\/12\/api-602-y-pattern-globe-valve-a105n-1-inch-2500-lb-sw-end-DRAWING.jpg 2339w, https:\/\/www.stvvalves.com\/wp-content\/uploads\/2018\/12\/api-602-y-pattern-globe-valve-a105n-1-inch-2500-lb-sw-end-DRAWING-600x424.jpg 600w, https:\/\/www.stvvalves.com\/wp-content\/uploads\/2018\/12\/api-602-y-pattern-globe-valve-a105n-1-inch-2500-lb-sw-end-DRAWING-300x212.jpg 300w, https:\/\/www.stvvalves.com\/wp-content\/uploads\/2018\/12\/api-602-y-pattern-globe-valve-a105n-1-inch-2500-lb-sw-end-DRAWING-768x543.jpg 768w, https:\/\/www.stvvalves.com\/wp-content\/uploads\/2018\/12\/api-602-y-pattern-globe-valve-a105n-1-inch-2500-lb-sw-end-DRAWING-1030x728.jpg 1030w, https:\/\/www.stvvalves.com\/wp-content\/uploads\/2018\/12\/api-602-y-pattern-globe-valve-a105n-1-inch-2500-lb-sw-end-DRAWING-1500x1061.jpg 1500w, https:\/\/www.stvvalves.com\/wp-content\/uploads\/2018\/12\/api-602-y-pattern-globe-valve-a105n-1-inch-2500-lb-sw-end-DRAWING-260x185.jpg 260w, https:\/\/www.stvvalves.com\/wp-content\/uploads\/2018\/12\/api-602-y-pattern-globe-valve-a105n-1-inch-2500-lb-sw-end-DRAWING-705x499.jpg 705w\" sizes=\"auto, (max-width: 2339px) 100vw, 2339px\" \/><\/p>","protected":false},"excerpt":{"rendered":"<p>Modelo:PJ65Y-2500LB-A105N<\/p>\n<p>Nuestra v\u00e1lvula de globo con patr\u00f3n en Y API 602 es principalmente adecuada para varios sistemas de tuber\u00edas de centrales t\u00e9rmicas, cortando o conectando el medio de la tuber\u00eda. Medio aplicable. Las v\u00e1lvulas en comparaci\u00f3n con medios no corrosivos, como los vapores de acero forjado, se caracterizan por altas temperaturas, altas temperaturas y altas presiones en comparaci\u00f3n con otros productos. La presi\u00f3n del dise\u00f1o autosellante \u00fanico es mayor y el sello es cada vez mayor. Debido a las caracter\u00edsticas t\u00e9cnicas de rendimiento, las condiciones especiales de las condiciones de trabajo hacen que el producto tambi\u00e9n forme una caracter\u00edstica que no puede ser reemplazada por otros productos.<\/p>\n<p>Hay tres tipos de dise\u00f1o de junta de cuerpo de v\u00e1lvula de globo de acero forjado en Y con soldadura de encaje.<br \/>\n1.Tipo de cap\u00f3 con perno. El cuerpo de v\u00e1lvula dise\u00f1ado seg\u00fan esta forma de conexi\u00f3n est\u00e1 conectado con la tapa de v\u00e1lvula mediante pernos.<br \/>\nEl uso de una junta enrollada tiene la ventaja de facilitar el mantenimiento durante el uso;<br \/>\n2. Tipo de casquete de soldadura. El cuerpo de la v\u00e1lvula y la tapa de la v\u00e1lvula est\u00e1n todos soldados y sellados de acuerdo con la v\u00e1lvula dise\u00f1ada en esta forma de conexi\u00f3n.<br \/>\nLa ventaja es que no hay fugas externas;<br \/>\n3.Tipo de cap\u00f3 con sello de presi\u00f3n. El cuerpo de v\u00e1lvula dise\u00f1ado seg\u00fan esta forma de conexi\u00f3n est\u00e1 conectado con la tapa de v\u00e1lvula y el caracol.<br \/>\nLa presi\u00f3n interna est\u00e1 sellada desde el anillo de sellado y la ventaja es que cuanto mayor sea la presi\u00f3n interna, mejor ser\u00e1 el rendimiento del sellado.<br \/>\nPuede elegir nuestra v\u00e1lvula de acero forjado seg\u00fan la situaci\u00f3n real.<\/p>\n<p>Comun\u00edquese con nuestro sales@stvvalve.com para obtener otros materiales y m\u00e1s detalles.<\/p>\n<p>Hoja de fecha:<a href=\"http:\/\/api-602-y-pattern-globe-valve-a105n-1-inch-2500-lb-sw-end-DRAWING\">V\u00e1lvula de globo con patr\u00f3n en Y API 602, A105N, 1 pulgada, 2500 lb, extremo SW<\/a><\/p>","protected":false},"featured_media":4273,"template":"","meta":[],"product_brand":[],"product_cat":[64,45],"product_tag":[448,450,452,451,449],"class_list":{"0":"post-4272","1":"product","2":"type-product","3":"status-publish","4":"has-post-thumbnail","6":"product_cat-foreged-steel-globe-valve","7":"product_cat-globe-valve","8":"product_tag-api-602-forged-valves","9":"product_tag-china-api-602-y-type-globe-valve","10":"product_tag-forged-steel-y-globe-valve","11":"product_tag-sw-forged-y-globe-valve","12":"product_tag-y-pattern-globe-valves","14":"first","15":"instock","16":"shipping-taxable","17":"product-type-simple"},"_links":{"self":[{"href":"https:\/\/www.stvvalves.com\/es\/wp-json\/wp\/v2\/product\/4272","targetHints":{"allow":["GET"]}}],"collection":[{"href":"https:\/\/www.stvvalves.com\/es\/wp-json\/wp\/v2\/product"}],"about":[{"href":"https:\/\/www.stvvalves.com\/es\/wp-json\/wp\/v2\/types\/product"}],"wp:featuredmedia":[{"embeddable":true,"href":"https:\/\/www.stvvalves.com\/es\/wp-json\/wp\/v2\/media\/4273"}],"wp:attachment":[{"href":"https:\/\/www.stvvalves.com\/es\/wp-json\/wp\/v2\/media?parent=4272"}],"wp:term":[{"taxonomy":"product_brand","embeddable":true,"href":"https:\/\/www.stvvalves.com\/es\/wp-json\/wp\/v2\/product_brand?post=4272"},{"taxonomy":"product_cat","embeddable":true,"href":"https:\/\/www.stvvalves.com\/es\/wp-json\/wp\/v2\/product_cat?post=4272"},{"taxonomy":"product_tag","embeddable":true,"href":"https:\/\/www.stvvalves.com\/es\/wp-json\/wp\/v2\/product_tag?post=4272"}],"curies":[{"name":"wp","href":"https:\/\/api.w.org\/{rel}","templated":true}]}}