{"id":4278,"date":"2018-12-27T15:09:26","date_gmt":"2018-12-27T15:09:26","guid":{"rendered":"https:\/\/www.stvvalves.com\/?post_type=product&#038;p=4278"},"modified":"2025-02-17T18:19:11","modified_gmt":"2025-02-17T10:19:11","slug":"api-602-forged-steel-globe-valve-800lb-butt-weld-end-2","status":"publish","type":"product","link":"https:\/\/www.stvvalves.com\/es\/products\/api-602-forged-steel-globe-valve-800lb-butt-weld-end-2\/","title":{"rendered":"V\u00e1lvula de globo de acero forjado API 602, 800 lb, extremo soldado a tope"},"content":{"rendered":"<p>Especificaci\u00f3n del par\u00e1metro principal<\/p>\n<p>El dise\u00f1o y la fabricaci\u00f3n cumplen con BS 5352, ANSI B16.34<\/p>\n<p>Los extremos de conexi\u00f3n cumplen con:<\/p>\n<p>1. Los extremos soldados del z\u00f3calo cumplen con ANSI B16.11<\/p>\n<p>2. Los extremos de los tornillos cumplen con ANSI B1.20.1<\/p>\n<p>3..Los extremos soldados a tope cumplen con ANSI B16.25<\/p>\n<p>La prueba y la inspecci\u00f3n cumplen con: API 598<\/p>\n<p>Caracter\u00edsticas de la estructura: cap\u00f3 atornillado, cap\u00f3 soldado, cap\u00f3 con sello de presi\u00f3n, tornillo exterior y yugo<\/p>\n<p>Gama de productos<\/p>\n<p>Material del cuerpo: acero al carbono, acero inoxidable, acero aleado<\/p>\n<p>Di\u00e1metro nominal: 1\/2 \u2033 ~ 2 \u2033 (DN15 ~ DN50)<\/p>\n<p>Conexi\u00f3n final: BW,RF,RTJ<\/p>\n<p>Rango de presi\u00f3n: Clase 150~2500\uff08PN16~PN420\uff09<\/p>\n<p>Temperatura de trabajo: -196 \u2103 ~ +560 \u2103<\/p>\n<p>Operaci\u00f3n: volante<\/p>\n<p>&nbsp;<\/p>\n<p><img loading=\"lazy\" decoding=\"async\" class=\"alignnone size-full wp-image-4285\" src=\"https:\/\/www.stvvalves.com\/wp-content\/uploads\/2018\/12\/api-602-forged-steel-globe-valve-800lb-butt-weld-end-drawing.jpg\" alt=\"\" width=\"2339\" height=\"1653\" srcset=\"https:\/\/www.stvvalves.com\/wp-content\/uploads\/2018\/12\/api-602-forged-steel-globe-valve-800lb-butt-weld-end-drawing.jpg 2339w, https:\/\/www.stvvalves.com\/wp-content\/uploads\/2018\/12\/api-602-forged-steel-globe-valve-800lb-butt-weld-end-drawing-600x424.jpg 600w, https:\/\/www.stvvalves.com\/wp-content\/uploads\/2018\/12\/api-602-forged-steel-globe-valve-800lb-butt-weld-end-drawing-300x212.jpg 300w, https:\/\/www.stvvalves.com\/wp-content\/uploads\/2018\/12\/api-602-forged-steel-globe-valve-800lb-butt-weld-end-drawing-768x543.jpg 768w, https:\/\/www.stvvalves.com\/wp-content\/uploads\/2018\/12\/api-602-forged-steel-globe-valve-800lb-butt-weld-end-drawing-1030x728.jpg 1030w, https:\/\/www.stvvalves.com\/wp-content\/uploads\/2018\/12\/api-602-forged-steel-globe-valve-800lb-butt-weld-end-drawing-1500x1060.jpg 1500w, https:\/\/www.stvvalves.com\/wp-content\/uploads\/2018\/12\/api-602-forged-steel-globe-valve-800lb-butt-weld-end-drawing-260x185.jpg 260w, https:\/\/www.stvvalves.com\/wp-content\/uploads\/2018\/12\/api-602-forged-steel-globe-valve-800lb-butt-weld-end-drawing-705x498.jpg 705w\" sizes=\"auto, (max-width: 2339px) 100vw, 2339px\" \/><\/p>","protected":false},"excerpt":{"rendered":"<p>Proveedores de v\u00e1lvula de globo de acero forjado API 602 de alta calidad, empresa, personalizado, marcas, mayoristas de v\u00e1lvula de globo de acero forjado API 602 de China, precio, fabricaci\u00f3n, venta al por mayor, promociones de v\u00e1lvula de globo de acero forjado API 602, todos tienen diferentes preocupaciones especiales al respecto y lo que nosotros Lo que hacemos es maximizar los requisitos del producto de cada cliente, por lo que la calidad de nuestra v\u00e1lvula de globo de acero forjado API 602 ha sido bien recibida por muchos clientes y ha disfrutado de una buena reputaci\u00f3n en muchos pa\u00edses. STV Valve Technology Group Co., Ltd ofrece una v\u00e1lvula de globo de acero forjado API 602 que tiene un dise\u00f1o caracter\u00edstico, un rendimiento pr\u00e1ctico y un precio competitivo.<\/p>\n<p>Comun\u00edquese con nuestro sales@stvvalve.com para obtener otros materiales y m\u00e1s detalles.<\/p>\n<p>Hoja de fecha:<a href=\"https:\/\/www.stvvalves.com\/wp-content\/uploads\/2018\/12\/api-602-forged-steel-globe-valve-800lb-butt-weld-end-drawing.pdf\">V\u00e1lvula de globo de acero forjado API 602, 800 lb, extremo soldado a tope<\/a><\/p>","protected":false},"featured_media":4283,"template":"","meta":[],"product_brand":[],"product_cat":[64,45],"product_tag":[448,454,197,453],"class_list":{"0":"post-4278","1":"product","2":"type-product","3":"status-publish","4":"has-post-thumbnail","6":"product_cat-foreged-steel-globe-valve","7":"product_cat-globe-valve","8":"product_tag-api-602-forged-valves","9":"product_tag-china-forged-steel-globe-valve","10":"product_tag-forged-steel-globe-valve","11":"product_tag-forged-steel-globe-valves-ansi-class-800","13":"first","14":"instock","15":"shipping-taxable","16":"product-type-simple"},"_links":{"self":[{"href":"https:\/\/www.stvvalves.com\/es\/wp-json\/wp\/v2\/product\/4278","targetHints":{"allow":["GET"]}}],"collection":[{"href":"https:\/\/www.stvvalves.com\/es\/wp-json\/wp\/v2\/product"}],"about":[{"href":"https:\/\/www.stvvalves.com\/es\/wp-json\/wp\/v2\/types\/product"}],"wp:featuredmedia":[{"embeddable":true,"href":"https:\/\/www.stvvalves.com\/es\/wp-json\/wp\/v2\/media\/4283"}],"wp:attachment":[{"href":"https:\/\/www.stvvalves.com\/es\/wp-json\/wp\/v2\/media?parent=4278"}],"wp:term":[{"taxonomy":"product_brand","embeddable":true,"href":"https:\/\/www.stvvalves.com\/es\/wp-json\/wp\/v2\/product_brand?post=4278"},{"taxonomy":"product_cat","embeddable":true,"href":"https:\/\/www.stvvalves.com\/es\/wp-json\/wp\/v2\/product_cat?post=4278"},{"taxonomy":"product_tag","embeddable":true,"href":"https:\/\/www.stvvalves.com\/es\/wp-json\/wp\/v2\/product_tag?post=4278"}],"curies":[{"name":"wp","href":"https:\/\/api.w.org\/{rel}","templated":true}]}}