{"id":4287,"date":"2018-12-27T16:02:54","date_gmt":"2018-12-27T16:02:54","guid":{"rendered":"https:\/\/www.stvvalves.com\/?post_type=product&#038;p=4287"},"modified":"2025-02-17T18:19:10","modified_gmt":"2025-02-17T10:19:10","slug":"stainless-steel-y-type-flange-strainer-din-pn16-dn80","status":"publish","type":"product","link":"https:\/\/www.stvvalves.com\/es\/products\/stainless-steel-y-type-flange-strainer-din-pn16-dn80\/","title":{"rendered":"Filtro de brida tipo Y de acero inoxidable, DIN PN16, DN80"},"content":{"rendered":"<p>Caracter\u00edsticas:<br \/>\nRango de tama\u00f1o: DN15-DN400<br \/>\nClase: PN16-PN40<br \/>\nTemperatura: -29 \u2103 -425 \u2103<br \/>\nMateriales: WCB, WC6,SS304,SS316,SS316L<br \/>\nMedio: Vapor, gases, agua caliente, fluidos t\u00e9rmicos, aceite caliente, agua de proceso, instalaciones de vac\u00edo, amon\u00edaco, etc. (otros medios de flujo bajo pedido)<br \/>\nAplicaci\u00f3n: Industria, centrales el\u00e9ctricas, plantas de purificaci\u00f3n de gases de combusti\u00f3n, tecnolog\u00eda de procesamiento, suministro de gas, instalaciones de vapor, instalaciones de reciclaje, instalaciones de vac\u00edo, agua caliente, tecnolog\u00eda de calefacci\u00f3n, calefacci\u00f3n urbana, aplicaciones de aceite t\u00e9rmico, fabricaci\u00f3n de plantas en general, etc. (otras aplicaciones bajo pedido) )<\/p>\n<p>Est\u00e1ndares<br \/>\nEl est\u00e1ndar de dise\u00f1o y fabricaci\u00f3n se ajusta a DIN EN13709:2003<br \/>\nEl est\u00e1ndar cara a cara cumple con DIN3202 \/ EN 558-1:1995<br \/>\nEl est\u00e1ndar de brida cumple con DIN2543-2545 \/EN 1092-1:2002<br \/>\nLa prueba cumple con DIN 3230 \/ EN 12266:2003<\/p>\n<p>&nbsp;<\/p>\n<table>\n<tbody>\n<tr>\n<td width=\"200\"><strong>nombre del producto<\/strong><\/td>\n<td width=\"481\">Filtro de brida tipo Y de acero inoxidable, DIN PN16, DN80<\/td>\n<\/tr>\n<tr>\n<td width=\"200\">1. Materiales<\/td>\n<td width=\"481\">304<\/td>\n<\/tr>\n<tr>\n<td width=\"200\">2. Tama\u00f1o<\/td>\n<td width=\"481\">3\u201d<\/td>\n<\/tr>\n<tr>\n<td width=\"200\">4. Puerto<\/td>\n<td width=\"481\">Puerto lleno<\/td>\n<\/tr>\n<tr>\n<td width=\"200\">5. Presi\u00f3n de trabajo<\/td>\n<td width=\"481\">150 libras<\/td>\n<\/tr>\n<tr>\n<td width=\"200\">6. La conexi\u00f3n finaliza<\/td>\n<td width=\"481\">RF<\/td>\n<\/tr>\n<tr>\n<td width=\"200\">7. Temperatura de trabajo.<\/td>\n<td width=\"481\">-29~300\u00baC,<\/td>\n<\/tr>\n<tr>\n<td width=\"200\">8. Medio adecuado<\/td>\n<td width=\"481\">Agua, Gas Natural, Petr\u00f3leo y alg\u00fan l\u00edquido corrosivo<\/td>\n<\/tr>\n<tr>\n<td width=\"200\">9. Operado<\/td>\n<td width=\"481\">\/<\/td>\n<\/tr>\n<tr>\n<td width=\"200\">10. Inspecci\u00f3n y pruebas<\/td>\n<td width=\"481\">Seg\u00fan API598<\/td>\n<\/tr>\n<tr>\n<td width=\"200\"><strong>Env\u00edo<\/strong><\/td>\n<td width=\"481\"><\/td>\n<\/tr>\n<tr>\n<td width=\"200\">El tiempo de entrega<\/td>\n<td width=\"481\">30 dias<\/td>\n<\/tr>\n<tr>\n<td width=\"200\">Paquete<\/td>\n<td width=\"481\">Caja de madera contrachapada de exportaci\u00f3n est\u00e1ndar<\/td>\n<\/tr>\n<tr>\n<td width=\"200\">Puerto de embarque<\/td>\n<td width=\"481\">Ningbo\/Shangh\u00e1i, China<\/td>\n<\/tr>\n<tr>\n<td width=\"200\">Condiciones de env\u00edo<\/td>\n<td width=\"481\">Exw, MANDO, CFR, CIF, etc.<\/td>\n<\/tr>\n<tr>\n<td width=\"200\">T\u00e9rminos de pago<\/td>\n<td width=\"481\">T\/T, Western Union, PayPal, etc.<\/td>\n<\/tr>\n<tr>\n<td width=\"200\"><\/td>\n<td width=\"481\">Pago anticipado de 30%, saldo de 70% pagado antes del env\u00edo<\/td>\n<\/tr>\n<tr>\n<td width=\"200\">Pa\u00eds de origen<\/td>\n<td width=\"481\">Ciudad de Wenzhou, China<\/td>\n<\/tr>\n<tr>\n<td width=\"200\">Capacidad de producci\u00f3n<\/td>\n<td width=\"481\">6000 toneladas\/a\u00f1o<\/td>\n<\/tr>\n<tr>\n<td width=\"200\">Cantidad m\u00ednima de pedido<\/td>\n<td width=\"481\">1 unidad\/tama\u00f1o<\/td>\n<\/tr>\n<\/tbody>\n<\/table>","protected":false},"excerpt":{"rendered":"<p>Modelo:GL41H-PN16-DN80<br \/>\nNuestro filtro con brida tipo Y de acero inoxidable es compacto, f\u00e1cil de limpiar y cuenta con un tap\u00f3n de drenaje extra\u00edble y una malla de acero inoxidable. Proporciona una soluci\u00f3n econ\u00f3mica y se recomienda para aplicaciones donde es necesario evitar da\u00f1os a v\u00e1lvulas y otros equipos mec\u00e1nicos relacionados.<br \/>\nLos desechos de las tuber\u00edas, incluida la suciedad y las incrustaciones, suelen ser la causa de fallas, da\u00f1os, p\u00e9rdida de energ\u00eda y reducci\u00f3n de la productividad. Los filtros de brida tipo Y de acero inoxidable se usan generalmente en aplicaciones donde la cantidad de s\u00f3lidos que se deben eliminar es peque\u00f1a y donde se realiza una limpieza frecuente. No es necesario salir. Se instalan con mayor frecuencia en servicios gaseosos como vapor, aire, nitr\u00f3geno, gas natural, etc. STV Valve Technology Group Co., Ltd es un l\u00edder profesional Filtro de brida tipo Y de acero inoxidable de China, Filtro tipo brida Y, Filtro de brida, Y Filtro tipo, filtro tipo WCB Y, fabricante de filtro tipo PN16 Y con alta calidad y bajo precio.<\/p>\n<p>Comun\u00edquese con nuestro sales@stvvalve.com para obtener otros materiales y m\u00e1s detalles.<\/p>\n<p>Hoja de fecha:<a href=\"https:\/\/www.stvvalves.com\/wp-content\/uploads\/2018\/12\/stainless-steel-y-type-flange-strainer-din-pn16-dn80-drawing.pdf\">Filtro de brida tipo Y de acero inoxidable, DIN PN16, DN80<\/a><\/p>","protected":false},"featured_media":4288,"template":"","meta":[],"product_brand":[],"product_cat":[85,48],"product_tag":[458,455,459,461,456,457,460],"class_list":{"0":"post-4287","1":"product","2":"type-product","3":"status-publish","4":"has-post-thumbnail","6":"product_cat-stainless-steel-y-type-strainer","7":"product_cat-y-strainer","8":"product_tag-316-stainless-steel-ansi-150-flanged-y-strainer","9":"product_tag-flanged-y-type-strainer","10":"product_tag-stainless-steel-y-strainer-flanged-pn16","11":"product_tag-strainer-pn-100-y-type-with-flanged-end","12":"product_tag-strainers-y-type","13":"product_tag-y-type-flange-end-strainers","14":"product_tag-y-type-strainer-with-flanges-pn16","16":"first","17":"instock","18":"shipping-taxable","19":"product-type-simple"},"_links":{"self":[{"href":"https:\/\/www.stvvalves.com\/es\/wp-json\/wp\/v2\/product\/4287","targetHints":{"allow":["GET"]}}],"collection":[{"href":"https:\/\/www.stvvalves.com\/es\/wp-json\/wp\/v2\/product"}],"about":[{"href":"https:\/\/www.stvvalves.com\/es\/wp-json\/wp\/v2\/types\/product"}],"wp:featuredmedia":[{"embeddable":true,"href":"https:\/\/www.stvvalves.com\/es\/wp-json\/wp\/v2\/media\/4288"}],"wp:attachment":[{"href":"https:\/\/www.stvvalves.com\/es\/wp-json\/wp\/v2\/media?parent=4287"}],"wp:term":[{"taxonomy":"product_brand","embeddable":true,"href":"https:\/\/www.stvvalves.com\/es\/wp-json\/wp\/v2\/product_brand?post=4287"},{"taxonomy":"product_cat","embeddable":true,"href":"https:\/\/www.stvvalves.com\/es\/wp-json\/wp\/v2\/product_cat?post=4287"},{"taxonomy":"product_tag","embeddable":true,"href":"https:\/\/www.stvvalves.com\/es\/wp-json\/wp\/v2\/product_tag?post=4287"}],"curies":[{"name":"wp","href":"https:\/\/api.w.org\/{rel}","templated":true}]}}